{"id":20849,"date":"2025-08-21T08:33:00","date_gmt":"2025-08-21T08:33:00","guid":{"rendered":"https:\/\/www.reno-equipment.com\/?post_type=product&#038;p=20849"},"modified":"2025-09-08T14:06:03","modified_gmt":"2025-09-08T14:06:03","slug":"vertical-vacuum-drying-oven","status":"publish","type":"product","link":"https:\/\/www.reno-equipment.com\/pt\/produto\/vertical-vacuum-drying-oven\/","title":{"rendered":"Forno de Secagem a V\u00e1cuo Vertical"},"content":{"rendered":"<p><strong>Vis\u00e3o Geral do Produto:<\/strong><\/p>\n<p>Amplamente utilizado em pesquisas bioqu\u00edmicas e farmac\u00eauticas, m\u00e9dicas e de sa\u00fade, agr\u00edcola, de prote\u00e7\u00e3o ambiental e outras pesquisas. Usado para secagem de p\u00f3s, cozimento, desinfec\u00e7\u00e3o e esteriliza\u00e7\u00e3o, e pode ser injetado em g\u00e1s inerte. Especialmente para o tratamento r\u00e1pido e eficiente de secagem de mercadorias sens\u00edveis ao calor, de f\u00e1cil decomposi\u00e7\u00e3o, f\u00e1cil oxida\u00e7\u00e3o e componentes complexos.<\/p>\n<p><strong><b>Caracter\u00edsticas do Produto:<\/b><\/strong><\/p>\n<p>1\u3001O ambiente de v\u00e1cuo reduz significativamente o ponto de ebuli\u00e7\u00e3o do l\u00edquido que precisa ser expelido, de modo que pode ser facilmente utilizado para subst\u00e2ncias sens\u00edveis ao calor.<\/p>\n<p>2. Para amostras dif\u00edceis, como p\u00f3 ou outras amostras granulares, o uso pode efetivamente encurtar o tempo de secagem.<\/p>\n<p>3, Uma variedade de pe\u00e7as mec\u00e2nicas complexas ou outras de m\u00faltiplos espa\u00e7os, ap\u00f3s a limpeza, o m\u00e9todo de secagem a v\u00e1cuo \u00e9 usado para secar completamente sem deixar qualquer subst\u00e2ncia participante.<\/p>\n<p>4, Mais seguro de usar e pode eliminar completamente a possibilidade de \u00f3xidos encontrarem explos\u00f5es t\u00e9rmicas sob condi\u00e7\u00f5es de v\u00e1cuo ou inertes.<\/p>\n<p>5. Comparado com a caixa de secagem comum que depende da circula\u00e7\u00e3o de ar, as amostras em p\u00f3 n\u00e3o s\u00e3o sopradas ou movidas pelo ar em movimento.<\/p>\n<p>6, Com arm\u00e1rio de armazenamento e bomba de v\u00e1cuo embutida.<\/p>\n<p>&nbsp;<\/p>\n<p>&nbsp;<\/p>\n<p>&nbsp;<\/p>\n\n    <div class=\"xs_social_share_widget xs_share_url after_content \t\tmain_content  wslu-style-1 wslu-share-box-shaped wslu-fill-colored wslu-none wslu-share-horizontal wslu-theme-font-no wslu-main_content\">\n\n\t\t\n        <ul>\n\t\t\t        <\/ul>\n    <\/div>","protected":false},"excerpt":{"rendered":"<p>Amplamente utilizado em pesquisas bioqu\u00edmicas e farmac\u00eauticas, m\u00e9dicas e de sa\u00fade, agr\u00edcola, de prote\u00e7\u00e3o ambiental e outras pesquisas. Usado para secagem de p\u00f3s, cozimento, desinfec\u00e7\u00e3o e esteriliza\u00e7\u00e3o, e pode ser injetado em g\u00e1s inerte. Especialmente para o tratamento r\u00e1pido e eficiente de secagem de mercadorias sens\u00edveis ao calor, de f\u00e1cil decomposi\u00e7\u00e3o, f\u00e1cil oxida\u00e7\u00e3o e componentes complexos.<\/p>","protected":false},"featured_media":21989,"comment_status":"open","ping_status":"closed","template":"","meta":{"_acf_changed":false,"inline_featured_image":false,"postBodyCss":"","postBodyMargin":[],"postBodyPadding":[],"postBodyBackground":{"backgroundType":"classic","gradient":""}},"product_brand":[],"product_cat":[66,46,60],"product_tag":[],"class_list":{"0":"post-20849","1":"product","2":"type-product","3":"status-publish","4":"has-post-thumbnail","6":"product_cat-products","7":"product_cat-drying-ovens","8":"product_cat-vacuum-drying-ovens","10":"first","11":"instock","12":"shipping-taxable","13":"product-type-simple"},"acf":[],"yoast_head":"<!-- This site is optimized with the Yoast SEO Premium plugin v25.7.1 (Yoast SEO v25.7) - https:\/\/yoast.com\/wordpress\/plugins\/seo\/ -->\n<title>Vertical Vacuum Drying Oven - Reno Equipment<\/title>\n<meta name=\"robots\" content=\"index, follow, max-snippet:-1, max-image-preview:large, max-video-preview:-1\" \/>\n<link rel=\"canonical\" href=\"https:\/\/www.reno-equipment.com\/pt\/produto\/vertical-vacuum-drying-oven\/\" \/>\n<meta property=\"og:locale\" content=\"pt_PT\" \/>\n<meta property=\"og:type\" content=\"article\" \/>\n<meta property=\"og:title\" content=\"Vertical Vacuum Drying Oven\" \/>\n<meta property=\"og:description\" content=\"Widely used in biochemical and pharmaceutical,medical and health,agricultural research,environmental protection and other research. Used for powder drying ,baking ,disinfection and sterilization , and can be injected into the inert gas. Especially for drying heat sensitivity, easy decomposition, easy oxidation and complex components of the goods fast and efficient drying treatment.\" \/>\n<meta property=\"og:url\" content=\"https:\/\/www.reno-equipment.com\/pt\/produto\/vertical-vacuum-drying-oven\/\" \/>\n<meta property=\"og:site_name\" content=\"Reno Equipment\" \/>\n<meta property=\"article:publisher\" content=\"https:\/\/www.facebook.com\/profile.php?id=61562344533538\" \/>\n<meta property=\"article:modified_time\" content=\"2025-09-08T14:06:03+00:00\" \/>\n<meta property=\"og:image\" content=\"https:\/\/www.reno-equipment.com\/wp-content\/uploads\/2025\/08\/main.jpg\" \/>\n\t<meta property=\"og:image:width\" content=\"797\" \/>\n\t<meta property=\"og:image:height\" content=\"583\" \/>\n\t<meta property=\"og:image:type\" content=\"image\/jpeg\" \/>\n<meta name=\"twitter:card\" content=\"summary_large_image\" \/>\n<meta name=\"twitter:label1\" content=\"pre\u00e7o\" \/>\n\t<meta name=\"twitter:data1\" content=\"\" \/>\n\t<meta name=\"twitter:label2\" content=\"Disponibilidade\" \/>\n\t<meta name=\"twitter:data2\" content=\"Em stock\" \/>\n<script type=\"application\/ld+json\" class=\"yoast-schema-graph\">{\"@context\":\"https:\/\/schema.org\",\"@graph\":[{\"@type\":\"WebPage\",\"@id\":\"https:\/\/www.reno-equipment.com\/product\/vertical-vacuum-drying-oven\/\",\"url\":\"https:\/\/www.reno-equipment.com\/product\/vertical-vacuum-drying-oven\/\",\"name\":\"Vertical Vacuum Drying Oven - Reno Equipment\",\"isPartOf\":{\"@id\":\"https:\/\/www.reno-equipment.com\/#website\"},\"primaryImageOfPage\":{\"@id\":\"https:\/\/www.reno-equipment.com\/product\/vertical-vacuum-drying-oven\/#primaryimage\"},\"image\":{\"@id\":\"https:\/\/www.reno-equipment.com\/product\/vertical-vacuum-drying-oven\/#primaryimage\"},\"thumbnailUrl\":\"https:\/\/www.reno-equipment.com\/wp-content\/uploads\/2025\/08\/main.jpg\",\"datePublished\":\"2025-08-21T08:33:00+00:00\",\"dateModified\":\"2025-09-08T14:06:03+00:00\",\"breadcrumb\":{\"@id\":\"https:\/\/www.reno-equipment.com\/product\/vertical-vacuum-drying-oven\/#breadcrumb\"},\"inLanguage\":\"pt-PT\",\"potentialAction\":[{\"@type\":\"ReadAction\",\"target\":[\"https:\/\/www.reno-equipment.com\/product\/vertical-vacuum-drying-oven\/\"]}]},{\"@type\":\"ImageObject\",\"inLanguage\":\"pt-PT\",\"@id\":\"https:\/\/www.reno-equipment.com\/product\/vertical-vacuum-drying-oven\/#primaryimage\",\"url\":\"https:\/\/www.reno-equipment.com\/wp-content\/uploads\/2025\/08\/main.jpg\",\"contentUrl\":\"https:\/\/www.reno-equipment.com\/wp-content\/uploads\/2025\/08\/main.jpg\",\"width\":797,\"height\":583,\"caption\":\"Vertical Vacuum Drying Oven\"},{\"@type\":\"BreadcrumbList\",\"@id\":\"https:\/\/www.reno-equipment.com\/product\/vertical-vacuum-drying-oven\/#breadcrumb\",\"itemListElement\":[{\"@type\":\"ListItem\",\"position\":1,\"name\":\"Home\",\"item\":\"https:\/\/www.reno-equipment.com\/\"},{\"@type\":\"ListItem\",\"position\":2,\"name\":\"Shop\",\"item\":\"https:\/\/www.reno-equipment.com\/shop\/\"},{\"@type\":\"ListItem\",\"position\":3,\"name\":\"Vertical Vacuum Drying Oven\"}]},{\"@type\":\"WebSite\",\"@id\":\"https:\/\/www.reno-equipment.com\/#website\",\"url\":\"https:\/\/www.reno-equipment.com\/\",\"name\":\"Hebei Ruinuo Instrument Co., Ltd\",\"description\":\"A Professional Laboraory Equipment Manufacturer And Supplier in China - Reno\",\"publisher\":{\"@id\":\"https:\/\/www.reno-equipment.com\/#organization\"},\"potentialAction\":[{\"@type\":\"SearchAction\",\"target\":{\"@type\":\"EntryPoint\",\"urlTemplate\":\"https:\/\/www.reno-equipment.com\/?s={search_term_string}\"},\"query-input\":{\"@type\":\"PropertyValueSpecification\",\"valueRequired\":true,\"valueName\":\"search_term_string\"}}],\"inLanguage\":\"pt-PT\"},{\"@type\":\"Organization\",\"@id\":\"https:\/\/www.reno-equipment.com\/#organization\",\"name\":\"Hebei Ruinuo Instrument Co., Ltd\",\"url\":\"https:\/\/www.reno-equipment.com\/\",\"logo\":{\"@type\":\"ImageObject\",\"inLanguage\":\"pt-PT\",\"@id\":\"https:\/\/www.reno-equipment.com\/#\/schema\/logo\/image\/\",\"url\":\"https:\/\/www.reno-equipment.com\/wp-content\/uploads\/2025\/07\/1720412797138216.png\",\"contentUrl\":\"https:\/\/www.reno-equipment.com\/wp-content\/uploads\/2025\/07\/1720412797138216.png\",\"width\":218,\"height\":50,\"caption\":\"Hebei Ruinuo Instrument Co., Ltd\"},\"image\":{\"@id\":\"https:\/\/www.reno-equipment.com\/#\/schema\/logo\/image\/\"},\"sameAs\":[\"https:\/\/www.facebook.com\/profile.php?id=61562344533538\"]}]}<\/script>\n<meta property=\"product:price:amount\" content=\"0.00\" \/>\n<meta property=\"product:price:currency\" content=\"SGD\" \/>\n<meta property=\"og:availability\" content=\"instock\" \/>\n<meta property=\"product:availability\" content=\"instock\" \/>\n<meta property=\"product:condition\" content=\"new\" \/>\n<!-- \/ Yoast SEO Premium plugin. -->","yoast_head_json":{"title":"Forno de Secagem a V\u00e1cuo Vertical - Equipamentos Reno","robots":{"index":"index","follow":"follow","max-snippet":"max-snippet:-1","max-image-preview":"max-image-preview:large","max-video-preview":"max-video-preview:-1"},"canonical":"https:\/\/www.reno-equipment.com\/pt\/produto\/vertical-vacuum-drying-oven\/","og_locale":"pt_PT","og_type":"article","og_title":"Vertical Vacuum Drying Oven","og_description":"Widely used in biochemical and pharmaceutical,medical and health,agricultural research,environmental protection and other research. Used for powder drying ,baking ,disinfection and sterilization , and can be injected into the inert gas. Especially for drying heat sensitivity, easy decomposition, easy oxidation and complex components of the goods fast and efficient drying treatment.","og_url":"https:\/\/www.reno-equipment.com\/pt\/produto\/vertical-vacuum-drying-oven\/","og_site_name":"Reno Equipment","article_publisher":"https:\/\/www.facebook.com\/profile.php?id=61562344533538","article_modified_time":"2025-09-08T14:06:03+00:00","og_image":[{"width":797,"height":583,"url":"https:\/\/www.reno-equipment.com\/wp-content\/uploads\/2025\/08\/main.jpg","type":"image\/jpeg"}],"twitter_card":"summary_large_image","twitter_misc":{"pre\u00e7o":"","Disponibilidade":"Em stock"},"schema":{"@context":"https:\/\/schema.org","@graph":[{"@type":"WebPage","@id":"https:\/\/www.reno-equipment.com\/product\/vertical-vacuum-drying-oven\/","url":"https:\/\/www.reno-equipment.com\/product\/vertical-vacuum-drying-oven\/","name":"Forno de Secagem a V\u00e1cuo Vertical - Equipamentos Reno","isPartOf":{"@id":"https:\/\/www.reno-equipment.com\/#website"},"primaryImageOfPage":{"@id":"https:\/\/www.reno-equipment.com\/product\/vertical-vacuum-drying-oven\/#primaryimage"},"image":{"@id":"https:\/\/www.reno-equipment.com\/product\/vertical-vacuum-drying-oven\/#primaryimage"},"thumbnailUrl":"https:\/\/www.reno-equipment.com\/wp-content\/uploads\/2025\/08\/main.jpg","datePublished":"2025-08-21T08:33:00+00:00","dateModified":"2025-09-08T14:06:03+00:00","breadcrumb":{"@id":"https:\/\/www.reno-equipment.com\/product\/vertical-vacuum-drying-oven\/#breadcrumb"},"inLanguage":"pt-PT","potentialAction":[{"@type":"ReadAction","target":["https:\/\/www.reno-equipment.com\/product\/vertical-vacuum-drying-oven\/"]}]},{"@type":"ImageObject","inLanguage":"pt-PT","@id":"https:\/\/www.reno-equipment.com\/product\/vertical-vacuum-drying-oven\/#primaryimage","url":"https:\/\/www.reno-equipment.com\/wp-content\/uploads\/2025\/08\/main.jpg","contentUrl":"https:\/\/www.reno-equipment.com\/wp-content\/uploads\/2025\/08\/main.jpg","width":797,"height":583,"caption":"Vertical Vacuum Drying Oven"},{"@type":"BreadcrumbList","@id":"https:\/\/www.reno-equipment.com\/product\/vertical-vacuum-drying-oven\/#breadcrumb","itemListElement":[{"@type":"ListItem","position":1,"name":"Home","item":"https:\/\/www.reno-equipment.com\/"},{"@type":"ListItem","position":2,"name":"Shop","item":"https:\/\/www.reno-equipment.com\/shop\/"},{"@type":"ListItem","position":3,"name":"Vertical Vacuum Drying Oven"}]},{"@type":"WebSite","@id":"https:\/\/www.reno-equipment.com\/#website","url":"https:\/\/www.reno-equipment.com\/","name":"Hebei Ruinuo Instrumentos S.A.","description":"Um Fabricante e Fornecedor Profissional de Equipamentos de Laborat\u00f3rio na China - Reno","publisher":{"@id":"https:\/\/www.reno-equipment.com\/#organization"},"potentialAction":[{"@type":"SearchAction","target":{"@type":"EntryPoint","urlTemplate":"https:\/\/www.reno-equipment.com\/?s={search_term_string}"},"query-input":{"@type":"PropertyValueSpecification","valueRequired":true,"valueName":"search_term_string"}}],"inLanguage":"pt-PT"},{"@type":"Organization","@id":"https:\/\/www.reno-equipment.com\/#organization","name":"Hebei Ruinuo Instrumentos S.A.","url":"https:\/\/www.reno-equipment.com\/","logo":{"@type":"ImageObject","inLanguage":"pt-PT","@id":"https:\/\/www.reno-equipment.com\/#\/schema\/logo\/image\/","url":"https:\/\/www.reno-equipment.com\/wp-content\/uploads\/2025\/07\/1720412797138216.png","contentUrl":"https:\/\/www.reno-equipment.com\/wp-content\/uploads\/2025\/07\/1720412797138216.png","width":218,"height":50,"caption":"Hebei Ruinuo Instrument Co., Ltd"},"image":{"@id":"https:\/\/www.reno-equipment.com\/#\/schema\/logo\/image\/"},"sameAs":["https:\/\/www.facebook.com\/profile.php?id=61562344533538"]}]},"product_price_amount":"0.00","product_price_currency":"SGD","og_availability":"instock","product_availability":"instock","product_condition":"new"},"_links":{"self":[{"href":"https:\/\/www.reno-equipment.com\/pt\/wp-json\/wp\/v2\/product\/20849","targetHints":{"allow":["GET"]}}],"collection":[{"href":"https:\/\/www.reno-equipment.com\/pt\/wp-json\/wp\/v2\/product"}],"about":[{"href":"https:\/\/www.reno-equipment.com\/pt\/wp-json\/wp\/v2\/types\/product"}],"replies":[{"embeddable":true,"href":"https:\/\/www.reno-equipment.com\/pt\/wp-json\/wp\/v2\/comments?post=20849"}],"version-history":[{"count":0,"href":"https:\/\/www.reno-equipment.com\/pt\/wp-json\/wp\/v2\/product\/20849\/revisions"}],"wp:featuredmedia":[{"embeddable":true,"href":"https:\/\/www.reno-equipment.com\/pt\/wp-json\/wp\/v2\/media\/21989"}],"wp:attachment":[{"href":"https:\/\/www.reno-equipment.com\/pt\/wp-json\/wp\/v2\/media?parent=20849"}],"wp:term":[{"taxonomy":"product_brand","embeddable":true,"href":"https:\/\/www.reno-equipment.com\/pt\/wp-json\/wp\/v2\/product_brand?post=20849"},{"taxonomy":"product_cat","embeddable":true,"href":"https:\/\/www.reno-equipment.com\/pt\/wp-json\/wp\/v2\/product_cat?post=20849"},{"taxonomy":"product_tag","embeddable":true,"href":"https:\/\/www.reno-equipment.com\/pt\/wp-json\/wp\/v2\/product_tag?post=20849"}],"curies":[{"name":"wp","href":"https:\/\/api.w.org\/{rel}","templated":true}]}}