{"id":20768,"date":"2025-08-21T08:27:00","date_gmt":"2025-08-21T08:27:00","guid":{"rendered":"https:\/\/www.reno-equipment.com\/?post_type=product&#038;p=20768"},"modified":"2025-09-08T14:26:54","modified_gmt":"2025-09-08T14:26:54","slug":"steel-and-wood-purification-workbench","status":"publish","type":"product","link":"https:\/\/www.reno-equipment.com\/pt\/produto\/steel-and-wood-purification-workbench\/","title":{"rendered":"Bancada de Purifica\u00e7\u00e3o de A\u00e7o e Madeira"},"content":{"rendered":"<p><strong><b>Vis\u00e3o Geral do Produto:<\/b><\/strong><\/p>\n<p>O ar \u00e9 pressionado para dentro da caixa de press\u00e3o est\u00e1tica atrav\u00e9s do filtro de ar prim\u00e1rio montado na lateral e do ventilador centr\u00edfugo de baixo ru\u00eddo, sendo soprado uniformemente do topo, para formar uma cortina de ar de alta limpeza, a fim de remover o ar natural original na \u00e1rea de trabalho, alcan\u00e7ando assim o espa\u00e7o ideal de alta limpeza apenas cinco minutos ap\u00f3s o in\u00edcio. Usando um ventilador ajust\u00e1vel para regular o volume de ar em dupla velocidade, e um interruptor de toque leve para ajustar a voltagem, garantindo que a velocidade do vento na \u00e1rea de trabalho esteja sempre em um estado ideal.<\/p>\n<p><strong><b>Caracter\u00edsticas do Produto:<\/b><\/strong><\/p>\n<p>1. Coletor horizontal (vertical), amortecedor de vidro quase fechado, f\u00e1cil de operar.<\/p>\n<p>Pode ser colocado livremente na mesa de trabalho geral, f\u00e1cil de usar em pequenos est\u00fadios.<\/p>\n<p>3\u3001Usando um sistema de ventilador de controle de dupla velocidade r\u00e1pido e lento para garantir que a velocidade do vento na \u00e1rea de trabalho esteja sempre em um estado ideal.<\/p>\n<p>4. A frente e a parte de tr\u00e1s da mesa de trabalho s\u00e3o equipadas com portas deslizantes de mola que sobem e descem, com posicionamento flex\u00edvel e conveniente.<\/p>\n<p>5, Design de cortina de ar isolante para prevenir a contamina\u00e7\u00e3o cruzada interna e externa.<\/p>\n<p>6, A mesa de trabalho de PVC \u00e9 mais eficaz para garantir a limpeza.<\/p>\n<p>&nbsp;<\/p>\n\n    <div class=\"xs_social_share_widget xs_share_url after_content \t\tmain_content  wslu-style-1 wslu-share-box-shaped wslu-fill-colored wslu-none wslu-share-horizontal wslu-theme-font-no wslu-main_content\">\n\n\t\t\n        <ul>\n\t\t\t        <\/ul>\n    <\/div>","protected":false},"excerpt":{"rendered":"<p>O ar \u00e9 pressionado para dentro da caixa de press\u00e3o est\u00e1tica atrav\u00e9s do filtro de ar prim\u00e1rio montado na lateral e do ventilador centr\u00edfugo de baixo ru\u00eddo, sendo soprado uniformemente do topo, para formar uma cortina de ar de alta limpeza, a fim de remover o ar natural original na \u00e1rea de trabalho, alcan\u00e7ando assim o espa\u00e7o ideal de alta limpeza apenas cinco minutos ap\u00f3s o in\u00edcio. Usando um ventilador ajust\u00e1vel para regular o volume de ar em dupla velocidade, e um interruptor de toque leve para ajustar a voltagem, garantindo que a velocidade do vento na \u00e1rea de trabalho esteja sempre em um estado ideal.<\/p>","protected":false},"featured_media":22000,"comment_status":"open","ping_status":"closed","template":"","meta":{"_acf_changed":false,"inline_featured_image":false,"postBodyCss":"","postBodyMargin":[],"postBodyPadding":[],"postBodyBackground":{"backgroundType":"classic","gradient":""}},"product_brand":[],"product_cat":[176,66,139],"product_tag":[],"class_list":{"0":"post-20768","1":"product","2":"type-product","3":"status-publish","4":"has-post-thumbnail","6":"product_cat-purification-worktable","7":"product_cat-products","8":"product_cat-clean-workbench","10":"first","11":"instock","12":"shipping-taxable","13":"product-type-simple"},"acf":[],"yoast_head":"<!-- This site is optimized with the Yoast SEO Premium plugin v25.7.1 (Yoast SEO v25.7) - https:\/\/yoast.com\/wordpress\/plugins\/seo\/ -->\n<title>Steel And Wood Purification Workbench - Reno Equipment<\/title>\n<meta name=\"robots\" content=\"index, follow, max-snippet:-1, max-image-preview:large, max-video-preview:-1\" \/>\n<link rel=\"canonical\" href=\"https:\/\/www.reno-equipment.com\/pt\/produto\/steel-and-wood-purification-workbench\/\" \/>\n<meta property=\"og:locale\" content=\"pt_PT\" \/>\n<meta property=\"og:type\" content=\"article\" \/>\n<meta property=\"og:title\" content=\"Steel And Wood Purification Workbench\" \/>\n<meta property=\"og:description\" content=\"Air is pressed into the static pressure box through the side-mounted primary air filter and low-noise centrifugal fun.evenly blown out from the top ,to form a high cleanliness air curtain,to remove the original natural air in the working area,so as to reach the ideal high cleanliness space only five minutes after starting. Using adjustable fan to adjust the air volume in double-speed,the light touch switch to adjust the voltage,to ensure the wind speed in the working area always in an ideal state.\" \/>\n<meta property=\"og:url\" content=\"https:\/\/www.reno-equipment.com\/pt\/produto\/steel-and-wood-purification-workbench\/\" \/>\n<meta property=\"og:site_name\" content=\"Reno Equipment\" \/>\n<meta property=\"article:publisher\" content=\"https:\/\/www.facebook.com\/profile.php?id=61562344533538\" \/>\n<meta property=\"article:modified_time\" content=\"2025-09-08T14:26:54+00:00\" \/>\n<meta property=\"og:image\" content=\"https:\/\/www.reno-equipment.com\/wp-content\/uploads\/2025\/08\/\u5fae\u4fe1\u622a\u56fe_20241031142330-1.jpg\" \/>\n\t<meta property=\"og:image:width\" content=\"261\" \/>\n\t<meta property=\"og:image:height\" content=\"386\" \/>\n\t<meta property=\"og:image:type\" content=\"image\/jpeg\" \/>\n<meta name=\"twitter:card\" content=\"summary_large_image\" \/>\n<meta name=\"twitter:label1\" content=\"pre\u00e7o\" \/>\n\t<meta name=\"twitter:data1\" content=\"\" \/>\n\t<meta name=\"twitter:label2\" content=\"Disponibilidade\" \/>\n\t<meta name=\"twitter:data2\" content=\"Em stock\" \/>\n<script type=\"application\/ld+json\" class=\"yoast-schema-graph\">{\"@context\":\"https:\/\/schema.org\",\"@graph\":[{\"@type\":\"WebPage\",\"@id\":\"https:\/\/www.reno-equipment.com\/product\/steel-and-wood-purification-workbench\/\",\"url\":\"https:\/\/www.reno-equipment.com\/product\/steel-and-wood-purification-workbench\/\",\"name\":\"Steel And Wood Purification Workbench - Reno Equipment\",\"isPartOf\":{\"@id\":\"https:\/\/www.reno-equipment.com\/#website\"},\"primaryImageOfPage\":{\"@id\":\"https:\/\/www.reno-equipment.com\/product\/steel-and-wood-purification-workbench\/#primaryimage\"},\"image\":{\"@id\":\"https:\/\/www.reno-equipment.com\/product\/steel-and-wood-purification-workbench\/#primaryimage\"},\"thumbnailUrl\":\"https:\/\/www.reno-equipment.com\/wp-content\/uploads\/2025\/08\/\u5fae\u4fe1\u622a\u56fe_20241031142330-1.jpg\",\"datePublished\":\"2025-08-21T08:27:00+00:00\",\"dateModified\":\"2025-09-08T14:26:54+00:00\",\"breadcrumb\":{\"@id\":\"https:\/\/www.reno-equipment.com\/product\/steel-and-wood-purification-workbench\/#breadcrumb\"},\"inLanguage\":\"pt-PT\",\"potentialAction\":[{\"@type\":\"ReadAction\",\"target\":[\"https:\/\/www.reno-equipment.com\/product\/steel-and-wood-purification-workbench\/\"]}]},{\"@type\":\"ImageObject\",\"inLanguage\":\"pt-PT\",\"@id\":\"https:\/\/www.reno-equipment.com\/product\/steel-and-wood-purification-workbench\/#primaryimage\",\"url\":\"https:\/\/www.reno-equipment.com\/wp-content\/uploads\/2025\/08\/\u5fae\u4fe1\u622a\u56fe_20241031142330-1.jpg\",\"contentUrl\":\"https:\/\/www.reno-equipment.com\/wp-content\/uploads\/2025\/08\/\u5fae\u4fe1\u622a\u56fe_20241031142330-1.jpg\",\"width\":261,\"height\":386,\"caption\":\"Steel and Wood Purification Workbench\"},{\"@type\":\"BreadcrumbList\",\"@id\":\"https:\/\/www.reno-equipment.com\/product\/steel-and-wood-purification-workbench\/#breadcrumb\",\"itemListElement\":[{\"@type\":\"ListItem\",\"position\":1,\"name\":\"Home\",\"item\":\"https:\/\/www.reno-equipment.com\/\"},{\"@type\":\"ListItem\",\"position\":2,\"name\":\"Shop\",\"item\":\"https:\/\/www.reno-equipment.com\/shop\/\"},{\"@type\":\"ListItem\",\"position\":3,\"name\":\"Steel And Wood Purification Workbench\"}]},{\"@type\":\"WebSite\",\"@id\":\"https:\/\/www.reno-equipment.com\/#website\",\"url\":\"https:\/\/www.reno-equipment.com\/\",\"name\":\"Hebei Ruinuo Instrument Co., Ltd\",\"description\":\"A Professional Laboraory Equipment Manufacturer And Supplier in China - Reno\",\"publisher\":{\"@id\":\"https:\/\/www.reno-equipment.com\/#organization\"},\"potentialAction\":[{\"@type\":\"SearchAction\",\"target\":{\"@type\":\"EntryPoint\",\"urlTemplate\":\"https:\/\/www.reno-equipment.com\/?s={search_term_string}\"},\"query-input\":{\"@type\":\"PropertyValueSpecification\",\"valueRequired\":true,\"valueName\":\"search_term_string\"}}],\"inLanguage\":\"pt-PT\"},{\"@type\":\"Organization\",\"@id\":\"https:\/\/www.reno-equipment.com\/#organization\",\"name\":\"Hebei Ruinuo Instrument Co., Ltd\",\"url\":\"https:\/\/www.reno-equipment.com\/\",\"logo\":{\"@type\":\"ImageObject\",\"inLanguage\":\"pt-PT\",\"@id\":\"https:\/\/www.reno-equipment.com\/#\/schema\/logo\/image\/\",\"url\":\"https:\/\/www.reno-equipment.com\/wp-content\/uploads\/2025\/07\/1720412797138216.png\",\"contentUrl\":\"https:\/\/www.reno-equipment.com\/wp-content\/uploads\/2025\/07\/1720412797138216.png\",\"width\":218,\"height\":50,\"caption\":\"Hebei Ruinuo Instrument Co., Ltd\"},\"image\":{\"@id\":\"https:\/\/www.reno-equipment.com\/#\/schema\/logo\/image\/\"},\"sameAs\":[\"https:\/\/www.facebook.com\/profile.php?id=61562344533538\"]}]}<\/script>\n<meta property=\"product:price:amount\" content=\"0.00\" \/>\n<meta property=\"product:price:currency\" content=\"SGD\" \/>\n<meta property=\"og:availability\" content=\"instock\" \/>\n<meta property=\"product:availability\" content=\"instock\" \/>\n<meta property=\"product:condition\" content=\"new\" \/>\n<!-- \/ Yoast SEO Premium plugin. -->","yoast_head_json":{"title":"Bancada de Purifica\u00e7\u00e3o de A\u00e7o e Madeira - Equipamentos Reno","robots":{"index":"index","follow":"follow","max-snippet":"max-snippet:-1","max-image-preview":"max-image-preview:large","max-video-preview":"max-video-preview:-1"},"canonical":"https:\/\/www.reno-equipment.com\/pt\/produto\/steel-and-wood-purification-workbench\/","og_locale":"pt_PT","og_type":"article","og_title":"Steel And Wood Purification Workbench","og_description":"Air is pressed into the static pressure box through the side-mounted primary air filter and low-noise centrifugal fun.evenly blown out from the top ,to form a high cleanliness air curtain,to remove the original natural air in the working area,so as to reach the ideal high cleanliness space only five minutes after starting. Using adjustable fan to adjust the air volume in double-speed,the light touch switch to adjust the voltage,to ensure the wind speed in the working area always in an ideal state.","og_url":"https:\/\/www.reno-equipment.com\/pt\/produto\/steel-and-wood-purification-workbench\/","og_site_name":"Reno Equipment","article_publisher":"https:\/\/www.facebook.com\/profile.php?id=61562344533538","article_modified_time":"2025-09-08T14:26:54+00:00","og_image":[{"width":261,"height":386,"url":"https:\/\/www.reno-equipment.com\/wp-content\/uploads\/2025\/08\/\u5fae\u4fe1\u622a\u56fe_20241031142330-1.jpg","type":"image\/jpeg"}],"twitter_card":"summary_large_image","twitter_misc":{"pre\u00e7o":"","Disponibilidade":"Em stock"},"schema":{"@context":"https:\/\/schema.org","@graph":[{"@type":"WebPage","@id":"https:\/\/www.reno-equipment.com\/product\/steel-and-wood-purification-workbench\/","url":"https:\/\/www.reno-equipment.com\/product\/steel-and-wood-purification-workbench\/","name":"Bancada de Purifica\u00e7\u00e3o de A\u00e7o e Madeira - Equipamentos Reno","isPartOf":{"@id":"https:\/\/www.reno-equipment.com\/#website"},"primaryImageOfPage":{"@id":"https:\/\/www.reno-equipment.com\/product\/steel-and-wood-purification-workbench\/#primaryimage"},"image":{"@id":"https:\/\/www.reno-equipment.com\/product\/steel-and-wood-purification-workbench\/#primaryimage"},"thumbnailUrl":"https:\/\/www.reno-equipment.com\/wp-content\/uploads\/2025\/08\/\u5fae\u4fe1\u622a\u56fe_20241031142330-1.jpg","datePublished":"2025-08-21T08:27:00+00:00","dateModified":"2025-09-08T14:26:54+00:00","breadcrumb":{"@id":"https:\/\/www.reno-equipment.com\/product\/steel-and-wood-purification-workbench\/#breadcrumb"},"inLanguage":"pt-PT","potentialAction":[{"@type":"ReadAction","target":["https:\/\/www.reno-equipment.com\/product\/steel-and-wood-purification-workbench\/"]}]},{"@type":"ImageObject","inLanguage":"pt-PT","@id":"https:\/\/www.reno-equipment.com\/product\/steel-and-wood-purification-workbench\/#primaryimage","url":"https:\/\/www.reno-equipment.com\/wp-content\/uploads\/2025\/08\/\u5fae\u4fe1\u622a\u56fe_20241031142330-1.jpg","contentUrl":"https:\/\/www.reno-equipment.com\/wp-content\/uploads\/2025\/08\/\u5fae\u4fe1\u622a\u56fe_20241031142330-1.jpg","width":261,"height":386,"caption":"Steel and Wood Purification Workbench"},{"@type":"BreadcrumbList","@id":"https:\/\/www.reno-equipment.com\/product\/steel-and-wood-purification-workbench\/#breadcrumb","itemListElement":[{"@type":"ListItem","position":1,"name":"Home","item":"https:\/\/www.reno-equipment.com\/"},{"@type":"ListItem","position":2,"name":"Shop","item":"https:\/\/www.reno-equipment.com\/shop\/"},{"@type":"ListItem","position":3,"name":"Steel And Wood Purification Workbench"}]},{"@type":"WebSite","@id":"https:\/\/www.reno-equipment.com\/#website","url":"https:\/\/www.reno-equipment.com\/","name":"Hebei Ruinuo Instrumentos S.A.","description":"Um Fabricante e Fornecedor Profissional de Equipamentos de Laborat\u00f3rio na China - Reno","publisher":{"@id":"https:\/\/www.reno-equipment.com\/#organization"},"potentialAction":[{"@type":"SearchAction","target":{"@type":"EntryPoint","urlTemplate":"https:\/\/www.reno-equipment.com\/?s={search_term_string}"},"query-input":{"@type":"PropertyValueSpecification","valueRequired":true,"valueName":"search_term_string"}}],"inLanguage":"pt-PT"},{"@type":"Organization","@id":"https:\/\/www.reno-equipment.com\/#organization","name":"Hebei Ruinuo Instrumentos S.A.","url":"https:\/\/www.reno-equipment.com\/","logo":{"@type":"ImageObject","inLanguage":"pt-PT","@id":"https:\/\/www.reno-equipment.com\/#\/schema\/logo\/image\/","url":"https:\/\/www.reno-equipment.com\/wp-content\/uploads\/2025\/07\/1720412797138216.png","contentUrl":"https:\/\/www.reno-equipment.com\/wp-content\/uploads\/2025\/07\/1720412797138216.png","width":218,"height":50,"caption":"Hebei Ruinuo Instrument Co., Ltd"},"image":{"@id":"https:\/\/www.reno-equipment.com\/#\/schema\/logo\/image\/"},"sameAs":["https:\/\/www.facebook.com\/profile.php?id=61562344533538"]}]},"product_price_amount":"0.00","product_price_currency":"SGD","og_availability":"instock","product_availability":"instock","product_condition":"new"},"_links":{"self":[{"href":"https:\/\/www.reno-equipment.com\/pt\/wp-json\/wp\/v2\/product\/20768","targetHints":{"allow":["GET"]}}],"collection":[{"href":"https:\/\/www.reno-equipment.com\/pt\/wp-json\/wp\/v2\/product"}],"about":[{"href":"https:\/\/www.reno-equipment.com\/pt\/wp-json\/wp\/v2\/types\/product"}],"replies":[{"embeddable":true,"href":"https:\/\/www.reno-equipment.com\/pt\/wp-json\/wp\/v2\/comments?post=20768"}],"version-history":[{"count":0,"href":"https:\/\/www.reno-equipment.com\/pt\/wp-json\/wp\/v2\/product\/20768\/revisions"}],"wp:featuredmedia":[{"embeddable":true,"href":"https:\/\/www.reno-equipment.com\/pt\/wp-json\/wp\/v2\/media\/22000"}],"wp:attachment":[{"href":"https:\/\/www.reno-equipment.com\/pt\/wp-json\/wp\/v2\/media?parent=20768"}],"wp:term":[{"taxonomy":"product_brand","embeddable":true,"href":"https:\/\/www.reno-equipment.com\/pt\/wp-json\/wp\/v2\/product_brand?post=20768"},{"taxonomy":"product_cat","embeddable":true,"href":"https:\/\/www.reno-equipment.com\/pt\/wp-json\/wp\/v2\/product_cat?post=20768"},{"taxonomy":"product_tag","embeddable":true,"href":"https:\/\/www.reno-equipment.com\/pt\/wp-json\/wp\/v2\/product_tag?post=20768"}],"curies":[{"name":"wp","href":"https:\/\/api.w.org\/{rel}","templated":true}]}}