{"id":20691,"date":"2025-08-21T08:16:00","date_gmt":"2025-08-21T08:16:00","guid":{"rendered":"https:\/\/www.reno-equipment.com\/?post_type=product&#038;p=20691"},"modified":"2025-09-08T14:27:59","modified_gmt":"2025-09-08T14:27:59","slug":"magnetic-stirring-digital-display-heating-mantle","status":"publish","type":"product","link":"https:\/\/www.reno-equipment.com\/pt\/produto\/magnetic-stirring-digital-display-heating-mantle\/","title":{"rendered":"Manta Aquecedora com Display Digital e Agita\u00e7\u00e3o Magn\u00e9tica"},"content":{"rendered":"<p><strong><b>Caracter\u00edsticas do Produto:<\/b><\/strong><\/p>\n<p>1. A concha \u00e9 feita de chapa de a\u00e7o laminada a frio, moldada em uma \u00fanica passagem, a superf\u00edcie \u00e9 tratada por pulveriza\u00e7\u00e3o eletrost\u00e1tica e tratamento anticorros\u00e3o.<\/p>\n<p>2. Fio de aquecimento de liga de n\u00edquel-caut\u00e9rio, aquecimento r\u00e1pido, longa vida \u00fatil.<\/p>\n<p>3, Modo de controle de temperatura de precis\u00e3o, para atender \u00e0 exig\u00eancia de experimentos de alta precis\u00e3o.<\/p>\n<p>4, F\u00e1cil de operar, amplamente utilizado.<\/p>\n<p>5, Grande \u00e1rea de aquecimento, isolamento eficaz. \u00c9 o equipamento de aquecimento mais ideal para laborat\u00f3rios e unidades da ind\u00fastria qu\u00edmica fina.<\/p>\n<p>6\u3001Agita\u00e7\u00e3o magn\u00e9tica, temperatura uniforme.<\/p>\n<p>&nbsp;<\/p>\n<p>&nbsp;<\/p>\n\n    <div class=\"xs_social_share_widget xs_share_url after_content \t\tmain_content  wslu-style-1 wslu-share-box-shaped wslu-fill-colored wslu-none wslu-share-horizontal wslu-theme-font-no wslu-main_content\">\n\n\t\t\n        <ul>\n\t\t\t        <\/ul>\n    <\/div>","protected":false},"excerpt":{"rendered":"<p>A carca\u00e7a \u00e9 feita de chapa de a\u00e7o laminado a frio, estendida uma vez durante a forma\u00e7\u00e3o, a superf\u00edcie \u00e9 tratada por pulveriza\u00e7\u00e3o eletrost\u00e1tica e tratamento anticorros\u00e3o.<\/p>","protected":false},"featured_media":22005,"comment_status":"open","ping_status":"closed","template":"","meta":{"_acf_changed":false,"inline_featured_image":false,"postBodyCss":"","postBodyMargin":[],"postBodyPadding":[],"postBodyBackground":{"backgroundType":"classic","gradient":""}},"product_brand":[],"product_cat":[66,136],"product_tag":[],"class_list":{"0":"post-20691","1":"product","2":"type-product","3":"status-publish","4":"has-post-thumbnail","6":"product_cat-products","7":"product_cat-heating-plates","9":"first","10":"instock","11":"shipping-taxable","12":"product-type-simple"},"acf":[],"yoast_head":"<!-- This site is optimized with the Yoast SEO Premium plugin v25.7.1 (Yoast SEO v25.7) - https:\/\/yoast.com\/wordpress\/plugins\/seo\/ -->\n<title>Magnetic Stirring Digital Display Heating Mantle - Reno Equipment<\/title>\n<meta name=\"robots\" content=\"index, follow, max-snippet:-1, max-image-preview:large, max-video-preview:-1\" \/>\n<link rel=\"canonical\" href=\"https:\/\/www.reno-equipment.com\/pt\/produto\/magnetic-stirring-digital-display-heating-mantle\/\" \/>\n<meta property=\"og:locale\" content=\"pt_PT\" \/>\n<meta property=\"og:type\" content=\"article\" \/>\n<meta property=\"og:title\" content=\"Magnetic Stirring Digital Display Heating Mantle\" \/>\n<meta property=\"og:description\" content=\"The shell is made by cold rolled steel plate ,stretches once forming,the surface is treated by electrostatic spraying,anti-corrosion treatment.\" \/>\n<meta property=\"og:url\" content=\"https:\/\/www.reno-equipment.com\/pt\/produto\/magnetic-stirring-digital-display-heating-mantle\/\" \/>\n<meta property=\"og:site_name\" content=\"Reno Equipment\" \/>\n<meta property=\"article:publisher\" content=\"https:\/\/www.facebook.com\/profile.php?id=61562344533538\" \/>\n<meta property=\"article:modified_time\" content=\"2025-09-08T14:27:59+00:00\" \/>\n<meta property=\"og:image\" content=\"https:\/\/www.reno-equipment.com\/wp-content\/uploads\/2025\/08\/\u5fae\u4fe1\u622a\u56fe_20241031142933.jpg\" \/>\n\t<meta property=\"og:image:width\" content=\"419\" \/>\n\t<meta property=\"og:image:height\" content=\"366\" \/>\n\t<meta property=\"og:image:type\" content=\"image\/jpeg\" \/>\n<meta name=\"twitter:card\" content=\"summary_large_image\" \/>\n<meta name=\"twitter:label1\" content=\"pre\u00e7o\" \/>\n\t<meta name=\"twitter:data1\" content=\"\" \/>\n\t<meta name=\"twitter:label2\" content=\"Disponibilidade\" \/>\n\t<meta name=\"twitter:data2\" content=\"Em stock\" \/>\n<script type=\"application\/ld+json\" class=\"yoast-schema-graph\">{\"@context\":\"https:\/\/schema.org\",\"@graph\":[{\"@type\":\"WebPage\",\"@id\":\"https:\/\/www.reno-equipment.com\/product\/magnetic-stirring-digital-display-heating-mantle\/\",\"url\":\"https:\/\/www.reno-equipment.com\/product\/magnetic-stirring-digital-display-heating-mantle\/\",\"name\":\"Magnetic Stirring Digital Display Heating Mantle - Reno Equipment\",\"isPartOf\":{\"@id\":\"https:\/\/www.reno-equipment.com\/#website\"},\"primaryImageOfPage\":{\"@id\":\"https:\/\/www.reno-equipment.com\/product\/magnetic-stirring-digital-display-heating-mantle\/#primaryimage\"},\"image\":{\"@id\":\"https:\/\/www.reno-equipment.com\/product\/magnetic-stirring-digital-display-heating-mantle\/#primaryimage\"},\"thumbnailUrl\":\"https:\/\/www.reno-equipment.com\/wp-content\/uploads\/2025\/08\/\u5fae\u4fe1\u622a\u56fe_20241031142933.jpg\",\"datePublished\":\"2025-08-21T08:16:00+00:00\",\"dateModified\":\"2025-09-08T14:27:59+00:00\",\"breadcrumb\":{\"@id\":\"https:\/\/www.reno-equipment.com\/product\/magnetic-stirring-digital-display-heating-mantle\/#breadcrumb\"},\"inLanguage\":\"pt-PT\",\"potentialAction\":[{\"@type\":\"ReadAction\",\"target\":[\"https:\/\/www.reno-equipment.com\/product\/magnetic-stirring-digital-display-heating-mantle\/\"]}]},{\"@type\":\"ImageObject\",\"inLanguage\":\"pt-PT\",\"@id\":\"https:\/\/www.reno-equipment.com\/product\/magnetic-stirring-digital-display-heating-mantle\/#primaryimage\",\"url\":\"https:\/\/www.reno-equipment.com\/wp-content\/uploads\/2025\/08\/\u5fae\u4fe1\u622a\u56fe_20241031142933.jpg\",\"contentUrl\":\"https:\/\/www.reno-equipment.com\/wp-content\/uploads\/2025\/08\/\u5fae\u4fe1\u622a\u56fe_20241031142933.jpg\",\"width\":419,\"height\":366,\"caption\":\"Magnetic Stirring Digital Display Heating Mantle\"},{\"@type\":\"BreadcrumbList\",\"@id\":\"https:\/\/www.reno-equipment.com\/product\/magnetic-stirring-digital-display-heating-mantle\/#breadcrumb\",\"itemListElement\":[{\"@type\":\"ListItem\",\"position\":1,\"name\":\"Home\",\"item\":\"https:\/\/www.reno-equipment.com\/\"},{\"@type\":\"ListItem\",\"position\":2,\"name\":\"Shop\",\"item\":\"https:\/\/www.reno-equipment.com\/shop\/\"},{\"@type\":\"ListItem\",\"position\":3,\"name\":\"Magnetic Stirring Digital Display Heating Mantle\"}]},{\"@type\":\"WebSite\",\"@id\":\"https:\/\/www.reno-equipment.com\/#website\",\"url\":\"https:\/\/www.reno-equipment.com\/\",\"name\":\"Hebei Ruinuo Instrument Co., Ltd\",\"description\":\"A Professional Laboraory Equipment Manufacturer And Supplier in China - Reno\",\"publisher\":{\"@id\":\"https:\/\/www.reno-equipment.com\/#organization\"},\"potentialAction\":[{\"@type\":\"SearchAction\",\"target\":{\"@type\":\"EntryPoint\",\"urlTemplate\":\"https:\/\/www.reno-equipment.com\/?s={search_term_string}\"},\"query-input\":{\"@type\":\"PropertyValueSpecification\",\"valueRequired\":true,\"valueName\":\"search_term_string\"}}],\"inLanguage\":\"pt-PT\"},{\"@type\":\"Organization\",\"@id\":\"https:\/\/www.reno-equipment.com\/#organization\",\"name\":\"Hebei Ruinuo Instrument Co., Ltd\",\"url\":\"https:\/\/www.reno-equipment.com\/\",\"logo\":{\"@type\":\"ImageObject\",\"inLanguage\":\"pt-PT\",\"@id\":\"https:\/\/www.reno-equipment.com\/#\/schema\/logo\/image\/\",\"url\":\"https:\/\/www.reno-equipment.com\/wp-content\/uploads\/2025\/07\/1720412797138216.png\",\"contentUrl\":\"https:\/\/www.reno-equipment.com\/wp-content\/uploads\/2025\/07\/1720412797138216.png\",\"width\":218,\"height\":50,\"caption\":\"Hebei Ruinuo Instrument Co., Ltd\"},\"image\":{\"@id\":\"https:\/\/www.reno-equipment.com\/#\/schema\/logo\/image\/\"},\"sameAs\":[\"https:\/\/www.facebook.com\/profile.php?id=61562344533538\"]}]}<\/script>\n<meta property=\"product:price:amount\" content=\"0.00\" \/>\n<meta property=\"product:price:currency\" content=\"SGD\" \/>\n<meta property=\"og:availability\" content=\"instock\" \/>\n<meta property=\"product:availability\" content=\"instock\" \/>\n<meta property=\"product:condition\" content=\"new\" \/>\n<!-- \/ Yoast SEO Premium plugin. -->","yoast_head_json":{"title":"Manta de Aquecimento com Exibi\u00e7\u00e3o Digital de Agita\u00e7\u00e3o Magn\u00e9tica - Equipamentos Reno","robots":{"index":"index","follow":"follow","max-snippet":"max-snippet:-1","max-image-preview":"max-image-preview:large","max-video-preview":"max-video-preview:-1"},"canonical":"https:\/\/www.reno-equipment.com\/pt\/produto\/magnetic-stirring-digital-display-heating-mantle\/","og_locale":"pt_PT","og_type":"article","og_title":"Magnetic Stirring Digital Display Heating Mantle","og_description":"The shell is made by cold rolled steel plate ,stretches once forming,the surface is treated by electrostatic spraying,anti-corrosion treatment.","og_url":"https:\/\/www.reno-equipment.com\/pt\/produto\/magnetic-stirring-digital-display-heating-mantle\/","og_site_name":"Reno Equipment","article_publisher":"https:\/\/www.facebook.com\/profile.php?id=61562344533538","article_modified_time":"2025-09-08T14:27:59+00:00","og_image":[{"width":419,"height":366,"url":"https:\/\/www.reno-equipment.com\/wp-content\/uploads\/2025\/08\/\u5fae\u4fe1\u622a\u56fe_20241031142933.jpg","type":"image\/jpeg"}],"twitter_card":"summary_large_image","twitter_misc":{"pre\u00e7o":"","Disponibilidade":"Em stock"},"schema":{"@context":"https:\/\/schema.org","@graph":[{"@type":"WebPage","@id":"https:\/\/www.reno-equipment.com\/product\/magnetic-stirring-digital-display-heating-mantle\/","url":"https:\/\/www.reno-equipment.com\/product\/magnetic-stirring-digital-display-heating-mantle\/","name":"Manta de Aquecimento com Exibi\u00e7\u00e3o Digital de Agita\u00e7\u00e3o Magn\u00e9tica - Equipamentos Reno","isPartOf":{"@id":"https:\/\/www.reno-equipment.com\/#website"},"primaryImageOfPage":{"@id":"https:\/\/www.reno-equipment.com\/product\/magnetic-stirring-digital-display-heating-mantle\/#primaryimage"},"image":{"@id":"https:\/\/www.reno-equipment.com\/product\/magnetic-stirring-digital-display-heating-mantle\/#primaryimage"},"thumbnailUrl":"https:\/\/www.reno-equipment.com\/wp-content\/uploads\/2025\/08\/\u5fae\u4fe1\u622a\u56fe_20241031142933.jpg","datePublished":"2025-08-21T08:16:00+00:00","dateModified":"2025-09-08T14:27:59+00:00","breadcrumb":{"@id":"https:\/\/www.reno-equipment.com\/product\/magnetic-stirring-digital-display-heating-mantle\/#breadcrumb"},"inLanguage":"pt-PT","potentialAction":[{"@type":"ReadAction","target":["https:\/\/www.reno-equipment.com\/product\/magnetic-stirring-digital-display-heating-mantle\/"]}]},{"@type":"ImageObject","inLanguage":"pt-PT","@id":"https:\/\/www.reno-equipment.com\/product\/magnetic-stirring-digital-display-heating-mantle\/#primaryimage","url":"https:\/\/www.reno-equipment.com\/wp-content\/uploads\/2025\/08\/\u5fae\u4fe1\u622a\u56fe_20241031142933.jpg","contentUrl":"https:\/\/www.reno-equipment.com\/wp-content\/uploads\/2025\/08\/\u5fae\u4fe1\u622a\u56fe_20241031142933.jpg","width":419,"height":366,"caption":"Magnetic Stirring Digital Display Heating Mantle"},{"@type":"BreadcrumbList","@id":"https:\/\/www.reno-equipment.com\/product\/magnetic-stirring-digital-display-heating-mantle\/#breadcrumb","itemListElement":[{"@type":"ListItem","position":1,"name":"Home","item":"https:\/\/www.reno-equipment.com\/"},{"@type":"ListItem","position":2,"name":"Shop","item":"https:\/\/www.reno-equipment.com\/shop\/"},{"@type":"ListItem","position":3,"name":"Magnetic Stirring Digital Display Heating Mantle"}]},{"@type":"WebSite","@id":"https:\/\/www.reno-equipment.com\/#website","url":"https:\/\/www.reno-equipment.com\/","name":"Hebei Ruinuo Instrumentos S.A.","description":"Um Fabricante e Fornecedor Profissional de Equipamentos de Laborat\u00f3rio na China - Reno","publisher":{"@id":"https:\/\/www.reno-equipment.com\/#organization"},"potentialAction":[{"@type":"SearchAction","target":{"@type":"EntryPoint","urlTemplate":"https:\/\/www.reno-equipment.com\/?s={search_term_string}"},"query-input":{"@type":"PropertyValueSpecification","valueRequired":true,"valueName":"search_term_string"}}],"inLanguage":"pt-PT"},{"@type":"Organization","@id":"https:\/\/www.reno-equipment.com\/#organization","name":"Hebei Ruinuo Instrumentos S.A.","url":"https:\/\/www.reno-equipment.com\/","logo":{"@type":"ImageObject","inLanguage":"pt-PT","@id":"https:\/\/www.reno-equipment.com\/#\/schema\/logo\/image\/","url":"https:\/\/www.reno-equipment.com\/wp-content\/uploads\/2025\/07\/1720412797138216.png","contentUrl":"https:\/\/www.reno-equipment.com\/wp-content\/uploads\/2025\/07\/1720412797138216.png","width":218,"height":50,"caption":"Hebei Ruinuo Instrument Co., Ltd"},"image":{"@id":"https:\/\/www.reno-equipment.com\/#\/schema\/logo\/image\/"},"sameAs":["https:\/\/www.facebook.com\/profile.php?id=61562344533538"]}]},"product_price_amount":"0.00","product_price_currency":"SGD","og_availability":"instock","product_availability":"instock","product_condition":"new"},"_links":{"self":[{"href":"https:\/\/www.reno-equipment.com\/pt\/wp-json\/wp\/v2\/product\/20691","targetHints":{"allow":["GET"]}}],"collection":[{"href":"https:\/\/www.reno-equipment.com\/pt\/wp-json\/wp\/v2\/product"}],"about":[{"href":"https:\/\/www.reno-equipment.com\/pt\/wp-json\/wp\/v2\/types\/product"}],"replies":[{"embeddable":true,"href":"https:\/\/www.reno-equipment.com\/pt\/wp-json\/wp\/v2\/comments?post=20691"}],"version-history":[{"count":0,"href":"https:\/\/www.reno-equipment.com\/pt\/wp-json\/wp\/v2\/product\/20691\/revisions"}],"wp:featuredmedia":[{"embeddable":true,"href":"https:\/\/www.reno-equipment.com\/pt\/wp-json\/wp\/v2\/media\/22005"}],"wp:attachment":[{"href":"https:\/\/www.reno-equipment.com\/pt\/wp-json\/wp\/v2\/media?parent=20691"}],"wp:term":[{"taxonomy":"product_brand","embeddable":true,"href":"https:\/\/www.reno-equipment.com\/pt\/wp-json\/wp\/v2\/product_brand?post=20691"},{"taxonomy":"product_cat","embeddable":true,"href":"https:\/\/www.reno-equipment.com\/pt\/wp-json\/wp\/v2\/product_cat?post=20691"},{"taxonomy":"product_tag","embeddable":true,"href":"https:\/\/www.reno-equipment.com\/pt\/wp-json\/wp\/v2\/product_tag?post=20691"}],"curies":[{"name":"wp","href":"https:\/\/api.w.org\/{rel}","templated":true}]}}