{"id":20665,"date":"2025-08-21T07:59:00","date_gmt":"2025-08-21T07:59:00","guid":{"rendered":"https:\/\/www.reno-equipment.com\/?post_type=product&#038;p=20665"},"modified":"2025-09-08T14:30:57","modified_gmt":"2025-09-08T14:30:57","slug":"magnetic-stirrer","status":"publish","type":"product","link":"https:\/\/www.reno-equipment.com\/pt\/produto\/magnetic-stirrer\/","title":{"rendered":"Agitador Magn\u00e9tico"},"content":{"rendered":"<p>Caracter\u00edsticas do Produto:<\/p>\n<p>1. O processo de extens\u00e3o controlada \u00e9 utilizado na concha externa e na tampa superior, para prevenir eficazmente vazamentos.<\/p>\n<p>2, processamento de aquecimento e agita\u00e7\u00e3o em sincronia, bandeja de aquecimento totalmente fechada, sem chama aberta, aquecimento r\u00e1pido, alta durabilidade.<\/p>\n<p>3\u3001Tela de LCD grande com retroilumina\u00e7\u00e3o, pode mostrar a exibi\u00e7\u00e3o de despacho real ao mesmo tempo, revolu\u00e7\u00e3o e tempo de cronometragem.<\/p>\n<p>4, equipado com sensores duplos internos e externos, os sensores externos PT100 podem controlar com precis\u00e3o a temperatura do l\u00edquido aquecido, podendo controlar a temperatura da placa de aquecimento pelo sensor interno tipo K.<\/p>\n<p>5\u3001pode definir com precis\u00e3o a temperatura e a velocidade de agita\u00e7\u00e3o, a velocidade de agita\u00e7\u00e3o \u00e9 ajust\u00e1vel continuamente. O interruptor de funcionamento com assento de velocidade pode ser aberto a qualquer momento para interromper a fun\u00e7\u00e3o de agita\u00e7\u00e3o.<\/p>\n<p>6. Com fun\u00e7\u00e3o de temporiza\u00e7\u00e3o, 0-9999 minutos, o tempo pode ser definido de acordo com a necessidade do cliente, com fun\u00e7\u00e3o de alarme sonoro e de ilumina\u00e7\u00e3o.<\/p>\n<p>7. Alta efic\u00e1cia de agita\u00e7\u00e3o magn\u00e9tica multinodal. M\u00faltiplos locais de agita\u00e7\u00e3o, aproveitando efetivamente o espa\u00e7o do laborat\u00f3rio.<\/p>\n<p>8, placa de controle de temperatura embutida, distribui\u00e7\u00e3o de temperatura na placa de aquecimento uniforme.<\/p>\n<p>9. O agitador est\u00e1 funcionando em sincronia, proporcionando \u00e0 amostra as mesmas condi\u00e7\u00f5es de rea\u00e7\u00e3o exatas.<\/p>\n<p>10. Placa de a\u00e7o inoxid\u00e1vel revestida com filme de silicone, antideslizante e anticorros\u00e3o.<\/p>\n<p>&nbsp;<\/p>\n\n    <div class=\"xs_social_share_widget xs_share_url after_content \t\tmain_content  wslu-style-1 wslu-share-box-shaped wslu-fill-colored wslu-none wslu-share-horizontal wslu-theme-font-no wslu-main_content\">\n\n\t\t\n        <ul>\n\t\t\t        <\/ul>\n    <\/div>","protected":false},"excerpt":{"rendered":"<p>O processo de extens\u00e3o controlada \u00e9 utilizado na concha externa e na tampa superior, para prevenir vazamentos de forma eficaz.<\/p>","protected":false},"featured_media":22006,"comment_status":"open","ping_status":"closed","template":"","meta":{"_acf_changed":false,"inline_featured_image":false,"postBodyCss":"","postBodyMargin":[],"postBodyPadding":[],"postBodyBackground":{"backgroundType":"classic","gradient":""}},"product_brand":[],"product_cat":[66,137],"product_tag":[],"class_list":{"0":"post-20665","1":"product","2":"type-product","3":"status-publish","4":"has-post-thumbnail","6":"product_cat-products","7":"product_cat-magnetic-stirrer","9":"first","10":"instock","11":"shipping-taxable","12":"product-type-simple"},"acf":[],"yoast_head":"<!-- This site is optimized with the Yoast SEO Premium plugin v25.7.1 (Yoast SEO v25.7) - https:\/\/yoast.com\/wordpress\/plugins\/seo\/ -->\n<title>Magnetic Stirrer - Reno Equipment<\/title>\n<meta name=\"robots\" content=\"index, follow, max-snippet:-1, max-image-preview:large, max-video-preview:-1\" \/>\n<link rel=\"canonical\" href=\"https:\/\/www.reno-equipment.com\/pt\/produto\/magnetic-stirrer\/\" \/>\n<meta property=\"og:locale\" content=\"pt_PT\" \/>\n<meta property=\"og:type\" content=\"article\" \/>\n<meta property=\"og:title\" content=\"Magnetic Stirrer\" \/>\n<meta property=\"og:description\" content=\"The controlled extension process is used to the outer shell and upper cover, to prevent leakage effectively\" \/>\n<meta property=\"og:url\" content=\"https:\/\/www.reno-equipment.com\/pt\/produto\/magnetic-stirrer\/\" \/>\n<meta property=\"og:site_name\" content=\"Reno Equipment\" \/>\n<meta property=\"article:publisher\" content=\"https:\/\/www.facebook.com\/profile.php?id=61562344533538\" \/>\n<meta property=\"article:modified_time\" content=\"2025-09-08T14:30:57+00:00\" \/>\n<meta property=\"og:image\" content=\"https:\/\/www.reno-equipment.com\/wp-content\/uploads\/2025\/08\/MS.jpg\" \/>\n\t<meta property=\"og:image:width\" content=\"406\" \/>\n\t<meta property=\"og:image:height\" content=\"606\" \/>\n\t<meta property=\"og:image:type\" content=\"image\/jpeg\" \/>\n<meta name=\"twitter:card\" content=\"summary_large_image\" \/>\n<meta name=\"twitter:label1\" content=\"pre\u00e7o\" \/>\n\t<meta name=\"twitter:data1\" content=\"\" \/>\n\t<meta name=\"twitter:label2\" content=\"Disponibilidade\" \/>\n\t<meta name=\"twitter:data2\" content=\"Em stock\" \/>\n<script type=\"application\/ld+json\" class=\"yoast-schema-graph\">{\"@context\":\"https:\/\/schema.org\",\"@graph\":[{\"@type\":\"WebPage\",\"@id\":\"https:\/\/www.reno-equipment.com\/product\/magnetic-stirrer\/\",\"url\":\"https:\/\/www.reno-equipment.com\/product\/magnetic-stirrer\/\",\"name\":\"Magnetic Stirrer - Reno Equipment\",\"isPartOf\":{\"@id\":\"https:\/\/www.reno-equipment.com\/#website\"},\"primaryImageOfPage\":{\"@id\":\"https:\/\/www.reno-equipment.com\/product\/magnetic-stirrer\/#primaryimage\"},\"image\":{\"@id\":\"https:\/\/www.reno-equipment.com\/product\/magnetic-stirrer\/#primaryimage\"},\"thumbnailUrl\":\"https:\/\/www.reno-equipment.com\/wp-content\/uploads\/2025\/08\/MS.jpg\",\"datePublished\":\"2025-08-21T07:59:00+00:00\",\"dateModified\":\"2025-09-08T14:30:57+00:00\",\"breadcrumb\":{\"@id\":\"https:\/\/www.reno-equipment.com\/product\/magnetic-stirrer\/#breadcrumb\"},\"inLanguage\":\"pt-PT\",\"potentialAction\":[{\"@type\":\"ReadAction\",\"target\":[\"https:\/\/www.reno-equipment.com\/product\/magnetic-stirrer\/\"]}]},{\"@type\":\"ImageObject\",\"inLanguage\":\"pt-PT\",\"@id\":\"https:\/\/www.reno-equipment.com\/product\/magnetic-stirrer\/#primaryimage\",\"url\":\"https:\/\/www.reno-equipment.com\/wp-content\/uploads\/2025\/08\/MS.jpg\",\"contentUrl\":\"https:\/\/www.reno-equipment.com\/wp-content\/uploads\/2025\/08\/MS.jpg\",\"width\":406,\"height\":606,\"caption\":\"Magnetic Stirrer\"},{\"@type\":\"BreadcrumbList\",\"@id\":\"https:\/\/www.reno-equipment.com\/product\/magnetic-stirrer\/#breadcrumb\",\"itemListElement\":[{\"@type\":\"ListItem\",\"position\":1,\"name\":\"Home\",\"item\":\"https:\/\/www.reno-equipment.com\/\"},{\"@type\":\"ListItem\",\"position\":2,\"name\":\"Shop\",\"item\":\"https:\/\/www.reno-equipment.com\/shop\/\"},{\"@type\":\"ListItem\",\"position\":3,\"name\":\"Magnetic Stirrer\"}]},{\"@type\":\"WebSite\",\"@id\":\"https:\/\/www.reno-equipment.com\/#website\",\"url\":\"https:\/\/www.reno-equipment.com\/\",\"name\":\"Hebei Ruinuo Instrument Co., Ltd\",\"description\":\"A Professional Laboraory Equipment Manufacturer And Supplier in China - Reno\",\"publisher\":{\"@id\":\"https:\/\/www.reno-equipment.com\/#organization\"},\"potentialAction\":[{\"@type\":\"SearchAction\",\"target\":{\"@type\":\"EntryPoint\",\"urlTemplate\":\"https:\/\/www.reno-equipment.com\/?s={search_term_string}\"},\"query-input\":{\"@type\":\"PropertyValueSpecification\",\"valueRequired\":true,\"valueName\":\"search_term_string\"}}],\"inLanguage\":\"pt-PT\"},{\"@type\":\"Organization\",\"@id\":\"https:\/\/www.reno-equipment.com\/#organization\",\"name\":\"Hebei Ruinuo Instrument Co., Ltd\",\"url\":\"https:\/\/www.reno-equipment.com\/\",\"logo\":{\"@type\":\"ImageObject\",\"inLanguage\":\"pt-PT\",\"@id\":\"https:\/\/www.reno-equipment.com\/#\/schema\/logo\/image\/\",\"url\":\"https:\/\/www.reno-equipment.com\/wp-content\/uploads\/2025\/07\/1720412797138216.png\",\"contentUrl\":\"https:\/\/www.reno-equipment.com\/wp-content\/uploads\/2025\/07\/1720412797138216.png\",\"width\":218,\"height\":50,\"caption\":\"Hebei Ruinuo Instrument Co., Ltd\"},\"image\":{\"@id\":\"https:\/\/www.reno-equipment.com\/#\/schema\/logo\/image\/\"},\"sameAs\":[\"https:\/\/www.facebook.com\/profile.php?id=61562344533538\"]}]}<\/script>\n<meta property=\"product:price:amount\" content=\"0.00\" \/>\n<meta property=\"product:price:currency\" content=\"SGD\" \/>\n<meta property=\"og:availability\" content=\"instock\" \/>\n<meta property=\"product:availability\" content=\"instock\" \/>\n<meta property=\"product:condition\" content=\"new\" \/>\n<!-- \/ Yoast SEO Premium plugin. -->","yoast_head_json":{"title":"Misturador Magn\u00e9tico - Equipamentos Reno","robots":{"index":"index","follow":"follow","max-snippet":"max-snippet:-1","max-image-preview":"max-image-preview:large","max-video-preview":"max-video-preview:-1"},"canonical":"https:\/\/www.reno-equipment.com\/pt\/produto\/magnetic-stirrer\/","og_locale":"pt_PT","og_type":"article","og_title":"Magnetic Stirrer","og_description":"The controlled extension process is used to the outer shell and upper cover, to prevent leakage effectively","og_url":"https:\/\/www.reno-equipment.com\/pt\/produto\/magnetic-stirrer\/","og_site_name":"Reno Equipment","article_publisher":"https:\/\/www.facebook.com\/profile.php?id=61562344533538","article_modified_time":"2025-09-08T14:30:57+00:00","og_image":[{"width":406,"height":606,"url":"https:\/\/www.reno-equipment.com\/wp-content\/uploads\/2025\/08\/MS.jpg","type":"image\/jpeg"}],"twitter_card":"summary_large_image","twitter_misc":{"pre\u00e7o":"","Disponibilidade":"Em stock"},"schema":{"@context":"https:\/\/schema.org","@graph":[{"@type":"WebPage","@id":"https:\/\/www.reno-equipment.com\/product\/magnetic-stirrer\/","url":"https:\/\/www.reno-equipment.com\/product\/magnetic-stirrer\/","name":"Misturador Magn\u00e9tico - Equipamentos Reno","isPartOf":{"@id":"https:\/\/www.reno-equipment.com\/#website"},"primaryImageOfPage":{"@id":"https:\/\/www.reno-equipment.com\/product\/magnetic-stirrer\/#primaryimage"},"image":{"@id":"https:\/\/www.reno-equipment.com\/product\/magnetic-stirrer\/#primaryimage"},"thumbnailUrl":"https:\/\/www.reno-equipment.com\/wp-content\/uploads\/2025\/08\/MS.jpg","datePublished":"2025-08-21T07:59:00+00:00","dateModified":"2025-09-08T14:30:57+00:00","breadcrumb":{"@id":"https:\/\/www.reno-equipment.com\/product\/magnetic-stirrer\/#breadcrumb"},"inLanguage":"pt-PT","potentialAction":[{"@type":"ReadAction","target":["https:\/\/www.reno-equipment.com\/product\/magnetic-stirrer\/"]}]},{"@type":"ImageObject","inLanguage":"pt-PT","@id":"https:\/\/www.reno-equipment.com\/product\/magnetic-stirrer\/#primaryimage","url":"https:\/\/www.reno-equipment.com\/wp-content\/uploads\/2025\/08\/MS.jpg","contentUrl":"https:\/\/www.reno-equipment.com\/wp-content\/uploads\/2025\/08\/MS.jpg","width":406,"height":606,"caption":"Magnetic Stirrer"},{"@type":"BreadcrumbList","@id":"https:\/\/www.reno-equipment.com\/product\/magnetic-stirrer\/#breadcrumb","itemListElement":[{"@type":"ListItem","position":1,"name":"Home","item":"https:\/\/www.reno-equipment.com\/"},{"@type":"ListItem","position":2,"name":"Shop","item":"https:\/\/www.reno-equipment.com\/shop\/"},{"@type":"ListItem","position":3,"name":"Magnetic Stirrer"}]},{"@type":"WebSite","@id":"https:\/\/www.reno-equipment.com\/#website","url":"https:\/\/www.reno-equipment.com\/","name":"Hebei Ruinuo Instrumentos S.A.","description":"Um Fabricante e Fornecedor Profissional de Equipamentos de Laborat\u00f3rio na China - Reno","publisher":{"@id":"https:\/\/www.reno-equipment.com\/#organization"},"potentialAction":[{"@type":"SearchAction","target":{"@type":"EntryPoint","urlTemplate":"https:\/\/www.reno-equipment.com\/?s={search_term_string}"},"query-input":{"@type":"PropertyValueSpecification","valueRequired":true,"valueName":"search_term_string"}}],"inLanguage":"pt-PT"},{"@type":"Organization","@id":"https:\/\/www.reno-equipment.com\/#organization","name":"Hebei Ruinuo Instrumentos S.A.","url":"https:\/\/www.reno-equipment.com\/","logo":{"@type":"ImageObject","inLanguage":"pt-PT","@id":"https:\/\/www.reno-equipment.com\/#\/schema\/logo\/image\/","url":"https:\/\/www.reno-equipment.com\/wp-content\/uploads\/2025\/07\/1720412797138216.png","contentUrl":"https:\/\/www.reno-equipment.com\/wp-content\/uploads\/2025\/07\/1720412797138216.png","width":218,"height":50,"caption":"Hebei Ruinuo Instrument Co., Ltd"},"image":{"@id":"https:\/\/www.reno-equipment.com\/#\/schema\/logo\/image\/"},"sameAs":["https:\/\/www.facebook.com\/profile.php?id=61562344533538"]}]},"product_price_amount":"0.00","product_price_currency":"SGD","og_availability":"instock","product_availability":"instock","product_condition":"new"},"_links":{"self":[{"href":"https:\/\/www.reno-equipment.com\/pt\/wp-json\/wp\/v2\/product\/20665","targetHints":{"allow":["GET"]}}],"collection":[{"href":"https:\/\/www.reno-equipment.com\/pt\/wp-json\/wp\/v2\/product"}],"about":[{"href":"https:\/\/www.reno-equipment.com\/pt\/wp-json\/wp\/v2\/types\/product"}],"replies":[{"embeddable":true,"href":"https:\/\/www.reno-equipment.com\/pt\/wp-json\/wp\/v2\/comments?post=20665"}],"version-history":[{"count":0,"href":"https:\/\/www.reno-equipment.com\/pt\/wp-json\/wp\/v2\/product\/20665\/revisions"}],"wp:featuredmedia":[{"embeddable":true,"href":"https:\/\/www.reno-equipment.com\/pt\/wp-json\/wp\/v2\/media\/22006"}],"wp:attachment":[{"href":"https:\/\/www.reno-equipment.com\/pt\/wp-json\/wp\/v2\/media?parent=20665"}],"wp:term":[{"taxonomy":"product_brand","embeddable":true,"href":"https:\/\/www.reno-equipment.com\/pt\/wp-json\/wp\/v2\/product_brand?post=20665"},{"taxonomy":"product_cat","embeddable":true,"href":"https:\/\/www.reno-equipment.com\/pt\/wp-json\/wp\/v2\/product_cat?post=20665"},{"taxonomy":"product_tag","embeddable":true,"href":"https:\/\/www.reno-equipment.com\/pt\/wp-json\/wp\/v2\/product_tag?post=20665"}],"curies":[{"name":"wp","href":"https:\/\/api.w.org\/{rel}","templated":true}]}}