{"id":20520,"date":"2025-08-21T07:11:00","date_gmt":"2025-08-21T07:11:00","guid":{"rendered":"https:\/\/www.reno-equipment.com\/?post_type=product&#038;p=20520"},"modified":"2025-09-08T14:35:50","modified_gmt":"2025-09-08T14:35:50","slug":"intelligent-biochemical-incubator-2","status":"publish","type":"product","link":"https:\/\/www.reno-equipment.com\/pt\/produto\/intelligent-biochemical-incubator-2\/","title":{"rendered":"Incubadora Bioqu\u00edmica Inteligente"},"content":{"rendered":"<p><strong>P<\/strong><strong>produto <\/strong><strong>O<\/strong><strong>vis\u00e3o geral<\/strong><\/p>\n<p>Este produto \u00e9 adequado para os departamentos de testes e produ\u00e7\u00e3o de prote\u00e7\u00e3o ambiental, sa\u00fade e preven\u00e7\u00e3o de epidemias, pecu\u00e1ria, testes de medicamentos, aquicultura e outros institutos de pesquisa cient\u00edfica, sendo o equipamento de temperatura constante especial para an\u00e1lise de corpos d'\u00e1gua, medindo bact\u00e9rias e fungos por BOD, cultivando e preservando microrganismos, cultivando plantas e reprodu\u00e7\u00e3o.<\/p>\n<p><strong><b>P<\/b><\/strong><strong><b>produto <\/b><\/strong><strong><b>F<\/b><\/strong><strong><b>eature<\/b><\/strong><strong><b>s<\/b><\/strong><\/p>\n<ol>\n<li>Cumprir com a tend\u00eancia mundial de prote\u00e7\u00e3o ambiental, novo design sem fl\u00faor.<\/li>\n<li>O controle do programa do microcomputador com tela LCD azul pode pr\u00e9-definir 30 se\u00e7\u00f5es de controle de temperatura e umidade, podendo implementar etapas repetidas, fazendo a opera\u00e7\u00e3o autom\u00e1tica do programa de temperatura e umidade.<\/li>\n<li>A porta \u00e9 equipada com uma janela de observa\u00e7\u00e3o de vidro temperado oco para facilitar a observa\u00e7\u00e3o e a opera\u00e7\u00e3o.<\/li>\n<li>Controlador PID difuso, pequena oscila\u00e7\u00e3o da precis\u00e3o de controle de temperatura, 99 ciclos podem ser 30 se\u00e7\u00f5es de tempo de trabalho, o tempo m\u00e1ximo pode ser de 9999 minutos.<\/li>\n<li>Utilizando um semicirculo quadrangular feito de a\u00e7o inoxid\u00e1vel, o suporte de divis\u00e3o pode ser montado e desmontado livremente, facilitando a limpeza do est\u00fadio.<\/li>\n<li>A caixa est\u00e1 equipada com um orif\u00edcio de teste de 40 mm de di\u00e2metro no lado esquerdo, a tomada de alimenta\u00e7\u00e3o externa \u00e9 fornecida como padr\u00e3o, e a fia\u00e7\u00e3o arbitr\u00e1ria pode ser organizada de acordo com a necessidade do local.<\/li>\n<li>A caixa pode come\u00e7ar a oscilar a cultura em temperatura constante assim que o oscilador for colocado l\u00e1. H\u00e1 uma l\u00e2mpada na sala de trabalho, f\u00e1cil de observar o experimento na sala de trabalho.<\/li>\n<li>Umidificador ultrass\u00f4nico de marca famosa, com tanque de \u00e1gua de grande capacidade, com fun\u00e7\u00e3o de desligamento de \u00e1gua e energia.<\/li>\n<li>O sensor de umidade \u00e9 importado para evitar o transtorno causado pela substitui\u00e7\u00e3o frequente das esferas molhada e seca.<\/li>\n<li>Compressor de marca e ventilador de circula\u00e7\u00e3o, conceito de design de fluido de ar exclusivo, para garantir temperatura e umidade uniformes no est\u00fadio, para evitar a volatiliza\u00e7\u00e3o de amostras devido ao volume excessivo de ar durante o experimento.<\/li>\n<li>Opcional com fun\u00e7\u00f5es como humidifica\u00e7\u00e3o interna, comunica\u00e7\u00e3o 485, interface USB, impressora, prote\u00e7\u00e3o contra vazamentos<\/li>\n<\/ol>\n<p>&nbsp;<\/p>\n\n    <div class=\"xs_social_share_widget xs_share_url after_content \t\tmain_content  wslu-style-1 wslu-share-box-shaped wslu-fill-colored wslu-none wslu-share-horizontal wslu-theme-font-no wslu-main_content\">\n\n\t\t\n        <ul>\n\t\t\t        <\/ul>\n    <\/div>","protected":false},"excerpt":{"rendered":"<p>Este produto \u00e9 adequado para os departamentos de testes e produ\u00e7\u00e3o de prote\u00e7\u00e3o ambiental, sa\u00fade e preven\u00e7\u00e3o de epidemias, pecu\u00e1ria, testes de medicamentos, aquicultura e outros institutos de pesquisa cient\u00edfica, sendo o equipamento de temperatura constante especial para an\u00e1lise de corpos d'\u00e1gua, medindo bact\u00e9rias e fungos por BOD, cultivando e preservando microrganismos, cultivando plantas e reprodu\u00e7\u00e3o.<\/p>","protected":false},"featured_media":22016,"comment_status":"open","ping_status":"closed","template":"","meta":{"_acf_changed":false,"inline_featured_image":false,"postBodyCss":"","postBodyMargin":[],"postBodyPadding":[],"postBodyBackground":{"backgroundType":"classic","gradient":""}},"product_brand":[],"product_cat":[66,126,145],"product_tag":[],"class_list":{"0":"post-20520","1":"product","2":"type-product","3":"status-publish","4":"has-post-thumbnail","6":"product_cat-products","7":"product_cat-incubators","8":"product_cat-cooling-incubators","10":"first","11":"instock","12":"shipping-taxable","13":"product-type-simple"},"acf":[],"yoast_head":"<!-- This site is optimized with the Yoast SEO Premium plugin v25.7.1 (Yoast SEO v25.7) - https:\/\/yoast.com\/wordpress\/plugins\/seo\/ -->\n<title>Intelligent Biochemical Incubator - Reno Equipment<\/title>\n<meta name=\"robots\" content=\"index, follow, max-snippet:-1, max-image-preview:large, max-video-preview:-1\" \/>\n<link rel=\"canonical\" href=\"https:\/\/www.reno-equipment.com\/pt\/produto\/intelligent-biochemical-incubator-2\/\" \/>\n<meta property=\"og:locale\" content=\"pt_PT\" \/>\n<meta property=\"og:type\" content=\"article\" \/>\n<meta property=\"og:title\" content=\"Intelligent Biochemical Incubator\" \/>\n<meta property=\"og:description\" content=\"This\u00a0product\u00a0Suitable for\u00a0testing and production departments of environmental protection, health and epidemic prevention, livestock, drug testing, aquaculture and other scientific research institutes, is the special constant temperature equipment for water body analysis, measuring bacteria and mold by BOD, culturing and preserving microorganisms,cultivating plants and breeding.\" \/>\n<meta property=\"og:url\" content=\"https:\/\/www.reno-equipment.com\/pt\/produto\/intelligent-biochemical-incubator-2\/\" \/>\n<meta property=\"og:site_name\" content=\"Reno Equipment\" \/>\n<meta property=\"article:publisher\" content=\"https:\/\/www.facebook.com\/profile.php?id=61562344533538\" \/>\n<meta property=\"article:modified_time\" content=\"2025-09-08T14:35:50+00:00\" \/>\n<meta property=\"og:image\" content=\"https:\/\/www.reno-equipment.com\/wp-content\/uploads\/2025\/08\/product_1_banner.jpg\" \/>\n\t<meta property=\"og:image:width\" content=\"285\" \/>\n\t<meta property=\"og:image:height\" content=\"399\" \/>\n\t<meta property=\"og:image:type\" content=\"image\/jpeg\" \/>\n<meta name=\"twitter:card\" content=\"summary_large_image\" \/>\n<meta name=\"twitter:label1\" content=\"pre\u00e7o\" \/>\n\t<meta name=\"twitter:data1\" content=\"\" \/>\n\t<meta name=\"twitter:label2\" content=\"Disponibilidade\" \/>\n\t<meta name=\"twitter:data2\" content=\"Em stock\" \/>\n<script type=\"application\/ld+json\" class=\"yoast-schema-graph\">{\"@context\":\"https:\/\/schema.org\",\"@graph\":[{\"@type\":\"WebPage\",\"@id\":\"https:\/\/www.reno-equipment.com\/product\/intelligent-biochemical-incubator-2\/\",\"url\":\"https:\/\/www.reno-equipment.com\/product\/intelligent-biochemical-incubator-2\/\",\"name\":\"Intelligent Biochemical Incubator - Reno Equipment\",\"isPartOf\":{\"@id\":\"https:\/\/www.reno-equipment.com\/#website\"},\"primaryImageOfPage\":{\"@id\":\"https:\/\/www.reno-equipment.com\/product\/intelligent-biochemical-incubator-2\/#primaryimage\"},\"image\":{\"@id\":\"https:\/\/www.reno-equipment.com\/product\/intelligent-biochemical-incubator-2\/#primaryimage\"},\"thumbnailUrl\":\"https:\/\/www.reno-equipment.com\/wp-content\/uploads\/2025\/08\/product_1_banner.jpg\",\"datePublished\":\"2025-08-21T07:11:00+00:00\",\"dateModified\":\"2025-09-08T14:35:50+00:00\",\"breadcrumb\":{\"@id\":\"https:\/\/www.reno-equipment.com\/product\/intelligent-biochemical-incubator-2\/#breadcrumb\"},\"inLanguage\":\"pt-PT\",\"potentialAction\":[{\"@type\":\"ReadAction\",\"target\":[\"https:\/\/www.reno-equipment.com\/product\/intelligent-biochemical-incubator-2\/\"]}]},{\"@type\":\"ImageObject\",\"inLanguage\":\"pt-PT\",\"@id\":\"https:\/\/www.reno-equipment.com\/product\/intelligent-biochemical-incubator-2\/#primaryimage\",\"url\":\"https:\/\/www.reno-equipment.com\/wp-content\/uploads\/2025\/08\/product_1_banner.jpg\",\"contentUrl\":\"https:\/\/www.reno-equipment.com\/wp-content\/uploads\/2025\/08\/product_1_banner.jpg\",\"width\":285,\"height\":399,\"caption\":\"Intelligent Biochemical Incubator\"},{\"@type\":\"BreadcrumbList\",\"@id\":\"https:\/\/www.reno-equipment.com\/product\/intelligent-biochemical-incubator-2\/#breadcrumb\",\"itemListElement\":[{\"@type\":\"ListItem\",\"position\":1,\"name\":\"Home\",\"item\":\"https:\/\/www.reno-equipment.com\/\"},{\"@type\":\"ListItem\",\"position\":2,\"name\":\"Shop\",\"item\":\"https:\/\/www.reno-equipment.com\/shop\/\"},{\"@type\":\"ListItem\",\"position\":3,\"name\":\"Intelligent Biochemical Incubator\"}]},{\"@type\":\"WebSite\",\"@id\":\"https:\/\/www.reno-equipment.com\/#website\",\"url\":\"https:\/\/www.reno-equipment.com\/\",\"name\":\"Hebei Ruinuo Instrument Co., Ltd\",\"description\":\"A Professional Laboraory Equipment Manufacturer And Supplier in China - Reno\",\"publisher\":{\"@id\":\"https:\/\/www.reno-equipment.com\/#organization\"},\"potentialAction\":[{\"@type\":\"SearchAction\",\"target\":{\"@type\":\"EntryPoint\",\"urlTemplate\":\"https:\/\/www.reno-equipment.com\/?s={search_term_string}\"},\"query-input\":{\"@type\":\"PropertyValueSpecification\",\"valueRequired\":true,\"valueName\":\"search_term_string\"}}],\"inLanguage\":\"pt-PT\"},{\"@type\":\"Organization\",\"@id\":\"https:\/\/www.reno-equipment.com\/#organization\",\"name\":\"Hebei Ruinuo Instrument Co., Ltd\",\"url\":\"https:\/\/www.reno-equipment.com\/\",\"logo\":{\"@type\":\"ImageObject\",\"inLanguage\":\"pt-PT\",\"@id\":\"https:\/\/www.reno-equipment.com\/#\/schema\/logo\/image\/\",\"url\":\"https:\/\/www.reno-equipment.com\/wp-content\/uploads\/2025\/07\/1720412797138216.png\",\"contentUrl\":\"https:\/\/www.reno-equipment.com\/wp-content\/uploads\/2025\/07\/1720412797138216.png\",\"width\":218,\"height\":50,\"caption\":\"Hebei Ruinuo Instrument Co., Ltd\"},\"image\":{\"@id\":\"https:\/\/www.reno-equipment.com\/#\/schema\/logo\/image\/\"},\"sameAs\":[\"https:\/\/www.facebook.com\/profile.php?id=61562344533538\"]}]}<\/script>\n<meta property=\"product:price:amount\" content=\"0.00\" \/>\n<meta property=\"product:price:currency\" content=\"SGD\" \/>\n<meta property=\"og:availability\" content=\"instock\" \/>\n<meta property=\"product:availability\" content=\"instock\" \/>\n<meta property=\"product:condition\" content=\"new\" \/>\n<!-- \/ Yoast SEO Premium plugin. -->","yoast_head_json":{"title":"Incubadora Bioqu\u00edmica Inteligente - Equipamentos Reno","robots":{"index":"index","follow":"follow","max-snippet":"max-snippet:-1","max-image-preview":"max-image-preview:large","max-video-preview":"max-video-preview:-1"},"canonical":"https:\/\/www.reno-equipment.com\/pt\/produto\/intelligent-biochemical-incubator-2\/","og_locale":"pt_PT","og_type":"article","og_title":"Intelligent Biochemical Incubator","og_description":"This\u00a0product\u00a0Suitable for\u00a0testing and production departments of environmental protection, health and epidemic prevention, livestock, drug testing, aquaculture and other scientific research institutes, is the special constant temperature equipment for water body analysis, measuring bacteria and mold by BOD, culturing and preserving microorganisms,cultivating plants and breeding.","og_url":"https:\/\/www.reno-equipment.com\/pt\/produto\/intelligent-biochemical-incubator-2\/","og_site_name":"Reno Equipment","article_publisher":"https:\/\/www.facebook.com\/profile.php?id=61562344533538","article_modified_time":"2025-09-08T14:35:50+00:00","og_image":[{"width":285,"height":399,"url":"https:\/\/www.reno-equipment.com\/wp-content\/uploads\/2025\/08\/product_1_banner.jpg","type":"image\/jpeg"}],"twitter_card":"summary_large_image","twitter_misc":{"pre\u00e7o":"","Disponibilidade":"Em stock"},"schema":{"@context":"https:\/\/schema.org","@graph":[{"@type":"WebPage","@id":"https:\/\/www.reno-equipment.com\/product\/intelligent-biochemical-incubator-2\/","url":"https:\/\/www.reno-equipment.com\/product\/intelligent-biochemical-incubator-2\/","name":"Incubadora Bioqu\u00edmica Inteligente - Equipamentos Reno","isPartOf":{"@id":"https:\/\/www.reno-equipment.com\/#website"},"primaryImageOfPage":{"@id":"https:\/\/www.reno-equipment.com\/product\/intelligent-biochemical-incubator-2\/#primaryimage"},"image":{"@id":"https:\/\/www.reno-equipment.com\/product\/intelligent-biochemical-incubator-2\/#primaryimage"},"thumbnailUrl":"https:\/\/www.reno-equipment.com\/wp-content\/uploads\/2025\/08\/product_1_banner.jpg","datePublished":"2025-08-21T07:11:00+00:00","dateModified":"2025-09-08T14:35:50+00:00","breadcrumb":{"@id":"https:\/\/www.reno-equipment.com\/product\/intelligent-biochemical-incubator-2\/#breadcrumb"},"inLanguage":"pt-PT","potentialAction":[{"@type":"ReadAction","target":["https:\/\/www.reno-equipment.com\/product\/intelligent-biochemical-incubator-2\/"]}]},{"@type":"ImageObject","inLanguage":"pt-PT","@id":"https:\/\/www.reno-equipment.com\/product\/intelligent-biochemical-incubator-2\/#primaryimage","url":"https:\/\/www.reno-equipment.com\/wp-content\/uploads\/2025\/08\/product_1_banner.jpg","contentUrl":"https:\/\/www.reno-equipment.com\/wp-content\/uploads\/2025\/08\/product_1_banner.jpg","width":285,"height":399,"caption":"Intelligent Biochemical Incubator"},{"@type":"BreadcrumbList","@id":"https:\/\/www.reno-equipment.com\/product\/intelligent-biochemical-incubator-2\/#breadcrumb","itemListElement":[{"@type":"ListItem","position":1,"name":"Home","item":"https:\/\/www.reno-equipment.com\/"},{"@type":"ListItem","position":2,"name":"Shop","item":"https:\/\/www.reno-equipment.com\/shop\/"},{"@type":"ListItem","position":3,"name":"Intelligent Biochemical Incubator"}]},{"@type":"WebSite","@id":"https:\/\/www.reno-equipment.com\/#website","url":"https:\/\/www.reno-equipment.com\/","name":"Hebei Ruinuo Instrumentos S.A.","description":"Um Fabricante e Fornecedor Profissional de Equipamentos de Laborat\u00f3rio na China - Reno","publisher":{"@id":"https:\/\/www.reno-equipment.com\/#organization"},"potentialAction":[{"@type":"SearchAction","target":{"@type":"EntryPoint","urlTemplate":"https:\/\/www.reno-equipment.com\/?s={search_term_string}"},"query-input":{"@type":"PropertyValueSpecification","valueRequired":true,"valueName":"search_term_string"}}],"inLanguage":"pt-PT"},{"@type":"Organization","@id":"https:\/\/www.reno-equipment.com\/#organization","name":"Hebei Ruinuo Instrumentos S.A.","url":"https:\/\/www.reno-equipment.com\/","logo":{"@type":"ImageObject","inLanguage":"pt-PT","@id":"https:\/\/www.reno-equipment.com\/#\/schema\/logo\/image\/","url":"https:\/\/www.reno-equipment.com\/wp-content\/uploads\/2025\/07\/1720412797138216.png","contentUrl":"https:\/\/www.reno-equipment.com\/wp-content\/uploads\/2025\/07\/1720412797138216.png","width":218,"height":50,"caption":"Hebei Ruinuo Instrument Co., Ltd"},"image":{"@id":"https:\/\/www.reno-equipment.com\/#\/schema\/logo\/image\/"},"sameAs":["https:\/\/www.facebook.com\/profile.php?id=61562344533538"]}]},"product_price_amount":"0.00","product_price_currency":"SGD","og_availability":"instock","product_availability":"instock","product_condition":"new"},"_links":{"self":[{"href":"https:\/\/www.reno-equipment.com\/pt\/wp-json\/wp\/v2\/product\/20520","targetHints":{"allow":["GET"]}}],"collection":[{"href":"https:\/\/www.reno-equipment.com\/pt\/wp-json\/wp\/v2\/product"}],"about":[{"href":"https:\/\/www.reno-equipment.com\/pt\/wp-json\/wp\/v2\/types\/product"}],"replies":[{"embeddable":true,"href":"https:\/\/www.reno-equipment.com\/pt\/wp-json\/wp\/v2\/comments?post=20520"}],"version-history":[{"count":0,"href":"https:\/\/www.reno-equipment.com\/pt\/wp-json\/wp\/v2\/product\/20520\/revisions"}],"wp:featuredmedia":[{"embeddable":true,"href":"https:\/\/www.reno-equipment.com\/pt\/wp-json\/wp\/v2\/media\/22016"}],"wp:attachment":[{"href":"https:\/\/www.reno-equipment.com\/pt\/wp-json\/wp\/v2\/media?parent=20520"}],"wp:term":[{"taxonomy":"product_brand","embeddable":true,"href":"https:\/\/www.reno-equipment.com\/pt\/wp-json\/wp\/v2\/product_brand?post=20520"},{"taxonomy":"product_cat","embeddable":true,"href":"https:\/\/www.reno-equipment.com\/pt\/wp-json\/wp\/v2\/product_cat?post=20520"},{"taxonomy":"product_tag","embeddable":true,"href":"https:\/\/www.reno-equipment.com\/pt\/wp-json\/wp\/v2\/product_tag?post=20520"}],"curies":[{"name":"wp","href":"https:\/\/api.w.org\/{rel}","templated":true}]}}