{"id":20469,"date":"2025-08-21T07:08:00","date_gmt":"2025-08-21T07:08:00","guid":{"rendered":"https:\/\/www.reno-equipment.com\/?post_type=product&#038;p=20469"},"modified":"2025-11-02T09:21:27","modified_gmt":"2025-11-02T09:21:27","slug":"high-temperature-test-oven","status":"publish","type":"product","link":"https:\/\/www.reno-equipment.com\/pt\/produto\/high-temperature-test-oven\/","title":{"rendered":"Forno de Teste de Alta Temperatura"},"content":{"rendered":"<p><strong>Vis\u00e3o Geral do Produto:<\/strong><\/p>\n<p>O forno de teste de alta temperatura \u00e9 um equipamento de teste essencial na avia\u00e7\u00e3o, automotiva, eletrodom\u00e9sticos, pesquisa cient\u00edfica, e cada vez mais na ind\u00fastria de m\u00e1scaras. Ele \u00e9 usado para testar e determinar os par\u00e2metros e o desempenho de produtos e materiais el\u00e9tricos, eletr\u00f4nicos e outros ap\u00f3s mudan\u00e7as ambientais de temperatura durante testes de alta temperatura ou constantes.<\/p>\n<p>&nbsp;<\/p>\n<p><strong><b>Caracter\u00edsticas do Produto:<\/b><\/strong><\/p>\n<ul>\n<li>O est\u00fadio \u00e9 feito de a\u00e7o inoxid\u00e1vel resistente a altas temperaturas atrav\u00e9s de processamento e moldagem, sem deforma\u00e7\u00e3o, c\u00edrculo quadrangular com dupla camada sobre arco, embelezando e f\u00e1cil de limpar.<\/li>\n<li>Adota um medidor de temperatura PID LCD inteligente, com fun\u00e7\u00f5es como temporizador, alarme, prote\u00e7\u00e3o contra superaquecimento, etc.<\/li>\n<li>tubo de aquecimento el\u00e9trico de a\u00e7o inoxid\u00e1vel com modo de aquecimento por jaqueta de ar, circula\u00e7\u00e3o de ventilador de alta temperatura, temperatura mais uniforme.<\/li>\n<li>A fita de veda\u00e7\u00e3o e os materiais podem suportar a temperatura de 1000\u2103.<\/li>\n<li>Modo de temperatura constante: circula\u00e7\u00e3o for\u00e7ada pelo ventilador.<\/li>\n<\/ul>\n<p>&nbsp;<\/p>\n\n    <div class=\"xs_social_share_widget xs_share_url after_content \t\tmain_content  wslu-style-1 wslu-share-box-shaped wslu-fill-colored wslu-none wslu-share-horizontal wslu-theme-font-no wslu-main_content\">\n\n\t\t\n        <ul>\n\t\t\t        <\/ul>\n    <\/div>","protected":false},"excerpt":{"rendered":"<p>O forno de teste de alta temperatura \u00e9 um equipamento de teste essencial na avia\u00e7\u00e3o, automotiva, eletrodom\u00e9sticos, pesquisa cient\u00edfica, e cada vez mais na ind\u00fastria de m\u00e1scaras. Ele \u00e9 usado para testar e determinar os par\u00e2metros e o desempenho de produtos e materiais el\u00e9tricos, eletr\u00f4nicos e outros ap\u00f3s mudan\u00e7as ambientais de temperatura durante testes de alta temperatura ou constantes.<\/p>","protected":false},"featured_media":22018,"comment_status":"open","ping_status":"closed","template":"","meta":{"_acf_changed":false,"inline_featured_image":false,"postBodyCss":"","postBodyMargin":[],"postBodyPadding":[],"postBodyBackground":{"backgroundType":"classic","gradient":""}},"product_brand":[],"product_cat":[66,46,62],"product_tag":[],"class_list":{"0":"post-20469","1":"product","2":"type-product","3":"status-publish","4":"has-post-thumbnail","6":"product_cat-products","7":"product_cat-drying-ovens","8":"product_cat-high-temperature-drying-ovens","10":"first","11":"instock","12":"shipping-taxable","13":"product-type-simple"},"acf":[],"yoast_head":"<!-- This site is optimized with the Yoast SEO Premium plugin v25.7.1 (Yoast SEO v25.7) - https:\/\/yoast.com\/wordpress\/plugins\/seo\/ -->\n<title>Hight Temperature Test Oven - Reno Equipment<\/title>\n<meta name=\"robots\" content=\"index, follow, max-snippet:-1, max-image-preview:large, max-video-preview:-1\" \/>\n<link rel=\"canonical\" href=\"https:\/\/www.reno-equipment.com\/pt\/produto\/high-temperature-test-oven\/\" \/>\n<meta property=\"og:locale\" content=\"pt_PT\" \/>\n<meta property=\"og:type\" content=\"article\" \/>\n<meta property=\"og:title\" content=\"Hight Temperature Test Oven\" \/>\n<meta property=\"og:description\" content=\"The high temperature test oven is an essential test equipment in aviation,automotive,household appliances,scientific research ,and increasingly in mask industry.It is used to test and determine the parameters and performance of electrical ,electronic,and other products and material after temperature environmental changes during high-temperature or constant tests.\" \/>\n<meta property=\"og:url\" content=\"https:\/\/www.reno-equipment.com\/pt\/produto\/high-temperature-test-oven\/\" \/>\n<meta property=\"og:site_name\" content=\"Reno Equipment\" \/>\n<meta property=\"article:publisher\" content=\"https:\/\/www.facebook.com\/profile.php?id=61562344533538\" \/>\n<meta property=\"article:modified_time\" content=\"2025-11-02T09:21:27+00:00\" \/>\n<meta property=\"og:image\" content=\"https:\/\/www.reno-equipment.com\/wp-content\/uploads\/2025\/08\/product_1-6.jpg\" \/>\n\t<meta property=\"og:image:width\" content=\"362\" \/>\n\t<meta property=\"og:image:height\" content=\"360\" \/>\n\t<meta property=\"og:image:type\" content=\"image\/jpeg\" \/>\n<meta name=\"twitter:card\" content=\"summary_large_image\" \/>\n<meta name=\"twitter:label1\" content=\"pre\u00e7o\" \/>\n\t<meta name=\"twitter:data1\" content=\"\" \/>\n\t<meta name=\"twitter:label2\" content=\"Disponibilidade\" \/>\n\t<meta name=\"twitter:data2\" content=\"Em stock\" \/>\n<script type=\"application\/ld+json\" class=\"yoast-schema-graph\">{\"@context\":\"https:\/\/schema.org\",\"@graph\":[{\"@type\":\"WebPage\",\"@id\":\"https:\/\/www.reno-equipment.com\/product\/high-temperature-test-oven\/\",\"url\":\"https:\/\/www.reno-equipment.com\/product\/high-temperature-test-oven\/\",\"name\":\"Hight Temperature Test Oven - Reno Equipment\",\"isPartOf\":{\"@id\":\"https:\/\/www.reno-equipment.com\/#website\"},\"primaryImageOfPage\":{\"@id\":\"https:\/\/www.reno-equipment.com\/product\/high-temperature-test-oven\/#primaryimage\"},\"image\":{\"@id\":\"https:\/\/www.reno-equipment.com\/product\/high-temperature-test-oven\/#primaryimage\"},\"thumbnailUrl\":\"https:\/\/www.reno-equipment.com\/wp-content\/uploads\/2025\/08\/product_1-6.jpg\",\"datePublished\":\"2025-08-21T07:08:00+00:00\",\"dateModified\":\"2025-11-02T09:21:27+00:00\",\"breadcrumb\":{\"@id\":\"https:\/\/www.reno-equipment.com\/product\/high-temperature-test-oven\/#breadcrumb\"},\"inLanguage\":\"pt-PT\",\"potentialAction\":[{\"@type\":\"ReadAction\",\"target\":[\"https:\/\/www.reno-equipment.com\/product\/high-temperature-test-oven\/\"]}]},{\"@type\":\"ImageObject\",\"inLanguage\":\"pt-PT\",\"@id\":\"https:\/\/www.reno-equipment.com\/product\/high-temperature-test-oven\/#primaryimage\",\"url\":\"https:\/\/www.reno-equipment.com\/wp-content\/uploads\/2025\/08\/product_1-6.jpg\",\"contentUrl\":\"https:\/\/www.reno-equipment.com\/wp-content\/uploads\/2025\/08\/product_1-6.jpg\",\"width\":362,\"height\":360,\"caption\":\"High Temperature Test Oven\"},{\"@type\":\"BreadcrumbList\",\"@id\":\"https:\/\/www.reno-equipment.com\/product\/high-temperature-test-oven\/#breadcrumb\",\"itemListElement\":[{\"@type\":\"ListItem\",\"position\":1,\"name\":\"Home\",\"item\":\"https:\/\/www.reno-equipment.com\/\"},{\"@type\":\"ListItem\",\"position\":2,\"name\":\"Shop\",\"item\":\"https:\/\/www.reno-equipment.com\/shop\/\"},{\"@type\":\"ListItem\",\"position\":3,\"name\":\"Hight Temperature Test Oven\"}]},{\"@type\":\"WebSite\",\"@id\":\"https:\/\/www.reno-equipment.com\/#website\",\"url\":\"https:\/\/www.reno-equipment.com\/\",\"name\":\"Hebei Ruinuo Instrument Co., Ltd\",\"description\":\"A Professional Laboraory Equipment Manufacturer And Supplier in China - Reno\",\"publisher\":{\"@id\":\"https:\/\/www.reno-equipment.com\/#organization\"},\"potentialAction\":[{\"@type\":\"SearchAction\",\"target\":{\"@type\":\"EntryPoint\",\"urlTemplate\":\"https:\/\/www.reno-equipment.com\/?s={search_term_string}\"},\"query-input\":{\"@type\":\"PropertyValueSpecification\",\"valueRequired\":true,\"valueName\":\"search_term_string\"}}],\"inLanguage\":\"pt-PT\"},{\"@type\":\"Organization\",\"@id\":\"https:\/\/www.reno-equipment.com\/#organization\",\"name\":\"Hebei Ruinuo Instrument Co., Ltd\",\"url\":\"https:\/\/www.reno-equipment.com\/\",\"logo\":{\"@type\":\"ImageObject\",\"inLanguage\":\"pt-PT\",\"@id\":\"https:\/\/www.reno-equipment.com\/#\/schema\/logo\/image\/\",\"url\":\"https:\/\/www.reno-equipment.com\/wp-content\/uploads\/2025\/07\/1720412797138216.png\",\"contentUrl\":\"https:\/\/www.reno-equipment.com\/wp-content\/uploads\/2025\/07\/1720412797138216.png\",\"width\":218,\"height\":50,\"caption\":\"Hebei Ruinuo Instrument Co., Ltd\"},\"image\":{\"@id\":\"https:\/\/www.reno-equipment.com\/#\/schema\/logo\/image\/\"},\"sameAs\":[\"https:\/\/www.facebook.com\/profile.php?id=61562344533538\"]}]}<\/script>\n<meta property=\"product:price:amount\" content=\"0.00\" \/>\n<meta property=\"product:price:currency\" content=\"SGD\" \/>\n<meta property=\"og:availability\" content=\"instock\" \/>\n<meta property=\"product:availability\" content=\"instock\" \/>\n<meta property=\"product:condition\" content=\"new\" \/>\n<!-- \/ Yoast SEO Premium plugin. -->","yoast_head_json":{"title":"Forno de Teste de Alta Temperatura - Equipamentos Reno","robots":{"index":"index","follow":"follow","max-snippet":"max-snippet:-1","max-image-preview":"max-image-preview:large","max-video-preview":"max-video-preview:-1"},"canonical":"https:\/\/www.reno-equipment.com\/pt\/produto\/high-temperature-test-oven\/","og_locale":"pt_PT","og_type":"article","og_title":"Hight Temperature Test Oven","og_description":"The high temperature test oven is an essential test equipment in aviation,automotive,household appliances,scientific research ,and increasingly in mask industry.It is used to test and determine the parameters and performance of electrical ,electronic,and other products and material after temperature environmental changes during high-temperature or constant tests.","og_url":"https:\/\/www.reno-equipment.com\/pt\/produto\/high-temperature-test-oven\/","og_site_name":"Reno Equipment","article_publisher":"https:\/\/www.facebook.com\/profile.php?id=61562344533538","article_modified_time":"2025-11-02T09:21:27+00:00","og_image":[{"width":362,"height":360,"url":"https:\/\/www.reno-equipment.com\/wp-content\/uploads\/2025\/08\/product_1-6.jpg","type":"image\/jpeg"}],"twitter_card":"summary_large_image","twitter_misc":{"pre\u00e7o":"","Disponibilidade":"Em stock"},"schema":{"@context":"https:\/\/schema.org","@graph":[{"@type":"WebPage","@id":"https:\/\/www.reno-equipment.com\/product\/high-temperature-test-oven\/","url":"https:\/\/www.reno-equipment.com\/product\/high-temperature-test-oven\/","name":"Forno de Teste de Alta Temperatura - Equipamentos Reno","isPartOf":{"@id":"https:\/\/www.reno-equipment.com\/#website"},"primaryImageOfPage":{"@id":"https:\/\/www.reno-equipment.com\/product\/high-temperature-test-oven\/#primaryimage"},"image":{"@id":"https:\/\/www.reno-equipment.com\/product\/high-temperature-test-oven\/#primaryimage"},"thumbnailUrl":"https:\/\/www.reno-equipment.com\/wp-content\/uploads\/2025\/08\/product_1-6.jpg","datePublished":"2025-08-21T07:08:00+00:00","dateModified":"2025-11-02T09:21:27+00:00","breadcrumb":{"@id":"https:\/\/www.reno-equipment.com\/product\/high-temperature-test-oven\/#breadcrumb"},"inLanguage":"pt-PT","potentialAction":[{"@type":"ReadAction","target":["https:\/\/www.reno-equipment.com\/product\/high-temperature-test-oven\/"]}]},{"@type":"ImageObject","inLanguage":"pt-PT","@id":"https:\/\/www.reno-equipment.com\/product\/high-temperature-test-oven\/#primaryimage","url":"https:\/\/www.reno-equipment.com\/wp-content\/uploads\/2025\/08\/product_1-6.jpg","contentUrl":"https:\/\/www.reno-equipment.com\/wp-content\/uploads\/2025\/08\/product_1-6.jpg","width":362,"height":360,"caption":"High Temperature Test Oven"},{"@type":"BreadcrumbList","@id":"https:\/\/www.reno-equipment.com\/product\/high-temperature-test-oven\/#breadcrumb","itemListElement":[{"@type":"ListItem","position":1,"name":"Home","item":"https:\/\/www.reno-equipment.com\/"},{"@type":"ListItem","position":2,"name":"Shop","item":"https:\/\/www.reno-equipment.com\/shop\/"},{"@type":"ListItem","position":3,"name":"Hight Temperature Test Oven"}]},{"@type":"WebSite","@id":"https:\/\/www.reno-equipment.com\/#website","url":"https:\/\/www.reno-equipment.com\/","name":"Hebei Ruinuo Instrumentos S.A.","description":"Um Fabricante e Fornecedor Profissional de Equipamentos de Laborat\u00f3rio na China - Reno","publisher":{"@id":"https:\/\/www.reno-equipment.com\/#organization"},"potentialAction":[{"@type":"SearchAction","target":{"@type":"EntryPoint","urlTemplate":"https:\/\/www.reno-equipment.com\/?s={search_term_string}"},"query-input":{"@type":"PropertyValueSpecification","valueRequired":true,"valueName":"search_term_string"}}],"inLanguage":"pt-PT"},{"@type":"Organization","@id":"https:\/\/www.reno-equipment.com\/#organization","name":"Hebei Ruinuo Instrumentos S.A.","url":"https:\/\/www.reno-equipment.com\/","logo":{"@type":"ImageObject","inLanguage":"pt-PT","@id":"https:\/\/www.reno-equipment.com\/#\/schema\/logo\/image\/","url":"https:\/\/www.reno-equipment.com\/wp-content\/uploads\/2025\/07\/1720412797138216.png","contentUrl":"https:\/\/www.reno-equipment.com\/wp-content\/uploads\/2025\/07\/1720412797138216.png","width":218,"height":50,"caption":"Hebei Ruinuo Instrument Co., Ltd"},"image":{"@id":"https:\/\/www.reno-equipment.com\/#\/schema\/logo\/image\/"},"sameAs":["https:\/\/www.facebook.com\/profile.php?id=61562344533538"]}]},"product_price_amount":"0.00","product_price_currency":"SGD","og_availability":"instock","product_availability":"instock","product_condition":"new"},"_links":{"self":[{"href":"https:\/\/www.reno-equipment.com\/pt\/wp-json\/wp\/v2\/product\/20469","targetHints":{"allow":["GET"]}}],"collection":[{"href":"https:\/\/www.reno-equipment.com\/pt\/wp-json\/wp\/v2\/product"}],"about":[{"href":"https:\/\/www.reno-equipment.com\/pt\/wp-json\/wp\/v2\/types\/product"}],"replies":[{"embeddable":true,"href":"https:\/\/www.reno-equipment.com\/pt\/wp-json\/wp\/v2\/comments?post=20469"}],"version-history":[{"count":0,"href":"https:\/\/www.reno-equipment.com\/pt\/wp-json\/wp\/v2\/product\/20469\/revisions"}],"wp:featuredmedia":[{"embeddable":true,"href":"https:\/\/www.reno-equipment.com\/pt\/wp-json\/wp\/v2\/media\/22018"}],"wp:attachment":[{"href":"https:\/\/www.reno-equipment.com\/pt\/wp-json\/wp\/v2\/media?parent=20469"}],"wp:term":[{"taxonomy":"product_brand","embeddable":true,"href":"https:\/\/www.reno-equipment.com\/pt\/wp-json\/wp\/v2\/product_brand?post=20469"},{"taxonomy":"product_cat","embeddable":true,"href":"https:\/\/www.reno-equipment.com\/pt\/wp-json\/wp\/v2\/product_cat?post=20469"},{"taxonomy":"product_tag","embeddable":true,"href":"https:\/\/www.reno-equipment.com\/pt\/wp-json\/wp\/v2\/product_tag?post=20469"}],"curies":[{"name":"wp","href":"https:\/\/api.w.org\/{rel}","templated":true}]}}