{"id":20423,"date":"2025-08-21T07:05:00","date_gmt":"2025-08-21T07:05:00","guid":{"rendered":"https:\/\/www.reno-equipment.com\/?post_type=product&#038;p=20423"},"modified":"2025-09-08T22:18:30","modified_gmt":"2025-09-08T22:18:30","slug":"e-pro-biochemical-incubator-3","status":"publish","type":"product","link":"https:\/\/www.reno-equipment.com\/pt\/produto\/e-pro-biochemical-incubator-3\/","title":{"rendered":"Incubadora Bioqu\u00edmica E-Pro"},"content":{"rendered":"<p><strong>P<\/strong><strong>produto <\/strong><strong>O<\/strong><strong>vis\u00e3o geral<\/strong><\/p>\n<p>Este produto \u00e9 adequado para os departamentos de testes e produ\u00e7\u00e3o de prote\u00e7\u00e3o ambiental, sa\u00fade e preven\u00e7\u00e3o de epidemias, pecu\u00e1ria, testes de medicamentos, aquicultura e outros institutos de pesquisa cient\u00edfica, sendo o equipamento de temperatura constante especial para an\u00e1lise de corpos d'\u00e1gua, medindo bact\u00e9rias e fungos por BOD, cultivando e preservando microrganismos, cultivando plantas e reprodu\u00e7\u00e3o.<\/p>\n<p><strong><b>P<\/b><\/strong><strong><b>produto <\/b><\/strong><strong><b>F<\/b><\/strong><strong><b>eature<\/b><\/strong><strong><b>s<\/b><\/strong><\/p>\n<ol>\n<li>Cumprir com a tend\u00eancia mundial de prote\u00e7\u00e3o ambiental, novo design sem fl\u00faor.<\/li>\n<li>interface de opera\u00e7\u00e3o com display LCD sens\u00edvel ao toque para m\u00faltiplos grupos de dados juntos, f\u00e1cil de entender, observar e operar<\/li>\n<li>Usando um arco semicircular quadrado feito de a\u00e7o inoxid\u00e1vel espelhado, o suporte de divis\u00e3o pode ser carregado e descarregado livremente, facilitando a limpeza do est\u00fadio.<\/li>\n<li>A caixa est\u00e1 equipada com um furo de teste de 40 mm de di\u00e2metro no lado esquerdo, o soquete de alimenta\u00e7\u00e3o externa \u00e9 fornecido como padr\u00e3o, a fia\u00e7\u00e3o arbitr\u00e1ria pode ser organizada conforme a necessidade do local.<\/li>\n<\/ol>\n<p>A caixa pode come\u00e7ar a oscila\u00e7\u00e3o da cultura em temperatura constante assim que colocar o oscilador dentro.<\/p>\n<ol>\n<li>Controlador PID difuso, controle de temperatura com pequenas flutua\u00e7\u00f5es de precis\u00e3o e fun\u00e7\u00e3o de temporiza\u00e7\u00e3o, o tempo m\u00e1ximo pode ser configurado para 99 horas e 59 minutos.<\/li>\n<li>O est\u00fadio est\u00e1 equipado com l\u00e2mpada de esteriliza\u00e7\u00e3o UV para trabalhos de esteriliza\u00e7\u00e3o no laborat\u00f3rio.<\/li>\n<li>Usando um compressor de marca e um ventilador de circula\u00e7\u00e3o, design exclusivo de tubo de ar de circula\u00e7\u00e3o, para garantir temperatura uniforme no est\u00fadio, evitando a volatiliza\u00e7\u00e3o de amostras devido ao volume excessivo de ar durante o experimento.<\/li>\n<li>Porta de vidro temperado de corpo inteiro, para f\u00e1cil observa\u00e7\u00e3o do estado interno do instrumento.<\/li>\n<li>Protetor de vazamento integrado, com fun\u00e7\u00e3o de autoteste de falhas.<\/li>\n<li>Configura\u00e7\u00e3o de tempo, dura\u00e7\u00e3o da execu\u00e7\u00e3o<\/li>\n<li>Configura\u00e7\u00e3o de temperatura, n\u00famero do segmento 24 do programa em modo de execu\u00e7\u00e3o, a curva de temperatura pode ser assistida em tempo real.<\/li>\n<li>Pode salvar o registro da hist\u00f3ria, (dia m\u00eas, ano), pode visualizar os dados da data hist\u00f3rica \u00e0 vontade.<\/li>\n<li>Imprimir e salvar, pode visualizar em tempo real o hist\u00f3rico registrado, tamb\u00e9m pode exportar os dados hist\u00f3ricos por USB.<\/li>\n<li>O inversor opcional EPR-30B pode ser utilizado como tipo de ve\u00edculo.<\/li>\n<\/ol>\n<p>&nbsp;<\/p>\n\n    <div class=\"xs_social_share_widget xs_share_url after_content \t\tmain_content  wslu-style-1 wslu-share-box-shaped wslu-fill-colored wslu-none wslu-share-horizontal wslu-theme-font-no wslu-main_content\">\n\n\t\t\n        <ul>\n\t\t\t        <\/ul>\n    <\/div>","protected":false},"excerpt":{"rendered":"<p>Este produto \u00e9 adequado para os departamentos de testes e produ\u00e7\u00e3o de prote\u00e7\u00e3o ambiental, sa\u00fade e preven\u00e7\u00e3o de epidemias, pecu\u00e1ria, testes de medicamentos, aquicultura e outros institutos de pesquisa cient\u00edfica, sendo o equipamento de temperatura constante especial para an\u00e1lise de corpos d'\u00e1gua, medindo bact\u00e9rias e fungos por BOD, cultivando e preservando microrganismos, cultivando plantas e reprodu\u00e7\u00e3o.<\/p>","protected":false},"featured_media":22021,"comment_status":"open","ping_status":"closed","template":"","meta":{"_acf_changed":false,"inline_featured_image":false,"postBodyCss":"","postBodyMargin":[],"postBodyPadding":[],"postBodyBackground":{"backgroundType":"classic","gradient":""}},"product_brand":[],"product_cat":[66,126,145],"product_tag":[],"class_list":{"0":"post-20423","1":"product","2":"type-product","3":"status-publish","4":"has-post-thumbnail","6":"product_cat-products","7":"product_cat-incubators","8":"product_cat-cooling-incubators","10":"first","11":"instock","12":"shipping-taxable","13":"product-type-simple"},"acf":[],"yoast_head":"<!-- This site is optimized with the Yoast SEO Premium plugin v25.7.1 (Yoast SEO v25.7) - https:\/\/yoast.com\/wordpress\/plugins\/seo\/ -->\n<title>E-Pro Biochemical Incubator - Reno Equipment<\/title>\n<meta name=\"robots\" content=\"index, follow, max-snippet:-1, max-image-preview:large, max-video-preview:-1\" \/>\n<link rel=\"canonical\" href=\"https:\/\/www.reno-equipment.com\/pt\/produto\/e-pro-biochemical-incubator-3\/\" \/>\n<meta property=\"og:locale\" content=\"pt_PT\" \/>\n<meta property=\"og:type\" content=\"article\" \/>\n<meta property=\"og:title\" content=\"E-Pro Biochemical Incubator\" \/>\n<meta property=\"og:description\" content=\"This\u00a0product\u00a0Suitable for\u00a0testing and production departments of environmental protection, health and epidemic prevention, livestock, drug testing, aquaculture and other scientific research institutes, is the special constant temperature equipment for water body analysis, measuring bacteria and mold by BOD, culturing and preserving microorganisms,cultivating plants and breeding.\" \/>\n<meta property=\"og:url\" content=\"https:\/\/www.reno-equipment.com\/pt\/produto\/e-pro-biochemical-incubator-3\/\" \/>\n<meta property=\"og:site_name\" content=\"Reno Equipment\" \/>\n<meta property=\"article:publisher\" content=\"https:\/\/www.facebook.com\/profile.php?id=61562344533538\" \/>\n<meta property=\"article:modified_time\" content=\"2025-09-08T22:18:30+00:00\" \/>\n<meta property=\"og:image\" content=\"https:\/\/www.reno-equipment.com\/wp-content\/uploads\/2025\/08\/main-6.jpg\" \/>\n\t<meta property=\"og:image:width\" content=\"580\" \/>\n\t<meta property=\"og:image:height\" content=\"483\" \/>\n\t<meta property=\"og:image:type\" content=\"image\/jpeg\" \/>\n<meta name=\"twitter:card\" content=\"summary_large_image\" \/>\n<meta name=\"twitter:label1\" content=\"pre\u00e7o\" \/>\n\t<meta name=\"twitter:data1\" content=\"\" \/>\n\t<meta name=\"twitter:label2\" content=\"Disponibilidade\" \/>\n\t<meta name=\"twitter:data2\" content=\"Em stock\" \/>\n<script type=\"application\/ld+json\" class=\"yoast-schema-graph\">{\"@context\":\"https:\/\/schema.org\",\"@graph\":[{\"@type\":\"WebPage\",\"@id\":\"https:\/\/www.reno-equipment.com\/product\/e-pro-biochemical-incubator-3\/\",\"url\":\"https:\/\/www.reno-equipment.com\/product\/e-pro-biochemical-incubator-3\/\",\"name\":\"E-Pro Biochemical Incubator - Reno Equipment\",\"isPartOf\":{\"@id\":\"https:\/\/www.reno-equipment.com\/#website\"},\"primaryImageOfPage\":{\"@id\":\"https:\/\/www.reno-equipment.com\/product\/e-pro-biochemical-incubator-3\/#primaryimage\"},\"image\":{\"@id\":\"https:\/\/www.reno-equipment.com\/product\/e-pro-biochemical-incubator-3\/#primaryimage\"},\"thumbnailUrl\":\"https:\/\/www.reno-equipment.com\/wp-content\/uploads\/2025\/08\/main-6.jpg\",\"datePublished\":\"2025-08-21T07:05:00+00:00\",\"dateModified\":\"2025-09-08T22:18:30+00:00\",\"breadcrumb\":{\"@id\":\"https:\/\/www.reno-equipment.com\/product\/e-pro-biochemical-incubator-3\/#breadcrumb\"},\"inLanguage\":\"pt-PT\",\"potentialAction\":[{\"@type\":\"ReadAction\",\"target\":[\"https:\/\/www.reno-equipment.com\/product\/e-pro-biochemical-incubator-3\/\"]}]},{\"@type\":\"ImageObject\",\"inLanguage\":\"pt-PT\",\"@id\":\"https:\/\/www.reno-equipment.com\/product\/e-pro-biochemical-incubator-3\/#primaryimage\",\"url\":\"https:\/\/www.reno-equipment.com\/wp-content\/uploads\/2025\/08\/main-6.jpg\",\"contentUrl\":\"https:\/\/www.reno-equipment.com\/wp-content\/uploads\/2025\/08\/main-6.jpg\",\"width\":580,\"height\":483,\"caption\":\"E-PRO Biochemical Incubator\"},{\"@type\":\"BreadcrumbList\",\"@id\":\"https:\/\/www.reno-equipment.com\/product\/e-pro-biochemical-incubator-3\/#breadcrumb\",\"itemListElement\":[{\"@type\":\"ListItem\",\"position\":1,\"name\":\"Home\",\"item\":\"https:\/\/www.reno-equipment.com\/\"},{\"@type\":\"ListItem\",\"position\":2,\"name\":\"Shop\",\"item\":\"https:\/\/www.reno-equipment.com\/shop\/\"},{\"@type\":\"ListItem\",\"position\":3,\"name\":\"E-Pro Biochemical Incubator\"}]},{\"@type\":\"WebSite\",\"@id\":\"https:\/\/www.reno-equipment.com\/#website\",\"url\":\"https:\/\/www.reno-equipment.com\/\",\"name\":\"Hebei Ruinuo Instrument Co., Ltd\",\"description\":\"A Professional Laboraory Equipment Manufacturer And Supplier in China - Reno\",\"publisher\":{\"@id\":\"https:\/\/www.reno-equipment.com\/#organization\"},\"potentialAction\":[{\"@type\":\"SearchAction\",\"target\":{\"@type\":\"EntryPoint\",\"urlTemplate\":\"https:\/\/www.reno-equipment.com\/?s={search_term_string}\"},\"query-input\":{\"@type\":\"PropertyValueSpecification\",\"valueRequired\":true,\"valueName\":\"search_term_string\"}}],\"inLanguage\":\"pt-PT\"},{\"@type\":\"Organization\",\"@id\":\"https:\/\/www.reno-equipment.com\/#organization\",\"name\":\"Hebei Ruinuo Instrument Co., Ltd\",\"url\":\"https:\/\/www.reno-equipment.com\/\",\"logo\":{\"@type\":\"ImageObject\",\"inLanguage\":\"pt-PT\",\"@id\":\"https:\/\/www.reno-equipment.com\/#\/schema\/logo\/image\/\",\"url\":\"https:\/\/www.reno-equipment.com\/wp-content\/uploads\/2025\/07\/1720412797138216.png\",\"contentUrl\":\"https:\/\/www.reno-equipment.com\/wp-content\/uploads\/2025\/07\/1720412797138216.png\",\"width\":218,\"height\":50,\"caption\":\"Hebei Ruinuo Instrument Co., Ltd\"},\"image\":{\"@id\":\"https:\/\/www.reno-equipment.com\/#\/schema\/logo\/image\/\"},\"sameAs\":[\"https:\/\/www.facebook.com\/profile.php?id=61562344533538\"]}]}<\/script>\n<meta property=\"product:price:amount\" content=\"0.00\" \/>\n<meta property=\"product:price:currency\" content=\"SGD\" \/>\n<meta property=\"og:availability\" content=\"instock\" \/>\n<meta property=\"product:availability\" content=\"instock\" \/>\n<meta property=\"product:condition\" content=\"new\" \/>\n<!-- \/ Yoast SEO Premium plugin. -->","yoast_head_json":{"title":"E-Pro Incubadora Bioqu\u00edmica - Equipamentos Reno","robots":{"index":"index","follow":"follow","max-snippet":"max-snippet:-1","max-image-preview":"max-image-preview:large","max-video-preview":"max-video-preview:-1"},"canonical":"https:\/\/www.reno-equipment.com\/pt\/produto\/e-pro-biochemical-incubator-3\/","og_locale":"pt_PT","og_type":"article","og_title":"E-Pro Biochemical Incubator","og_description":"This\u00a0product\u00a0Suitable for\u00a0testing and production departments of environmental protection, health and epidemic prevention, livestock, drug testing, aquaculture and other scientific research institutes, is the special constant temperature equipment for water body analysis, measuring bacteria and mold by BOD, culturing and preserving microorganisms,cultivating plants and breeding.","og_url":"https:\/\/www.reno-equipment.com\/pt\/produto\/e-pro-biochemical-incubator-3\/","og_site_name":"Reno Equipment","article_publisher":"https:\/\/www.facebook.com\/profile.php?id=61562344533538","article_modified_time":"2025-09-08T22:18:30+00:00","og_image":[{"width":580,"height":483,"url":"https:\/\/www.reno-equipment.com\/wp-content\/uploads\/2025\/08\/main-6.jpg","type":"image\/jpeg"}],"twitter_card":"summary_large_image","twitter_misc":{"pre\u00e7o":"","Disponibilidade":"Em stock"},"schema":{"@context":"https:\/\/schema.org","@graph":[{"@type":"WebPage","@id":"https:\/\/www.reno-equipment.com\/product\/e-pro-biochemical-incubator-3\/","url":"https:\/\/www.reno-equipment.com\/product\/e-pro-biochemical-incubator-3\/","name":"E-Pro Incubadora Bioqu\u00edmica - Equipamentos Reno","isPartOf":{"@id":"https:\/\/www.reno-equipment.com\/#website"},"primaryImageOfPage":{"@id":"https:\/\/www.reno-equipment.com\/product\/e-pro-biochemical-incubator-3\/#primaryimage"},"image":{"@id":"https:\/\/www.reno-equipment.com\/product\/e-pro-biochemical-incubator-3\/#primaryimage"},"thumbnailUrl":"https:\/\/www.reno-equipment.com\/wp-content\/uploads\/2025\/08\/main-6.jpg","datePublished":"2025-08-21T07:05:00+00:00","dateModified":"2025-09-08T22:18:30+00:00","breadcrumb":{"@id":"https:\/\/www.reno-equipment.com\/product\/e-pro-biochemical-incubator-3\/#breadcrumb"},"inLanguage":"pt-PT","potentialAction":[{"@type":"ReadAction","target":["https:\/\/www.reno-equipment.com\/product\/e-pro-biochemical-incubator-3\/"]}]},{"@type":"ImageObject","inLanguage":"pt-PT","@id":"https:\/\/www.reno-equipment.com\/product\/e-pro-biochemical-incubator-3\/#primaryimage","url":"https:\/\/www.reno-equipment.com\/wp-content\/uploads\/2025\/08\/main-6.jpg","contentUrl":"https:\/\/www.reno-equipment.com\/wp-content\/uploads\/2025\/08\/main-6.jpg","width":580,"height":483,"caption":"E-PRO Biochemical Incubator"},{"@type":"BreadcrumbList","@id":"https:\/\/www.reno-equipment.com\/product\/e-pro-biochemical-incubator-3\/#breadcrumb","itemListElement":[{"@type":"ListItem","position":1,"name":"Home","item":"https:\/\/www.reno-equipment.com\/"},{"@type":"ListItem","position":2,"name":"Shop","item":"https:\/\/www.reno-equipment.com\/shop\/"},{"@type":"ListItem","position":3,"name":"E-Pro Biochemical Incubator"}]},{"@type":"WebSite","@id":"https:\/\/www.reno-equipment.com\/#website","url":"https:\/\/www.reno-equipment.com\/","name":"Hebei Ruinuo Instrumentos S.A.","description":"Um Fabricante e Fornecedor Profissional de Equipamentos de Laborat\u00f3rio na China - Reno","publisher":{"@id":"https:\/\/www.reno-equipment.com\/#organization"},"potentialAction":[{"@type":"SearchAction","target":{"@type":"EntryPoint","urlTemplate":"https:\/\/www.reno-equipment.com\/?s={search_term_string}"},"query-input":{"@type":"PropertyValueSpecification","valueRequired":true,"valueName":"search_term_string"}}],"inLanguage":"pt-PT"},{"@type":"Organization","@id":"https:\/\/www.reno-equipment.com\/#organization","name":"Hebei Ruinuo Instrumentos S.A.","url":"https:\/\/www.reno-equipment.com\/","logo":{"@type":"ImageObject","inLanguage":"pt-PT","@id":"https:\/\/www.reno-equipment.com\/#\/schema\/logo\/image\/","url":"https:\/\/www.reno-equipment.com\/wp-content\/uploads\/2025\/07\/1720412797138216.png","contentUrl":"https:\/\/www.reno-equipment.com\/wp-content\/uploads\/2025\/07\/1720412797138216.png","width":218,"height":50,"caption":"Hebei Ruinuo Instrument Co., Ltd"},"image":{"@id":"https:\/\/www.reno-equipment.com\/#\/schema\/logo\/image\/"},"sameAs":["https:\/\/www.facebook.com\/profile.php?id=61562344533538"]}]},"product_price_amount":"0.00","product_price_currency":"SGD","og_availability":"instock","product_availability":"instock","product_condition":"new"},"_links":{"self":[{"href":"https:\/\/www.reno-equipment.com\/pt\/wp-json\/wp\/v2\/product\/20423","targetHints":{"allow":["GET"]}}],"collection":[{"href":"https:\/\/www.reno-equipment.com\/pt\/wp-json\/wp\/v2\/product"}],"about":[{"href":"https:\/\/www.reno-equipment.com\/pt\/wp-json\/wp\/v2\/types\/product"}],"replies":[{"embeddable":true,"href":"https:\/\/www.reno-equipment.com\/pt\/wp-json\/wp\/v2\/comments?post=20423"}],"version-history":[{"count":0,"href":"https:\/\/www.reno-equipment.com\/pt\/wp-json\/wp\/v2\/product\/20423\/revisions"}],"wp:featuredmedia":[{"embeddable":true,"href":"https:\/\/www.reno-equipment.com\/pt\/wp-json\/wp\/v2\/media\/22021"}],"wp:attachment":[{"href":"https:\/\/www.reno-equipment.com\/pt\/wp-json\/wp\/v2\/media?parent=20423"}],"wp:term":[{"taxonomy":"product_brand","embeddable":true,"href":"https:\/\/www.reno-equipment.com\/pt\/wp-json\/wp\/v2\/product_brand?post=20423"},{"taxonomy":"product_cat","embeddable":true,"href":"https:\/\/www.reno-equipment.com\/pt\/wp-json\/wp\/v2\/product_cat?post=20423"},{"taxonomy":"product_tag","embeddable":true,"href":"https:\/\/www.reno-equipment.com\/pt\/wp-json\/wp\/v2\/product_tag?post=20423"}],"curies":[{"name":"wp","href":"https:\/\/api.w.org\/{rel}","templated":true}]}}