{"id":20358,"date":"2025-08-21T07:00:00","date_gmt":"2025-08-21T07:00:00","guid":{"rendered":"https:\/\/www.reno-equipment.com\/?post_type=product&#038;p=20358"},"modified":"2025-09-08T22:29:19","modified_gmt":"2025-09-08T22:29:19","slug":"electrothermal-constant-temperature-triple-purpose-water-tank","status":"publish","type":"product","link":"https:\/\/www.reno-equipment.com\/pt\/produto\/electrothermal-constant-temperature-triple-purpose-water-tank\/","title":{"rendered":"Tanque de \u00c1gua Tr\u00edplice Prop\u00f3sito com Temperatura El\u00e9trica Constante"},"content":{"rendered":"<p><strong><b>Caracter\u00edsticas do Produto:<\/b><\/strong><\/p>\n<ol>\n<li>A carca\u00e7a \u00e9 feita de chapa de a\u00e7o de qualidade, a superf\u00edcie \u00e9 tratada por pulveriza\u00e7\u00e3o eletrost\u00e1tica, a tampa superior do revestimento \u00e9 feita de a\u00e7o inoxid\u00e1vel, apresentando caracter\u00edsticas como anticorros\u00e3o, resist\u00eancia ao envelhecimento e longa durabilidade.<\/li>\n<li>Controle PID, Controle de temperatura de precis\u00e3o.<\/li>\n<li>F\u00e1cil de operar, definir valor de execu\u00e7\u00e3o, cron\u00f4metro em execu\u00e7\u00e3o, parada autom\u00e1tica.<\/li>\n<li>Tecla de fun\u00e7\u00e3o especializada para alcan\u00e7ar o controle de temperatura.<\/li>\n<li>Menu auxiliar para alcan\u00e7ar o alarme de sobretemperatura, corre\u00e7\u00e3o de desvio, bloqueio de menu.<\/li>\n<li>O revestimento interno \u00e9 feito de a\u00e7o inoxid\u00e1vel.<\/li>\n<li>O processador de chip microcomputador \u00e9 utilizado no sistema de controle de temperatura, controle de temperatura de alta precis\u00e3o.<\/li>\n<li>F\u00e1cil de operar, com ajuste de tempo e alarme de sobretemperatura.<\/li>\n<li>Menu auxiliar para alarme de superaquecimento, alcan\u00e7ar corre\u00e7\u00e3o de desvio.<\/li>\n<li>Buraco do copo ajust\u00e1vel.<\/li>\n<li>Configura\u00e7\u00e3o da tecla de toque com fun\u00e7\u00f5es como alarme de sobretemperatura, prote\u00e7\u00e3o de rel\u00e9, corre\u00e7\u00e3o de temperatura e temporiza\u00e7\u00e3o, etc. Intervalo de tempo de 0-999 minutos.<\/li>\n<li>M\u00e9todo de aquecimento: aquecimento inferior, transfer\u00eancia de calor por convec\u00e7\u00e3o natural da \u00e1gua.<\/li>\n<li>E \u00e9 um medidor LCD, com fun\u00e7\u00e3o de in\u00edcio-parada, e o modelo sem e \u00e9 um controlador de medidor de exibi\u00e7\u00e3o digital comum.<\/li>\n<\/ol>\n<p>&nbsp;<\/p>\n<p>&nbsp;<\/p>\n\n    <div class=\"xs_social_share_widget xs_share_url after_content \t\tmain_content  wslu-style-1 wslu-share-box-shaped wslu-fill-colored wslu-none wslu-share-horizontal wslu-theme-font-no wslu-main_content\">\n\n\t\t\n        <ul>\n\t\t\t        <\/ul>\n    <\/div>","protected":false},"excerpt":{"rendered":"<p>F\u00e1cil de operar, definir valor de execu\u00e7\u00e3o, cron\u00f4metro em execu\u00e7\u00e3o, parada autom\u00e1tica.<\/p>","protected":false},"featured_media":22025,"comment_status":"open","ping_status":"closed","template":"","meta":{"_acf_changed":false,"inline_featured_image":false,"postBodyCss":"","postBodyMargin":[],"postBodyPadding":[],"postBodyBackground":{"backgroundType":"classic","gradient":""}},"product_brand":[],"product_cat":[177,178,66],"product_tag":[],"class_list":{"0":"post-20358","1":"product","2":"type-product","3":"status-publish","4":"has-post-thumbnail","6":"product_cat-thermostatic-water-bath-equipment","7":"product_cat-water-tanks","8":"product_cat-products","10":"first","11":"instock","12":"shipping-taxable","13":"product-type-simple"},"acf":[],"yoast_head":"<!-- This site is optimized with the Yoast SEO Premium plugin v25.7.1 (Yoast SEO v25.7) - https:\/\/yoast.com\/wordpress\/plugins\/seo\/ -->\n<title>Electric Constant Temperature Triple-purpose Water Tank - Reno Equipment<\/title>\n<meta name=\"robots\" content=\"index, follow, max-snippet:-1, max-image-preview:large, max-video-preview:-1\" \/>\n<link rel=\"canonical\" href=\"https:\/\/www.reno-equipment.com\/pt\/produto\/electrothermal-constant-temperature-triple-purpose-water-tank\/\" \/>\n<meta property=\"og:locale\" content=\"pt_PT\" \/>\n<meta property=\"og:type\" content=\"article\" \/>\n<meta property=\"og:title\" content=\"Electric Constant Temperature Triple-purpose Water Tank\" \/>\n<meta property=\"og:description\" content=\"Easy to operate ,setting value running , timing running ,automatic stop.\" \/>\n<meta property=\"og:url\" content=\"https:\/\/www.reno-equipment.com\/pt\/produto\/electrothermal-constant-temperature-triple-purpose-water-tank\/\" \/>\n<meta property=\"og:site_name\" content=\"Reno Equipment\" \/>\n<meta property=\"article:publisher\" content=\"https:\/\/www.facebook.com\/profile.php?id=61562344533538\" \/>\n<meta property=\"article:modified_time\" content=\"2025-09-08T22:29:19+00:00\" \/>\n<meta property=\"og:image\" content=\"https:\/\/www.reno-equipment.com\/wp-content\/uploads\/2025\/08\/product_1-11.jpg\" \/>\n\t<meta property=\"og:image:width\" content=\"419\" \/>\n\t<meta property=\"og:image:height\" content=\"289\" \/>\n\t<meta property=\"og:image:type\" content=\"image\/jpeg\" \/>\n<meta name=\"twitter:card\" content=\"summary_large_image\" \/>\n<meta name=\"twitter:label1\" content=\"pre\u00e7o\" \/>\n\t<meta name=\"twitter:data1\" content=\"\" \/>\n\t<meta name=\"twitter:label2\" content=\"Disponibilidade\" \/>\n\t<meta name=\"twitter:data2\" content=\"Em stock\" \/>\n<script type=\"application\/ld+json\" class=\"yoast-schema-graph\">{\"@context\":\"https:\/\/schema.org\",\"@graph\":[{\"@type\":\"WebPage\",\"@id\":\"https:\/\/www.reno-equipment.com\/product\/electrothermal-constant-temperature-triple-purpose-water-tank\/\",\"url\":\"https:\/\/www.reno-equipment.com\/product\/electrothermal-constant-temperature-triple-purpose-water-tank\/\",\"name\":\"Electric Constant Temperature Triple-purpose Water Tank - Reno Equipment\",\"isPartOf\":{\"@id\":\"https:\/\/www.reno-equipment.com\/#website\"},\"primaryImageOfPage\":{\"@id\":\"https:\/\/www.reno-equipment.com\/product\/electrothermal-constant-temperature-triple-purpose-water-tank\/#primaryimage\"},\"image\":{\"@id\":\"https:\/\/www.reno-equipment.com\/product\/electrothermal-constant-temperature-triple-purpose-water-tank\/#primaryimage\"},\"thumbnailUrl\":\"https:\/\/www.reno-equipment.com\/wp-content\/uploads\/2025\/08\/product_1-11.jpg\",\"datePublished\":\"2025-08-21T07:00:00+00:00\",\"dateModified\":\"2025-09-08T22:29:19+00:00\",\"breadcrumb\":{\"@id\":\"https:\/\/www.reno-equipment.com\/product\/electrothermal-constant-temperature-triple-purpose-water-tank\/#breadcrumb\"},\"inLanguage\":\"pt-PT\",\"potentialAction\":[{\"@type\":\"ReadAction\",\"target\":[\"https:\/\/www.reno-equipment.com\/product\/electrothermal-constant-temperature-triple-purpose-water-tank\/\"]}]},{\"@type\":\"ImageObject\",\"inLanguage\":\"pt-PT\",\"@id\":\"https:\/\/www.reno-equipment.com\/product\/electrothermal-constant-temperature-triple-purpose-water-tank\/#primaryimage\",\"url\":\"https:\/\/www.reno-equipment.com\/wp-content\/uploads\/2025\/08\/product_1-11.jpg\",\"contentUrl\":\"https:\/\/www.reno-equipment.com\/wp-content\/uploads\/2025\/08\/product_1-11.jpg\",\"width\":419,\"height\":289,\"caption\":\"Electric Constant Temperature Triple-Purpose Water Tank\"},{\"@type\":\"BreadcrumbList\",\"@id\":\"https:\/\/www.reno-equipment.com\/product\/electrothermal-constant-temperature-triple-purpose-water-tank\/#breadcrumb\",\"itemListElement\":[{\"@type\":\"ListItem\",\"position\":1,\"name\":\"Home\",\"item\":\"https:\/\/www.reno-equipment.com\/\"},{\"@type\":\"ListItem\",\"position\":2,\"name\":\"Shop\",\"item\":\"https:\/\/www.reno-equipment.com\/shop\/\"},{\"@type\":\"ListItem\",\"position\":3,\"name\":\"Electric Constant Temperature Triple-purpose Water Tank\"}]},{\"@type\":\"WebSite\",\"@id\":\"https:\/\/www.reno-equipment.com\/#website\",\"url\":\"https:\/\/www.reno-equipment.com\/\",\"name\":\"Hebei Ruinuo Instrument Co., Ltd\",\"description\":\"A Professional Laboraory Equipment Manufacturer And Supplier in China - Reno\",\"publisher\":{\"@id\":\"https:\/\/www.reno-equipment.com\/#organization\"},\"potentialAction\":[{\"@type\":\"SearchAction\",\"target\":{\"@type\":\"EntryPoint\",\"urlTemplate\":\"https:\/\/www.reno-equipment.com\/?s={search_term_string}\"},\"query-input\":{\"@type\":\"PropertyValueSpecification\",\"valueRequired\":true,\"valueName\":\"search_term_string\"}}],\"inLanguage\":\"pt-PT\"},{\"@type\":\"Organization\",\"@id\":\"https:\/\/www.reno-equipment.com\/#organization\",\"name\":\"Hebei Ruinuo Instrument Co., Ltd\",\"url\":\"https:\/\/www.reno-equipment.com\/\",\"logo\":{\"@type\":\"ImageObject\",\"inLanguage\":\"pt-PT\",\"@id\":\"https:\/\/www.reno-equipment.com\/#\/schema\/logo\/image\/\",\"url\":\"https:\/\/www.reno-equipment.com\/wp-content\/uploads\/2025\/07\/1720412797138216.png\",\"contentUrl\":\"https:\/\/www.reno-equipment.com\/wp-content\/uploads\/2025\/07\/1720412797138216.png\",\"width\":218,\"height\":50,\"caption\":\"Hebei Ruinuo Instrument Co., Ltd\"},\"image\":{\"@id\":\"https:\/\/www.reno-equipment.com\/#\/schema\/logo\/image\/\"},\"sameAs\":[\"https:\/\/www.facebook.com\/profile.php?id=61562344533538\"]}]}<\/script>\n<meta property=\"product:price:amount\" content=\"0.00\" \/>\n<meta property=\"product:price:currency\" content=\"SGD\" \/>\n<meta property=\"og:availability\" content=\"instock\" \/>\n<meta property=\"product:availability\" content=\"instock\" \/>\n<meta property=\"product:condition\" content=\"new\" \/>\n<!-- \/ Yoast SEO Premium plugin. -->","yoast_head_json":{"title":"Tanque de \u00c1gua Trifuncional de Temperatura Constante El\u00e9trica - Equipamentos Reno","robots":{"index":"index","follow":"follow","max-snippet":"max-snippet:-1","max-image-preview":"max-image-preview:large","max-video-preview":"max-video-preview:-1"},"canonical":"https:\/\/www.reno-equipment.com\/pt\/produto\/electrothermal-constant-temperature-triple-purpose-water-tank\/","og_locale":"pt_PT","og_type":"article","og_title":"Electric Constant Temperature Triple-purpose Water Tank","og_description":"Easy to operate ,setting value running , timing running ,automatic stop.","og_url":"https:\/\/www.reno-equipment.com\/pt\/produto\/electrothermal-constant-temperature-triple-purpose-water-tank\/","og_site_name":"Reno Equipment","article_publisher":"https:\/\/www.facebook.com\/profile.php?id=61562344533538","article_modified_time":"2025-09-08T22:29:19+00:00","og_image":[{"width":419,"height":289,"url":"https:\/\/www.reno-equipment.com\/wp-content\/uploads\/2025\/08\/product_1-11.jpg","type":"image\/jpeg"}],"twitter_card":"summary_large_image","twitter_misc":{"pre\u00e7o":"","Disponibilidade":"Em stock"},"schema":{"@context":"https:\/\/schema.org","@graph":[{"@type":"WebPage","@id":"https:\/\/www.reno-equipment.com\/product\/electrothermal-constant-temperature-triple-purpose-water-tank\/","url":"https:\/\/www.reno-equipment.com\/product\/electrothermal-constant-temperature-triple-purpose-water-tank\/","name":"Tanque de \u00c1gua Trifuncional de Temperatura Constante El\u00e9trica - Equipamentos Reno","isPartOf":{"@id":"https:\/\/www.reno-equipment.com\/#website"},"primaryImageOfPage":{"@id":"https:\/\/www.reno-equipment.com\/product\/electrothermal-constant-temperature-triple-purpose-water-tank\/#primaryimage"},"image":{"@id":"https:\/\/www.reno-equipment.com\/product\/electrothermal-constant-temperature-triple-purpose-water-tank\/#primaryimage"},"thumbnailUrl":"https:\/\/www.reno-equipment.com\/wp-content\/uploads\/2025\/08\/product_1-11.jpg","datePublished":"2025-08-21T07:00:00+00:00","dateModified":"2025-09-08T22:29:19+00:00","breadcrumb":{"@id":"https:\/\/www.reno-equipment.com\/product\/electrothermal-constant-temperature-triple-purpose-water-tank\/#breadcrumb"},"inLanguage":"pt-PT","potentialAction":[{"@type":"ReadAction","target":["https:\/\/www.reno-equipment.com\/product\/electrothermal-constant-temperature-triple-purpose-water-tank\/"]}]},{"@type":"ImageObject","inLanguage":"pt-PT","@id":"https:\/\/www.reno-equipment.com\/product\/electrothermal-constant-temperature-triple-purpose-water-tank\/#primaryimage","url":"https:\/\/www.reno-equipment.com\/wp-content\/uploads\/2025\/08\/product_1-11.jpg","contentUrl":"https:\/\/www.reno-equipment.com\/wp-content\/uploads\/2025\/08\/product_1-11.jpg","width":419,"height":289,"caption":"Electric Constant Temperature Triple-Purpose Water Tank"},{"@type":"BreadcrumbList","@id":"https:\/\/www.reno-equipment.com\/product\/electrothermal-constant-temperature-triple-purpose-water-tank\/#breadcrumb","itemListElement":[{"@type":"ListItem","position":1,"name":"Home","item":"https:\/\/www.reno-equipment.com\/"},{"@type":"ListItem","position":2,"name":"Shop","item":"https:\/\/www.reno-equipment.com\/shop\/"},{"@type":"ListItem","position":3,"name":"Electric Constant Temperature Triple-purpose Water Tank"}]},{"@type":"WebSite","@id":"https:\/\/www.reno-equipment.com\/#website","url":"https:\/\/www.reno-equipment.com\/","name":"Hebei Ruinuo Instrumentos S.A.","description":"Um Fabricante e Fornecedor Profissional de Equipamentos de Laborat\u00f3rio na China - Reno","publisher":{"@id":"https:\/\/www.reno-equipment.com\/#organization"},"potentialAction":[{"@type":"SearchAction","target":{"@type":"EntryPoint","urlTemplate":"https:\/\/www.reno-equipment.com\/?s={search_term_string}"},"query-input":{"@type":"PropertyValueSpecification","valueRequired":true,"valueName":"search_term_string"}}],"inLanguage":"pt-PT"},{"@type":"Organization","@id":"https:\/\/www.reno-equipment.com\/#organization","name":"Hebei Ruinuo Instrumentos S.A.","url":"https:\/\/www.reno-equipment.com\/","logo":{"@type":"ImageObject","inLanguage":"pt-PT","@id":"https:\/\/www.reno-equipment.com\/#\/schema\/logo\/image\/","url":"https:\/\/www.reno-equipment.com\/wp-content\/uploads\/2025\/07\/1720412797138216.png","contentUrl":"https:\/\/www.reno-equipment.com\/wp-content\/uploads\/2025\/07\/1720412797138216.png","width":218,"height":50,"caption":"Hebei Ruinuo Instrument Co., Ltd"},"image":{"@id":"https:\/\/www.reno-equipment.com\/#\/schema\/logo\/image\/"},"sameAs":["https:\/\/www.facebook.com\/profile.php?id=61562344533538"]}]},"product_price_amount":"0.00","product_price_currency":"SGD","og_availability":"instock","product_availability":"instock","product_condition":"new"},"_links":{"self":[{"href":"https:\/\/www.reno-equipment.com\/pt\/wp-json\/wp\/v2\/product\/20358","targetHints":{"allow":["GET"]}}],"collection":[{"href":"https:\/\/www.reno-equipment.com\/pt\/wp-json\/wp\/v2\/product"}],"about":[{"href":"https:\/\/www.reno-equipment.com\/pt\/wp-json\/wp\/v2\/types\/product"}],"replies":[{"embeddable":true,"href":"https:\/\/www.reno-equipment.com\/pt\/wp-json\/wp\/v2\/comments?post=20358"}],"version-history":[{"count":0,"href":"https:\/\/www.reno-equipment.com\/pt\/wp-json\/wp\/v2\/product\/20358\/revisions"}],"wp:featuredmedia":[{"embeddable":true,"href":"https:\/\/www.reno-equipment.com\/pt\/wp-json\/wp\/v2\/media\/22025"}],"wp:attachment":[{"href":"https:\/\/www.reno-equipment.com\/pt\/wp-json\/wp\/v2\/media?parent=20358"}],"wp:term":[{"taxonomy":"product_brand","embeddable":true,"href":"https:\/\/www.reno-equipment.com\/pt\/wp-json\/wp\/v2\/product_brand?post=20358"},{"taxonomy":"product_cat","embeddable":true,"href":"https:\/\/www.reno-equipment.com\/pt\/wp-json\/wp\/v2\/product_cat?post=20358"},{"taxonomy":"product_tag","embeddable":true,"href":"https:\/\/www.reno-equipment.com\/pt\/wp-json\/wp\/v2\/product_tag?post=20358"}],"curies":[{"name":"wp","href":"https:\/\/api.w.org\/{rel}","templated":true}]}}