{"id":20252,"date":"2025-08-21T03:54:00","date_gmt":"2025-08-21T03:54:00","guid":{"rendered":"https:\/\/www.reno-equipment.com\/?post_type=product&#038;p=20252"},"modified":"2025-09-08T22:44:41","modified_gmt":"2025-09-08T22:44:41","slug":"drug-stability-test-chamber","status":"publish","type":"product","link":"https:\/\/www.reno-equipment.com\/pt\/produto\/drug-stability-test-chamber\/","title":{"rendered":"C\u00e2mara de Teste de Estabilidade de Medicamentos"},"content":{"rendered":"<p><strong>Vis\u00e3o Geral do Produto:<\/strong><\/p>\n<p>Ampliamente utilizado em campos de produ\u00e7\u00e3o farmac\u00eautica, biol\u00f3gica, aliment\u00edcia, cosm\u00e9ticos e outros, para atender aos padr\u00f5es de teste de estabilidade de novas subst\u00e2ncias e prepara\u00e7\u00f5es de medicamentos.<\/p>\n<p><strong><b>Caracter\u00edsticas do Produto:<\/b><\/strong><\/p>\n<ol>\n<li>novo design sem fl\u00faor: alta efici\u00eancia, baixo consumo de energia, promovendo economia de energia, para mant\u00ea-lo sempre na vanguarda de uma vida saud\u00e1vel.<\/li>\n<li>Controlador de microcomputador: exibi\u00e7\u00e3o de par\u00e2metros em tempo real, f\u00e1cil de operar, controle est\u00e1vel, preciso e confi\u00e1vel.<\/li>\n<li>O revestimento interno da caixa \u00e9 feito de materiais inoxid\u00e1veis, f\u00e1cil de limpar, sem cantos mortos.<\/li>\n<li>Circula\u00e7\u00e3o de ar flue \u00fanica: garantir a distribui\u00e7\u00e3o uniforme da temperatura no est\u00fadio.<\/li>\n<li>Usando v\u00e1lvula de expans\u00e3o el\u00e9trica PID de balanceamento frio autom\u00e1tico, com caracter\u00edsticas como alta efici\u00eancia, baixo consumo de energia, pequena flutua\u00e7\u00e3o de temperatura, promovendo a conserva\u00e7\u00e3o de energia, etc., pode apresentar efetivamente.<\/li>\n<li>H\u00e1 importa\u00e7\u00e3o de todos os produtos, como sensores de temperatura e umidade, compressor, ventilador de circula\u00e7\u00e3o etc. Com opera\u00e7\u00e3o cont\u00ednua a longo prazo, com caracter\u00edsticas como opera\u00e7\u00e3o est\u00e1vel, seguran\u00e7a, confiabilidade etc.<\/li>\n<\/ol>\n<p>&nbsp;<\/p>\n\n    <div class=\"xs_social_share_widget xs_share_url after_content \t\tmain_content  wslu-style-1 wslu-share-box-shaped wslu-fill-colored wslu-none wslu-share-horizontal wslu-theme-font-no wslu-main_content\">\n\n\t\t\n        <ul>\n\t\t\t        <\/ul>\n    <\/div>","protected":false},"excerpt":{"rendered":"<p>Ampliamente utilizado em campos de produ\u00e7\u00e3o farmac\u00eautica, biol\u00f3gica, aliment\u00edcia, cosm\u00e9ticos e outros, para atender aos padr\u00f5es de teste de estabilidade de novas subst\u00e2ncias e prepara\u00e7\u00f5es de medicamentos.<\/p>","protected":false},"featured_media":22031,"comment_status":"open","ping_status":"closed","template":"","meta":{"_acf_changed":false,"inline_featured_image":false,"postBodyCss":"","postBodyMargin":[],"postBodyPadding":[],"postBodyBackground":{"backgroundType":"classic","gradient":""}},"product_brand":[],"product_cat":[179,66,126],"product_tag":[],"class_list":{"0":"post-20252","1":"product","2":"type-product","3":"status-publish","4":"has-post-thumbnail","6":"product_cat-drug-test-chamber","7":"product_cat-products","8":"product_cat-incubators","10":"first","11":"instock","12":"shipping-taxable","13":"product-type-simple"},"acf":[],"yoast_head":"<!-- This site is optimized with the Yoast SEO Premium plugin v25.7.1 (Yoast SEO v25.7) - https:\/\/yoast.com\/wordpress\/plugins\/seo\/ -->\n<title>Drug Stability Test Chamber - Reno Equipment<\/title>\n<meta name=\"robots\" content=\"index, follow, max-snippet:-1, max-image-preview:large, max-video-preview:-1\" \/>\n<link rel=\"canonical\" href=\"https:\/\/www.reno-equipment.com\/pt\/produto\/drug-stability-test-chamber\/\" \/>\n<meta property=\"og:locale\" content=\"pt_PT\" \/>\n<meta property=\"og:type\" content=\"article\" \/>\n<meta property=\"og:title\" content=\"Drug Stability Test Chamber\" \/>\n<meta property=\"og:description\" content=\"Widely used in pharmaceutical, biological ,food,cosmetics and other production fields,to meet the stability test standards of new drug substance and preparation.\" \/>\n<meta property=\"og:url\" content=\"https:\/\/www.reno-equipment.com\/pt\/produto\/drug-stability-test-chamber\/\" \/>\n<meta property=\"og:site_name\" content=\"Reno Equipment\" \/>\n<meta property=\"article:publisher\" content=\"https:\/\/www.facebook.com\/profile.php?id=61562344533538\" \/>\n<meta property=\"article:modified_time\" content=\"2025-09-08T22:44:41+00:00\" \/>\n<meta property=\"og:image\" content=\"https:\/\/www.reno-equipment.com\/wp-content\/uploads\/2025\/08\/main-10.jpg\" \/>\n\t<meta property=\"og:image:width\" content=\"496\" \/>\n\t<meta property=\"og:image:height\" content=\"500\" \/>\n\t<meta property=\"og:image:type\" content=\"image\/jpeg\" \/>\n<meta name=\"twitter:card\" content=\"summary_large_image\" \/>\n<meta name=\"twitter:label1\" content=\"pre\u00e7o\" \/>\n\t<meta name=\"twitter:data1\" content=\"\" \/>\n\t<meta name=\"twitter:label2\" content=\"Disponibilidade\" \/>\n\t<meta name=\"twitter:data2\" content=\"Em stock\" \/>\n<script type=\"application\/ld+json\" class=\"yoast-schema-graph\">{\"@context\":\"https:\/\/schema.org\",\"@graph\":[{\"@type\":\"WebPage\",\"@id\":\"https:\/\/www.reno-equipment.com\/product\/drug-stability-test-chamber\/\",\"url\":\"https:\/\/www.reno-equipment.com\/product\/drug-stability-test-chamber\/\",\"name\":\"Drug Stability Test Chamber - Reno Equipment\",\"isPartOf\":{\"@id\":\"https:\/\/www.reno-equipment.com\/#website\"},\"primaryImageOfPage\":{\"@id\":\"https:\/\/www.reno-equipment.com\/product\/drug-stability-test-chamber\/#primaryimage\"},\"image\":{\"@id\":\"https:\/\/www.reno-equipment.com\/product\/drug-stability-test-chamber\/#primaryimage\"},\"thumbnailUrl\":\"https:\/\/www.reno-equipment.com\/wp-content\/uploads\/2025\/08\/main-10.jpg\",\"datePublished\":\"2025-08-21T03:54:00+00:00\",\"dateModified\":\"2025-09-08T22:44:41+00:00\",\"breadcrumb\":{\"@id\":\"https:\/\/www.reno-equipment.com\/product\/drug-stability-test-chamber\/#breadcrumb\"},\"inLanguage\":\"pt-PT\",\"potentialAction\":[{\"@type\":\"ReadAction\",\"target\":[\"https:\/\/www.reno-equipment.com\/product\/drug-stability-test-chamber\/\"]}]},{\"@type\":\"ImageObject\",\"inLanguage\":\"pt-PT\",\"@id\":\"https:\/\/www.reno-equipment.com\/product\/drug-stability-test-chamber\/#primaryimage\",\"url\":\"https:\/\/www.reno-equipment.com\/wp-content\/uploads\/2025\/08\/main-10.jpg\",\"contentUrl\":\"https:\/\/www.reno-equipment.com\/wp-content\/uploads\/2025\/08\/main-10.jpg\",\"width\":496,\"height\":500,\"caption\":\"Drug Stability Test Chamber\"},{\"@type\":\"BreadcrumbList\",\"@id\":\"https:\/\/www.reno-equipment.com\/product\/drug-stability-test-chamber\/#breadcrumb\",\"itemListElement\":[{\"@type\":\"ListItem\",\"position\":1,\"name\":\"Home\",\"item\":\"https:\/\/www.reno-equipment.com\/\"},{\"@type\":\"ListItem\",\"position\":2,\"name\":\"Shop\",\"item\":\"https:\/\/www.reno-equipment.com\/shop\/\"},{\"@type\":\"ListItem\",\"position\":3,\"name\":\"Drug Stability Test Chamber\"}]},{\"@type\":\"WebSite\",\"@id\":\"https:\/\/www.reno-equipment.com\/#website\",\"url\":\"https:\/\/www.reno-equipment.com\/\",\"name\":\"Hebei Ruinuo Instrument Co., Ltd\",\"description\":\"A Professional Laboraory Equipment Manufacturer And Supplier in China - Reno\",\"publisher\":{\"@id\":\"https:\/\/www.reno-equipment.com\/#organization\"},\"potentialAction\":[{\"@type\":\"SearchAction\",\"target\":{\"@type\":\"EntryPoint\",\"urlTemplate\":\"https:\/\/www.reno-equipment.com\/?s={search_term_string}\"},\"query-input\":{\"@type\":\"PropertyValueSpecification\",\"valueRequired\":true,\"valueName\":\"search_term_string\"}}],\"inLanguage\":\"pt-PT\"},{\"@type\":\"Organization\",\"@id\":\"https:\/\/www.reno-equipment.com\/#organization\",\"name\":\"Hebei Ruinuo Instrument Co., Ltd\",\"url\":\"https:\/\/www.reno-equipment.com\/\",\"logo\":{\"@type\":\"ImageObject\",\"inLanguage\":\"pt-PT\",\"@id\":\"https:\/\/www.reno-equipment.com\/#\/schema\/logo\/image\/\",\"url\":\"https:\/\/www.reno-equipment.com\/wp-content\/uploads\/2025\/07\/1720412797138216.png\",\"contentUrl\":\"https:\/\/www.reno-equipment.com\/wp-content\/uploads\/2025\/07\/1720412797138216.png\",\"width\":218,\"height\":50,\"caption\":\"Hebei Ruinuo Instrument Co., Ltd\"},\"image\":{\"@id\":\"https:\/\/www.reno-equipment.com\/#\/schema\/logo\/image\/\"},\"sameAs\":[\"https:\/\/www.facebook.com\/profile.php?id=61562344533538\"]}]}<\/script>\n<meta property=\"product:price:amount\" content=\"0.00\" \/>\n<meta property=\"product:price:currency\" content=\"SGD\" \/>\n<meta property=\"og:availability\" content=\"instock\" \/>\n<meta property=\"product:availability\" content=\"instock\" \/>\n<meta property=\"product:condition\" content=\"new\" \/>\n<!-- \/ Yoast SEO Premium plugin. -->","yoast_head_json":{"title":"C\u00e2mara de Teste de Estabilidade de Medicamentos - Equipamento Reno","robots":{"index":"index","follow":"follow","max-snippet":"max-snippet:-1","max-image-preview":"max-image-preview:large","max-video-preview":"max-video-preview:-1"},"canonical":"https:\/\/www.reno-equipment.com\/pt\/produto\/drug-stability-test-chamber\/","og_locale":"pt_PT","og_type":"article","og_title":"Drug Stability Test Chamber","og_description":"Widely used in pharmaceutical, biological ,food,cosmetics and other production fields,to meet the stability test standards of new drug substance and preparation.","og_url":"https:\/\/www.reno-equipment.com\/pt\/produto\/drug-stability-test-chamber\/","og_site_name":"Reno Equipment","article_publisher":"https:\/\/www.facebook.com\/profile.php?id=61562344533538","article_modified_time":"2025-09-08T22:44:41+00:00","og_image":[{"width":496,"height":500,"url":"https:\/\/www.reno-equipment.com\/wp-content\/uploads\/2025\/08\/main-10.jpg","type":"image\/jpeg"}],"twitter_card":"summary_large_image","twitter_misc":{"pre\u00e7o":"","Disponibilidade":"Em stock"},"schema":{"@context":"https:\/\/schema.org","@graph":[{"@type":"WebPage","@id":"https:\/\/www.reno-equipment.com\/product\/drug-stability-test-chamber\/","url":"https:\/\/www.reno-equipment.com\/product\/drug-stability-test-chamber\/","name":"C\u00e2mara de Teste de Estabilidade de Medicamentos - Equipamento Reno","isPartOf":{"@id":"https:\/\/www.reno-equipment.com\/#website"},"primaryImageOfPage":{"@id":"https:\/\/www.reno-equipment.com\/product\/drug-stability-test-chamber\/#primaryimage"},"image":{"@id":"https:\/\/www.reno-equipment.com\/product\/drug-stability-test-chamber\/#primaryimage"},"thumbnailUrl":"https:\/\/www.reno-equipment.com\/wp-content\/uploads\/2025\/08\/main-10.jpg","datePublished":"2025-08-21T03:54:00+00:00","dateModified":"2025-09-08T22:44:41+00:00","breadcrumb":{"@id":"https:\/\/www.reno-equipment.com\/product\/drug-stability-test-chamber\/#breadcrumb"},"inLanguage":"pt-PT","potentialAction":[{"@type":"ReadAction","target":["https:\/\/www.reno-equipment.com\/product\/drug-stability-test-chamber\/"]}]},{"@type":"ImageObject","inLanguage":"pt-PT","@id":"https:\/\/www.reno-equipment.com\/product\/drug-stability-test-chamber\/#primaryimage","url":"https:\/\/www.reno-equipment.com\/wp-content\/uploads\/2025\/08\/main-10.jpg","contentUrl":"https:\/\/www.reno-equipment.com\/wp-content\/uploads\/2025\/08\/main-10.jpg","width":496,"height":500,"caption":"Drug Stability Test Chamber"},{"@type":"BreadcrumbList","@id":"https:\/\/www.reno-equipment.com\/product\/drug-stability-test-chamber\/#breadcrumb","itemListElement":[{"@type":"ListItem","position":1,"name":"Home","item":"https:\/\/www.reno-equipment.com\/"},{"@type":"ListItem","position":2,"name":"Shop","item":"https:\/\/www.reno-equipment.com\/shop\/"},{"@type":"ListItem","position":3,"name":"Drug Stability Test Chamber"}]},{"@type":"WebSite","@id":"https:\/\/www.reno-equipment.com\/#website","url":"https:\/\/www.reno-equipment.com\/","name":"Hebei Ruinuo Instrumentos S.A.","description":"Um Fabricante e Fornecedor Profissional de Equipamentos de Laborat\u00f3rio na China - Reno","publisher":{"@id":"https:\/\/www.reno-equipment.com\/#organization"},"potentialAction":[{"@type":"SearchAction","target":{"@type":"EntryPoint","urlTemplate":"https:\/\/www.reno-equipment.com\/?s={search_term_string}"},"query-input":{"@type":"PropertyValueSpecification","valueRequired":true,"valueName":"search_term_string"}}],"inLanguage":"pt-PT"},{"@type":"Organization","@id":"https:\/\/www.reno-equipment.com\/#organization","name":"Hebei Ruinuo Instrumentos S.A.","url":"https:\/\/www.reno-equipment.com\/","logo":{"@type":"ImageObject","inLanguage":"pt-PT","@id":"https:\/\/www.reno-equipment.com\/#\/schema\/logo\/image\/","url":"https:\/\/www.reno-equipment.com\/wp-content\/uploads\/2025\/07\/1720412797138216.png","contentUrl":"https:\/\/www.reno-equipment.com\/wp-content\/uploads\/2025\/07\/1720412797138216.png","width":218,"height":50,"caption":"Hebei Ruinuo Instrument Co., Ltd"},"image":{"@id":"https:\/\/www.reno-equipment.com\/#\/schema\/logo\/image\/"},"sameAs":["https:\/\/www.facebook.com\/profile.php?id=61562344533538"]}]},"product_price_amount":"0.00","product_price_currency":"SGD","og_availability":"instock","product_availability":"instock","product_condition":"new"},"_links":{"self":[{"href":"https:\/\/www.reno-equipment.com\/pt\/wp-json\/wp\/v2\/product\/20252","targetHints":{"allow":["GET"]}}],"collection":[{"href":"https:\/\/www.reno-equipment.com\/pt\/wp-json\/wp\/v2\/product"}],"about":[{"href":"https:\/\/www.reno-equipment.com\/pt\/wp-json\/wp\/v2\/types\/product"}],"replies":[{"embeddable":true,"href":"https:\/\/www.reno-equipment.com\/pt\/wp-json\/wp\/v2\/comments?post=20252"}],"version-history":[{"count":0,"href":"https:\/\/www.reno-equipment.com\/pt\/wp-json\/wp\/v2\/product\/20252\/revisions"}],"wp:featuredmedia":[{"embeddable":true,"href":"https:\/\/www.reno-equipment.com\/pt\/wp-json\/wp\/v2\/media\/22031"}],"wp:attachment":[{"href":"https:\/\/www.reno-equipment.com\/pt\/wp-json\/wp\/v2\/media?parent=20252"}],"wp:term":[{"taxonomy":"product_brand","embeddable":true,"href":"https:\/\/www.reno-equipment.com\/pt\/wp-json\/wp\/v2\/product_brand?post=20252"},{"taxonomy":"product_cat","embeddable":true,"href":"https:\/\/www.reno-equipment.com\/pt\/wp-json\/wp\/v2\/product_cat?post=20252"},{"taxonomy":"product_tag","embeddable":true,"href":"https:\/\/www.reno-equipment.com\/pt\/wp-json\/wp\/v2\/product_tag?post=20252"}],"curies":[{"name":"wp","href":"https:\/\/api.w.org\/{rel}","templated":true}]}}