{"id":20063,"date":"2025-08-21T03:32:00","date_gmt":"2025-08-21T03:32:00","guid":{"rendered":"https:\/\/www.reno-equipment.com\/?post_type=product&#038;p=20063"},"modified":"2025-08-24T15:21:36","modified_gmt":"2025-08-24T15:21:36","slug":"all-steel-purification-workbeanch","status":"publish","type":"product","link":"https:\/\/www.reno-equipment.com\/pt\/produto\/all-steel-purification-workbeanch\/","title":{"rendered":"Bancada de Purifica\u00e7\u00e3o em A\u00e7o Inoxid\u00e1vel"},"content":{"rendered":"<p><strong><b>Vis\u00e3o Geral do Produto:<\/b><\/strong><\/p>\n<p>O ar \u00e9 pressionado para dentro da caixa de press\u00e3o est\u00e1tica atrav\u00e9s do filtro de ar prim\u00e1rio montado na lateral e do ventilador centr\u00edfugo de baixo ru\u00eddo, sendo soprado uniformemente do topo, para formar uma cortina de ar de alta limpeza, a fim de remover o ar natural original na \u00e1rea de trabalho, alcan\u00e7ando assim o espa\u00e7o ideal de alta limpeza apenas cinco minutos ap\u00f3s o in\u00edcio. Usando um ventilador ajust\u00e1vel para regular o volume de ar em dupla velocidade, e um interruptor de toque leve para ajustar a voltagem, garantindo que a velocidade do vento na \u00e1rea de trabalho esteja sempre em um estado ideal.<\/p>\n<p>&nbsp;<\/p>\n<p><strong><b>Recurso do produto:<\/b><\/strong><\/p>\n<p>1. Coletor horizontal (vertical), amortecedor de vidro quase fechado, f\u00e1cil de operar.<\/p>\n<p>Pode ser colocado livremente na mesa de trabalho geral, f\u00e1cil de usar em pequenos est\u00fadios.<\/p>\n<p>3\u3001Usando um sistema de ventilador de controle de dupla velocidade r\u00e1pido e lento para garantir que a velocidade do vento na \u00e1rea de trabalho esteja sempre em um estado ideal.<\/p>\n<p>4. A frente e a parte de tr\u00e1s da mesa de trabalho s\u00e3o equipadas com portas deslizantes de mola que sobem e descem, com posicionamento flex\u00edvel e conveniente.<\/p>\n<p>5, Design de cortina de ar isolante para prevenir a contamina\u00e7\u00e3o cruzada interna e externa.<\/p>\n<p>6, A bancada de trabalho em a\u00e7o inoxid\u00e1vel \u00e9 mais eficaz para garantir a limpeza.<\/p>\n<p>&nbsp;<\/p>\n<p>&nbsp;<\/p>\n<table>\n<tbody>\n<tr>\n<td width=\"72\">Modelo<\/td>\n<td width=\"68\">SW-CJ-1D<\/td>\n<td width=\"70\">SW-CJ-1G<\/td>\n<td width=\"70\">SW-CJ-1F<\/td>\n<td width=\"70\">SW-CJ-2D<\/td>\n<td width=\"71\">SW-CJ-2G<\/td>\n<td width=\"70\">SW-CJ-2F<\/td>\n<td width=\"67\">VD-650<\/td>\n<td width=\"69\">HD-650<\/td>\n<td width=\"76\">VD-850<\/td>\n<td width=\"67\">HD-850<\/td>\n<\/tr>\n<tr>\n<td width=\"72\">n\u00famero aplic\u00e1vel de pessoas<\/td>\n<td width=\"68\">uma pessoa s\u00f3, unicamente de um lado<\/td>\n<td width=\"70\">uma pessoa s\u00f3, unicamente de um lado<\/td>\n<td width=\"70\">individual de dois lados<\/td>\n<td width=\"70\">dobro-pessoa unicamente de um lado<\/td>\n<td width=\"71\">dobro-pessoa unicamente de um lado<\/td>\n<td width=\"70\">dupla pessoa de dois lados<\/td>\n<td colspan=\"4\" width=\"279\">tipo de desktop<\/td>\n<\/tr>\n<tr>\n<td width=\"72\">dire\u00e7\u00e3o do vento<\/td>\n<td width=\"68\">vertical<\/td>\n<td width=\"70\">horizontal<\/td>\n<td width=\"70\">vertical<\/td>\n<td width=\"70\">vertical<\/td>\n<td width=\"71\">horizontal<\/td>\n<td width=\"70\">vertical<\/td>\n<td width=\"67\">vertical<\/td>\n<td width=\"69\">horizontal<\/td>\n<td width=\"76\">vertical<\/td>\n<td width=\"67\">horizontal<\/td>\n<\/tr>\n<tr>\n<td width=\"72\">n\u00edvel de limpeza<\/td>\n<td colspan=\"10\" width=\"698\">100 n\u00edveis (Padr\u00e3o Federal dos EUA 209E)<\/td>\n<\/tr>\n<tr>\n<td width=\"72\">velocidade m\u00e9dia do vento (m\/s)<\/td>\n<td colspan=\"10\" width=\"698\">0,3-0,6 (ajust\u00e1vel)<\/td>\n<\/tr>\n<tr>\n<td width=\"72\">ru\u00eddo<\/td>\n<td colspan=\"10\" width=\"698\">\u226462dB\ufe59A\ufe5a<\/td>\n<\/tr>\n<tr>\n<td width=\"72\">Valor half peak da vibra\u00e7\u00e3o<\/td>\n<td colspan=\"10\" width=\"698\">\u22643um<\/td>\n<\/tr>\n<tr>\n<td width=\"72\">cfu<\/td>\n<td colspan=\"10\" width=\"698\">\u22640,5 disco \ufe59 disco de cultura de 90mm \ufe5a<\/td>\n<\/tr>\n<tr>\n<td width=\"72\">ilumin\u00e2ncia<\/td>\n<td colspan=\"10\" width=\"698\">300LX<\/td>\n<\/tr>\n<tr>\n<td width=\"72\">carga da superf\u00edcie de trabalho<\/td>\n<td colspan=\"10\" width=\"698\">50Kg<\/td>\n<\/tr>\n<tr>\n<td width=\"72\">equipado internamente<\/td>\n<td colspan=\"10\" width=\"698\">a\u00e7o inoxid\u00e1vel 201<\/td>\n<\/tr>\n<tr>\n<td width=\"72\">porta de trabalho<\/td>\n<td colspan=\"10\" width=\"698\">vidro temperado<\/td>\n<\/tr>\n<tr>\n<td width=\"72\">tela de filtro<\/td>\n<td colspan=\"10\" width=\"698\">filtro HEPA ou filtro<\/td>\n<\/tr>\n<tr>\n<td width=\"72\">filtro<\/td>\n<td colspan=\"10\" width=\"698\">filtro de alta efici\u00eancia<\/td>\n<\/tr>\n<tr>\n<td width=\"72\">massa fluorescente (W)<\/td>\n<td colspan=\"10\" width=\"698\">20<\/td>\n<\/tr>\n<tr>\n<td width=\"72\">n\u00f3dulo de esteriliza\u00e7\u00e3o (W\ufe5a<\/td>\n<td colspan=\"10\" width=\"698\">20<\/td>\n<\/tr>\n<tr>\n<td width=\"72\">f\u00e3(W)<\/td>\n<td colspan=\"10\" width=\"698\">70<\/td>\n<\/tr>\n<tr>\n<td width=\"72\">posi\u00e7\u00e3o do ventilador<\/td>\n<td colspan=\"10\" width=\"698\">topo<\/td>\n<\/tr>\n<tr>\n<td width=\"72\">Tamanho da c\u00e2mara (mm)<\/td>\n<td width=\"68\">700\u00d7460\u00d7510<\/td>\n<td width=\"70\">700\u00d7420\u00d7550<\/td>\n<td width=\"70\">870\u00d7600\u00d7510<\/td>\n<td width=\"70\">1150\u00d7460\u00d7510<\/td>\n<td width=\"71\">1150\u00d7420\u00d7550<\/td>\n<td width=\"70\">1360\u00d7600\u00d7510<\/td>\n<td width=\"67\">480\u00d7460\u00d7460<\/td>\n<td width=\"69\">480\u00d7420\u00d7460<\/td>\n<td width=\"76\">700\u00d7460\u00d7510<\/td>\n<td width=\"67\">700\u00d7420\u00d7560<\/td>\n<\/tr>\n<tr>\n<td width=\"72\">Dimens\u00f5es Internas<\/p>\n<p>(D x L x A mm)<\/td>\n<td width=\"68\">830\u00d7510\u00d71570<\/td>\n<td width=\"70\">830\u00d7510\u00d71570<\/td>\n<td width=\"70\">1000\u00d7670\u00d71570<\/td>\n<td width=\"70\">1270\u00d7510\u00d71570<\/td>\n<td width=\"71\">1270\u00d7510\u00d71570<\/td>\n<td width=\"70\">1490\u00d7640\u00d71570<\/td>\n<td width=\"67\">610\u00d7510\u00d7840<\/td>\n<td width=\"69\">610\u00d7510\u00d7840<\/td>\n<td width=\"76\">825\u00d7510\u00d7930<\/td>\n<td width=\"67\">825\u00d7510\u00d7930<\/td>\n<\/tr>\n<tr>\n<td width=\"72\">Dimens\u00f5es Exteriores<\/p>\n<p>(D x L x A mm)<\/td>\n<td width=\"68\">80\/82<\/td>\n<td width=\"70\">80\/82<\/td>\n<td width=\"70\">140\/143<\/td>\n<td width=\"70\">150\/152<\/td>\n<td width=\"71\">150\/152<\/td>\n<td width=\"70\">180\/183<\/td>\n<td width=\"67\">40\/42<\/td>\n<td width=\"69\">40\/42<\/td>\n<td width=\"76\">60\/63<\/td>\n<td width=\"67\">60\/63<\/td>\n<\/tr>\n<tr>\n<td width=\"72\">Fonte de alimenta\u00e7\u00e3o<\/td>\n<td colspan=\"9\" width=\"631\">220V \/ 50Hz<\/td>\n<td width=\"67\"><\/td>\n<\/tr>\n<\/tbody>\n<\/table>\n<p>&nbsp;<\/p>\n<p>&nbsp;<\/p>\n<p>&nbsp;<\/p>\n<p>&nbsp;<\/p>\n\n    <div class=\"xs_social_share_widget xs_share_url after_content \t\tmain_content  wslu-style-1 wslu-share-box-shaped wslu-fill-colored wslu-none wslu-share-horizontal wslu-theme-font-no wslu-main_content\">\n\n\t\t\n        <ul>\n\t\t\t        <\/ul>\n    <\/div>","protected":false},"excerpt":{"rendered":"<p>O ar \u00e9 pressionado para dentro da caixa de press\u00e3o est\u00e1tica atrav\u00e9s do filtro de ar prim\u00e1rio montado na lateral e do ventilador centr\u00edfugo de baixo ru\u00eddo, sendo soprado uniformemente do topo, para formar uma cortina de ar de alta limpeza, a fim de remover o ar natural original na \u00e1rea de trabalho, alcan\u00e7ando assim o espa\u00e7o ideal de alta limpeza apenas cinco minutos ap\u00f3s o in\u00edcio. Usando um ventilador ajust\u00e1vel para regular o volume de ar em dupla velocidade, e um interruptor de toque leve para ajustar a voltagem, garantindo que a velocidade do vento na \u00e1rea de trabalho esteja sempre em um estado ideal.<\/p>","protected":false},"featured_media":21440,"comment_status":"open","ping_status":"closed","template":"","meta":{"_acf_changed":false,"inline_featured_image":false,"postBodyCss":"","postBodyMargin":[],"postBodyPadding":[],"postBodyBackground":{"backgroundType":"classic","gradient":""}},"product_brand":[],"product_cat":[66,139],"product_tag":[],"class_list":{"0":"post-20063","1":"product","2":"type-product","3":"status-publish","4":"has-post-thumbnail","6":"product_cat-products","7":"product_cat-clean-workbench","9":"first","10":"instock","11":"shipping-taxable","12":"product-type-simple"},"acf":[],"yoast_head":"<!-- This site is optimized with the Yoast SEO Premium plugin v25.7.1 (Yoast SEO v25.7) - https:\/\/yoast.com\/wordpress\/plugins\/seo\/ -->\n<title>All-Steel Purification Workbench - Reno Equipment<\/title>\n<meta name=\"robots\" content=\"index, follow, max-snippet:-1, max-image-preview:large, max-video-preview:-1\" \/>\n<link rel=\"canonical\" href=\"https:\/\/www.reno-equipment.com\/pt\/produto\/all-steel-purification-workbeanch\/\" \/>\n<meta property=\"og:locale\" content=\"pt_PT\" \/>\n<meta property=\"og:type\" content=\"article\" \/>\n<meta property=\"og:title\" content=\"All-Steel Purification Workbench\" \/>\n<meta property=\"og:description\" content=\"Air is pressed into the static pressure box through the side-mounted primary air filter and low-noise centrifugal fun.evenly blown out from the top ,to form a high cleanliness air curtain,to remove the original natural air in the working area,so as to reach the ideal high cleanliness space only five minutes after starting. Using adjustable fan to adjust the air volume in double-speed,the light touch switch to adjust the voltage,to ensure the wind speed in the working area always in an ideal state.\" \/>\n<meta property=\"og:url\" content=\"https:\/\/www.reno-equipment.com\/pt\/produto\/all-steel-purification-workbeanch\/\" \/>\n<meta property=\"og:site_name\" content=\"Reno Equipment\" \/>\n<meta property=\"article:publisher\" content=\"https:\/\/www.facebook.com\/profile.php?id=61562344533538\" \/>\n<meta property=\"article:modified_time\" content=\"2025-08-24T15:21:36+00:00\" \/>\n<meta property=\"og:image\" content=\"https:\/\/www.reno-equipment.com\/wp-content\/uploads\/2025\/08\/product_1-1.jpg\" \/>\n\t<meta property=\"og:image:width\" content=\"360\" \/>\n\t<meta property=\"og:image:height\" content=\"564\" \/>\n\t<meta property=\"og:image:type\" content=\"image\/jpeg\" \/>\n<meta name=\"twitter:card\" content=\"summary_large_image\" \/>\n<meta name=\"twitter:label1\" content=\"pre\u00e7o\" \/>\n\t<meta name=\"twitter:data1\" content=\"\" \/>\n\t<meta name=\"twitter:label2\" content=\"Disponibilidade\" \/>\n\t<meta name=\"twitter:data2\" content=\"Em stock\" \/>\n<script type=\"application\/ld+json\" class=\"yoast-schema-graph\">{\"@context\":\"https:\/\/schema.org\",\"@graph\":[{\"@type\":\"WebPage\",\"@id\":\"https:\/\/www.reno-equipment.com\/product\/all-steel-purification-workbeanch\/\",\"url\":\"https:\/\/www.reno-equipment.com\/product\/all-steel-purification-workbeanch\/\",\"name\":\"All-Steel Purification Workbench - Reno Equipment\",\"isPartOf\":{\"@id\":\"https:\/\/www.reno-equipment.com\/#website\"},\"primaryImageOfPage\":{\"@id\":\"https:\/\/www.reno-equipment.com\/product\/all-steel-purification-workbeanch\/#primaryimage\"},\"image\":{\"@id\":\"https:\/\/www.reno-equipment.com\/product\/all-steel-purification-workbeanch\/#primaryimage\"},\"thumbnailUrl\":\"https:\/\/www.reno-equipment.com\/wp-content\/uploads\/2025\/08\/product_1-1.jpg\",\"datePublished\":\"2025-08-21T03:32:00+00:00\",\"dateModified\":\"2025-08-24T15:21:36+00:00\",\"breadcrumb\":{\"@id\":\"https:\/\/www.reno-equipment.com\/product\/all-steel-purification-workbeanch\/#breadcrumb\"},\"inLanguage\":\"pt-PT\",\"potentialAction\":[{\"@type\":\"ReadAction\",\"target\":[\"https:\/\/www.reno-equipment.com\/product\/all-steel-purification-workbeanch\/\"]}]},{\"@type\":\"ImageObject\",\"inLanguage\":\"pt-PT\",\"@id\":\"https:\/\/www.reno-equipment.com\/product\/all-steel-purification-workbeanch\/#primaryimage\",\"url\":\"https:\/\/www.reno-equipment.com\/wp-content\/uploads\/2025\/08\/product_1-1.jpg\",\"contentUrl\":\"https:\/\/www.reno-equipment.com\/wp-content\/uploads\/2025\/08\/product_1-1.jpg\",\"width\":360,\"height\":564,\"caption\":\"All-Steel Purification Worktable\"},{\"@type\":\"BreadcrumbList\",\"@id\":\"https:\/\/www.reno-equipment.com\/product\/all-steel-purification-workbeanch\/#breadcrumb\",\"itemListElement\":[{\"@type\":\"ListItem\",\"position\":1,\"name\":\"Home\",\"item\":\"https:\/\/www.reno-equipment.com\/\"},{\"@type\":\"ListItem\",\"position\":2,\"name\":\"Shop\",\"item\":\"https:\/\/www.reno-equipment.com\/shop\/\"},{\"@type\":\"ListItem\",\"position\":3,\"name\":\"All-Steel Purification Workbench\"}]},{\"@type\":\"WebSite\",\"@id\":\"https:\/\/www.reno-equipment.com\/#website\",\"url\":\"https:\/\/www.reno-equipment.com\/\",\"name\":\"Hebei Ruinuo Instrument Co., Ltd\",\"description\":\"A Professional Laboraory Equipment Manufacturer And Supplier in China - Reno\",\"publisher\":{\"@id\":\"https:\/\/www.reno-equipment.com\/#organization\"},\"potentialAction\":[{\"@type\":\"SearchAction\",\"target\":{\"@type\":\"EntryPoint\",\"urlTemplate\":\"https:\/\/www.reno-equipment.com\/?s={search_term_string}\"},\"query-input\":{\"@type\":\"PropertyValueSpecification\",\"valueRequired\":true,\"valueName\":\"search_term_string\"}}],\"inLanguage\":\"pt-PT\"},{\"@type\":\"Organization\",\"@id\":\"https:\/\/www.reno-equipment.com\/#organization\",\"name\":\"Hebei Ruinuo Instrument Co., Ltd\",\"url\":\"https:\/\/www.reno-equipment.com\/\",\"logo\":{\"@type\":\"ImageObject\",\"inLanguage\":\"pt-PT\",\"@id\":\"https:\/\/www.reno-equipment.com\/#\/schema\/logo\/image\/\",\"url\":\"https:\/\/www.reno-equipment.com\/wp-content\/uploads\/2025\/07\/1720412797138216.png\",\"contentUrl\":\"https:\/\/www.reno-equipment.com\/wp-content\/uploads\/2025\/07\/1720412797138216.png\",\"width\":218,\"height\":50,\"caption\":\"Hebei Ruinuo Instrument Co., Ltd\"},\"image\":{\"@id\":\"https:\/\/www.reno-equipment.com\/#\/schema\/logo\/image\/\"},\"sameAs\":[\"https:\/\/www.facebook.com\/profile.php?id=61562344533538\"]}]}<\/script>\n<meta property=\"product:price:amount\" content=\"0.00\" \/>\n<meta property=\"product:price:currency\" content=\"SGD\" \/>\n<meta property=\"og:availability\" content=\"instock\" \/>\n<meta property=\"product:availability\" content=\"instock\" \/>\n<meta property=\"product:condition\" content=\"new\" \/>\n<!-- \/ Yoast SEO Premium plugin. -->","yoast_head_json":{"title":"Bancada de Purifica\u00e7\u00e3o em A\u00e7o Inoxid\u00e1vel - Equipamento Reno","robots":{"index":"index","follow":"follow","max-snippet":"max-snippet:-1","max-image-preview":"max-image-preview:large","max-video-preview":"max-video-preview:-1"},"canonical":"https:\/\/www.reno-equipment.com\/pt\/produto\/all-steel-purification-workbeanch\/","og_locale":"pt_PT","og_type":"article","og_title":"All-Steel Purification Workbench","og_description":"Air is pressed into the static pressure box through the side-mounted primary air filter and low-noise centrifugal fun.evenly blown out from the top ,to form a high cleanliness air curtain,to remove the original natural air in the working area,so as to reach the ideal high cleanliness space only five minutes after starting. Using adjustable fan to adjust the air volume in double-speed,the light touch switch to adjust the voltage,to ensure the wind speed in the working area always in an ideal state.","og_url":"https:\/\/www.reno-equipment.com\/pt\/produto\/all-steel-purification-workbeanch\/","og_site_name":"Reno Equipment","article_publisher":"https:\/\/www.facebook.com\/profile.php?id=61562344533538","article_modified_time":"2025-08-24T15:21:36+00:00","og_image":[{"width":360,"height":564,"url":"https:\/\/www.reno-equipment.com\/wp-content\/uploads\/2025\/08\/product_1-1.jpg","type":"image\/jpeg"}],"twitter_card":"summary_large_image","twitter_misc":{"pre\u00e7o":"","Disponibilidade":"Em stock"},"schema":{"@context":"https:\/\/schema.org","@graph":[{"@type":"WebPage","@id":"https:\/\/www.reno-equipment.com\/product\/all-steel-purification-workbeanch\/","url":"https:\/\/www.reno-equipment.com\/product\/all-steel-purification-workbeanch\/","name":"Bancada de Purifica\u00e7\u00e3o em A\u00e7o Inoxid\u00e1vel - Equipamento Reno","isPartOf":{"@id":"https:\/\/www.reno-equipment.com\/#website"},"primaryImageOfPage":{"@id":"https:\/\/www.reno-equipment.com\/product\/all-steel-purification-workbeanch\/#primaryimage"},"image":{"@id":"https:\/\/www.reno-equipment.com\/product\/all-steel-purification-workbeanch\/#primaryimage"},"thumbnailUrl":"https:\/\/www.reno-equipment.com\/wp-content\/uploads\/2025\/08\/product_1-1.jpg","datePublished":"2025-08-21T03:32:00+00:00","dateModified":"2025-08-24T15:21:36+00:00","breadcrumb":{"@id":"https:\/\/www.reno-equipment.com\/product\/all-steel-purification-workbeanch\/#breadcrumb"},"inLanguage":"pt-PT","potentialAction":[{"@type":"ReadAction","target":["https:\/\/www.reno-equipment.com\/product\/all-steel-purification-workbeanch\/"]}]},{"@type":"ImageObject","inLanguage":"pt-PT","@id":"https:\/\/www.reno-equipment.com\/product\/all-steel-purification-workbeanch\/#primaryimage","url":"https:\/\/www.reno-equipment.com\/wp-content\/uploads\/2025\/08\/product_1-1.jpg","contentUrl":"https:\/\/www.reno-equipment.com\/wp-content\/uploads\/2025\/08\/product_1-1.jpg","width":360,"height":564,"caption":"All-Steel Purification Worktable"},{"@type":"BreadcrumbList","@id":"https:\/\/www.reno-equipment.com\/product\/all-steel-purification-workbeanch\/#breadcrumb","itemListElement":[{"@type":"ListItem","position":1,"name":"Home","item":"https:\/\/www.reno-equipment.com\/"},{"@type":"ListItem","position":2,"name":"Shop","item":"https:\/\/www.reno-equipment.com\/shop\/"},{"@type":"ListItem","position":3,"name":"All-Steel Purification Workbench"}]},{"@type":"WebSite","@id":"https:\/\/www.reno-equipment.com\/#website","url":"https:\/\/www.reno-equipment.com\/","name":"Hebei Ruinuo Instrumentos S.A.","description":"Um Fabricante e Fornecedor Profissional de Equipamentos de Laborat\u00f3rio na China - Reno","publisher":{"@id":"https:\/\/www.reno-equipment.com\/#organization"},"potentialAction":[{"@type":"SearchAction","target":{"@type":"EntryPoint","urlTemplate":"https:\/\/www.reno-equipment.com\/?s={search_term_string}"},"query-input":{"@type":"PropertyValueSpecification","valueRequired":true,"valueName":"search_term_string"}}],"inLanguage":"pt-PT"},{"@type":"Organization","@id":"https:\/\/www.reno-equipment.com\/#organization","name":"Hebei Ruinuo Instrumentos S.A.","url":"https:\/\/www.reno-equipment.com\/","logo":{"@type":"ImageObject","inLanguage":"pt-PT","@id":"https:\/\/www.reno-equipment.com\/#\/schema\/logo\/image\/","url":"https:\/\/www.reno-equipment.com\/wp-content\/uploads\/2025\/07\/1720412797138216.png","contentUrl":"https:\/\/www.reno-equipment.com\/wp-content\/uploads\/2025\/07\/1720412797138216.png","width":218,"height":50,"caption":"Hebei Ruinuo Instrument Co., Ltd"},"image":{"@id":"https:\/\/www.reno-equipment.com\/#\/schema\/logo\/image\/"},"sameAs":["https:\/\/www.facebook.com\/profile.php?id=61562344533538"]}]},"product_price_amount":"0.00","product_price_currency":"SGD","og_availability":"instock","product_availability":"instock","product_condition":"new"},"_links":{"self":[{"href":"https:\/\/www.reno-equipment.com\/pt\/wp-json\/wp\/v2\/product\/20063","targetHints":{"allow":["GET"]}}],"collection":[{"href":"https:\/\/www.reno-equipment.com\/pt\/wp-json\/wp\/v2\/product"}],"about":[{"href":"https:\/\/www.reno-equipment.com\/pt\/wp-json\/wp\/v2\/types\/product"}],"replies":[{"embeddable":true,"href":"https:\/\/www.reno-equipment.com\/pt\/wp-json\/wp\/v2\/comments?post=20063"}],"version-history":[{"count":0,"href":"https:\/\/www.reno-equipment.com\/pt\/wp-json\/wp\/v2\/product\/20063\/revisions"}],"wp:featuredmedia":[{"embeddable":true,"href":"https:\/\/www.reno-equipment.com\/pt\/wp-json\/wp\/v2\/media\/21440"}],"wp:attachment":[{"href":"https:\/\/www.reno-equipment.com\/pt\/wp-json\/wp\/v2\/media?parent=20063"}],"wp:term":[{"taxonomy":"product_brand","embeddable":true,"href":"https:\/\/www.reno-equipment.com\/pt\/wp-json\/wp\/v2\/product_brand?post=20063"},{"taxonomy":"product_cat","embeddable":true,"href":"https:\/\/www.reno-equipment.com\/pt\/wp-json\/wp\/v2\/product_cat?post=20063"},{"taxonomy":"product_tag","embeddable":true,"href":"https:\/\/www.reno-equipment.com\/pt\/wp-json\/wp\/v2\/product_tag?post=20063"}],"curies":[{"name":"wp","href":"https:\/\/api.w.org\/{rel}","templated":true}]}}