{"id":19992,"date":"2025-08-21T02:44:00","date_gmt":"2025-08-21T02:44:00","guid":{"rendered":"https:\/\/www.reno-equipment.com\/?post_type=product&#038;p=19992"},"modified":"2025-10-30T12:49:00","modified_gmt":"2025-10-30T12:49:00","slug":"202-constant-temperature-drying-oven","status":"publish","type":"product","link":"https:\/\/www.reno-equipment.com\/pt\/produto\/202-constant-temperature-drying-oven\/","title":{"rendered":"Estufa de Secagem a Temperatura Constante 202"},"content":{"rendered":"<p>Adequado para secagem, cozimento e tratamento t\u00e9rmico de poeira, p\u00f3, etc. medo do vento de mercadorias em empresas industriais e de minera\u00e7\u00e3o, laborat\u00f3rios de faculdades e universidades, institutos de pesquisa, unidades m\u00e9dicas e de sa\u00fade.<\/p>\n<ol>\n<li>A carca\u00e7a \u00e9 feita de chapa fria de alta qualidade, atrav\u00e9s de processamento e moldagem. A superf\u00edcie \u00e9 tratada por meio de um processo de pulveriza\u00e7\u00e3o.<\/li>\n<li>O est\u00fadio \u00e9 feito de a\u00e7o inoxid\u00e1vel espelhado ou chapa galvanizada, atrav\u00e9s de processamento e fabrica\u00e7\u00e3o.<\/li>\n<li>Medidor de controle de temperatura PID com display digital inteligente, com cron\u00f4metro, alarme de alta temperatura, corre\u00e7\u00e3o de desvio de temperatura, autoajuste de temperatura e outras fun\u00e7\u00f5es.<\/li>\n<li>S \u00e9 revestimento de chapa galvanizada, B \u00e9 revestimento de a\u00e7o inox.<\/li>\n<li>Faixa de controle de temperatura: temperatura ambiente +5-300\u2103.<\/li>\n<li>Fonte de alimenta\u00e7\u00e3o: 220V 50Hz.<\/li>\n<li>Varia\u00e7\u00e3o de temperatura: \u00b11\u2103.<\/li>\n<li>Modo de temperatura constante: convec\u00e7\u00e3o natural.<\/li>\n<li>Medidor LCD opcional.<\/li>\n<\/ol>\n\n    <div class=\"xs_social_share_widget xs_share_url after_content \t\tmain_content  wslu-style-1 wslu-share-box-shaped wslu-fill-colored wslu-none wslu-share-horizontal wslu-theme-font-no wslu-main_content\">\n\n\t\t\n        <ul>\n\t\t\t        <\/ul>\n    <\/div>","protected":false},"excerpt":{"rendered":"<p>Faixa de controle de temperatura: temperatura ambiente +5-300\u2103.<\/p>\n<p>Fonte de alimenta\u00e7\u00e3o: 220V 50Hz.<\/p>\n<p>Varia\u00e7\u00e3o de temperatura: \u00b11\u2103.<\/p>\n<p>Modo de temperatura constante: convec\u00e7\u00e3o natural.<\/p>\n<p>Medidor LCD opcional.<\/p>\n<p>&nbsp;<\/p>","protected":false},"featured_media":21253,"comment_status":"open","ping_status":"closed","template":"","meta":{"_acf_changed":false,"inline_featured_image":false,"postBodyCss":"","postBodyMargin":[],"postBodyPadding":[],"postBodyBackground":{"backgroundType":"classic","gradient":""}},"product_brand":[],"product_cat":[66,46,59],"product_tag":[],"class_list":{"0":"post-19992","1":"product","2":"type-product","3":"status-publish","4":"has-post-thumbnail","6":"product_cat-products","7":"product_cat-drying-ovens","8":"product_cat-electric-drying-ovens","10":"first","11":"instock","12":"sale","13":"shipping-taxable","14":"purchasable","15":"product-type-variable"},"acf":[],"yoast_head":"<!-- This site is optimized with the Yoast SEO Premium plugin v25.7.1 (Yoast SEO v25.7) - https:\/\/yoast.com\/wordpress\/plugins\/seo\/ -->\n<title>202 Constant Temperature Drying Oven - Reno Equipment<\/title>\n<meta name=\"robots\" content=\"index, follow, max-snippet:-1, max-image-preview:large, max-video-preview:-1\" \/>\n<link rel=\"canonical\" href=\"https:\/\/www.reno-equipment.com\/pt\/produto\/202-constant-temperature-drying-oven\/\" \/>\n<meta property=\"og:locale\" content=\"pt_PT\" \/>\n<meta property=\"og:type\" content=\"article\" \/>\n<meta property=\"og:title\" content=\"202 Constant Temperature Drying Oven\" \/>\n<meta property=\"og:description\" content=\"Temperature control range :root temperature +5-300\u2103.  Power supply : 220V 50Hz.  Temperature fluctuation: \u00b11\u2103.  Constant temperature mode: nature convection.  Optional LCD meter.  &nbsp;\" \/>\n<meta property=\"og:url\" content=\"https:\/\/www.reno-equipment.com\/pt\/produto\/202-constant-temperature-drying-oven\/\" \/>\n<meta property=\"og:site_name\" content=\"Reno Equipment\" \/>\n<meta property=\"article:publisher\" content=\"https:\/\/www.facebook.com\/profile.php?id=61562344533538\" \/>\n<meta property=\"article:modified_time\" content=\"2025-10-30T12:49:00+00:00\" \/>\n<meta property=\"og:image\" content=\"https:\/\/www.reno-equipment.com\/wp-content\/uploads\/2025\/08\/product_1.jpg\" \/>\n\t<meta property=\"og:image:width\" content=\"291\" \/>\n\t<meta property=\"og:image:height\" content=\"339\" \/>\n\t<meta property=\"og:image:type\" content=\"image\/jpeg\" \/>\n<meta name=\"twitter:card\" content=\"summary_large_image\" \/>\n<meta name=\"twitter:label1\" content=\"Disponibilidade\" \/>\n\t<meta name=\"twitter:data1\" content=\"Em stock\" \/>\n<script type=\"application\/ld+json\" class=\"yoast-schema-graph\">{\"@context\":\"https:\/\/schema.org\",\"@graph\":[{\"@type\":\"WebPage\",\"@id\":\"https:\/\/www.reno-equipment.com\/product\/202-constant-temperature-drying-oven\/\",\"url\":\"https:\/\/www.reno-equipment.com\/product\/202-constant-temperature-drying-oven\/\",\"name\":\"202 Constant Temperature Drying Oven - Reno Equipment\",\"isPartOf\":{\"@id\":\"https:\/\/www.reno-equipment.com\/#website\"},\"primaryImageOfPage\":{\"@id\":\"https:\/\/www.reno-equipment.com\/product\/202-constant-temperature-drying-oven\/#primaryimage\"},\"image\":{\"@id\":\"https:\/\/www.reno-equipment.com\/product\/202-constant-temperature-drying-oven\/#primaryimage\"},\"thumbnailUrl\":\"https:\/\/www.reno-equipment.com\/wp-content\/uploads\/2025\/08\/product_1.jpg\",\"datePublished\":\"2025-08-21T02:44:00+00:00\",\"dateModified\":\"2025-10-30T12:49:00+00:00\",\"breadcrumb\":{\"@id\":\"https:\/\/www.reno-equipment.com\/product\/202-constant-temperature-drying-oven\/#breadcrumb\"},\"inLanguage\":\"pt-PT\",\"potentialAction\":[{\"@type\":\"ReadAction\",\"target\":[\"https:\/\/www.reno-equipment.com\/product\/202-constant-temperature-drying-oven\/\"]}]},{\"@type\":\"ImageObject\",\"inLanguage\":\"pt-PT\",\"@id\":\"https:\/\/www.reno-equipment.com\/product\/202-constant-temperature-drying-oven\/#primaryimage\",\"url\":\"https:\/\/www.reno-equipment.com\/wp-content\/uploads\/2025\/08\/product_1.jpg\",\"contentUrl\":\"https:\/\/www.reno-equipment.com\/wp-content\/uploads\/2025\/08\/product_1.jpg\",\"width\":291,\"height\":339,\"caption\":\"202 Constant Temperature Drying Oven\"},{\"@type\":\"BreadcrumbList\",\"@id\":\"https:\/\/www.reno-equipment.com\/product\/202-constant-temperature-drying-oven\/#breadcrumb\",\"itemListElement\":[{\"@type\":\"ListItem\",\"position\":1,\"name\":\"Home\",\"item\":\"https:\/\/www.reno-equipment.com\/\"},{\"@type\":\"ListItem\",\"position\":2,\"name\":\"Shop\",\"item\":\"https:\/\/www.reno-equipment.com\/shop\/\"},{\"@type\":\"ListItem\",\"position\":3,\"name\":\"202 Constant Temperature Drying Oven\"}]},{\"@type\":\"WebSite\",\"@id\":\"https:\/\/www.reno-equipment.com\/#website\",\"url\":\"https:\/\/www.reno-equipment.com\/\",\"name\":\"Hebei Ruinuo Instrument Co., Ltd\",\"description\":\"A Professional Laboraory Equipment Manufacturer And Supplier in China - Reno\",\"publisher\":{\"@id\":\"https:\/\/www.reno-equipment.com\/#organization\"},\"potentialAction\":[{\"@type\":\"SearchAction\",\"target\":{\"@type\":\"EntryPoint\",\"urlTemplate\":\"https:\/\/www.reno-equipment.com\/?s={search_term_string}\"},\"query-input\":{\"@type\":\"PropertyValueSpecification\",\"valueRequired\":true,\"valueName\":\"search_term_string\"}}],\"inLanguage\":\"pt-PT\"},{\"@type\":\"Organization\",\"@id\":\"https:\/\/www.reno-equipment.com\/#organization\",\"name\":\"Hebei Ruinuo Instrument Co., Ltd\",\"url\":\"https:\/\/www.reno-equipment.com\/\",\"logo\":{\"@type\":\"ImageObject\",\"inLanguage\":\"pt-PT\",\"@id\":\"https:\/\/www.reno-equipment.com\/#\/schema\/logo\/image\/\",\"url\":\"https:\/\/www.reno-equipment.com\/wp-content\/uploads\/2025\/07\/1720412797138216.png\",\"contentUrl\":\"https:\/\/www.reno-equipment.com\/wp-content\/uploads\/2025\/07\/1720412797138216.png\",\"width\":218,\"height\":50,\"caption\":\"Hebei Ruinuo Instrument Co., Ltd\"},\"image\":{\"@id\":\"https:\/\/www.reno-equipment.com\/#\/schema\/logo\/image\/\"},\"sameAs\":[\"https:\/\/www.facebook.com\/profile.php?id=61562344533538\"]}]}<\/script>\n<meta property=\"og:availability\" content=\"instock\" \/>\n<meta property=\"product:availability\" content=\"instock\" \/>\n<meta property=\"product:condition\" content=\"new\" \/>\n<!-- \/ Yoast SEO Premium plugin. -->","yoast_head_json":{"title":"Forno de Secagem a Temperatura Constante 202 - Equipamentos Reno","robots":{"index":"index","follow":"follow","max-snippet":"max-snippet:-1","max-image-preview":"max-image-preview:large","max-video-preview":"max-video-preview:-1"},"canonical":"https:\/\/www.reno-equipment.com\/pt\/produto\/202-constant-temperature-drying-oven\/","og_locale":"pt_PT","og_type":"article","og_title":"202 Constant Temperature Drying Oven","og_description":"Temperature control range :root temperature +5-300\u2103.  Power supply : 220V 50Hz.  Temperature fluctuation: \u00b11\u2103.  Constant temperature mode: nature convection.  Optional LCD meter.  &nbsp;","og_url":"https:\/\/www.reno-equipment.com\/pt\/produto\/202-constant-temperature-drying-oven\/","og_site_name":"Reno Equipment","article_publisher":"https:\/\/www.facebook.com\/profile.php?id=61562344533538","article_modified_time":"2025-10-30T12:49:00+00:00","og_image":[{"width":291,"height":339,"url":"https:\/\/www.reno-equipment.com\/wp-content\/uploads\/2025\/08\/product_1.jpg","type":"image\/jpeg"}],"twitter_card":"summary_large_image","twitter_misc":{"Disponibilidade":"Em stock"},"schema":{"@context":"https:\/\/schema.org","@graph":[{"@type":"WebPage","@id":"https:\/\/www.reno-equipment.com\/product\/202-constant-temperature-drying-oven\/","url":"https:\/\/www.reno-equipment.com\/product\/202-constant-temperature-drying-oven\/","name":"Forno de Secagem a Temperatura Constante 202 - Equipamentos Reno","isPartOf":{"@id":"https:\/\/www.reno-equipment.com\/#website"},"primaryImageOfPage":{"@id":"https:\/\/www.reno-equipment.com\/product\/202-constant-temperature-drying-oven\/#primaryimage"},"image":{"@id":"https:\/\/www.reno-equipment.com\/product\/202-constant-temperature-drying-oven\/#primaryimage"},"thumbnailUrl":"https:\/\/www.reno-equipment.com\/wp-content\/uploads\/2025\/08\/product_1.jpg","datePublished":"2025-08-21T02:44:00+00:00","dateModified":"2025-10-30T12:49:00+00:00","breadcrumb":{"@id":"https:\/\/www.reno-equipment.com\/product\/202-constant-temperature-drying-oven\/#breadcrumb"},"inLanguage":"pt-PT","potentialAction":[{"@type":"ReadAction","target":["https:\/\/www.reno-equipment.com\/product\/202-constant-temperature-drying-oven\/"]}]},{"@type":"ImageObject","inLanguage":"pt-PT","@id":"https:\/\/www.reno-equipment.com\/product\/202-constant-temperature-drying-oven\/#primaryimage","url":"https:\/\/www.reno-equipment.com\/wp-content\/uploads\/2025\/08\/product_1.jpg","contentUrl":"https:\/\/www.reno-equipment.com\/wp-content\/uploads\/2025\/08\/product_1.jpg","width":291,"height":339,"caption":"202 Constant Temperature Drying Oven"},{"@type":"BreadcrumbList","@id":"https:\/\/www.reno-equipment.com\/product\/202-constant-temperature-drying-oven\/#breadcrumb","itemListElement":[{"@type":"ListItem","position":1,"name":"Home","item":"https:\/\/www.reno-equipment.com\/"},{"@type":"ListItem","position":2,"name":"Shop","item":"https:\/\/www.reno-equipment.com\/shop\/"},{"@type":"ListItem","position":3,"name":"202 Constant Temperature Drying Oven"}]},{"@type":"WebSite","@id":"https:\/\/www.reno-equipment.com\/#website","url":"https:\/\/www.reno-equipment.com\/","name":"Hebei Ruinuo Instrumentos S.A.","description":"Um Fabricante e Fornecedor Profissional de Equipamentos de Laborat\u00f3rio na China - Reno","publisher":{"@id":"https:\/\/www.reno-equipment.com\/#organization"},"potentialAction":[{"@type":"SearchAction","target":{"@type":"EntryPoint","urlTemplate":"https:\/\/www.reno-equipment.com\/?s={search_term_string}"},"query-input":{"@type":"PropertyValueSpecification","valueRequired":true,"valueName":"search_term_string"}}],"inLanguage":"pt-PT"},{"@type":"Organization","@id":"https:\/\/www.reno-equipment.com\/#organization","name":"Hebei Ruinuo Instrumentos S.A.","url":"https:\/\/www.reno-equipment.com\/","logo":{"@type":"ImageObject","inLanguage":"pt-PT","@id":"https:\/\/www.reno-equipment.com\/#\/schema\/logo\/image\/","url":"https:\/\/www.reno-equipment.com\/wp-content\/uploads\/2025\/07\/1720412797138216.png","contentUrl":"https:\/\/www.reno-equipment.com\/wp-content\/uploads\/2025\/07\/1720412797138216.png","width":218,"height":50,"caption":"Hebei Ruinuo Instrument Co., Ltd"},"image":{"@id":"https:\/\/www.reno-equipment.com\/#\/schema\/logo\/image\/"},"sameAs":["https:\/\/www.facebook.com\/profile.php?id=61562344533538"]}]},"og_availability":"instock","product_availability":"instock","product_condition":"new"},"_links":{"self":[{"href":"https:\/\/www.reno-equipment.com\/pt\/wp-json\/wp\/v2\/product\/19992","targetHints":{"allow":["GET"]}}],"collection":[{"href":"https:\/\/www.reno-equipment.com\/pt\/wp-json\/wp\/v2\/product"}],"about":[{"href":"https:\/\/www.reno-equipment.com\/pt\/wp-json\/wp\/v2\/types\/product"}],"replies":[{"embeddable":true,"href":"https:\/\/www.reno-equipment.com\/pt\/wp-json\/wp\/v2\/comments?post=19992"}],"version-history":[{"count":0,"href":"https:\/\/www.reno-equipment.com\/pt\/wp-json\/wp\/v2\/product\/19992\/revisions"}],"wp:featuredmedia":[{"embeddable":true,"href":"https:\/\/www.reno-equipment.com\/pt\/wp-json\/wp\/v2\/media\/21253"}],"wp:attachment":[{"href":"https:\/\/www.reno-equipment.com\/pt\/wp-json\/wp\/v2\/media?parent=19992"}],"wp:term":[{"taxonomy":"product_brand","embeddable":true,"href":"https:\/\/www.reno-equipment.com\/pt\/wp-json\/wp\/v2\/product_brand?post=19992"},{"taxonomy":"product_cat","embeddable":true,"href":"https:\/\/www.reno-equipment.com\/pt\/wp-json\/wp\/v2\/product_cat?post=19992"},{"taxonomy":"product_tag","embeddable":true,"href":"https:\/\/www.reno-equipment.com\/pt\/wp-json\/wp\/v2\/product_tag?post=19992"}],"curies":[{"name":"wp","href":"https:\/\/api.w.org\/{rel}","templated":true}]}}