{"id":1513,"date":"2025-07-18T07:10:04","date_gmt":"2025-07-18T07:10:04","guid":{"rendered":"http:\/\/www.reno-equipment.com\/?page_id=1513"},"modified":"2025-09-07T11:53:04","modified_gmt":"2025-09-07T11:53:04","slug":"contact-us","status":"publish","type":"page","link":"https:\/\/www.reno-equipment.com\/pt\/contact-us\/","title":{"rendered":"Contate-nos"},"content":{"rendered":"<div data-elementor-type=\"wp-page\" data-elementor-id=\"1513\" class=\"elementor elementor-1513\" data-elementor-post-type=\"page\">\n\t\t\t\t<div data-particle_enable=\"false\" data-particle-mobile-disabled=\"false\" class=\"elementor-element elementor-element-75b24e35 e-flex e-con-boxed e-con e-parent\" data-id=\"75b24e35\" data-element_type=\"container\" data-settings=\"{&quot;background_background&quot;:&quot;classic&quot;}\">\n\t\t\t\t\t<div class=\"e-con-inner\">\n\t\t\t\t<div class=\"elementor-element elementor-element-434f4af9 elementor-widget elementor-widget-elementskit-heading\" data-id=\"434f4af9\" data-element_type=\"widget\" data-widget_type=\"elementskit-heading.default\">\n\t\t\t\t\t<div class=\"ekit-wid-con\" ><div class=\"ekit-heading elementskit-section-title-wraper text_center   ekit_heading_tablet-   ekit_heading_mobile-\"><h2 class=\"ekit-heading--title elementskit-section-title\">Contate-nos<\/h2><h3 class=\"ekit-heading--subtitle elementskit-section-subtitle\">\n\t\t\t\t\t\tIn\u00edcio \/ Contato\n\t\t\t\t\t<\/h3><\/div><\/div>\t\t\t\t<\/div>\n\t\t\t\t\t<\/div>\n\t\t\t\t<\/div>\n\t\t<div data-particle_enable=\"false\" data-particle-mobile-disabled=\"false\" class=\"elementor-element elementor-element-5862c3b1 e-flex e-con-boxed e-con e-parent\" data-id=\"5862c3b1\" data-element_type=\"container\">\n\t\t\t\t\t<div class=\"e-con-inner\">\n\t\t\t\t<div class=\"elementor-element elementor-element-5439cf97 elementor-widget elementor-widget-elementskit-heading\" data-id=\"5439cf97\" data-element_type=\"widget\" data-widget_type=\"elementskit-heading.default\">\n\t\t\t\t\t<div class=\"ekit-wid-con\" ><div class=\"ekit-heading elementskit-section-title-wraper text_center   ekit_heading_tablet-   ekit_heading_mobile-\"><h2 class=\"ekit-heading--title elementskit-section-title\">Obter <span><span>em contato<\/span><\/span><\/h2>\t\t\t\t<div class='ekit-heading__description'>\n\t\t\t\t\t<p>A fenda do autor livre recebe o ronco, vivemos o tempo que nasce. Nisi platea euismod, aliquam ac feugiat donec commodo aenean volutpat.<\/p>\n\t\t\t\t<\/div>\n\t\t\t<\/div><\/div>\t\t\t\t<\/div>\n\t\t<div data-particle_enable=\"false\" data-particle-mobile-disabled=\"false\" class=\"elementor-element elementor-element-4515351c e-con-full e-flex e-con e-child\" data-id=\"4515351c\" data-element_type=\"container\">\n\t\t\t\t<div class=\"elementor-element elementor-element-4828a05 elementor-button-align-stretch elementor-widget elementor-widget-form\" data-id=\"4828a05\" data-element_type=\"widget\" data-settings=\"{&quot;step_next_label&quot;:&quot;Next&quot;,&quot;step_previous_label&quot;:&quot;Previous&quot;,&quot;button_width&quot;:&quot;100&quot;,&quot;step_type&quot;:&quot;number_text&quot;,&quot;step_icon_shape&quot;:&quot;circle&quot;}\" data-widget_type=\"form.default\">\n\t\t\t\t\t\t\t<form class=\"elementor-form\" method=\"post\" name=\"New Form\" aria-label=\"Nova Forma\" action=\"\">\n\t\t\t<input type=\"hidden\" name=\"post_id\" value=\"1513\"\/>\n\t\t\t<input type=\"hidden\" name=\"form_id\" value=\"4828a05\"\/>\n\t\t\t<input type=\"hidden\" name=\"referer_title\" value=\"Reno Equipment\" \/>\n\n\t\t\t\n\t\t\t<div class=\"elementor-form-fields-wrapper elementor-labels-above\">\n\t\t\t\t\t\t\t\t<div class=\"elementor-field-type-text elementor-field-group elementor-column elementor-field-group-name elementor-col-100\">\n\t\t\t\t\t\t\t\t\t\t\t\t<label for=\"form-field-name\" class=\"elementor-field-label\">\n\t\t\t\t\t\t\t\tNome\t\t\t\t\t\t\t<\/label>\n\t\t\t\t\t\t\t\t\t\t\t\t\t\t<input size=\"1\" type=\"text\" name=\"form_fields[name]\" id=\"form-field-name\" class=\"elementor-field elementor-size-sm  elementor-field-textual\" placeholder=\"Nome\">\n\t\t\t\t\t\t\t\t\t\t\t<\/div>\n\t\t\t\t\t\t\t\t<div class=\"elementor-field-type-email elementor-field-group elementor-column elementor-field-group-email elementor-col-100 elementor-field-required elementor-mark-required\">\n\t\t\t\t\t\t\t\t\t\t\t\t<label for=\"form-field-email\" class=\"elementor-field-label\">\n\t\t\t\t\t\t\t\tEmail\t\t\t\t\t\t\t<\/label>\n\t\t\t\t\t\t\t\t\t\t\t\t\t\t<input size=\"1\" type=\"email\" name=\"form_fields[email]\" id=\"form-field-email\" class=\"elementor-field elementor-size-sm  elementor-field-textual\" placeholder=\"Email\" required=\"required\">\n\t\t\t\t\t\t\t\t\t\t\t<\/div>\n\t\t\t\t\t\t\t\t<div class=\"elementor-field-type-tel elementor-field-group elementor-column elementor-field-group-field_d4f58d9 elementor-col-100 elementor-field-required elementor-mark-required\">\n\t\t\t\t\t\t\t\t\t\t\t\t<label for=\"form-field-field_d4f58d9\" class=\"elementor-field-label\">\n\t\t\t\t\t\t\t\tTelefone\/Whatsapp\/Wechat\t\t\t\t\t\t\t<\/label>\n\t\t\t\t\t\t\t\t<input size=\"1\" type=\"tel\" name=\"form_fields[field_d4f58d9]\" id=\"form-field-field_d4f58d9\" class=\"elementor-field elementor-size-sm  elementor-field-textual\" placeholder=\"Telefone\/Whatsapp\/Wechat\" required=\"required\" pattern=\"[0-9()#&amp;+*-=.]+\" title=\"Somente n\u00fameros e caracteres de telefone (#, -, *, etc) s\u00e3o aceitos.\">\n\n\t\t\t\t\t\t<\/div>\n\t\t\t\t\t\t\t\t<div class=\"elementor-field-type-textarea elementor-field-group elementor-column elementor-field-group-message elementor-col-100\">\n\t\t\t\t\t\t\t\t\t\t\t\t<label for=\"form-field-message\" class=\"elementor-field-label\">\n\t\t\t\t\t\t\t\tDescri\u00e7\u00e3o Detalhada do Problema\/Solicita\u00e7\u00e3o\t\t\t\t\t\t\t<\/label>\n\t\t\t\t\t\t<textarea class=\"elementor-field-textual elementor-field  elementor-size-sm\" name=\"form_fields[message]\" id=\"form-field-message\" rows=\"4\" placeholder=\"Por favor, forne\u00e7a os requisitos espec\u00edficos para a compra deste produto, incluindo a quantidade, volume (em litros), uso pretendido, tipos de amostras a serem processadas e experimentos a serem realizados. N\u00f3s entraremos em contato com voc\u00ea dentro de 12 horas.\"><\/textarea>\t\t\t\t<\/div>\n\t\t\t\t\t\t\t\t<div class=\"elementor-field-group elementor-column elementor-field-type-submit elementor-col-100 e-form__buttons\">\n\t\t\t\t\t<button class=\"elementor-button elementor-size-sm\" type=\"submit\">\n\t\t\t\t\t\t<span class=\"elementor-button-content-wrapper\">\n\t\t\t\t\t\t\t\t\t\t\t\t\t\t\t\t\t\t\t\t\t\t<span class=\"elementor-button-text\">Enviar<\/span>\n\t\t\t\t\t\t\t\t\t\t\t\t\t<\/span>\n\t\t\t\t\t<\/button>\n\t\t\t\t<\/div>\n\t\t\t<\/div>\n\t\t<input type=\"hidden\" name=\"trp-form-language\" value=\"pt\"\/><\/form>\n\t\t\t\t\t\t<\/div>\n\t\t\t\t<\/div>\n\t\t\t\t\t<\/div>\n\t\t\t\t<\/div>\n\t\t<div data-particle_enable=\"false\" data-particle-mobile-disabled=\"false\" class=\"elementor-element elementor-element-55ee50eb e-grid e-con-boxed e-con e-parent\" data-id=\"55ee50eb\" data-element_type=\"container\">\n\t\t\t\t\t<div class=\"e-con-inner\">\n\t\t<div data-particle_enable=\"false\" data-particle-mobile-disabled=\"false\" class=\"elementor-element elementor-element-37609548 e-con-full e-flex e-con e-child\" data-id=\"37609548\" data-element_type=\"container\" data-settings=\"{&quot;background_background&quot;:&quot;classic&quot;}\">\n\t\t\t\t<div class=\"elementor-element elementor-element-7618c399 ekit-equal-height-disable elementor-widget elementor-widget-elementskit-icon-box\" data-id=\"7618c399\" data-element_type=\"widget\" data-widget_type=\"elementskit-icon-box.default\">\n\t\t\t\t\t<div class=\"ekit-wid-con\" >        <!-- link opening -->\n                <a href=\"#\" class=\"ekit_global_links\">\n                <!-- end link opening -->\n\n        <div class=\"elementskit-infobox text-center text- icon-top-align elementor-animation-\">\n                    <div class=\"elementskit-box-header elementor-animation-\">\n                <div class=\"elementskit-info-box-icon\">\n                    <i aria-hidden=\"true\" class=\"elementkit-infobox-icon icon icon-placeholder2\"><\/i>\n                <\/div>\n          <\/div>\n                        <div class=\"box-body\">\n                            <h3 class=\"elementskit-info-box-title\">\n                    Visite nosso escrit\u00f3rio                <\/h3>\n                                            <\/div>\n        \n        \n                <\/div>\n                <\/a>\n        <\/div>\t\t\t\t<\/div>\n\t\t\t\t<div class=\"elementor-element elementor-element-7f847fce elementor-view-default elementor-widget elementor-widget-icon\" data-id=\"7f847fce\" data-element_type=\"widget\" data-widget_type=\"icon.default\">\n\t\t\t\t\t\t\t<div class=\"elementor-icon-wrapper\">\n\t\t\t<div class=\"elementor-icon\">\n\t\t\t<i aria-hidden=\"true\" class=\"icon icon-minus\"><\/i>\t\t\t<\/div>\n\t\t<\/div>\n\t\t\t\t\t\t<\/div>\n\t\t\t\t<div class=\"elementor-element elementor-element-47852fb8 elementor-widget elementor-widget-elementskit-heading\" data-id=\"47852fb8\" data-element_type=\"widget\" data-widget_type=\"elementskit-heading.default\">\n\t\t\t\t\t<div class=\"ekit-wid-con\" ><div class=\"ekit-heading elementskit-section-title-wraper text_center   ekit_heading_tablet-   ekit_heading_mobile-\"><h3 class=\"elementskit-section-subtitle\">\n\t\t\t\t\t\t061100, China\n\t\t\t\t\t<\/h3><\/div><\/div>\t\t\t\t<\/div>\n\t\t\t\t<\/div>\n\t\t<div data-particle_enable=\"false\" data-particle-mobile-disabled=\"false\" class=\"elementor-element elementor-element-38b2e5c2 e-con-full e-flex e-con e-child\" data-id=\"38b2e5c2\" data-element_type=\"container\" data-settings=\"{&quot;background_background&quot;:&quot;classic&quot;}\">\n\t\t\t\t<div class=\"elementor-element elementor-element-2c7be11c ekit-equal-height-disable elementor-widget elementor-widget-elementskit-icon-box\" data-id=\"2c7be11c\" data-element_type=\"widget\" data-widget_type=\"elementskit-icon-box.default\">\n\t\t\t\t\t<div class=\"ekit-wid-con\" >        <!-- link opening -->\n                <a href=\"#\" class=\"ekit_global_links\">\n                <!-- end link opening -->\n\n        <div class=\"elementskit-infobox text-center text- icon-top-align elementor-animation-\">\n                    <div class=\"elementskit-box-header elementor-animation-\">\n                <div class=\"elementskit-info-box-icon\">\n                    <i aria-hidden=\"true\" class=\"elementkit-infobox-icon icon icon-envelope3\"><\/i>\n                <\/div>\n          <\/div>\n                        <div class=\"box-body\">\n                            <h3 class=\"elementskit-info-box-title\">\n                    Envie-nos um e-mail                <\/h3>\n                                            <\/div>\n        \n        \n                <\/div>\n                <\/a>\n        <\/div>\t\t\t\t<\/div>\n\t\t\t\t<div class=\"elementor-element elementor-element-5bf97600 elementor-view-default elementor-widget elementor-widget-icon\" data-id=\"5bf97600\" data-element_type=\"widget\" data-widget_type=\"icon.default\">\n\t\t\t\t\t\t\t<div class=\"elementor-icon-wrapper\">\n\t\t\t<div class=\"elementor-icon\">\n\t\t\t<i aria-hidden=\"true\" class=\"icon icon-minus\"><\/i>\t\t\t<\/div>\n\t\t<\/div>\n\t\t\t\t\t\t<\/div>\n\t\t\t\t<div class=\"elementor-element elementor-element-1bdb3375 elementor-align-center elementor-widget elementor-widget-elementskit-button\" data-id=\"1bdb3375\" data-element_type=\"widget\" data-widget_type=\"elementskit-button.default\">\n\t\t\t\t\t<div class=\"ekit-wid-con\" >\t\t<div class=\"ekit-btn-wraper\">\n\t\t\t\t\t\t\t<a href=\"#\" class=\"elementskit-btn  whitespace--normal\" id=\"\">\n\t\t\t\t\t\t\t\t\t<\/a>\n\t\t\t\t\t<\/div>\n        <\/div>\t\t\t\t<\/div>\n\t\t\t\t<div class=\"elementor-element elementor-element-70fcbe11 elementor-align-center elementor-widget elementor-widget-elementskit-button\" data-id=\"70fcbe11\" data-element_type=\"widget\" data-widget_type=\"elementskit-button.default\">\n\t\t\t\t\t<div class=\"ekit-wid-con\" >\t\t<div class=\"ekit-btn-wraper\">\n\t\t\t\t\t\t\t<a href=\"#\" class=\"elementskit-btn  whitespace--normal\" id=\"\">\n\t\t\t\t\t\t\t\t\t<\/a>\n\t\t\t\t\t<\/div>\n        <\/div>\t\t\t\t<\/div>\n\t\t\t\t<div class=\"elementor-element elementor-element-047652b elementor-align-center elementor-widget elementor-widget-elementskit-button\" data-id=\"047652b\" data-element_type=\"widget\" data-widget_type=\"elementskit-button.default\">\n\t\t\t\t\t<div class=\"ekit-wid-con\" >\t\t<div class=\"ekit-btn-wraper\">\n\t\t\t\t\t\t\t<a href=\"#\" class=\"elementskit-btn  whitespace--normal\" id=\"\">\n\t\t\t\t\t\t\t\t\t<\/a>\n\t\t\t\t\t<\/div>\n        <\/div>\t\t\t\t<\/div>\n\t\t\t\t<\/div>\n\t\t<div data-particle_enable=\"false\" data-particle-mobile-disabled=\"false\" class=\"elementor-element elementor-element-3f40b5bb e-con-full e-flex e-con e-child\" data-id=\"3f40b5bb\" data-element_type=\"container\" data-settings=\"{&quot;background_background&quot;:&quot;classic&quot;}\">\n\t\t\t\t<div class=\"elementor-element elementor-element-1538ebda ekit-equal-height-disable elementor-widget elementor-widget-elementskit-icon-box\" data-id=\"1538ebda\" data-element_type=\"widget\" data-widget_type=\"elementskit-icon-box.default\">\n\t\t\t\t\t<div class=\"ekit-wid-con\" >        <!-- link opening -->\n                <a href=\"#\" class=\"ekit_global_links\">\n                <!-- end link opening -->\n\n        <div class=\"elementskit-infobox text-center text- icon-top-align elementor-animation-\">\n                    <div class=\"elementskit-box-header elementor-animation-\">\n                <div class=\"elementskit-info-box-icon\">\n                    <i aria-hidden=\"true\" class=\"elementkit-infobox-icon icon icon-phone-call1\"><\/i>\n                <\/div>\n          <\/div>\n                        <div class=\"box-body\">\n                            <h3 class=\"elementskit-info-box-title\">\n                    Ligue para n\u00f3s                <\/h3>\n                                            <\/div>\n        \n        \n                <\/div>\n                <\/a>\n        <\/div>\t\t\t\t<\/div>\n\t\t\t\t<div class=\"elementor-element elementor-element-7814f107 elementor-view-default elementor-widget elementor-widget-icon\" data-id=\"7814f107\" data-element_type=\"widget\" data-widget_type=\"icon.default\">\n\t\t\t\t\t\t\t<div class=\"elementor-icon-wrapper\">\n\t\t\t<div class=\"elementor-icon\">\n\t\t\t<i aria-hidden=\"true\" class=\"icon icon-minus\"><\/i>\t\t\t<\/div>\n\t\t<\/div>\n\t\t\t\t\t\t<\/div>\n\t\t\t\t<div class=\"elementor-element elementor-element-1779e7d1 elementor-align-center elementor-widget elementor-widget-elementskit-button\" data-id=\"1779e7d1\" data-element_type=\"widget\" data-widget_type=\"elementskit-button.default\">\n\t\t\t\t\t<div class=\"ekit-wid-con\" >\t\t<div class=\"ekit-btn-wraper\">\n\t\t\t\t\t\t\t<a href=\"#\" class=\"elementskit-btn  whitespace--normal\" id=\"\">\n\t\t\t\t\t\t\t\t\t<\/a>\n\t\t\t\t\t<\/div>\n        <\/div>\t\t\t\t<\/div>\n\t\t\t\t<div class=\"elementor-element elementor-element-6cb02e1e elementor-widget elementor-widget-elementskit-heading\" data-id=\"6cb02e1e\" data-element_type=\"widget\" data-widget_type=\"elementskit-heading.default\">\n\t\t\t\t\t<div class=\"ekit-wid-con\" ><div class=\"ekit-heading elementskit-section-title-wraper text_center   ekit_heading_tablet-   ekit_heading_mobile-\"><h2 class=\"ekit-heading--title elementskit-section-title\">(Seg- ter) das 9h \u00e0s 18h<\/h2><\/div><\/div>\t\t\t\t<\/div>\n\t\t\t\t<\/div>\n\t\t\t\t\t<\/div>\n\t\t\t\t<\/div>\n\t\t<div data-particle_enable=\"false\" data-particle-mobile-disabled=\"false\" class=\"elementor-element elementor-element-cc3e528 e-flex e-con-boxed e-con e-parent\" data-id=\"cc3e528\" data-element_type=\"container\">\n\t\t\t\t\t<div class=\"e-con-inner\">\n\t\t\t\t<div class=\"elementor-element elementor-element-263b3df elementor-widget elementor-widget-tf-google_maps\" data-id=\"263b3df\" data-element_type=\"widget\" data-widget_type=\"tf-google_maps.default\">\n\t\t\t\t<div class=\"elementor-widget-container\">\n\t\t\t\t\t\t\t<div class=\"elementor-custom-embed\">\r\n\t\t\t<iframe\r\n\t\t\t\t\tsrc=\"https:\/\/maps.google.com\/maps?q=78J4%2BX3H%2C%20Huanghua%2C%20Cangzhou%2C%20Hebei%2C%20China%2C%20061112&#038;t=m&#038;z=10&#038;output=embed&#038;iwloc=near\"\r\n\t\t\t\t\ttitle=\"78J4+X3H, Huanghua, Cangzhou, Hebei, China, 061112\"\r\n\t\t\t\t\taria-label=\"78J4+X3H, Huanghua, Cangzhou, Hebei, China, 061112\"\r\n\t\t\t><\/iframe>\r\n\t\t<\/div>\r\n\t\t\t\t\t\t<\/div>\n\t\t\t\t<\/div>\n\t\t\t\t\t<\/div>\n\t\t\t\t<\/div>\n\t\t<div data-particle_enable=\"false\" data-particle-mobile-disabled=\"false\" class=\"elementor-element elementor-element-132ae54f e-flex e-con-boxed e-con e-parent\" data-id=\"132ae54f\" data-element_type=\"container\" data-settings=\"{&quot;background_background&quot;:&quot;classic&quot;}\">\n\t\t\t\t\t<div class=\"e-con-inner\">\n\t\t\t\t<div class=\"elementor-element elementor-element-18e84ab2 elementor-widget elementor-widget-elementskit-heading\" data-id=\"18e84ab2\" data-element_type=\"widget\" data-widget_type=\"elementskit-heading.default\">\n\t\t\t\t\t<div class=\"ekit-wid-con\" ><div class=\"ekit-heading elementskit-section-title-wraper text_center   ekit_heading_tablet-   ekit_heading_mobile-\"><h2 class=\"ekit-heading--title elementskit-section-title\">Voc\u00ea est\u00e1 pronto para utilizar nosso servi\u00e7o?<\/h2>\t\t\t\t<div class='ekit-heading__description'>\n\t\t\t\t\t<p>N\u00f3s da Gardeny temos orgulho de oferecer paisagens cuidadosamente projetadas para atender \u00e0s prefer\u00eancias de nossos clientes comerciais, priorizando a sustentabilidade.<\/p>\n\t\t\t\t<\/div>\n\t\t\t<\/div><\/div>\t\t\t\t<\/div>\n\t\t\t\t<div class=\"elementor-element elementor-element-11db140 elementor-align-center elementor-widget elementor-widget-elementskit-button\" data-id=\"11db140\" data-element_type=\"widget\" data-widget_type=\"elementskit-button.default\">\n\t\t\t\t\t<div class=\"ekit-wid-con\" >\t\t<div class=\"ekit-btn-wraper\">\n\t\t\t\t\t\t\t<a href=\"#\" class=\"elementskit-btn  whitespace--normal\" id=\"\">\n\t\t\t\t\tContate-nos\t\t\t\t<\/a>\n\t\t\t\t\t<\/div>\n        <\/div>\t\t\t\t<\/div>\n\t\t\t\t\t<\/div>\n\t\t\t\t<\/div>\n\t\t\t\t<\/div>\n\t\t\n    <div class=\"xs_social_share_widget xs_share_url after_content \t\tmain_content  wslu-style-1 wslu-share-box-shaped wslu-fill-colored wslu-none wslu-share-horizontal wslu-theme-font-no wslu-main_content\">\n\n\t\t\n        <ul>\n\t\t\t        <\/ul>\n    <\/div>","protected":false},"excerpt":{"rendered":"<p>Entre em contato Home \/ Contato Entre em contato Pharetra auctor libero suscipit rhoncus vivamus tempor nascetur Nisi platea euismod, aliquam ac feugiat donec commodo aenean volutpat Visite nosso escrit\u00f3rio 061100, China Envie-nos uma mensagem Ligue para n\u00f3s (Seg-ter) das 9h \u00e0s 18h Voc\u00ea est\u00e1 pronto para usufruir de nosso servi\u00e7o? N\u00f3s da The Gardeny temos orgulho de [\u2026]<\/p>","protected":false},"author":1,"featured_media":0,"parent":0,"menu_order":0,"comment_status":"closed","ping_status":"closed","template":"elementor_header_footer","meta":{"_acf_changed":false,"inline_featured_image":false,"postBodyCss":"","postBodyMargin":[],"postBodyPadding":[],"postBodyBackground":{"backgroundType":"classic","gradient":""},"footnotes":""},"class_list":["post-1513","page","type-page","status-publish","hentry"],"acf":[],"yoast_head":"<!-- This site is optimized with the Yoast SEO Premium plugin v25.7.1 (Yoast SEO v25.7) - https:\/\/yoast.com\/wordpress\/plugins\/seo\/ -->\n<title>Contact Us - Reno Equipment<\/title>\n<meta name=\"robots\" content=\"index, follow, max-snippet:-1, max-image-preview:large, max-video-preview:-1\" \/>\n<link rel=\"canonical\" href=\"https:\/\/www.reno-equipment.com\/pt\/contact-us\/\" \/>\n<meta property=\"og:locale\" content=\"pt_PT\" \/>\n<meta property=\"og:type\" content=\"article\" \/>\n<meta property=\"og:title\" content=\"Contact Us\" \/>\n<meta property=\"og:description\" content=\"Contact us Home \/ Contact Get in touch Pharetra auctor libero suscipit rhoncus vivamus tempor nascetur Nisi platea euismod, aliquam ac feugiat donec commodo aenean volutpat Visit our office 061100, China Mail Us Call Us (Mon- tue) at 9.am to 6pm Are you ready to take our service? We at The Gardeny are proud to [&hellip;]\" \/>\n<meta property=\"og:url\" content=\"https:\/\/www.reno-equipment.com\/pt\/contact-us\/\" \/>\n<meta property=\"og:site_name\" content=\"Reno Equipment\" \/>\n<meta property=\"article:publisher\" content=\"https:\/\/www.facebook.com\/profile.php?id=61562344533538\" \/>\n<meta property=\"article:modified_time\" content=\"2025-09-07T11:53:04+00:00\" \/>\n<meta name=\"twitter:card\" content=\"summary_large_image\" \/>\n<script type=\"application\/ld+json\" class=\"yoast-schema-graph\">{\"@context\":\"https:\/\/schema.org\",\"@graph\":[{\"@type\":\"WebPage\",\"@id\":\"https:\/\/www.reno-equipment.com\/contact-us\/\",\"url\":\"https:\/\/www.reno-equipment.com\/contact-us\/\",\"name\":\"Contact Us - Reno Equipment\",\"isPartOf\":{\"@id\":\"https:\/\/www.reno-equipment.com\/#website\"},\"datePublished\":\"2025-07-18T07:10:04+00:00\",\"dateModified\":\"2025-09-07T11:53:04+00:00\",\"breadcrumb\":{\"@id\":\"https:\/\/www.reno-equipment.com\/contact-us\/#breadcrumb\"},\"inLanguage\":\"pt-PT\",\"potentialAction\":[{\"@type\":\"ReadAction\",\"target\":[\"https:\/\/www.reno-equipment.com\/contact-us\/\"]}]},{\"@type\":\"BreadcrumbList\",\"@id\":\"https:\/\/www.reno-equipment.com\/contact-us\/#breadcrumb\",\"itemListElement\":[{\"@type\":\"ListItem\",\"position\":1,\"name\":\"Home\",\"item\":\"https:\/\/www.reno-equipment.com\/\"},{\"@type\":\"ListItem\",\"position\":2,\"name\":\"Contact Us\"}]},{\"@type\":\"WebSite\",\"@id\":\"https:\/\/www.reno-equipment.com\/#website\",\"url\":\"https:\/\/www.reno-equipment.com\/\",\"name\":\"Hebei Ruinuo Instrument Co., Ltd\",\"description\":\"A Professional Laboraory Equipment Manufacturer And Supplier in China - Reno\",\"publisher\":{\"@id\":\"https:\/\/www.reno-equipment.com\/#organization\"},\"potentialAction\":[{\"@type\":\"SearchAction\",\"target\":{\"@type\":\"EntryPoint\",\"urlTemplate\":\"https:\/\/www.reno-equipment.com\/?s={search_term_string}\"},\"query-input\":{\"@type\":\"PropertyValueSpecification\",\"valueRequired\":true,\"valueName\":\"search_term_string\"}}],\"inLanguage\":\"pt-PT\"},{\"@type\":\"Organization\",\"@id\":\"https:\/\/www.reno-equipment.com\/#organization\",\"name\":\"Hebei Ruinuo Instrument Co., Ltd\",\"url\":\"https:\/\/www.reno-equipment.com\/\",\"logo\":{\"@type\":\"ImageObject\",\"inLanguage\":\"pt-PT\",\"@id\":\"https:\/\/www.reno-equipment.com\/#\/schema\/logo\/image\/\",\"url\":\"https:\/\/www.reno-equipment.com\/wp-content\/uploads\/2025\/07\/1720412797138216.png\",\"contentUrl\":\"https:\/\/www.reno-equipment.com\/wp-content\/uploads\/2025\/07\/1720412797138216.png\",\"width\":218,\"height\":50,\"caption\":\"Hebei Ruinuo Instrument Co., Ltd\"},\"image\":{\"@id\":\"https:\/\/www.reno-equipment.com\/#\/schema\/logo\/image\/\"},\"sameAs\":[\"https:\/\/www.facebook.com\/profile.php?id=61562344533538\"]}]}<\/script>\n<!-- \/ Yoast SEO Premium plugin. -->","yoast_head_json":{"title":"Fale Conosco - Equipamentos Reno","robots":{"index":"index","follow":"follow","max-snippet":"max-snippet:-1","max-image-preview":"max-image-preview:large","max-video-preview":"max-video-preview:-1"},"canonical":"https:\/\/www.reno-equipment.com\/pt\/contact-us\/","og_locale":"pt_PT","og_type":"article","og_title":"Contact Us","og_description":"Contact us Home \/ Contact Get in touch Pharetra auctor libero suscipit rhoncus vivamus tempor nascetur Nisi platea euismod, aliquam ac feugiat donec commodo aenean volutpat Visit our office 061100, China Mail Us Call Us (Mon- tue) at 9.am to 6pm Are you ready to take our service? We at The Gardeny are proud to [&hellip;]","og_url":"https:\/\/www.reno-equipment.com\/pt\/contact-us\/","og_site_name":"Reno Equipment","article_publisher":"https:\/\/www.facebook.com\/profile.php?id=61562344533538","article_modified_time":"2025-09-07T11:53:04+00:00","twitter_card":"summary_large_image","schema":{"@context":"https:\/\/schema.org","@graph":[{"@type":"WebPage","@id":"https:\/\/www.reno-equipment.com\/contact-us\/","url":"https:\/\/www.reno-equipment.com\/contact-us\/","name":"Fale Conosco - Equipamentos Reno","isPartOf":{"@id":"https:\/\/www.reno-equipment.com\/#website"},"datePublished":"2025-07-18T07:10:04+00:00","dateModified":"2025-09-07T11:53:04+00:00","breadcrumb":{"@id":"https:\/\/www.reno-equipment.com\/contact-us\/#breadcrumb"},"inLanguage":"pt-PT","potentialAction":[{"@type":"ReadAction","target":["https:\/\/www.reno-equipment.com\/contact-us\/"]}]},{"@type":"BreadcrumbList","@id":"https:\/\/www.reno-equipment.com\/contact-us\/#breadcrumb","itemListElement":[{"@type":"ListItem","position":1,"name":"Home","item":"https:\/\/www.reno-equipment.com\/"},{"@type":"ListItem","position":2,"name":"Contact Us"}]},{"@type":"WebSite","@id":"https:\/\/www.reno-equipment.com\/#website","url":"https:\/\/www.reno-equipment.com\/","name":"Hebei Ruinuo Instrumentos S.A.","description":"Um Fabricante e Fornecedor Profissional de Equipamentos de Laborat\u00f3rio na China - Reno","publisher":{"@id":"https:\/\/www.reno-equipment.com\/#organization"},"potentialAction":[{"@type":"SearchAction","target":{"@type":"EntryPoint","urlTemplate":"https:\/\/www.reno-equipment.com\/?s={search_term_string}"},"query-input":{"@type":"PropertyValueSpecification","valueRequired":true,"valueName":"search_term_string"}}],"inLanguage":"pt-PT"},{"@type":"Organization","@id":"https:\/\/www.reno-equipment.com\/#organization","name":"Hebei Ruinuo Instrumentos S.A.","url":"https:\/\/www.reno-equipment.com\/","logo":{"@type":"ImageObject","inLanguage":"pt-PT","@id":"https:\/\/www.reno-equipment.com\/#\/schema\/logo\/image\/","url":"https:\/\/www.reno-equipment.com\/wp-content\/uploads\/2025\/07\/1720412797138216.png","contentUrl":"https:\/\/www.reno-equipment.com\/wp-content\/uploads\/2025\/07\/1720412797138216.png","width":218,"height":50,"caption":"Hebei Ruinuo Instrument Co., Ltd"},"image":{"@id":"https:\/\/www.reno-equipment.com\/#\/schema\/logo\/image\/"},"sameAs":["https:\/\/www.facebook.com\/profile.php?id=61562344533538"]}]}},"_links":{"self":[{"href":"https:\/\/www.reno-equipment.com\/pt\/wp-json\/wp\/v2\/pages\/1513","targetHints":{"allow":["GET"]}}],"collection":[{"href":"https:\/\/www.reno-equipment.com\/pt\/wp-json\/wp\/v2\/pages"}],"about":[{"href":"https:\/\/www.reno-equipment.com\/pt\/wp-json\/wp\/v2\/types\/page"}],"author":[{"embeddable":true,"href":"https:\/\/www.reno-equipment.com\/pt\/wp-json\/wp\/v2\/users\/1"}],"replies":[{"embeddable":true,"href":"https:\/\/www.reno-equipment.com\/pt\/wp-json\/wp\/v2\/comments?post=1513"}],"version-history":[{"count":0,"href":"https:\/\/www.reno-equipment.com\/pt\/wp-json\/wp\/v2\/pages\/1513\/revisions"}],"wp:attachment":[{"href":"https:\/\/www.reno-equipment.com\/pt\/wp-json\/wp\/v2\/media?parent=1513"}],"curies":[{"name":"wp","href":"https:\/\/api.w.org\/{rel}","templated":true}]}}