{"id":20839,"date":"2025-08-21T08:32:00","date_gmt":"2025-08-21T08:32:00","guid":{"rendered":"https:\/\/www.reno-equipment.com\/?post_type=product&#038;p=20839"},"modified":"2025-09-08T14:07:02","modified_gmt":"2025-09-08T14:07:02","slug":"vertical-automatic-vacuum-drying-oven-series","status":"publish","type":"product","link":"https:\/\/www.reno-equipment.com\/fr\/produit\/vertical-automatic-vacuum-drying-oven-series\/","title":{"rendered":"Four de s\u00e9chage automatique vertical sous vide"},"content":{"rendered":"<p><strong>Aper\u00e7u du produit :<\/strong><\/p>\n<p>Largement utilis\u00e9 dans la recherche biochimique et pharmaceutique, m\u00e9dicale et de la sant\u00e9, ainsi que dans la recherche agricole, la protection de l'environnement et d'autres domaines. Utilis\u00e9 pour le s\u00e9chage en poudre, la cuisson, la d\u00e9sinfection et la st\u00e9rilisation, et peut \u00eatre inject\u00e9 dans un gaz inerte. Particuli\u00e8rement adapt\u00e9 au s\u00e9chage de produits sensibles \u00e0 la chaleur, faciles \u00e0 d\u00e9composer, faciles \u00e0 oxyder et ayant des composants complexes, offrant un traitement de s\u00e9chage rapide et efficace.<\/p>\n<p><strong><b>Caract\u00e9ristiques du produit :<\/b><\/strong><\/p>\n<p>1. L'environnement sous vide r\u00e9duit consid\u00e9rablement le point d'\u00e9bullition du liquide qui doit \u00eatre expuls\u00e9, ce qui permet de l'utiliser facilement pour des substances sensibles \u00e0 la chaleur.<\/p>\n<p>2, Pour les \u00e9chantillons difficiles, tels que les poudres ou d'autres \u00e9chantillons granuleux, l'utilisation peut r\u00e9duire efficacement le temps de s\u00e9chage.<\/p>\n<p>3. Une vari\u00e9t\u00e9 de pi\u00e8ces m\u00e9caniques complexes ou d'autres espaces multiples, apr\u00e8s nettoyage, la m\u00e9thode de s\u00e9chage sous vide est utilis\u00e9e pour s\u00e9cher compl\u00e8tement sans laisser de substance participante.<\/p>\n<p>4. Plus s\u00fbr \u00e0 utiliser et peut compl\u00e8tement \u00e9liminer la possibilit\u00e9 que des oxydes rencontrent des explosions thermiques sous vide ou dans des conditions inertes.<\/p>\n<p>5. Compar\u00e9 \u00e0 une bo\u00eete de dessiccation ordinaire qui repose sur la circulation de l'air, les \u00e9chantillons en poudre ne sont pas souffl\u00e9s ou d\u00e9plac\u00e9s par l'air en mouvement.<\/p>\n<p>6, Avec un cabinet de rangement et une pompe \u00e0 vide int\u00e9gr\u00e9e. La pompe \u00e0 vide s'arr\u00eate automatiquement lorsque la pression r\u00e9gl\u00e9e est atteinte et red\u00e9marre automatiquement lorsque la pression est insuffisante.<\/p>\n<p>&nbsp;<\/p>\n\n    <div class=\"xs_social_share_widget xs_share_url after_content \t\tmain_content  wslu-style-1 wslu-share-box-shaped wslu-fill-colored wslu-none wslu-share-horizontal wslu-theme-font-no wslu-main_content\">\n\n\t\t\n        <ul>\n\t\t\t        <\/ul>\n    <\/div>","protected":false},"excerpt":{"rendered":"<p>Largement utilis\u00e9 dans la recherche biochimique et pharmaceutique, m\u00e9dicale et de la sant\u00e9, ainsi que dans la recherche agricole, la protection de l'environnement et d'autres domaines. Utilis\u00e9 pour le s\u00e9chage en poudre, la cuisson, la d\u00e9sinfection et la st\u00e9rilisation, et peut \u00eatre inject\u00e9 dans un gaz inerte. Particuli\u00e8rement adapt\u00e9 au s\u00e9chage de produits sensibles \u00e0 la chaleur, faciles \u00e0 d\u00e9composer, faciles \u00e0 oxyder et ayant des composants complexes, offrant un traitement de s\u00e9chage rapide et efficace.<\/p>","protected":false},"featured_media":21990,"comment_status":"open","ping_status":"closed","template":"","meta":{"_acf_changed":false,"inline_featured_image":false,"postBodyCss":"","postBodyMargin":[],"postBodyPadding":[],"postBodyBackground":{"backgroundType":"classic","gradient":""}},"product_brand":[],"product_cat":[66,46,60],"product_tag":[],"class_list":{"0":"post-20839","1":"product","2":"type-product","3":"status-publish","4":"has-post-thumbnail","6":"product_cat-products","7":"product_cat-drying-ovens","8":"product_cat-vacuum-drying-ovens","10":"first","11":"instock","12":"shipping-taxable","13":"product-type-simple"},"acf":[],"yoast_head":"<!-- This site is optimized with the Yoast SEO Premium plugin v25.7.1 (Yoast SEO v25.7) - https:\/\/yoast.com\/wordpress\/plugins\/seo\/ -->\n<title>Vertical Automatic Vacuum Drying Oven - Reno Equipment<\/title>\n<meta name=\"robots\" content=\"index, follow, max-snippet:-1, max-image-preview:large, max-video-preview:-1\" \/>\n<link rel=\"canonical\" href=\"https:\/\/www.reno-equipment.com\/fr\/produit\/vertical-automatic-vacuum-drying-oven-series\/\" \/>\n<meta property=\"og:locale\" content=\"fr_FR\" \/>\n<meta property=\"og:type\" content=\"article\" \/>\n<meta property=\"og:title\" content=\"Vertical Automatic Vacuum Drying Oven\" \/>\n<meta property=\"og:description\" content=\"Widely used in biochemical and pharmaceutical,medical and health,agricultural research,environmental protection and other research. Used for powder drying ,baking ,disinfection and sterilization , and can be injected into the inert gas. Especially for drying heat sensitivity, easy decomposition, easy oxidation and complex components of the goods fast and efficient drying treatment.\" \/>\n<meta property=\"og:url\" content=\"https:\/\/www.reno-equipment.com\/fr\/produit\/vertical-automatic-vacuum-drying-oven-series\/\" \/>\n<meta property=\"og:site_name\" content=\"Reno Equipment\" \/>\n<meta property=\"article:publisher\" content=\"https:\/\/www.facebook.com\/profile.php?id=61562344533538\" \/>\n<meta property=\"article:modified_time\" content=\"2025-09-08T14:07:02+00:00\" \/>\n<meta property=\"og:image\" content=\"https:\/\/www.reno-equipment.com\/wp-content\/uploads\/2025\/08\/main-1.jpg\" \/>\n\t<meta property=\"og:image:width\" content=\"692\" \/>\n\t<meta property=\"og:image:height\" content=\"503\" \/>\n\t<meta property=\"og:image:type\" content=\"image\/jpeg\" \/>\n<meta name=\"twitter:card\" content=\"summary_large_image\" \/>\n<meta name=\"twitter:label1\" content=\"Prix\" \/>\n\t<meta name=\"twitter:data1\" content=\"\" \/>\n\t<meta name=\"twitter:label2\" content=\"Disponibilit\u00e9\" \/>\n\t<meta name=\"twitter:data2\" content=\"En stock\" \/>\n<script type=\"application\/ld+json\" class=\"yoast-schema-graph\">{\"@context\":\"https:\/\/schema.org\",\"@graph\":[{\"@type\":\"WebPage\",\"@id\":\"https:\/\/www.reno-equipment.com\/product\/vertical-automatic-vacuum-drying-oven-series\/\",\"url\":\"https:\/\/www.reno-equipment.com\/product\/vertical-automatic-vacuum-drying-oven-series\/\",\"name\":\"Vertical Automatic Vacuum Drying Oven - Reno Equipment\",\"isPartOf\":{\"@id\":\"https:\/\/www.reno-equipment.com\/#website\"},\"primaryImageOfPage\":{\"@id\":\"https:\/\/www.reno-equipment.com\/product\/vertical-automatic-vacuum-drying-oven-series\/#primaryimage\"},\"image\":{\"@id\":\"https:\/\/www.reno-equipment.com\/product\/vertical-automatic-vacuum-drying-oven-series\/#primaryimage\"},\"thumbnailUrl\":\"https:\/\/www.reno-equipment.com\/wp-content\/uploads\/2025\/08\/main-1.jpg\",\"datePublished\":\"2025-08-21T08:32:00+00:00\",\"dateModified\":\"2025-09-08T14:07:02+00:00\",\"breadcrumb\":{\"@id\":\"https:\/\/www.reno-equipment.com\/product\/vertical-automatic-vacuum-drying-oven-series\/#breadcrumb\"},\"inLanguage\":\"fr-FR\",\"potentialAction\":[{\"@type\":\"ReadAction\",\"target\":[\"https:\/\/www.reno-equipment.com\/product\/vertical-automatic-vacuum-drying-oven-series\/\"]}]},{\"@type\":\"ImageObject\",\"inLanguage\":\"fr-FR\",\"@id\":\"https:\/\/www.reno-equipment.com\/product\/vertical-automatic-vacuum-drying-oven-series\/#primaryimage\",\"url\":\"https:\/\/www.reno-equipment.com\/wp-content\/uploads\/2025\/08\/main-1.jpg\",\"contentUrl\":\"https:\/\/www.reno-equipment.com\/wp-content\/uploads\/2025\/08\/main-1.jpg\",\"width\":692,\"height\":503,\"caption\":\"Vertical Automatic Vacuum Drying Oven\"},{\"@type\":\"BreadcrumbList\",\"@id\":\"https:\/\/www.reno-equipment.com\/product\/vertical-automatic-vacuum-drying-oven-series\/#breadcrumb\",\"itemListElement\":[{\"@type\":\"ListItem\",\"position\":1,\"name\":\"Home\",\"item\":\"https:\/\/www.reno-equipment.com\/\"},{\"@type\":\"ListItem\",\"position\":2,\"name\":\"Shop\",\"item\":\"https:\/\/www.reno-equipment.com\/shop\/\"},{\"@type\":\"ListItem\",\"position\":3,\"name\":\"Vertical Automatic Vacuum Drying Oven\"}]},{\"@type\":\"WebSite\",\"@id\":\"https:\/\/www.reno-equipment.com\/#website\",\"url\":\"https:\/\/www.reno-equipment.com\/\",\"name\":\"Hebei Ruinuo Instrument Co., Ltd\",\"description\":\"A Professional Laboraory Equipment Manufacturer And Supplier in China - Reno\",\"publisher\":{\"@id\":\"https:\/\/www.reno-equipment.com\/#organization\"},\"potentialAction\":[{\"@type\":\"SearchAction\",\"target\":{\"@type\":\"EntryPoint\",\"urlTemplate\":\"https:\/\/www.reno-equipment.com\/?s={search_term_string}\"},\"query-input\":{\"@type\":\"PropertyValueSpecification\",\"valueRequired\":true,\"valueName\":\"search_term_string\"}}],\"inLanguage\":\"fr-FR\"},{\"@type\":\"Organization\",\"@id\":\"https:\/\/www.reno-equipment.com\/#organization\",\"name\":\"Hebei Ruinuo Instrument Co., Ltd\",\"url\":\"https:\/\/www.reno-equipment.com\/\",\"logo\":{\"@type\":\"ImageObject\",\"inLanguage\":\"fr-FR\",\"@id\":\"https:\/\/www.reno-equipment.com\/#\/schema\/logo\/image\/\",\"url\":\"https:\/\/www.reno-equipment.com\/wp-content\/uploads\/2025\/07\/1720412797138216.png\",\"contentUrl\":\"https:\/\/www.reno-equipment.com\/wp-content\/uploads\/2025\/07\/1720412797138216.png\",\"width\":218,\"height\":50,\"caption\":\"Hebei Ruinuo Instrument Co., Ltd\"},\"image\":{\"@id\":\"https:\/\/www.reno-equipment.com\/#\/schema\/logo\/image\/\"},\"sameAs\":[\"https:\/\/www.facebook.com\/profile.php?id=61562344533538\"]}]}<\/script>\n<meta property=\"product:price:amount\" content=\"0.00\" \/>\n<meta property=\"product:price:currency\" content=\"SGD\" \/>\n<meta property=\"og:availability\" content=\"instock\" \/>\n<meta property=\"product:availability\" content=\"instock\" \/>\n<meta property=\"product:condition\" content=\"new\" \/>\n<!-- \/ Yoast SEO Premium plugin. -->","yoast_head_json":{"title":"S\u00e8che-linge automatique vertical \u00e0 vide - \u00c9quipement Reno","robots":{"index":"index","follow":"follow","max-snippet":"max-snippet:-1","max-image-preview":"max-image-preview:large","max-video-preview":"max-video-preview:-1"},"canonical":"https:\/\/www.reno-equipment.com\/fr\/produit\/vertical-automatic-vacuum-drying-oven-series\/","og_locale":"fr_FR","og_type":"article","og_title":"Vertical Automatic Vacuum Drying Oven","og_description":"Widely used in biochemical and pharmaceutical,medical and health,agricultural research,environmental protection and other research. Used for powder drying ,baking ,disinfection and sterilization , and can be injected into the inert gas. Especially for drying heat sensitivity, easy decomposition, easy oxidation and complex components of the goods fast and efficient drying treatment.","og_url":"https:\/\/www.reno-equipment.com\/fr\/produit\/vertical-automatic-vacuum-drying-oven-series\/","og_site_name":"Reno Equipment","article_publisher":"https:\/\/www.facebook.com\/profile.php?id=61562344533538","article_modified_time":"2025-09-08T14:07:02+00:00","og_image":[{"width":692,"height":503,"url":"https:\/\/www.reno-equipment.com\/wp-content\/uploads\/2025\/08\/main-1.jpg","type":"image\/jpeg"}],"twitter_card":"summary_large_image","twitter_misc":{"Prix":"","Disponibilit\u00e9":"En stock"},"schema":{"@context":"https:\/\/schema.org","@graph":[{"@type":"WebPage","@id":"https:\/\/www.reno-equipment.com\/product\/vertical-automatic-vacuum-drying-oven-series\/","url":"https:\/\/www.reno-equipment.com\/product\/vertical-automatic-vacuum-drying-oven-series\/","name":"S\u00e8che-linge automatique vertical \u00e0 vide - \u00c9quipement Reno","isPartOf":{"@id":"https:\/\/www.reno-equipment.com\/#website"},"primaryImageOfPage":{"@id":"https:\/\/www.reno-equipment.com\/product\/vertical-automatic-vacuum-drying-oven-series\/#primaryimage"},"image":{"@id":"https:\/\/www.reno-equipment.com\/product\/vertical-automatic-vacuum-drying-oven-series\/#primaryimage"},"thumbnailUrl":"https:\/\/www.reno-equipment.com\/wp-content\/uploads\/2025\/08\/main-1.jpg","datePublished":"2025-08-21T08:32:00+00:00","dateModified":"2025-09-08T14:07:02+00:00","breadcrumb":{"@id":"https:\/\/www.reno-equipment.com\/product\/vertical-automatic-vacuum-drying-oven-series\/#breadcrumb"},"inLanguage":"fr-FR","potentialAction":[{"@type":"ReadAction","target":["https:\/\/www.reno-equipment.com\/product\/vertical-automatic-vacuum-drying-oven-series\/"]}]},{"@type":"ImageObject","inLanguage":"fr-FR","@id":"https:\/\/www.reno-equipment.com\/product\/vertical-automatic-vacuum-drying-oven-series\/#primaryimage","url":"https:\/\/www.reno-equipment.com\/wp-content\/uploads\/2025\/08\/main-1.jpg","contentUrl":"https:\/\/www.reno-equipment.com\/wp-content\/uploads\/2025\/08\/main-1.jpg","width":692,"height":503,"caption":"Vertical Automatic Vacuum Drying Oven"},{"@type":"BreadcrumbList","@id":"https:\/\/www.reno-equipment.com\/product\/vertical-automatic-vacuum-drying-oven-series\/#breadcrumb","itemListElement":[{"@type":"ListItem","position":1,"name":"Home","item":"https:\/\/www.reno-equipment.com\/"},{"@type":"ListItem","position":2,"name":"Shop","item":"https:\/\/www.reno-equipment.com\/shop\/"},{"@type":"ListItem","position":3,"name":"Vertical Automatic Vacuum Drying Oven"}]},{"@type":"WebSite","@id":"https:\/\/www.reno-equipment.com\/#website","url":"https:\/\/www.reno-equipment.com\/","name":"Soci\u00e9t\u00e9 Hebei Ruinuo Instrument Co., Ltd","description":"Un fabricant et fournisseur d'\u00e9quipements de laboratoire professionnels en Chine - Reno","publisher":{"@id":"https:\/\/www.reno-equipment.com\/#organization"},"potentialAction":[{"@type":"SearchAction","target":{"@type":"EntryPoint","urlTemplate":"https:\/\/www.reno-equipment.com\/?s={search_term_string}"},"query-input":{"@type":"PropertyValueSpecification","valueRequired":true,"valueName":"search_term_string"}}],"inLanguage":"fr-FR"},{"@type":"Organization","@id":"https:\/\/www.reno-equipment.com\/#organization","name":"Soci\u00e9t\u00e9 Hebei Ruinuo Instrument Co., Ltd","url":"https:\/\/www.reno-equipment.com\/","logo":{"@type":"ImageObject","inLanguage":"fr-FR","@id":"https:\/\/www.reno-equipment.com\/#\/schema\/logo\/image\/","url":"https:\/\/www.reno-equipment.com\/wp-content\/uploads\/2025\/07\/1720412797138216.png","contentUrl":"https:\/\/www.reno-equipment.com\/wp-content\/uploads\/2025\/07\/1720412797138216.png","width":218,"height":50,"caption":"Hebei Ruinuo Instrument Co., Ltd"},"image":{"@id":"https:\/\/www.reno-equipment.com\/#\/schema\/logo\/image\/"},"sameAs":["https:\/\/www.facebook.com\/profile.php?id=61562344533538"]}]},"product_price_amount":"0.00","product_price_currency":"SGD","og_availability":"instock","product_availability":"instock","product_condition":"new"},"_links":{"self":[{"href":"https:\/\/www.reno-equipment.com\/fr\/wp-json\/wp\/v2\/product\/20839","targetHints":{"allow":["GET"]}}],"collection":[{"href":"https:\/\/www.reno-equipment.com\/fr\/wp-json\/wp\/v2\/product"}],"about":[{"href":"https:\/\/www.reno-equipment.com\/fr\/wp-json\/wp\/v2\/types\/product"}],"replies":[{"embeddable":true,"href":"https:\/\/www.reno-equipment.com\/fr\/wp-json\/wp\/v2\/comments?post=20839"}],"version-history":[{"count":0,"href":"https:\/\/www.reno-equipment.com\/fr\/wp-json\/wp\/v2\/product\/20839\/revisions"}],"wp:featuredmedia":[{"embeddable":true,"href":"https:\/\/www.reno-equipment.com\/fr\/wp-json\/wp\/v2\/media\/21990"}],"wp:attachment":[{"href":"https:\/\/www.reno-equipment.com\/fr\/wp-json\/wp\/v2\/media?parent=20839"}],"wp:term":[{"taxonomy":"product_brand","embeddable":true,"href":"https:\/\/www.reno-equipment.com\/fr\/wp-json\/wp\/v2\/product_brand?post=20839"},{"taxonomy":"product_cat","embeddable":true,"href":"https:\/\/www.reno-equipment.com\/fr\/wp-json\/wp\/v2\/product_cat?post=20839"},{"taxonomy":"product_tag","embeddable":true,"href":"https:\/\/www.reno-equipment.com\/fr\/wp-json\/wp\/v2\/product_tag?post=20839"}],"curies":[{"name":"wp","href":"https:\/\/api.w.org\/{rel}","templated":true}]}}