{"id":20785,"date":"2025-08-21T08:28:00","date_gmt":"2025-08-21T08:28:00","guid":{"rendered":"https:\/\/www.reno-equipment.com\/?post_type=product&#038;p=20785"},"modified":"2025-09-08T14:13:33","modified_gmt":"2025-09-08T14:13:33","slug":"strong-light-artificial-climate-incubator","status":"publish","type":"product","link":"https:\/\/www.reno-equipment.com\/fr\/produit\/strong-light-artificial-climate-incubator\/","title":{"rendered":"Incubateur climatique artificiel \u00e0 lumi\u00e8re forte"},"content":{"rendered":"<p><strong>Aper\u00e7us des produits :<\/strong><\/p>\n<p>L'utilisation de micro-ordinateurs avanc\u00e9s en mode de contr\u00f4le programmable permet de r\u00e9gler la temp\u00e9rature, l'illuminance, etc., pour simuler le climat naturel.<\/p>\n<p>Ce produit est adapt\u00e9 \u00e0 la croissance des plantes et \u00e0 la culture des tissus ; exp\u00e9rience de germination des graines, culture des plantes ; croissance des semis ; culture et pr\u00e9servation des micro-organismes, \u00e9valuation des performances des mat\u00e9riaux m\u00e9dicaux, du bois et des mat\u00e9riaux de construction ; alimentation des insectes et des petits animaux, contr\u00f4le qualit\u00e9 des produits industriels et exp\u00e9riences \u00e0 temp\u00e9rature constante pour d'autres objectifs.<\/p>\n<p><strong><b>Caract\u00e9ristiques du produit :<\/b><\/strong><\/p>\n<ul>\n<li>Surface en miroir, acier, doublure int\u00e9rieure arrondie avec porte en verre tremp\u00e9, \u00e9clairage sur trois c\u00f4t\u00e9s.<\/li>\n<li>\u00c9clairement 0-15000 r\u00e9glable en six \u00e9tapes.<\/li>\n<li>Syst\u00e8me de contr\u00f4le LCD intelligent, pr\u00e9cision du contr\u00f4le de la temp\u00e9rature et de l'illuminance, fiable. Contr\u00f4le de programme de 30 segments, chaque segment peut d\u00e9finir une plage de temps de 0 \u00e0 9999 minutes.<\/li>\n<li>Compresseur de marque, r\u00e9frig\u00e9ration respectueuse de l'environnement sans fluor, circulation d'air.<\/li>\n<li>Plage de contr\u00f4le de la temp\u00e9rature : avec \u00e9clairage 10-50\u2103, sans \u00e9clairage 0-50\u2103.<\/li>\n<li>Refroidissement et chauffage contr\u00f4l\u00e9s de mani\u00e8re \u00e9quilibr\u00e9e pour garantir de faibles fluctuations de temp\u00e9rature, un contr\u00f4le pr\u00e9cis de la temp\u00e9rature.<\/li>\n<li>Fluctuation de la temp\u00e9rature : \u00b11\u2103.<\/li>\n<li>La temp\u00e9rature de l'environnement de travail est inf\u00e9rieure \u00e0 26\u2103.<\/li>\n<li>\u00c9cran tactile op\u00e9rationnel, avec communication 485, fonction de requ\u00eate de courbe.<\/li>\n<\/ul>\n<p>&nbsp;<\/p>\n<p>&nbsp;<\/p>\n\n    <div class=\"xs_social_share_widget xs_share_url after_content \t\tmain_content  wslu-style-1 wslu-share-box-shaped wslu-fill-colored wslu-none wslu-share-horizontal wslu-theme-font-no wslu-main_content\">\n\n\t\t\n        <ul>\n\t\t\t        <\/ul>\n    <\/div>","protected":false},"excerpt":{"rendered":"<p>L'utilisation de micro-ordinateurs avanc\u00e9s en mode de contr\u00f4le programmable permet de r\u00e9gler la temp\u00e9rature, l'illuminance, etc., pour simuler le climat naturel.<\/p>","protected":false},"featured_media":21995,"comment_status":"open","ping_status":"closed","template":"","meta":{"_acf_changed":false,"inline_featured_image":false,"postBodyCss":"","postBodyMargin":[],"postBodyPadding":[],"postBodyBackground":{"backgroundType":"classic","gradient":""}},"product_brand":[],"product_cat":[66,126,147],"product_tag":[],"class_list":{"0":"post-20785","1":"product","2":"type-product","3":"status-publish","4":"has-post-thumbnail","6":"product_cat-products","7":"product_cat-incubators","8":"product_cat-light-incubators","10":"first","11":"instock","12":"shipping-taxable","13":"product-type-simple"},"acf":[],"yoast_head":"<!-- This site is optimized with the Yoast SEO Premium plugin v25.7.1 (Yoast SEO v25.7) - https:\/\/yoast.com\/wordpress\/plugins\/seo\/ -->\n<title>Strong light Illumination Artificial Climate Incubator - Reno Equipment<\/title>\n<meta name=\"robots\" content=\"index, follow, max-snippet:-1, max-image-preview:large, max-video-preview:-1\" \/>\n<link rel=\"canonical\" href=\"https:\/\/www.reno-equipment.com\/fr\/produit\/strong-light-artificial-climate-incubator\/\" \/>\n<meta property=\"og:locale\" content=\"fr_FR\" \/>\n<meta property=\"og:type\" content=\"article\" \/>\n<meta property=\"og:title\" content=\"Strong light Illumination Artificial Climate Incubator\" \/>\n<meta property=\"og:description\" content=\"Using advanced microcomputer can programmable control mode, can set temperature,illuminance etc. to simulate nature climate.\" \/>\n<meta property=\"og:url\" content=\"https:\/\/www.reno-equipment.com\/fr\/produit\/strong-light-artificial-climate-incubator\/\" \/>\n<meta property=\"og:site_name\" content=\"Reno Equipment\" \/>\n<meta property=\"article:publisher\" content=\"https:\/\/www.facebook.com\/profile.php?id=61562344533538\" \/>\n<meta property=\"article:modified_time\" content=\"2025-09-08T14:13:33+00:00\" \/>\n<meta property=\"og:image\" content=\"https:\/\/www.reno-equipment.com\/wp-content\/uploads\/2025\/08\/main-3.jpg\" \/>\n\t<meta property=\"og:image:width\" content=\"501\" \/>\n\t<meta property=\"og:image:height\" content=\"499\" \/>\n\t<meta property=\"og:image:type\" content=\"image\/jpeg\" \/>\n<meta name=\"twitter:card\" content=\"summary_large_image\" \/>\n<meta name=\"twitter:label1\" content=\"Prix\" \/>\n\t<meta name=\"twitter:data1\" content=\"\" \/>\n\t<meta name=\"twitter:label2\" content=\"Disponibilit\u00e9\" \/>\n\t<meta name=\"twitter:data2\" content=\"En stock\" \/>\n<script type=\"application\/ld+json\" class=\"yoast-schema-graph\">{\"@context\":\"https:\/\/schema.org\",\"@graph\":[{\"@type\":\"WebPage\",\"@id\":\"https:\/\/www.reno-equipment.com\/product\/strong-light-artificial-climate-incubator\/\",\"url\":\"https:\/\/www.reno-equipment.com\/product\/strong-light-artificial-climate-incubator\/\",\"name\":\"Strong light Illumination Artificial Climate Incubator - Reno Equipment\",\"isPartOf\":{\"@id\":\"https:\/\/www.reno-equipment.com\/#website\"},\"primaryImageOfPage\":{\"@id\":\"https:\/\/www.reno-equipment.com\/product\/strong-light-artificial-climate-incubator\/#primaryimage\"},\"image\":{\"@id\":\"https:\/\/www.reno-equipment.com\/product\/strong-light-artificial-climate-incubator\/#primaryimage\"},\"thumbnailUrl\":\"https:\/\/www.reno-equipment.com\/wp-content\/uploads\/2025\/08\/main-3.jpg\",\"datePublished\":\"2025-08-21T08:28:00+00:00\",\"dateModified\":\"2025-09-08T14:13:33+00:00\",\"breadcrumb\":{\"@id\":\"https:\/\/www.reno-equipment.com\/product\/strong-light-artificial-climate-incubator\/#breadcrumb\"},\"inLanguage\":\"fr-FR\",\"potentialAction\":[{\"@type\":\"ReadAction\",\"target\":[\"https:\/\/www.reno-equipment.com\/product\/strong-light-artificial-climate-incubator\/\"]}]},{\"@type\":\"ImageObject\",\"inLanguage\":\"fr-FR\",\"@id\":\"https:\/\/www.reno-equipment.com\/product\/strong-light-artificial-climate-incubator\/#primaryimage\",\"url\":\"https:\/\/www.reno-equipment.com\/wp-content\/uploads\/2025\/08\/main-3.jpg\",\"contentUrl\":\"https:\/\/www.reno-equipment.com\/wp-content\/uploads\/2025\/08\/main-3.jpg\",\"width\":501,\"height\":499,\"caption\":\"Strong light Illumination Artificial Climate Incubator\"},{\"@type\":\"BreadcrumbList\",\"@id\":\"https:\/\/www.reno-equipment.com\/product\/strong-light-artificial-climate-incubator\/#breadcrumb\",\"itemListElement\":[{\"@type\":\"ListItem\",\"position\":1,\"name\":\"Home\",\"item\":\"https:\/\/www.reno-equipment.com\/\"},{\"@type\":\"ListItem\",\"position\":2,\"name\":\"Shop\",\"item\":\"https:\/\/www.reno-equipment.com\/shop\/\"},{\"@type\":\"ListItem\",\"position\":3,\"name\":\"Strong light Illumination Artificial Climate Incubator\"}]},{\"@type\":\"WebSite\",\"@id\":\"https:\/\/www.reno-equipment.com\/#website\",\"url\":\"https:\/\/www.reno-equipment.com\/\",\"name\":\"Hebei Ruinuo Instrument Co., Ltd\",\"description\":\"A Professional Laboraory Equipment Manufacturer And Supplier in China - Reno\",\"publisher\":{\"@id\":\"https:\/\/www.reno-equipment.com\/#organization\"},\"potentialAction\":[{\"@type\":\"SearchAction\",\"target\":{\"@type\":\"EntryPoint\",\"urlTemplate\":\"https:\/\/www.reno-equipment.com\/?s={search_term_string}\"},\"query-input\":{\"@type\":\"PropertyValueSpecification\",\"valueRequired\":true,\"valueName\":\"search_term_string\"}}],\"inLanguage\":\"fr-FR\"},{\"@type\":\"Organization\",\"@id\":\"https:\/\/www.reno-equipment.com\/#organization\",\"name\":\"Hebei Ruinuo Instrument Co., Ltd\",\"url\":\"https:\/\/www.reno-equipment.com\/\",\"logo\":{\"@type\":\"ImageObject\",\"inLanguage\":\"fr-FR\",\"@id\":\"https:\/\/www.reno-equipment.com\/#\/schema\/logo\/image\/\",\"url\":\"https:\/\/www.reno-equipment.com\/wp-content\/uploads\/2025\/07\/1720412797138216.png\",\"contentUrl\":\"https:\/\/www.reno-equipment.com\/wp-content\/uploads\/2025\/07\/1720412797138216.png\",\"width\":218,\"height\":50,\"caption\":\"Hebei Ruinuo Instrument Co., Ltd\"},\"image\":{\"@id\":\"https:\/\/www.reno-equipment.com\/#\/schema\/logo\/image\/\"},\"sameAs\":[\"https:\/\/www.facebook.com\/profile.php?id=61562344533538\"]}]}<\/script>\n<meta property=\"product:price:amount\" content=\"0.00\" \/>\n<meta property=\"product:price:currency\" content=\"SGD\" \/>\n<meta property=\"og:availability\" content=\"instock\" \/>\n<meta property=\"product:availability\" content=\"instock\" \/>\n<meta property=\"product:condition\" content=\"new\" \/>\n<!-- \/ Yoast SEO Premium plugin. -->","yoast_head_json":{"title":"\u00c9clairement lumineux fort Incubateur climatique artificiel - \u00c9quipement Reno","robots":{"index":"index","follow":"follow","max-snippet":"max-snippet:-1","max-image-preview":"max-image-preview:large","max-video-preview":"max-video-preview:-1"},"canonical":"https:\/\/www.reno-equipment.com\/fr\/produit\/strong-light-artificial-climate-incubator\/","og_locale":"fr_FR","og_type":"article","og_title":"Strong light Illumination Artificial Climate Incubator","og_description":"Using advanced microcomputer can programmable control mode, can set temperature,illuminance etc. to simulate nature climate.","og_url":"https:\/\/www.reno-equipment.com\/fr\/produit\/strong-light-artificial-climate-incubator\/","og_site_name":"Reno Equipment","article_publisher":"https:\/\/www.facebook.com\/profile.php?id=61562344533538","article_modified_time":"2025-09-08T14:13:33+00:00","og_image":[{"width":501,"height":499,"url":"https:\/\/www.reno-equipment.com\/wp-content\/uploads\/2025\/08\/main-3.jpg","type":"image\/jpeg"}],"twitter_card":"summary_large_image","twitter_misc":{"Prix":"","Disponibilit\u00e9":"En stock"},"schema":{"@context":"https:\/\/schema.org","@graph":[{"@type":"WebPage","@id":"https:\/\/www.reno-equipment.com\/product\/strong-light-artificial-climate-incubator\/","url":"https:\/\/www.reno-equipment.com\/product\/strong-light-artificial-climate-incubator\/","name":"\u00c9clairement lumineux fort Incubateur climatique artificiel - \u00c9quipement Reno","isPartOf":{"@id":"https:\/\/www.reno-equipment.com\/#website"},"primaryImageOfPage":{"@id":"https:\/\/www.reno-equipment.com\/product\/strong-light-artificial-climate-incubator\/#primaryimage"},"image":{"@id":"https:\/\/www.reno-equipment.com\/product\/strong-light-artificial-climate-incubator\/#primaryimage"},"thumbnailUrl":"https:\/\/www.reno-equipment.com\/wp-content\/uploads\/2025\/08\/main-3.jpg","datePublished":"2025-08-21T08:28:00+00:00","dateModified":"2025-09-08T14:13:33+00:00","breadcrumb":{"@id":"https:\/\/www.reno-equipment.com\/product\/strong-light-artificial-climate-incubator\/#breadcrumb"},"inLanguage":"fr-FR","potentialAction":[{"@type":"ReadAction","target":["https:\/\/www.reno-equipment.com\/product\/strong-light-artificial-climate-incubator\/"]}]},{"@type":"ImageObject","inLanguage":"fr-FR","@id":"https:\/\/www.reno-equipment.com\/product\/strong-light-artificial-climate-incubator\/#primaryimage","url":"https:\/\/www.reno-equipment.com\/wp-content\/uploads\/2025\/08\/main-3.jpg","contentUrl":"https:\/\/www.reno-equipment.com\/wp-content\/uploads\/2025\/08\/main-3.jpg","width":501,"height":499,"caption":"Strong light Illumination Artificial Climate Incubator"},{"@type":"BreadcrumbList","@id":"https:\/\/www.reno-equipment.com\/product\/strong-light-artificial-climate-incubator\/#breadcrumb","itemListElement":[{"@type":"ListItem","position":1,"name":"Home","item":"https:\/\/www.reno-equipment.com\/"},{"@type":"ListItem","position":2,"name":"Shop","item":"https:\/\/www.reno-equipment.com\/shop\/"},{"@type":"ListItem","position":3,"name":"Strong light Illumination Artificial Climate Incubator"}]},{"@type":"WebSite","@id":"https:\/\/www.reno-equipment.com\/#website","url":"https:\/\/www.reno-equipment.com\/","name":"Soci\u00e9t\u00e9 Hebei Ruinuo Instrument Co., Ltd","description":"Un fabricant et fournisseur d'\u00e9quipements de laboratoire professionnels en Chine - Reno","publisher":{"@id":"https:\/\/www.reno-equipment.com\/#organization"},"potentialAction":[{"@type":"SearchAction","target":{"@type":"EntryPoint","urlTemplate":"https:\/\/www.reno-equipment.com\/?s={search_term_string}"},"query-input":{"@type":"PropertyValueSpecification","valueRequired":true,"valueName":"search_term_string"}}],"inLanguage":"fr-FR"},{"@type":"Organization","@id":"https:\/\/www.reno-equipment.com\/#organization","name":"Soci\u00e9t\u00e9 Hebei Ruinuo Instrument Co., Ltd","url":"https:\/\/www.reno-equipment.com\/","logo":{"@type":"ImageObject","inLanguage":"fr-FR","@id":"https:\/\/www.reno-equipment.com\/#\/schema\/logo\/image\/","url":"https:\/\/www.reno-equipment.com\/wp-content\/uploads\/2025\/07\/1720412797138216.png","contentUrl":"https:\/\/www.reno-equipment.com\/wp-content\/uploads\/2025\/07\/1720412797138216.png","width":218,"height":50,"caption":"Hebei Ruinuo Instrument Co., Ltd"},"image":{"@id":"https:\/\/www.reno-equipment.com\/#\/schema\/logo\/image\/"},"sameAs":["https:\/\/www.facebook.com\/profile.php?id=61562344533538"]}]},"product_price_amount":"0.00","product_price_currency":"SGD","og_availability":"instock","product_availability":"instock","product_condition":"new"},"_links":{"self":[{"href":"https:\/\/www.reno-equipment.com\/fr\/wp-json\/wp\/v2\/product\/20785","targetHints":{"allow":["GET"]}}],"collection":[{"href":"https:\/\/www.reno-equipment.com\/fr\/wp-json\/wp\/v2\/product"}],"about":[{"href":"https:\/\/www.reno-equipment.com\/fr\/wp-json\/wp\/v2\/types\/product"}],"replies":[{"embeddable":true,"href":"https:\/\/www.reno-equipment.com\/fr\/wp-json\/wp\/v2\/comments?post=20785"}],"version-history":[{"count":0,"href":"https:\/\/www.reno-equipment.com\/fr\/wp-json\/wp\/v2\/product\/20785\/revisions"}],"wp:featuredmedia":[{"embeddable":true,"href":"https:\/\/www.reno-equipment.com\/fr\/wp-json\/wp\/v2\/media\/21995"}],"wp:attachment":[{"href":"https:\/\/www.reno-equipment.com\/fr\/wp-json\/wp\/v2\/media?parent=20785"}],"wp:term":[{"taxonomy":"product_brand","embeddable":true,"href":"https:\/\/www.reno-equipment.com\/fr\/wp-json\/wp\/v2\/product_brand?post=20785"},{"taxonomy":"product_cat","embeddable":true,"href":"https:\/\/www.reno-equipment.com\/fr\/wp-json\/wp\/v2\/product_cat?post=20785"},{"taxonomy":"product_tag","embeddable":true,"href":"https:\/\/www.reno-equipment.com\/fr\/wp-json\/wp\/v2\/product_tag?post=20785"}],"curies":[{"name":"wp","href":"https:\/\/api.w.org\/{rel}","templated":true}]}}