{"id":20751,"date":"2025-08-21T08:27:00","date_gmt":"2025-08-21T08:27:00","guid":{"rendered":"https:\/\/www.reno-equipment.com\/?post_type=product&#038;p=20751"},"modified":"2025-11-08T11:44:59","modified_gmt":"2025-11-08T11:44:59","slug":"stainless-steel-electric-hot-plate","status":"publish","type":"product","link":"https:\/\/www.reno-equipment.com\/fr\/produit\/stainless-steel-electric-hot-plate\/","title":{"rendered":"Plaque chauffante en acier inoxydable"},"content":{"rendered":"<p><strong>Aper\u00e7u du produit :<\/strong><\/p>\n<p>Convient pour le s\u00e9chage, la cuisson et d'autres tests de temp\u00e9rature de biens dans les laboratoires des entreprises industrielles et mini\u00e8res, de la sant\u00e9 m\u00e9dicale, de la protection de l'environnement, de la biologie et des unit\u00e9s de recherche scientifique pour effectuer des analyses chimiques, des d\u00e9terminations physiques et des traitements thermiques.<\/p>\n<p><strong><b>Caract\u00e9ristiques du produit :<\/b><\/strong><\/p>\n<p>1. La coque est fabriqu\u00e9e en acier de haute qualit\u00e9 par un processus de estampage \u00e0 froid, la surface est trait\u00e9e par un processus de pulv\u00e9risation.<\/p>\n<p>2. La plaque de chauffage est unifi\u00e9e avec le mat\u00e9riau de la plaque en acier inoxydable d'une \u00e9paisseur de S=8mm, utilis\u00e9e pour la stabilit\u00e9.<\/p>\n<p>3, Plateau de chauffage totalement ferm\u00e9, sans flamme ouverte, chauffe rapidement, en toute s\u00e9curit\u00e9 et de mani\u00e8re fiable.<\/p>\n<p>La temp\u00e9rature de la plaque de chauffage \u00e9lectrique \u00e0 affichage num\u00e9rique intelligent est contr\u00f4l\u00e9e par un instrument intelligent, de mani\u00e8re intuitive et pratique (type AB).<\/p>\n<p>&nbsp;<\/p>\n\n    <div class=\"xs_social_share_widget xs_share_url after_content \t\tmain_content  wslu-style-1 wslu-share-box-shaped wslu-fill-colored wslu-none wslu-share-horizontal wslu-theme-font-no wslu-main_content\">\n\n\t\t\n        <ul>\n\t\t\t        <\/ul>\n    <\/div>","protected":false},"excerpt":{"rendered":"<p>Convient pour le s\u00e9chage, la cuisson et d'autres tests de temp\u00e9rature de biens dans les laboratoires des entreprises industrielles et mini\u00e8res, de la sant\u00e9 m\u00e9dicale, de la protection de l'environnement, de la biologie et des unit\u00e9s de recherche scientifique pour effectuer des analyses chimiques, des d\u00e9terminations physiques et des traitements thermiques.<\/p>","protected":false},"featured_media":22001,"comment_status":"open","ping_status":"closed","template":"","meta":{"_acf_changed":false,"inline_featured_image":false,"postBodyCss":"","postBodyMargin":[],"postBodyPadding":[],"postBodyBackground":{"backgroundType":"classic","gradient":""}},"product_brand":[],"product_cat":[168,172,66],"product_tag":[150],"class_list":{"0":"post-20751","1":"product","2":"type-product","3":"status-publish","4":"has-post-thumbnail","6":"product_cat-hot-plates","7":"product_cat-stainless-steel-hot-plates","8":"product_cat-products","9":"product_tag-hot","11":"first","12":"instock","13":"shipping-taxable","14":"product-type-simple"},"acf":[],"yoast_head":"<!-- This site is optimized with the Yoast SEO Premium plugin v25.7.1 (Yoast SEO v25.7) - https:\/\/yoast.com\/wordpress\/plugins\/seo\/ -->\n<title>Stainless Steel Hot Plate - Reno Equipment<\/title>\n<meta name=\"robots\" content=\"index, follow, max-snippet:-1, max-image-preview:large, max-video-preview:-1\" \/>\n<link rel=\"canonical\" href=\"https:\/\/www.reno-equipment.com\/fr\/produit\/stainless-steel-electric-hot-plate\/\" \/>\n<meta property=\"og:locale\" content=\"fr_FR\" \/>\n<meta property=\"og:type\" content=\"article\" \/>\n<meta property=\"og:title\" content=\"Stainless Steel Hot Plate\" \/>\n<meta property=\"og:description\" content=\"Suitable for drying,baking and other temperature test of goods in laboratories of industrial and mining enterprises,medical and health,environmental protection,biology,scientific research units to conduct chemical analysis ,physical determination,heat treatment.\" \/>\n<meta property=\"og:url\" content=\"https:\/\/www.reno-equipment.com\/fr\/produit\/stainless-steel-electric-hot-plate\/\" \/>\n<meta property=\"og:site_name\" content=\"Reno Equipment\" \/>\n<meta property=\"article:publisher\" content=\"https:\/\/www.facebook.com\/profile.php?id=61562344533538\" \/>\n<meta property=\"article:modified_time\" content=\"2025-11-08T11:44:59+00:00\" \/>\n<meta property=\"og:image\" content=\"https:\/\/www.reno-equipment.com\/wp-content\/uploads\/2025\/08\/product_1-2.jpg\" \/>\n\t<meta property=\"og:image:width\" content=\"545\" \/>\n\t<meta property=\"og:image:height\" content=\"355\" \/>\n\t<meta property=\"og:image:type\" content=\"image\/jpeg\" \/>\n<meta name=\"twitter:card\" content=\"summary_large_image\" \/>\n<meta name=\"twitter:label1\" content=\"Prix\" \/>\n\t<meta name=\"twitter:data1\" content=\"\" \/>\n\t<meta name=\"twitter:label2\" content=\"Disponibilit\u00e9\" \/>\n\t<meta name=\"twitter:data2\" content=\"En stock\" \/>\n<script type=\"application\/ld+json\" class=\"yoast-schema-graph\">{\"@context\":\"https:\/\/schema.org\",\"@graph\":[{\"@type\":\"WebPage\",\"@id\":\"https:\/\/www.reno-equipment.com\/product\/stainless-steel-electric-hot-plate\/\",\"url\":\"https:\/\/www.reno-equipment.com\/product\/stainless-steel-electric-hot-plate\/\",\"name\":\"Stainless Steel Hot Plate - Reno Equipment\",\"isPartOf\":{\"@id\":\"https:\/\/www.reno-equipment.com\/#website\"},\"primaryImageOfPage\":{\"@id\":\"https:\/\/www.reno-equipment.com\/product\/stainless-steel-electric-hot-plate\/#primaryimage\"},\"image\":{\"@id\":\"https:\/\/www.reno-equipment.com\/product\/stainless-steel-electric-hot-plate\/#primaryimage\"},\"thumbnailUrl\":\"https:\/\/www.reno-equipment.com\/wp-content\/uploads\/2025\/08\/product_1-2.jpg\",\"datePublished\":\"2025-08-21T08:27:00+00:00\",\"dateModified\":\"2025-11-08T11:44:59+00:00\",\"breadcrumb\":{\"@id\":\"https:\/\/www.reno-equipment.com\/product\/stainless-steel-electric-hot-plate\/#breadcrumb\"},\"inLanguage\":\"fr-FR\",\"potentialAction\":[{\"@type\":\"ReadAction\",\"target\":[\"https:\/\/www.reno-equipment.com\/product\/stainless-steel-electric-hot-plate\/\"]}]},{\"@type\":\"ImageObject\",\"inLanguage\":\"fr-FR\",\"@id\":\"https:\/\/www.reno-equipment.com\/product\/stainless-steel-electric-hot-plate\/#primaryimage\",\"url\":\"https:\/\/www.reno-equipment.com\/wp-content\/uploads\/2025\/08\/product_1-2.jpg\",\"contentUrl\":\"https:\/\/www.reno-equipment.com\/wp-content\/uploads\/2025\/08\/product_1-2.jpg\",\"width\":545,\"height\":355,\"caption\":\"Stainless Steel Hot Plate\"},{\"@type\":\"BreadcrumbList\",\"@id\":\"https:\/\/www.reno-equipment.com\/product\/stainless-steel-electric-hot-plate\/#breadcrumb\",\"itemListElement\":[{\"@type\":\"ListItem\",\"position\":1,\"name\":\"Home\",\"item\":\"https:\/\/www.reno-equipment.com\/\"},{\"@type\":\"ListItem\",\"position\":2,\"name\":\"Shop\",\"item\":\"https:\/\/www.reno-equipment.com\/shop\/\"},{\"@type\":\"ListItem\",\"position\":3,\"name\":\"Stainless Steel Hot Plate\"}]},{\"@type\":\"WebSite\",\"@id\":\"https:\/\/www.reno-equipment.com\/#website\",\"url\":\"https:\/\/www.reno-equipment.com\/\",\"name\":\"Hebei Ruinuo Instrument Co., Ltd\",\"description\":\"A Professional Laboraory Equipment Manufacturer And Supplier in China - Reno\",\"publisher\":{\"@id\":\"https:\/\/www.reno-equipment.com\/#organization\"},\"potentialAction\":[{\"@type\":\"SearchAction\",\"target\":{\"@type\":\"EntryPoint\",\"urlTemplate\":\"https:\/\/www.reno-equipment.com\/?s={search_term_string}\"},\"query-input\":{\"@type\":\"PropertyValueSpecification\",\"valueRequired\":true,\"valueName\":\"search_term_string\"}}],\"inLanguage\":\"fr-FR\"},{\"@type\":\"Organization\",\"@id\":\"https:\/\/www.reno-equipment.com\/#organization\",\"name\":\"Hebei Ruinuo Instrument Co., Ltd\",\"url\":\"https:\/\/www.reno-equipment.com\/\",\"logo\":{\"@type\":\"ImageObject\",\"inLanguage\":\"fr-FR\",\"@id\":\"https:\/\/www.reno-equipment.com\/#\/schema\/logo\/image\/\",\"url\":\"https:\/\/www.reno-equipment.com\/wp-content\/uploads\/2025\/07\/1720412797138216.png\",\"contentUrl\":\"https:\/\/www.reno-equipment.com\/wp-content\/uploads\/2025\/07\/1720412797138216.png\",\"width\":218,\"height\":50,\"caption\":\"Hebei Ruinuo Instrument Co., Ltd\"},\"image\":{\"@id\":\"https:\/\/www.reno-equipment.com\/#\/schema\/logo\/image\/\"},\"sameAs\":[\"https:\/\/www.facebook.com\/profile.php?id=61562344533538\"]}]}<\/script>\n<meta property=\"product:price:amount\" content=\"0.00\" \/>\n<meta property=\"product:price:currency\" content=\"SGD\" \/>\n<meta property=\"og:availability\" content=\"instock\" \/>\n<meta property=\"product:availability\" content=\"instock\" \/>\n<meta property=\"product:condition\" content=\"new\" \/>\n<!-- \/ Yoast SEO Premium plugin. -->","yoast_head_json":{"title":"Plaque chauffante en acier inoxydable - \u00c9quipement Reno","robots":{"index":"index","follow":"follow","max-snippet":"max-snippet:-1","max-image-preview":"max-image-preview:large","max-video-preview":"max-video-preview:-1"},"canonical":"https:\/\/www.reno-equipment.com\/fr\/produit\/stainless-steel-electric-hot-plate\/","og_locale":"fr_FR","og_type":"article","og_title":"Stainless Steel Hot Plate","og_description":"Suitable for drying,baking and other temperature test of goods in laboratories of industrial and mining enterprises,medical and health,environmental protection,biology,scientific research units to conduct chemical analysis ,physical determination,heat treatment.","og_url":"https:\/\/www.reno-equipment.com\/fr\/produit\/stainless-steel-electric-hot-plate\/","og_site_name":"Reno Equipment","article_publisher":"https:\/\/www.facebook.com\/profile.php?id=61562344533538","article_modified_time":"2025-11-08T11:44:59+00:00","og_image":[{"width":545,"height":355,"url":"https:\/\/www.reno-equipment.com\/wp-content\/uploads\/2025\/08\/product_1-2.jpg","type":"image\/jpeg"}],"twitter_card":"summary_large_image","twitter_misc":{"Prix":"","Disponibilit\u00e9":"En stock"},"schema":{"@context":"https:\/\/schema.org","@graph":[{"@type":"WebPage","@id":"https:\/\/www.reno-equipment.com\/product\/stainless-steel-electric-hot-plate\/","url":"https:\/\/www.reno-equipment.com\/product\/stainless-steel-electric-hot-plate\/","name":"Plaque chauffante en acier inoxydable - \u00c9quipement Reno","isPartOf":{"@id":"https:\/\/www.reno-equipment.com\/#website"},"primaryImageOfPage":{"@id":"https:\/\/www.reno-equipment.com\/product\/stainless-steel-electric-hot-plate\/#primaryimage"},"image":{"@id":"https:\/\/www.reno-equipment.com\/product\/stainless-steel-electric-hot-plate\/#primaryimage"},"thumbnailUrl":"https:\/\/www.reno-equipment.com\/wp-content\/uploads\/2025\/08\/product_1-2.jpg","datePublished":"2025-08-21T08:27:00+00:00","dateModified":"2025-11-08T11:44:59+00:00","breadcrumb":{"@id":"https:\/\/www.reno-equipment.com\/product\/stainless-steel-electric-hot-plate\/#breadcrumb"},"inLanguage":"fr-FR","potentialAction":[{"@type":"ReadAction","target":["https:\/\/www.reno-equipment.com\/product\/stainless-steel-electric-hot-plate\/"]}]},{"@type":"ImageObject","inLanguage":"fr-FR","@id":"https:\/\/www.reno-equipment.com\/product\/stainless-steel-electric-hot-plate\/#primaryimage","url":"https:\/\/www.reno-equipment.com\/wp-content\/uploads\/2025\/08\/product_1-2.jpg","contentUrl":"https:\/\/www.reno-equipment.com\/wp-content\/uploads\/2025\/08\/product_1-2.jpg","width":545,"height":355,"caption":"Stainless Steel Hot Plate"},{"@type":"BreadcrumbList","@id":"https:\/\/www.reno-equipment.com\/product\/stainless-steel-electric-hot-plate\/#breadcrumb","itemListElement":[{"@type":"ListItem","position":1,"name":"Home","item":"https:\/\/www.reno-equipment.com\/"},{"@type":"ListItem","position":2,"name":"Shop","item":"https:\/\/www.reno-equipment.com\/shop\/"},{"@type":"ListItem","position":3,"name":"Stainless Steel Hot Plate"}]},{"@type":"WebSite","@id":"https:\/\/www.reno-equipment.com\/#website","url":"https:\/\/www.reno-equipment.com\/","name":"Soci\u00e9t\u00e9 Hebei Ruinuo Instrument Co., Ltd","description":"Un fabricant et fournisseur d'\u00e9quipements de laboratoire professionnels en Chine - Reno","publisher":{"@id":"https:\/\/www.reno-equipment.com\/#organization"},"potentialAction":[{"@type":"SearchAction","target":{"@type":"EntryPoint","urlTemplate":"https:\/\/www.reno-equipment.com\/?s={search_term_string}"},"query-input":{"@type":"PropertyValueSpecification","valueRequired":true,"valueName":"search_term_string"}}],"inLanguage":"fr-FR"},{"@type":"Organization","@id":"https:\/\/www.reno-equipment.com\/#organization","name":"Soci\u00e9t\u00e9 Hebei Ruinuo Instrument Co., Ltd","url":"https:\/\/www.reno-equipment.com\/","logo":{"@type":"ImageObject","inLanguage":"fr-FR","@id":"https:\/\/www.reno-equipment.com\/#\/schema\/logo\/image\/","url":"https:\/\/www.reno-equipment.com\/wp-content\/uploads\/2025\/07\/1720412797138216.png","contentUrl":"https:\/\/www.reno-equipment.com\/wp-content\/uploads\/2025\/07\/1720412797138216.png","width":218,"height":50,"caption":"Hebei Ruinuo Instrument Co., Ltd"},"image":{"@id":"https:\/\/www.reno-equipment.com\/#\/schema\/logo\/image\/"},"sameAs":["https:\/\/www.facebook.com\/profile.php?id=61562344533538"]}]},"product_price_amount":"0.00","product_price_currency":"SGD","og_availability":"instock","product_availability":"instock","product_condition":"new"},"_links":{"self":[{"href":"https:\/\/www.reno-equipment.com\/fr\/wp-json\/wp\/v2\/product\/20751","targetHints":{"allow":["GET"]}}],"collection":[{"href":"https:\/\/www.reno-equipment.com\/fr\/wp-json\/wp\/v2\/product"}],"about":[{"href":"https:\/\/www.reno-equipment.com\/fr\/wp-json\/wp\/v2\/types\/product"}],"replies":[{"embeddable":true,"href":"https:\/\/www.reno-equipment.com\/fr\/wp-json\/wp\/v2\/comments?post=20751"}],"version-history":[{"count":0,"href":"https:\/\/www.reno-equipment.com\/fr\/wp-json\/wp\/v2\/product\/20751\/revisions"}],"wp:featuredmedia":[{"embeddable":true,"href":"https:\/\/www.reno-equipment.com\/fr\/wp-json\/wp\/v2\/media\/22001"}],"wp:attachment":[{"href":"https:\/\/www.reno-equipment.com\/fr\/wp-json\/wp\/v2\/media?parent=20751"}],"wp:term":[{"taxonomy":"product_brand","embeddable":true,"href":"https:\/\/www.reno-equipment.com\/fr\/wp-json\/wp\/v2\/product_brand?post=20751"},{"taxonomy":"product_cat","embeddable":true,"href":"https:\/\/www.reno-equipment.com\/fr\/wp-json\/wp\/v2\/product_cat?post=20751"},{"taxonomy":"product_tag","embeddable":true,"href":"https:\/\/www.reno-equipment.com\/fr\/wp-json\/wp\/v2\/product_tag?post=20751"}],"curies":[{"name":"wp","href":"https:\/\/api.w.org\/{rel}","templated":true}]}}