{"id":20520,"date":"2025-08-21T07:11:00","date_gmt":"2025-08-21T07:11:00","guid":{"rendered":"https:\/\/www.reno-equipment.com\/?post_type=product&#038;p=20520"},"modified":"2025-09-08T14:35:50","modified_gmt":"2025-09-08T14:35:50","slug":"intelligent-biochemical-incubator-2","status":"publish","type":"product","link":"https:\/\/www.reno-equipment.com\/fr\/produit\/intelligent-biochemical-incubator-2\/","title":{"rendered":"Incubateur Biologique Intelligent"},"content":{"rendered":"<p><strong>P<\/strong><strong>produit <\/strong><strong>O<\/strong><strong>aper\u00e7u<\/strong><\/p>\n<p>Ce produit convient aux d\u00e9partements de test et de production de la protection de l'environnement, de la sant\u00e9 et de la pr\u00e9vention des \u00e9pid\u00e9mies, du b\u00e9tail, des tests de m\u00e9dicaments, de l'aquaculture et d'autres instituts de recherche scientifique. C'est un \u00e9quipement \u00e0 temp\u00e9rature constante sp\u00e9cial pour l'analyse des milieux aquatiques, mesurant les bact\u00e9ries et les moisissures par le BOD, cultivant et pr\u00e9servant les microorganismes, cultivant des plantes et \u00e9levant.<\/p>\n<p><strong><b>P<\/b><\/strong><strong><b>produit <\/b><\/strong><strong><b>F<\/b><\/strong><strong><b>caract\u00e9ristique<\/b><\/strong><strong><b>s<\/b><\/strong><\/p>\n<ol>\n<li>Se conformer \u00e0 la tendance mondiale de la protection de l'environnement, nouveau design sans fluor.<\/li>\n<li>Le contr\u00f4le par programme de micro-ordinateur \u00e0 \u00e9cran LCD bleu peut pr\u00e9s\u00e9lectionner 30 sections de contr\u00f4le de temp\u00e9rature et d'humidit\u00e9, et peut mettre en \u0153uvre des \u00e9tapes r\u00e9p\u00e9t\u00e9es, ainsi qu'un fonctionnement automatique du programme de temp\u00e9rature et d'humidit\u00e9.<\/li>\n<li>La porte est \u00e9quip\u00e9e d'une fen\u00eatre d'observation en verre tremp\u00e9 creux pour une observation et une utilisation faciles.<\/li>\n<li>Contr\u00f4leur PID flou, petite fluctuation de la pr\u00e9cision du contr\u00f4le de la temp\u00e9rature, 99 cycles peuvent \u00eatre de 30 sections de temps de travail, le temps maximum peut \u00eatre de 9999 minutes.<\/li>\n<li>En utilisant un acier inoxydable en miroir pour le demi-cercle quadrangulaire sur-arc, le support de s\u00e9paration peut \u00eatre charg\u00e9 et d\u00e9charg\u00e9 librement, ce qui facilite le nettoyage du studio.<\/li>\n<li>La bo\u00eete est \u00e9quip\u00e9e d'un trou de test de 40 mm de diam\u00e8tre sur le c\u00f4t\u00e9 gauche, la prise de courant externe est fournie en standard, un c\u00e2blage arbitraire peut \u00eatre organis\u00e9 en fonction des besoins du lieu.<\/li>\n<li>La bo\u00eete peut commencer \u00e0 osciller dans une culture \u00e0 temp\u00e9rature constante une fois que l'oscillateur est mis \u00e0 l'int\u00e9rieur. Il y a une lampe dans la salle de travail, ce qui rend facile l'observation de l'exp\u00e9rience dans la salle de travail.<\/li>\n<li>Humidificateur ultrasonique de marque c\u00e9l\u00e8bre, desserrant un r\u00e9servoir d'eau de grande capacit\u00e9, avec fonction d'arr\u00eat de l'eau et de l'alimentation.<\/li>\n<li>Le capteur d'humidit\u00e9 est import\u00e9 pour \u00e9viter les probl\u00e8mes caus\u00e9s par le remplacement fr\u00e9quent des sph\u00e8res humides et s\u00e8ches.<\/li>\n<li>Compresseur de marque et ventilateur de circulation, concept de conception d'air fluide unique, pour assurer une temp\u00e9rature et une humidit\u00e9 uniformes dans le studio, afin d'\u00e9viter la volatilisation des \u00e9chantillons en raison d'un volume d'air excessif pendant l'exp\u00e9rience.<\/li>\n<li>Optionnel avec des fonctions telles que l'humidification interne, la communication 485, l'interface USB, l'imprimante, la protection contre les fuites<\/li>\n<\/ol>\n<p>&nbsp;<\/p>\n\n    <div class=\"xs_social_share_widget xs_share_url after_content \t\tmain_content  wslu-style-1 wslu-share-box-shaped wslu-fill-colored wslu-none wslu-share-horizontal wslu-theme-font-no wslu-main_content\">\n\n\t\t\n        <ul>\n\t\t\t        <\/ul>\n    <\/div>","protected":false},"excerpt":{"rendered":"<p>Ce produit convient aux d\u00e9partements de test et de production de la protection de l'environnement, de la sant\u00e9 et de la pr\u00e9vention des \u00e9pid\u00e9mies, du b\u00e9tail, des tests de m\u00e9dicaments, de l'aquaculture et d'autres instituts de recherche scientifique. C'est un \u00e9quipement \u00e0 temp\u00e9rature constante sp\u00e9cial pour l'analyse des milieux aquatiques, mesurant les bact\u00e9ries et les moisissures par le BOD, cultivant et pr\u00e9servant les microorganismes, cultivant des plantes et \u00e9levant.<\/p>","protected":false},"featured_media":22016,"comment_status":"open","ping_status":"closed","template":"","meta":{"_acf_changed":false,"inline_featured_image":false,"postBodyCss":"","postBodyMargin":[],"postBodyPadding":[],"postBodyBackground":{"backgroundType":"classic","gradient":""}},"product_brand":[],"product_cat":[66,126,145],"product_tag":[],"class_list":{"0":"post-20520","1":"product","2":"type-product","3":"status-publish","4":"has-post-thumbnail","6":"product_cat-products","7":"product_cat-incubators","8":"product_cat-cooling-incubators","10":"first","11":"instock","12":"shipping-taxable","13":"product-type-simple"},"acf":[],"yoast_head":"<!-- This site is optimized with the Yoast SEO Premium plugin v25.7.1 (Yoast SEO v25.7) - https:\/\/yoast.com\/wordpress\/plugins\/seo\/ -->\n<title>Intelligent Biochemical Incubator - Reno Equipment<\/title>\n<meta name=\"robots\" content=\"index, follow, max-snippet:-1, max-image-preview:large, max-video-preview:-1\" \/>\n<link rel=\"canonical\" href=\"https:\/\/www.reno-equipment.com\/fr\/produit\/intelligent-biochemical-incubator-2\/\" \/>\n<meta property=\"og:locale\" content=\"fr_FR\" \/>\n<meta property=\"og:type\" content=\"article\" \/>\n<meta property=\"og:title\" content=\"Intelligent Biochemical Incubator\" \/>\n<meta property=\"og:description\" content=\"This\u00a0product\u00a0Suitable for\u00a0testing and production departments of environmental protection, health and epidemic prevention, livestock, drug testing, aquaculture and other scientific research institutes, is the special constant temperature equipment for water body analysis, measuring bacteria and mold by BOD, culturing and preserving microorganisms,cultivating plants and breeding.\" \/>\n<meta property=\"og:url\" content=\"https:\/\/www.reno-equipment.com\/fr\/produit\/intelligent-biochemical-incubator-2\/\" \/>\n<meta property=\"og:site_name\" content=\"Reno Equipment\" \/>\n<meta property=\"article:publisher\" content=\"https:\/\/www.facebook.com\/profile.php?id=61562344533538\" \/>\n<meta property=\"article:modified_time\" content=\"2025-09-08T14:35:50+00:00\" \/>\n<meta property=\"og:image\" content=\"https:\/\/www.reno-equipment.com\/wp-content\/uploads\/2025\/08\/product_1_banner.jpg\" \/>\n\t<meta property=\"og:image:width\" content=\"285\" \/>\n\t<meta property=\"og:image:height\" content=\"399\" \/>\n\t<meta property=\"og:image:type\" content=\"image\/jpeg\" \/>\n<meta name=\"twitter:card\" content=\"summary_large_image\" \/>\n<meta name=\"twitter:label1\" content=\"Prix\" \/>\n\t<meta name=\"twitter:data1\" content=\"\" \/>\n\t<meta name=\"twitter:label2\" content=\"Disponibilit\u00e9\" \/>\n\t<meta name=\"twitter:data2\" content=\"En stock\" \/>\n<script type=\"application\/ld+json\" class=\"yoast-schema-graph\">{\"@context\":\"https:\/\/schema.org\",\"@graph\":[{\"@type\":\"WebPage\",\"@id\":\"https:\/\/www.reno-equipment.com\/product\/intelligent-biochemical-incubator-2\/\",\"url\":\"https:\/\/www.reno-equipment.com\/product\/intelligent-biochemical-incubator-2\/\",\"name\":\"Intelligent Biochemical Incubator - Reno Equipment\",\"isPartOf\":{\"@id\":\"https:\/\/www.reno-equipment.com\/#website\"},\"primaryImageOfPage\":{\"@id\":\"https:\/\/www.reno-equipment.com\/product\/intelligent-biochemical-incubator-2\/#primaryimage\"},\"image\":{\"@id\":\"https:\/\/www.reno-equipment.com\/product\/intelligent-biochemical-incubator-2\/#primaryimage\"},\"thumbnailUrl\":\"https:\/\/www.reno-equipment.com\/wp-content\/uploads\/2025\/08\/product_1_banner.jpg\",\"datePublished\":\"2025-08-21T07:11:00+00:00\",\"dateModified\":\"2025-09-08T14:35:50+00:00\",\"breadcrumb\":{\"@id\":\"https:\/\/www.reno-equipment.com\/product\/intelligent-biochemical-incubator-2\/#breadcrumb\"},\"inLanguage\":\"fr-FR\",\"potentialAction\":[{\"@type\":\"ReadAction\",\"target\":[\"https:\/\/www.reno-equipment.com\/product\/intelligent-biochemical-incubator-2\/\"]}]},{\"@type\":\"ImageObject\",\"inLanguage\":\"fr-FR\",\"@id\":\"https:\/\/www.reno-equipment.com\/product\/intelligent-biochemical-incubator-2\/#primaryimage\",\"url\":\"https:\/\/www.reno-equipment.com\/wp-content\/uploads\/2025\/08\/product_1_banner.jpg\",\"contentUrl\":\"https:\/\/www.reno-equipment.com\/wp-content\/uploads\/2025\/08\/product_1_banner.jpg\",\"width\":285,\"height\":399,\"caption\":\"Intelligent Biochemical Incubator\"},{\"@type\":\"BreadcrumbList\",\"@id\":\"https:\/\/www.reno-equipment.com\/product\/intelligent-biochemical-incubator-2\/#breadcrumb\",\"itemListElement\":[{\"@type\":\"ListItem\",\"position\":1,\"name\":\"Home\",\"item\":\"https:\/\/www.reno-equipment.com\/\"},{\"@type\":\"ListItem\",\"position\":2,\"name\":\"Shop\",\"item\":\"https:\/\/www.reno-equipment.com\/shop\/\"},{\"@type\":\"ListItem\",\"position\":3,\"name\":\"Intelligent Biochemical Incubator\"}]},{\"@type\":\"WebSite\",\"@id\":\"https:\/\/www.reno-equipment.com\/#website\",\"url\":\"https:\/\/www.reno-equipment.com\/\",\"name\":\"Hebei Ruinuo Instrument Co., Ltd\",\"description\":\"A Professional Laboraory Equipment Manufacturer And Supplier in China - Reno\",\"publisher\":{\"@id\":\"https:\/\/www.reno-equipment.com\/#organization\"},\"potentialAction\":[{\"@type\":\"SearchAction\",\"target\":{\"@type\":\"EntryPoint\",\"urlTemplate\":\"https:\/\/www.reno-equipment.com\/?s={search_term_string}\"},\"query-input\":{\"@type\":\"PropertyValueSpecification\",\"valueRequired\":true,\"valueName\":\"search_term_string\"}}],\"inLanguage\":\"fr-FR\"},{\"@type\":\"Organization\",\"@id\":\"https:\/\/www.reno-equipment.com\/#organization\",\"name\":\"Hebei Ruinuo Instrument Co., Ltd\",\"url\":\"https:\/\/www.reno-equipment.com\/\",\"logo\":{\"@type\":\"ImageObject\",\"inLanguage\":\"fr-FR\",\"@id\":\"https:\/\/www.reno-equipment.com\/#\/schema\/logo\/image\/\",\"url\":\"https:\/\/www.reno-equipment.com\/wp-content\/uploads\/2025\/07\/1720412797138216.png\",\"contentUrl\":\"https:\/\/www.reno-equipment.com\/wp-content\/uploads\/2025\/07\/1720412797138216.png\",\"width\":218,\"height\":50,\"caption\":\"Hebei Ruinuo Instrument Co., Ltd\"},\"image\":{\"@id\":\"https:\/\/www.reno-equipment.com\/#\/schema\/logo\/image\/\"},\"sameAs\":[\"https:\/\/www.facebook.com\/profile.php?id=61562344533538\"]}]}<\/script>\n<meta property=\"product:price:amount\" content=\"0.00\" \/>\n<meta property=\"product:price:currency\" content=\"SGD\" \/>\n<meta property=\"og:availability\" content=\"instock\" \/>\n<meta property=\"product:availability\" content=\"instock\" \/>\n<meta property=\"product:condition\" content=\"new\" \/>\n<!-- \/ Yoast SEO Premium plugin. -->","yoast_head_json":{"title":"Incubateur biochimique intelligent - \u00c9quipement Reno","robots":{"index":"index","follow":"follow","max-snippet":"max-snippet:-1","max-image-preview":"max-image-preview:large","max-video-preview":"max-video-preview:-1"},"canonical":"https:\/\/www.reno-equipment.com\/fr\/produit\/intelligent-biochemical-incubator-2\/","og_locale":"fr_FR","og_type":"article","og_title":"Intelligent Biochemical Incubator","og_description":"This\u00a0product\u00a0Suitable for\u00a0testing and production departments of environmental protection, health and epidemic prevention, livestock, drug testing, aquaculture and other scientific research institutes, is the special constant temperature equipment for water body analysis, measuring bacteria and mold by BOD, culturing and preserving microorganisms,cultivating plants and breeding.","og_url":"https:\/\/www.reno-equipment.com\/fr\/produit\/intelligent-biochemical-incubator-2\/","og_site_name":"Reno Equipment","article_publisher":"https:\/\/www.facebook.com\/profile.php?id=61562344533538","article_modified_time":"2025-09-08T14:35:50+00:00","og_image":[{"width":285,"height":399,"url":"https:\/\/www.reno-equipment.com\/wp-content\/uploads\/2025\/08\/product_1_banner.jpg","type":"image\/jpeg"}],"twitter_card":"summary_large_image","twitter_misc":{"Prix":"","Disponibilit\u00e9":"En stock"},"schema":{"@context":"https:\/\/schema.org","@graph":[{"@type":"WebPage","@id":"https:\/\/www.reno-equipment.com\/product\/intelligent-biochemical-incubator-2\/","url":"https:\/\/www.reno-equipment.com\/product\/intelligent-biochemical-incubator-2\/","name":"Incubateur biochimique intelligent - \u00c9quipement Reno","isPartOf":{"@id":"https:\/\/www.reno-equipment.com\/#website"},"primaryImageOfPage":{"@id":"https:\/\/www.reno-equipment.com\/product\/intelligent-biochemical-incubator-2\/#primaryimage"},"image":{"@id":"https:\/\/www.reno-equipment.com\/product\/intelligent-biochemical-incubator-2\/#primaryimage"},"thumbnailUrl":"https:\/\/www.reno-equipment.com\/wp-content\/uploads\/2025\/08\/product_1_banner.jpg","datePublished":"2025-08-21T07:11:00+00:00","dateModified":"2025-09-08T14:35:50+00:00","breadcrumb":{"@id":"https:\/\/www.reno-equipment.com\/product\/intelligent-biochemical-incubator-2\/#breadcrumb"},"inLanguage":"fr-FR","potentialAction":[{"@type":"ReadAction","target":["https:\/\/www.reno-equipment.com\/product\/intelligent-biochemical-incubator-2\/"]}]},{"@type":"ImageObject","inLanguage":"fr-FR","@id":"https:\/\/www.reno-equipment.com\/product\/intelligent-biochemical-incubator-2\/#primaryimage","url":"https:\/\/www.reno-equipment.com\/wp-content\/uploads\/2025\/08\/product_1_banner.jpg","contentUrl":"https:\/\/www.reno-equipment.com\/wp-content\/uploads\/2025\/08\/product_1_banner.jpg","width":285,"height":399,"caption":"Intelligent Biochemical Incubator"},{"@type":"BreadcrumbList","@id":"https:\/\/www.reno-equipment.com\/product\/intelligent-biochemical-incubator-2\/#breadcrumb","itemListElement":[{"@type":"ListItem","position":1,"name":"Home","item":"https:\/\/www.reno-equipment.com\/"},{"@type":"ListItem","position":2,"name":"Shop","item":"https:\/\/www.reno-equipment.com\/shop\/"},{"@type":"ListItem","position":3,"name":"Intelligent Biochemical Incubator"}]},{"@type":"WebSite","@id":"https:\/\/www.reno-equipment.com\/#website","url":"https:\/\/www.reno-equipment.com\/","name":"Soci\u00e9t\u00e9 Hebei Ruinuo Instrument Co., Ltd","description":"Un fabricant et fournisseur d'\u00e9quipements de laboratoire professionnels en Chine - Reno","publisher":{"@id":"https:\/\/www.reno-equipment.com\/#organization"},"potentialAction":[{"@type":"SearchAction","target":{"@type":"EntryPoint","urlTemplate":"https:\/\/www.reno-equipment.com\/?s={search_term_string}"},"query-input":{"@type":"PropertyValueSpecification","valueRequired":true,"valueName":"search_term_string"}}],"inLanguage":"fr-FR"},{"@type":"Organization","@id":"https:\/\/www.reno-equipment.com\/#organization","name":"Soci\u00e9t\u00e9 Hebei Ruinuo Instrument Co., Ltd","url":"https:\/\/www.reno-equipment.com\/","logo":{"@type":"ImageObject","inLanguage":"fr-FR","@id":"https:\/\/www.reno-equipment.com\/#\/schema\/logo\/image\/","url":"https:\/\/www.reno-equipment.com\/wp-content\/uploads\/2025\/07\/1720412797138216.png","contentUrl":"https:\/\/www.reno-equipment.com\/wp-content\/uploads\/2025\/07\/1720412797138216.png","width":218,"height":50,"caption":"Hebei Ruinuo Instrument Co., Ltd"},"image":{"@id":"https:\/\/www.reno-equipment.com\/#\/schema\/logo\/image\/"},"sameAs":["https:\/\/www.facebook.com\/profile.php?id=61562344533538"]}]},"product_price_amount":"0.00","product_price_currency":"SGD","og_availability":"instock","product_availability":"instock","product_condition":"new"},"_links":{"self":[{"href":"https:\/\/www.reno-equipment.com\/fr\/wp-json\/wp\/v2\/product\/20520","targetHints":{"allow":["GET"]}}],"collection":[{"href":"https:\/\/www.reno-equipment.com\/fr\/wp-json\/wp\/v2\/product"}],"about":[{"href":"https:\/\/www.reno-equipment.com\/fr\/wp-json\/wp\/v2\/types\/product"}],"replies":[{"embeddable":true,"href":"https:\/\/www.reno-equipment.com\/fr\/wp-json\/wp\/v2\/comments?post=20520"}],"version-history":[{"count":0,"href":"https:\/\/www.reno-equipment.com\/fr\/wp-json\/wp\/v2\/product\/20520\/revisions"}],"wp:featuredmedia":[{"embeddable":true,"href":"https:\/\/www.reno-equipment.com\/fr\/wp-json\/wp\/v2\/media\/22016"}],"wp:attachment":[{"href":"https:\/\/www.reno-equipment.com\/fr\/wp-json\/wp\/v2\/media?parent=20520"}],"wp:term":[{"taxonomy":"product_brand","embeddable":true,"href":"https:\/\/www.reno-equipment.com\/fr\/wp-json\/wp\/v2\/product_brand?post=20520"},{"taxonomy":"product_cat","embeddable":true,"href":"https:\/\/www.reno-equipment.com\/fr\/wp-json\/wp\/v2\/product_cat?post=20520"},{"taxonomy":"product_tag","embeddable":true,"href":"https:\/\/www.reno-equipment.com\/fr\/wp-json\/wp\/v2\/product_tag?post=20520"}],"curies":[{"name":"wp","href":"https:\/\/api.w.org\/{rel}","templated":true}]}}