{"id":20457,"date":"2025-08-21T07:07:00","date_gmt":"2025-08-21T07:07:00","guid":{"rendered":"https:\/\/www.reno-equipment.com\/?post_type=product&#038;p=20457"},"modified":"2025-09-08T22:05:22","modified_gmt":"2025-09-08T22:05:22","slug":"far-infrared-microcrystalline-hot-plate","status":"publish","type":"product","link":"https:\/\/www.reno-equipment.com\/fr\/produit\/far-infrared-microcrystalline-hot-plate\/","title":{"rendered":"Plaque chauffante microcristalline infrarouge lointain"},"content":{"rendered":"<p><strong><b>Aper\u00e7u du produit :<\/b><\/strong><\/p>\n<p>Convient pour le son, le s\u00e9chage et d'autres exp\u00e9riences de temp\u00e9rature des marchandises dans des laboratoires tels que les entreprises industrielles et mini\u00e8res, la sant\u00e9 m\u00e9dicale, la protection de l'environnement, la biochimie, les unit\u00e9s de recherche, etc. pour l'analyse chimique et le traitement thermique.<\/p>\n<p><strong><b>Produit <\/b><\/strong><strong><b>Caract\u00e9ristiques<\/b><\/strong><strong><b>:<\/b><\/strong><\/p>\n<ol>\n<li>Ce produit est fabriqu\u00e9 en acier lamin\u00e9 \u00e0 froid de qualit\u00e9 par proc\u00e9d\u00e9 de stamping, la surface est trait\u00e9e par pulv\u00e9risation \u00e9lectrostatique. La plaque est import\u00e9e d'Allemagne et fabriqu\u00e9e en micro-cristallin, ce qui am\u00e9liore consid\u00e9rablement la r\u00e9sistance \u00e0 la corrosion.<\/li>\n<li>Peut emp\u00eacher la r\u00f4tisserie directe par feu ouvert, avec les avantages de ne pas avoir de flamme, pas de poussi\u00e8re, un chauffage rapide, une temp\u00e9rature uniforme, en toute s\u00e9curit\u00e9 et fiabilit\u00e9.<\/li>\n<li>Avec des fonctions de double temporisation, un arr\u00eat d'urgence de l'alimentation, \u00e9quip\u00e9 d'une protection contre les fuites.<\/li>\n<li>Contr\u00f4le automatique de la temp\u00e9rature de l'instrument, correction du temps de d\u00e9viation de la temp\u00e9rature, ajustement de la puissance, alarme de coupure de puissance en cas de surchauffe et fonction de communication.<\/li>\n<li>L'instrument est \u00e9quip\u00e9 d'une fonction de contr\u00f4le de communication par ordinateur, qui peut \u00eatre branch\u00e9e \u00e0 l'ordinateur et contr\u00f4l\u00e9e par celui-ci.<\/li>\n<\/ol>\n<p>&nbsp;<\/p>\n<p>&nbsp;<\/p>\n<p>&nbsp;<\/p>\n<p>&nbsp;<\/p>\n<p>&nbsp;<\/p>\n\n    <div class=\"xs_social_share_widget xs_share_url after_content \t\tmain_content  wslu-style-1 wslu-share-box-shaped wslu-fill-colored wslu-none wslu-share-horizontal wslu-theme-font-no wslu-main_content\">\n\n\t\t\n        <ul>\n\t\t\t        <\/ul>\n    <\/div>","protected":false},"excerpt":{"rendered":"<p>Convient pour le son, le s\u00e9chage et d'autres exp\u00e9riences de temp\u00e9rature des marchandises dans des laboratoires tels que les entreprises industrielles et mini\u00e8res, la sant\u00e9 m\u00e9dicale, la protection de l'environnement, la biochimie, les unit\u00e9s de recherche, etc. pour l'analyse chimique et le traitement thermique.<\/p>","protected":false},"featured_media":22019,"comment_status":"open","ping_status":"closed","template":"","meta":{"_acf_changed":false,"inline_featured_image":false,"postBodyCss":"","postBodyMargin":[],"postBodyPadding":[],"postBodyBackground":{"backgroundType":"classic","gradient":""}},"product_brand":[],"product_cat":[174,168,66],"product_tag":[],"class_list":{"0":"post-20457","1":"product","2":"type-product","3":"status-publish","4":"has-post-thumbnail","6":"product_cat-far-infrared-hot-plates","7":"product_cat-hot-plates","8":"product_cat-products","10":"first","11":"instock","12":"shipping-taxable","13":"product-type-simple"},"acf":[],"yoast_head":"<!-- This site is optimized with the Yoast SEO Premium plugin v25.7.1 (Yoast SEO v25.7) - https:\/\/yoast.com\/wordpress\/plugins\/seo\/ -->\n<title>Far Infrared Microcrystalline Hot Plate - Reno Equipment<\/title>\n<meta name=\"robots\" content=\"index, follow, max-snippet:-1, max-image-preview:large, max-video-preview:-1\" \/>\n<link rel=\"canonical\" href=\"https:\/\/www.reno-equipment.com\/fr\/produit\/far-infrared-microcrystalline-hot-plate\/\" \/>\n<meta property=\"og:locale\" content=\"fr_FR\" \/>\n<meta property=\"og:type\" content=\"article\" \/>\n<meta property=\"og:title\" content=\"Far Infrared Microcrystalline Hot Plate\" \/>\n<meta property=\"og:description\" content=\"Suitable for barking,drying and other temperature experiment of goods in laboratories such industrial and mining enterprises,medical and health,environmental protection ,biochemical,research units etc. for chemical analysis ,heat treatment .\" \/>\n<meta property=\"og:url\" content=\"https:\/\/www.reno-equipment.com\/fr\/produit\/far-infrared-microcrystalline-hot-plate\/\" \/>\n<meta property=\"og:site_name\" content=\"Reno Equipment\" \/>\n<meta property=\"article:publisher\" content=\"https:\/\/www.facebook.com\/profile.php?id=61562344533538\" \/>\n<meta property=\"article:modified_time\" content=\"2025-09-08T22:05:22+00:00\" \/>\n<meta property=\"og:image\" content=\"https:\/\/www.reno-equipment.com\/wp-content\/uploads\/2025\/08\/product_1-7.jpg\" \/>\n\t<meta property=\"og:image:width\" content=\"630\" \/>\n\t<meta property=\"og:image:height\" content=\"409\" \/>\n\t<meta property=\"og:image:type\" content=\"image\/jpeg\" \/>\n<meta name=\"twitter:card\" content=\"summary_large_image\" \/>\n<meta name=\"twitter:label1\" content=\"Prix\" \/>\n\t<meta name=\"twitter:data1\" content=\"\" \/>\n\t<meta name=\"twitter:label2\" content=\"Disponibilit\u00e9\" \/>\n\t<meta name=\"twitter:data2\" content=\"En stock\" \/>\n<script type=\"application\/ld+json\" class=\"yoast-schema-graph\">{\"@context\":\"https:\/\/schema.org\",\"@graph\":[{\"@type\":\"WebPage\",\"@id\":\"https:\/\/www.reno-equipment.com\/product\/far-infrared-microcrystalline-hot-plate\/\",\"url\":\"https:\/\/www.reno-equipment.com\/product\/far-infrared-microcrystalline-hot-plate\/\",\"name\":\"Far Infrared Microcrystalline Hot Plate - Reno Equipment\",\"isPartOf\":{\"@id\":\"https:\/\/www.reno-equipment.com\/#website\"},\"primaryImageOfPage\":{\"@id\":\"https:\/\/www.reno-equipment.com\/product\/far-infrared-microcrystalline-hot-plate\/#primaryimage\"},\"image\":{\"@id\":\"https:\/\/www.reno-equipment.com\/product\/far-infrared-microcrystalline-hot-plate\/#primaryimage\"},\"thumbnailUrl\":\"https:\/\/www.reno-equipment.com\/wp-content\/uploads\/2025\/08\/product_1-7.jpg\",\"datePublished\":\"2025-08-21T07:07:00+00:00\",\"dateModified\":\"2025-09-08T22:05:22+00:00\",\"breadcrumb\":{\"@id\":\"https:\/\/www.reno-equipment.com\/product\/far-infrared-microcrystalline-hot-plate\/#breadcrumb\"},\"inLanguage\":\"fr-FR\",\"potentialAction\":[{\"@type\":\"ReadAction\",\"target\":[\"https:\/\/www.reno-equipment.com\/product\/far-infrared-microcrystalline-hot-plate\/\"]}]},{\"@type\":\"ImageObject\",\"inLanguage\":\"fr-FR\",\"@id\":\"https:\/\/www.reno-equipment.com\/product\/far-infrared-microcrystalline-hot-plate\/#primaryimage\",\"url\":\"https:\/\/www.reno-equipment.com\/wp-content\/uploads\/2025\/08\/product_1-7.jpg\",\"contentUrl\":\"https:\/\/www.reno-equipment.com\/wp-content\/uploads\/2025\/08\/product_1-7.jpg\",\"width\":630,\"height\":409,\"caption\":\"Far Infrared Microcrystalline Hot Plate\"},{\"@type\":\"BreadcrumbList\",\"@id\":\"https:\/\/www.reno-equipment.com\/product\/far-infrared-microcrystalline-hot-plate\/#breadcrumb\",\"itemListElement\":[{\"@type\":\"ListItem\",\"position\":1,\"name\":\"Home\",\"item\":\"https:\/\/www.reno-equipment.com\/\"},{\"@type\":\"ListItem\",\"position\":2,\"name\":\"Shop\",\"item\":\"https:\/\/www.reno-equipment.com\/shop\/\"},{\"@type\":\"ListItem\",\"position\":3,\"name\":\"Far Infrared Microcrystalline Hot Plate\"}]},{\"@type\":\"WebSite\",\"@id\":\"https:\/\/www.reno-equipment.com\/#website\",\"url\":\"https:\/\/www.reno-equipment.com\/\",\"name\":\"Hebei Ruinuo Instrument Co., Ltd\",\"description\":\"A Professional Laboraory Equipment Manufacturer And Supplier in China - Reno\",\"publisher\":{\"@id\":\"https:\/\/www.reno-equipment.com\/#organization\"},\"potentialAction\":[{\"@type\":\"SearchAction\",\"target\":{\"@type\":\"EntryPoint\",\"urlTemplate\":\"https:\/\/www.reno-equipment.com\/?s={search_term_string}\"},\"query-input\":{\"@type\":\"PropertyValueSpecification\",\"valueRequired\":true,\"valueName\":\"search_term_string\"}}],\"inLanguage\":\"fr-FR\"},{\"@type\":\"Organization\",\"@id\":\"https:\/\/www.reno-equipment.com\/#organization\",\"name\":\"Hebei Ruinuo Instrument Co., Ltd\",\"url\":\"https:\/\/www.reno-equipment.com\/\",\"logo\":{\"@type\":\"ImageObject\",\"inLanguage\":\"fr-FR\",\"@id\":\"https:\/\/www.reno-equipment.com\/#\/schema\/logo\/image\/\",\"url\":\"https:\/\/www.reno-equipment.com\/wp-content\/uploads\/2025\/07\/1720412797138216.png\",\"contentUrl\":\"https:\/\/www.reno-equipment.com\/wp-content\/uploads\/2025\/07\/1720412797138216.png\",\"width\":218,\"height\":50,\"caption\":\"Hebei Ruinuo Instrument Co., Ltd\"},\"image\":{\"@id\":\"https:\/\/www.reno-equipment.com\/#\/schema\/logo\/image\/\"},\"sameAs\":[\"https:\/\/www.facebook.com\/profile.php?id=61562344533538\"]}]}<\/script>\n<meta property=\"product:price:amount\" content=\"0.00\" \/>\n<meta property=\"product:price:currency\" content=\"SGD\" \/>\n<meta property=\"og:availability\" content=\"instock\" \/>\n<meta property=\"product:availability\" content=\"instock\" \/>\n<meta property=\"product:condition\" content=\"new\" \/>\n<!-- \/ Yoast SEO Premium plugin. -->","yoast_head_json":{"title":"Plaque chauffante microcristalline infrarouge lointain - \u00c9quipement Reno","robots":{"index":"index","follow":"follow","max-snippet":"max-snippet:-1","max-image-preview":"max-image-preview:large","max-video-preview":"max-video-preview:-1"},"canonical":"https:\/\/www.reno-equipment.com\/fr\/produit\/far-infrared-microcrystalline-hot-plate\/","og_locale":"fr_FR","og_type":"article","og_title":"Far Infrared Microcrystalline Hot Plate","og_description":"Suitable for barking,drying and other temperature experiment of goods in laboratories such industrial and mining enterprises,medical and health,environmental protection ,biochemical,research units etc. for chemical analysis ,heat treatment .","og_url":"https:\/\/www.reno-equipment.com\/fr\/produit\/far-infrared-microcrystalline-hot-plate\/","og_site_name":"Reno Equipment","article_publisher":"https:\/\/www.facebook.com\/profile.php?id=61562344533538","article_modified_time":"2025-09-08T22:05:22+00:00","og_image":[{"width":630,"height":409,"url":"https:\/\/www.reno-equipment.com\/wp-content\/uploads\/2025\/08\/product_1-7.jpg","type":"image\/jpeg"}],"twitter_card":"summary_large_image","twitter_misc":{"Prix":"","Disponibilit\u00e9":"En stock"},"schema":{"@context":"https:\/\/schema.org","@graph":[{"@type":"WebPage","@id":"https:\/\/www.reno-equipment.com\/product\/far-infrared-microcrystalline-hot-plate\/","url":"https:\/\/www.reno-equipment.com\/product\/far-infrared-microcrystalline-hot-plate\/","name":"Plaque chauffante microcristalline infrarouge lointain - \u00c9quipement Reno","isPartOf":{"@id":"https:\/\/www.reno-equipment.com\/#website"},"primaryImageOfPage":{"@id":"https:\/\/www.reno-equipment.com\/product\/far-infrared-microcrystalline-hot-plate\/#primaryimage"},"image":{"@id":"https:\/\/www.reno-equipment.com\/product\/far-infrared-microcrystalline-hot-plate\/#primaryimage"},"thumbnailUrl":"https:\/\/www.reno-equipment.com\/wp-content\/uploads\/2025\/08\/product_1-7.jpg","datePublished":"2025-08-21T07:07:00+00:00","dateModified":"2025-09-08T22:05:22+00:00","breadcrumb":{"@id":"https:\/\/www.reno-equipment.com\/product\/far-infrared-microcrystalline-hot-plate\/#breadcrumb"},"inLanguage":"fr-FR","potentialAction":[{"@type":"ReadAction","target":["https:\/\/www.reno-equipment.com\/product\/far-infrared-microcrystalline-hot-plate\/"]}]},{"@type":"ImageObject","inLanguage":"fr-FR","@id":"https:\/\/www.reno-equipment.com\/product\/far-infrared-microcrystalline-hot-plate\/#primaryimage","url":"https:\/\/www.reno-equipment.com\/wp-content\/uploads\/2025\/08\/product_1-7.jpg","contentUrl":"https:\/\/www.reno-equipment.com\/wp-content\/uploads\/2025\/08\/product_1-7.jpg","width":630,"height":409,"caption":"Far Infrared Microcrystalline Hot Plate"},{"@type":"BreadcrumbList","@id":"https:\/\/www.reno-equipment.com\/product\/far-infrared-microcrystalline-hot-plate\/#breadcrumb","itemListElement":[{"@type":"ListItem","position":1,"name":"Home","item":"https:\/\/www.reno-equipment.com\/"},{"@type":"ListItem","position":2,"name":"Shop","item":"https:\/\/www.reno-equipment.com\/shop\/"},{"@type":"ListItem","position":3,"name":"Far Infrared Microcrystalline Hot Plate"}]},{"@type":"WebSite","@id":"https:\/\/www.reno-equipment.com\/#website","url":"https:\/\/www.reno-equipment.com\/","name":"Soci\u00e9t\u00e9 Hebei Ruinuo Instrument Co., Ltd","description":"Un fabricant et fournisseur d'\u00e9quipements de laboratoire professionnels en Chine - Reno","publisher":{"@id":"https:\/\/www.reno-equipment.com\/#organization"},"potentialAction":[{"@type":"SearchAction","target":{"@type":"EntryPoint","urlTemplate":"https:\/\/www.reno-equipment.com\/?s={search_term_string}"},"query-input":{"@type":"PropertyValueSpecification","valueRequired":true,"valueName":"search_term_string"}}],"inLanguage":"fr-FR"},{"@type":"Organization","@id":"https:\/\/www.reno-equipment.com\/#organization","name":"Soci\u00e9t\u00e9 Hebei Ruinuo Instrument Co., Ltd","url":"https:\/\/www.reno-equipment.com\/","logo":{"@type":"ImageObject","inLanguage":"fr-FR","@id":"https:\/\/www.reno-equipment.com\/#\/schema\/logo\/image\/","url":"https:\/\/www.reno-equipment.com\/wp-content\/uploads\/2025\/07\/1720412797138216.png","contentUrl":"https:\/\/www.reno-equipment.com\/wp-content\/uploads\/2025\/07\/1720412797138216.png","width":218,"height":50,"caption":"Hebei Ruinuo Instrument Co., Ltd"},"image":{"@id":"https:\/\/www.reno-equipment.com\/#\/schema\/logo\/image\/"},"sameAs":["https:\/\/www.facebook.com\/profile.php?id=61562344533538"]}]},"product_price_amount":"0.00","product_price_currency":"SGD","og_availability":"instock","product_availability":"instock","product_condition":"new"},"_links":{"self":[{"href":"https:\/\/www.reno-equipment.com\/fr\/wp-json\/wp\/v2\/product\/20457","targetHints":{"allow":["GET"]}}],"collection":[{"href":"https:\/\/www.reno-equipment.com\/fr\/wp-json\/wp\/v2\/product"}],"about":[{"href":"https:\/\/www.reno-equipment.com\/fr\/wp-json\/wp\/v2\/types\/product"}],"replies":[{"embeddable":true,"href":"https:\/\/www.reno-equipment.com\/fr\/wp-json\/wp\/v2\/comments?post=20457"}],"version-history":[{"count":0,"href":"https:\/\/www.reno-equipment.com\/fr\/wp-json\/wp\/v2\/product\/20457\/revisions"}],"wp:featuredmedia":[{"embeddable":true,"href":"https:\/\/www.reno-equipment.com\/fr\/wp-json\/wp\/v2\/media\/22019"}],"wp:attachment":[{"href":"https:\/\/www.reno-equipment.com\/fr\/wp-json\/wp\/v2\/media?parent=20457"}],"wp:term":[{"taxonomy":"product_brand","embeddable":true,"href":"https:\/\/www.reno-equipment.com\/fr\/wp-json\/wp\/v2\/product_brand?post=20457"},{"taxonomy":"product_cat","embeddable":true,"href":"https:\/\/www.reno-equipment.com\/fr\/wp-json\/wp\/v2\/product_cat?post=20457"},{"taxonomy":"product_tag","embeddable":true,"href":"https:\/\/www.reno-equipment.com\/fr\/wp-json\/wp\/v2\/product_tag?post=20457"}],"curies":[{"name":"wp","href":"https:\/\/api.w.org\/{rel}","templated":true}]}}