{"id":20423,"date":"2025-08-21T07:05:00","date_gmt":"2025-08-21T07:05:00","guid":{"rendered":"https:\/\/www.reno-equipment.com\/?post_type=product&#038;p=20423"},"modified":"2025-09-08T22:18:30","modified_gmt":"2025-09-08T22:18:30","slug":"e-pro-biochemical-incubator-3","status":"publish","type":"product","link":"https:\/\/www.reno-equipment.com\/fr\/produit\/e-pro-biochemical-incubator-3\/","title":{"rendered":"Incubateur Biologique E-Pro"},"content":{"rendered":"<p><strong>P<\/strong><strong>produit <\/strong><strong>O<\/strong><strong>aper\u00e7u<\/strong><\/p>\n<p>Ce produit convient aux d\u00e9partements de test et de production de la protection de l'environnement, de la sant\u00e9 et de la pr\u00e9vention des \u00e9pid\u00e9mies, du b\u00e9tail, des tests de m\u00e9dicaments, de l'aquaculture et d'autres instituts de recherche scientifique. C'est un \u00e9quipement \u00e0 temp\u00e9rature constante sp\u00e9cial pour l'analyse des milieux aquatiques, mesurant les bact\u00e9ries et les moisissures par le BOD, cultivant et pr\u00e9servant les microorganismes, cultivant des plantes et \u00e9levant.<\/p>\n<p><strong><b>P<\/b><\/strong><strong><b>produit <\/b><\/strong><strong><b>F<\/b><\/strong><strong><b>caract\u00e9ristique<\/b><\/strong><strong><b>s<\/b><\/strong><\/p>\n<ol>\n<li>Se conformer \u00e0 la tendance mondiale de la protection de l'environnement, nouveau design sans fluor.<\/li>\n<li>interface d'op\u00e9ration \u00e0 \u00e9cran LCD tactile pour plusieurs groupes de donn\u00e9es ensemble, facile \u00e0 comprendre, \u00e0 observer et \u00e0 utiliser<\/li>\n<li>Utilisant un arc semi-circulaire quadrangulaire en acier inoxydable miroir, le support de partition peut \u00eatre charg\u00e9 et d\u00e9charg\u00e9 librement, ce qui facilite le nettoyage du studio.<\/li>\n<li>La bo\u00eete est \u00e9quip\u00e9e d'un trou de test de 40 mm de diam\u00e8tre sur le c\u00f4t\u00e9 gauche, la prise de courant externe est fournie en standard, un c\u00e2blage arbitraire peut \u00eatre arrang\u00e9 en fonction des besoins du lieu.<\/li>\n<\/ol>\n<p>La bo\u00eete peut commencer \u00e0 osciller en culture \u00e0 temp\u00e9rature constante une fois que l'oscillateur est en place.<\/p>\n<ol>\n<li>Contr\u00f4leur PID flou, contr\u00f4le de la temp\u00e9rature avec de petites fluctuations de pr\u00e9cision et fonction de minuterie, le temps maximum peut \u00eatre r\u00e9gl\u00e9 sur 99 heures et 59 minutes.<\/li>\n<li>Le studio est \u00e9quip\u00e9 d'une lampe de st\u00e9rilisation UV pour le travail de st\u00e9rilisation dans le laboratoire.<\/li>\n<li>En utilisant un compresseur de marque et un ventilateur de circulation, ainsi qu'un design unique de conduit d'air de circulation, pour garantir une temp\u00e9rature uniforme dans le studio, en \u00e9vitant la volatilisation des \u00e9chantillons en raison d'un volume d'air excessif pendant l'exp\u00e9rience.<\/li>\n<li>Porte en verre tremp\u00e9 int\u00e9gr\u00e9e, pour faciliter l'observation de l'\u00e9tat interne de l'instrument.<\/li>\n<li>Protecteur de fuite int\u00e9gr\u00e9, avec fonction d'auto-test de d\u00e9faut.<\/li>\n<li>Param\u00e8tres de timing, dur\u00e9e d'ex\u00e9cution<\/li>\n<li>R\u00e9glage de la temp\u00e9rature, num\u00e9ro de segment 24 mode de fonctionnement du programme, la courbe de temp\u00e9rature peut \u00eatre visualis\u00e9e en temps r\u00e9el.<\/li>\n<li>Peut enregistrer l'historique, (mois jour, ann\u00e9e), peut consulter les donn\u00e9es historiques \u00e0 volont\u00e9.<\/li>\n<li>Printsave, peut afficher \u00e0 l'\u00e9poque en temps r\u00e9el l'enregistrement de l'historique, et peut \u00e9galement exporter les donn\u00e9es historiques par USB.<\/li>\n<li>L'inverseur EPR-30B optionnel peut \u00eatre utilis\u00e9 comme type de v\u00e9hicule.<\/li>\n<\/ol>\n<p>&nbsp;<\/p>\n\n    <div class=\"xs_social_share_widget xs_share_url after_content \t\tmain_content  wslu-style-1 wslu-share-box-shaped wslu-fill-colored wslu-none wslu-share-horizontal wslu-theme-font-no wslu-main_content\">\n\n\t\t\n        <ul>\n\t\t\t        <\/ul>\n    <\/div>","protected":false},"excerpt":{"rendered":"<p>Ce produit convient aux d\u00e9partements de test et de production de la protection de l'environnement, de la sant\u00e9 et de la pr\u00e9vention des \u00e9pid\u00e9mies, du b\u00e9tail, des tests de m\u00e9dicaments, de l'aquaculture et d'autres instituts de recherche scientifique. C'est un \u00e9quipement \u00e0 temp\u00e9rature constante sp\u00e9cial pour l'analyse des milieux aquatiques, mesurant les bact\u00e9ries et les moisissures par le BOD, cultivant et pr\u00e9servant les microorganismes, cultivant des plantes et \u00e9levant.<\/p>","protected":false},"featured_media":22021,"comment_status":"open","ping_status":"closed","template":"","meta":{"_acf_changed":false,"inline_featured_image":false,"postBodyCss":"","postBodyMargin":[],"postBodyPadding":[],"postBodyBackground":{"backgroundType":"classic","gradient":""}},"product_brand":[],"product_cat":[66,126,145],"product_tag":[],"class_list":{"0":"post-20423","1":"product","2":"type-product","3":"status-publish","4":"has-post-thumbnail","6":"product_cat-products","7":"product_cat-incubators","8":"product_cat-cooling-incubators","10":"first","11":"instock","12":"shipping-taxable","13":"product-type-simple"},"acf":[],"yoast_head":"<!-- This site is optimized with the Yoast SEO Premium plugin v25.7.1 (Yoast SEO v25.7) - https:\/\/yoast.com\/wordpress\/plugins\/seo\/ -->\n<title>E-Pro Biochemical Incubator - Reno Equipment<\/title>\n<meta name=\"robots\" content=\"index, follow, max-snippet:-1, max-image-preview:large, max-video-preview:-1\" \/>\n<link rel=\"canonical\" href=\"https:\/\/www.reno-equipment.com\/fr\/produit\/e-pro-biochemical-incubator-3\/\" \/>\n<meta property=\"og:locale\" content=\"fr_FR\" \/>\n<meta property=\"og:type\" content=\"article\" \/>\n<meta property=\"og:title\" content=\"E-Pro Biochemical Incubator\" \/>\n<meta property=\"og:description\" content=\"This\u00a0product\u00a0Suitable for\u00a0testing and production departments of environmental protection, health and epidemic prevention, livestock, drug testing, aquaculture and other scientific research institutes, is the special constant temperature equipment for water body analysis, measuring bacteria and mold by BOD, culturing and preserving microorganisms,cultivating plants and breeding.\" \/>\n<meta property=\"og:url\" content=\"https:\/\/www.reno-equipment.com\/fr\/produit\/e-pro-biochemical-incubator-3\/\" \/>\n<meta property=\"og:site_name\" content=\"Reno Equipment\" \/>\n<meta property=\"article:publisher\" content=\"https:\/\/www.facebook.com\/profile.php?id=61562344533538\" \/>\n<meta property=\"article:modified_time\" content=\"2025-09-08T22:18:30+00:00\" \/>\n<meta property=\"og:image\" content=\"https:\/\/www.reno-equipment.com\/wp-content\/uploads\/2025\/08\/main-6.jpg\" \/>\n\t<meta property=\"og:image:width\" content=\"580\" \/>\n\t<meta property=\"og:image:height\" content=\"483\" \/>\n\t<meta property=\"og:image:type\" content=\"image\/jpeg\" \/>\n<meta name=\"twitter:card\" content=\"summary_large_image\" \/>\n<meta name=\"twitter:label1\" content=\"Prix\" \/>\n\t<meta name=\"twitter:data1\" content=\"\" \/>\n\t<meta name=\"twitter:label2\" content=\"Disponibilit\u00e9\" \/>\n\t<meta name=\"twitter:data2\" content=\"En stock\" \/>\n<script type=\"application\/ld+json\" class=\"yoast-schema-graph\">{\"@context\":\"https:\/\/schema.org\",\"@graph\":[{\"@type\":\"WebPage\",\"@id\":\"https:\/\/www.reno-equipment.com\/product\/e-pro-biochemical-incubator-3\/\",\"url\":\"https:\/\/www.reno-equipment.com\/product\/e-pro-biochemical-incubator-3\/\",\"name\":\"E-Pro Biochemical Incubator - Reno Equipment\",\"isPartOf\":{\"@id\":\"https:\/\/www.reno-equipment.com\/#website\"},\"primaryImageOfPage\":{\"@id\":\"https:\/\/www.reno-equipment.com\/product\/e-pro-biochemical-incubator-3\/#primaryimage\"},\"image\":{\"@id\":\"https:\/\/www.reno-equipment.com\/product\/e-pro-biochemical-incubator-3\/#primaryimage\"},\"thumbnailUrl\":\"https:\/\/www.reno-equipment.com\/wp-content\/uploads\/2025\/08\/main-6.jpg\",\"datePublished\":\"2025-08-21T07:05:00+00:00\",\"dateModified\":\"2025-09-08T22:18:30+00:00\",\"breadcrumb\":{\"@id\":\"https:\/\/www.reno-equipment.com\/product\/e-pro-biochemical-incubator-3\/#breadcrumb\"},\"inLanguage\":\"fr-FR\",\"potentialAction\":[{\"@type\":\"ReadAction\",\"target\":[\"https:\/\/www.reno-equipment.com\/product\/e-pro-biochemical-incubator-3\/\"]}]},{\"@type\":\"ImageObject\",\"inLanguage\":\"fr-FR\",\"@id\":\"https:\/\/www.reno-equipment.com\/product\/e-pro-biochemical-incubator-3\/#primaryimage\",\"url\":\"https:\/\/www.reno-equipment.com\/wp-content\/uploads\/2025\/08\/main-6.jpg\",\"contentUrl\":\"https:\/\/www.reno-equipment.com\/wp-content\/uploads\/2025\/08\/main-6.jpg\",\"width\":580,\"height\":483,\"caption\":\"E-PRO Biochemical Incubator\"},{\"@type\":\"BreadcrumbList\",\"@id\":\"https:\/\/www.reno-equipment.com\/product\/e-pro-biochemical-incubator-3\/#breadcrumb\",\"itemListElement\":[{\"@type\":\"ListItem\",\"position\":1,\"name\":\"Home\",\"item\":\"https:\/\/www.reno-equipment.com\/\"},{\"@type\":\"ListItem\",\"position\":2,\"name\":\"Shop\",\"item\":\"https:\/\/www.reno-equipment.com\/shop\/\"},{\"@type\":\"ListItem\",\"position\":3,\"name\":\"E-Pro Biochemical Incubator\"}]},{\"@type\":\"WebSite\",\"@id\":\"https:\/\/www.reno-equipment.com\/#website\",\"url\":\"https:\/\/www.reno-equipment.com\/\",\"name\":\"Hebei Ruinuo Instrument Co., Ltd\",\"description\":\"A Professional Laboraory Equipment Manufacturer And Supplier in China - Reno\",\"publisher\":{\"@id\":\"https:\/\/www.reno-equipment.com\/#organization\"},\"potentialAction\":[{\"@type\":\"SearchAction\",\"target\":{\"@type\":\"EntryPoint\",\"urlTemplate\":\"https:\/\/www.reno-equipment.com\/?s={search_term_string}\"},\"query-input\":{\"@type\":\"PropertyValueSpecification\",\"valueRequired\":true,\"valueName\":\"search_term_string\"}}],\"inLanguage\":\"fr-FR\"},{\"@type\":\"Organization\",\"@id\":\"https:\/\/www.reno-equipment.com\/#organization\",\"name\":\"Hebei Ruinuo Instrument Co., Ltd\",\"url\":\"https:\/\/www.reno-equipment.com\/\",\"logo\":{\"@type\":\"ImageObject\",\"inLanguage\":\"fr-FR\",\"@id\":\"https:\/\/www.reno-equipment.com\/#\/schema\/logo\/image\/\",\"url\":\"https:\/\/www.reno-equipment.com\/wp-content\/uploads\/2025\/07\/1720412797138216.png\",\"contentUrl\":\"https:\/\/www.reno-equipment.com\/wp-content\/uploads\/2025\/07\/1720412797138216.png\",\"width\":218,\"height\":50,\"caption\":\"Hebei Ruinuo Instrument Co., Ltd\"},\"image\":{\"@id\":\"https:\/\/www.reno-equipment.com\/#\/schema\/logo\/image\/\"},\"sameAs\":[\"https:\/\/www.facebook.com\/profile.php?id=61562344533538\"]}]}<\/script>\n<meta property=\"product:price:amount\" content=\"0.00\" \/>\n<meta property=\"product:price:currency\" content=\"SGD\" \/>\n<meta property=\"og:availability\" content=\"instock\" \/>\n<meta property=\"product:availability\" content=\"instock\" \/>\n<meta property=\"product:condition\" content=\"new\" \/>\n<!-- \/ Yoast SEO Premium plugin. -->","yoast_head_json":{"title":"Incubateur biochimique E-Pro - \u00c9quipement Reno","robots":{"index":"index","follow":"follow","max-snippet":"max-snippet:-1","max-image-preview":"max-image-preview:large","max-video-preview":"max-video-preview:-1"},"canonical":"https:\/\/www.reno-equipment.com\/fr\/produit\/e-pro-biochemical-incubator-3\/","og_locale":"fr_FR","og_type":"article","og_title":"E-Pro Biochemical Incubator","og_description":"This\u00a0product\u00a0Suitable for\u00a0testing and production departments of environmental protection, health and epidemic prevention, livestock, drug testing, aquaculture and other scientific research institutes, is the special constant temperature equipment for water body analysis, measuring bacteria and mold by BOD, culturing and preserving microorganisms,cultivating plants and breeding.","og_url":"https:\/\/www.reno-equipment.com\/fr\/produit\/e-pro-biochemical-incubator-3\/","og_site_name":"Reno Equipment","article_publisher":"https:\/\/www.facebook.com\/profile.php?id=61562344533538","article_modified_time":"2025-09-08T22:18:30+00:00","og_image":[{"width":580,"height":483,"url":"https:\/\/www.reno-equipment.com\/wp-content\/uploads\/2025\/08\/main-6.jpg","type":"image\/jpeg"}],"twitter_card":"summary_large_image","twitter_misc":{"Prix":"","Disponibilit\u00e9":"En stock"},"schema":{"@context":"https:\/\/schema.org","@graph":[{"@type":"WebPage","@id":"https:\/\/www.reno-equipment.com\/product\/e-pro-biochemical-incubator-3\/","url":"https:\/\/www.reno-equipment.com\/product\/e-pro-biochemical-incubator-3\/","name":"Incubateur biochimique E-Pro - \u00c9quipement Reno","isPartOf":{"@id":"https:\/\/www.reno-equipment.com\/#website"},"primaryImageOfPage":{"@id":"https:\/\/www.reno-equipment.com\/product\/e-pro-biochemical-incubator-3\/#primaryimage"},"image":{"@id":"https:\/\/www.reno-equipment.com\/product\/e-pro-biochemical-incubator-3\/#primaryimage"},"thumbnailUrl":"https:\/\/www.reno-equipment.com\/wp-content\/uploads\/2025\/08\/main-6.jpg","datePublished":"2025-08-21T07:05:00+00:00","dateModified":"2025-09-08T22:18:30+00:00","breadcrumb":{"@id":"https:\/\/www.reno-equipment.com\/product\/e-pro-biochemical-incubator-3\/#breadcrumb"},"inLanguage":"fr-FR","potentialAction":[{"@type":"ReadAction","target":["https:\/\/www.reno-equipment.com\/product\/e-pro-biochemical-incubator-3\/"]}]},{"@type":"ImageObject","inLanguage":"fr-FR","@id":"https:\/\/www.reno-equipment.com\/product\/e-pro-biochemical-incubator-3\/#primaryimage","url":"https:\/\/www.reno-equipment.com\/wp-content\/uploads\/2025\/08\/main-6.jpg","contentUrl":"https:\/\/www.reno-equipment.com\/wp-content\/uploads\/2025\/08\/main-6.jpg","width":580,"height":483,"caption":"E-PRO Biochemical Incubator"},{"@type":"BreadcrumbList","@id":"https:\/\/www.reno-equipment.com\/product\/e-pro-biochemical-incubator-3\/#breadcrumb","itemListElement":[{"@type":"ListItem","position":1,"name":"Home","item":"https:\/\/www.reno-equipment.com\/"},{"@type":"ListItem","position":2,"name":"Shop","item":"https:\/\/www.reno-equipment.com\/shop\/"},{"@type":"ListItem","position":3,"name":"E-Pro Biochemical Incubator"}]},{"@type":"WebSite","@id":"https:\/\/www.reno-equipment.com\/#website","url":"https:\/\/www.reno-equipment.com\/","name":"Soci\u00e9t\u00e9 Hebei Ruinuo Instrument Co., Ltd","description":"Un fabricant et fournisseur d'\u00e9quipements de laboratoire professionnels en Chine - Reno","publisher":{"@id":"https:\/\/www.reno-equipment.com\/#organization"},"potentialAction":[{"@type":"SearchAction","target":{"@type":"EntryPoint","urlTemplate":"https:\/\/www.reno-equipment.com\/?s={search_term_string}"},"query-input":{"@type":"PropertyValueSpecification","valueRequired":true,"valueName":"search_term_string"}}],"inLanguage":"fr-FR"},{"@type":"Organization","@id":"https:\/\/www.reno-equipment.com\/#organization","name":"Soci\u00e9t\u00e9 Hebei Ruinuo Instrument Co., Ltd","url":"https:\/\/www.reno-equipment.com\/","logo":{"@type":"ImageObject","inLanguage":"fr-FR","@id":"https:\/\/www.reno-equipment.com\/#\/schema\/logo\/image\/","url":"https:\/\/www.reno-equipment.com\/wp-content\/uploads\/2025\/07\/1720412797138216.png","contentUrl":"https:\/\/www.reno-equipment.com\/wp-content\/uploads\/2025\/07\/1720412797138216.png","width":218,"height":50,"caption":"Hebei Ruinuo Instrument Co., Ltd"},"image":{"@id":"https:\/\/www.reno-equipment.com\/#\/schema\/logo\/image\/"},"sameAs":["https:\/\/www.facebook.com\/profile.php?id=61562344533538"]}]},"product_price_amount":"0.00","product_price_currency":"SGD","og_availability":"instock","product_availability":"instock","product_condition":"new"},"_links":{"self":[{"href":"https:\/\/www.reno-equipment.com\/fr\/wp-json\/wp\/v2\/product\/20423","targetHints":{"allow":["GET"]}}],"collection":[{"href":"https:\/\/www.reno-equipment.com\/fr\/wp-json\/wp\/v2\/product"}],"about":[{"href":"https:\/\/www.reno-equipment.com\/fr\/wp-json\/wp\/v2\/types\/product"}],"replies":[{"embeddable":true,"href":"https:\/\/www.reno-equipment.com\/fr\/wp-json\/wp\/v2\/comments?post=20423"}],"version-history":[{"count":0,"href":"https:\/\/www.reno-equipment.com\/fr\/wp-json\/wp\/v2\/product\/20423\/revisions"}],"wp:featuredmedia":[{"embeddable":true,"href":"https:\/\/www.reno-equipment.com\/fr\/wp-json\/wp\/v2\/media\/22021"}],"wp:attachment":[{"href":"https:\/\/www.reno-equipment.com\/fr\/wp-json\/wp\/v2\/media?parent=20423"}],"wp:term":[{"taxonomy":"product_brand","embeddable":true,"href":"https:\/\/www.reno-equipment.com\/fr\/wp-json\/wp\/v2\/product_brand?post=20423"},{"taxonomy":"product_cat","embeddable":true,"href":"https:\/\/www.reno-equipment.com\/fr\/wp-json\/wp\/v2\/product_cat?post=20423"},{"taxonomy":"product_tag","embeddable":true,"href":"https:\/\/www.reno-equipment.com\/fr\/wp-json\/wp\/v2\/product_tag?post=20423"}],"curies":[{"name":"wp","href":"https:\/\/api.w.org\/{rel}","templated":true}]}}