{"id":20368,"date":"2025-08-21T07:01:00","date_gmt":"2025-08-21T07:01:00","guid":{"rendered":"https:\/\/www.reno-equipment.com\/?post_type=product&#038;p=20368"},"modified":"2025-09-08T22:29:18","modified_gmt":"2025-09-08T22:29:18","slug":"electrothermal-constant-temperature-water-bath-pot","status":"publish","type":"product","link":"https:\/\/www.reno-equipment.com\/fr\/produit\/electrothermal-constant-temperature-water-bath-pot\/","title":{"rendered":"Bain-marie \u00e0 temp\u00e9rature constante \u00e9lectrique"},"content":{"rendered":"<p><strong><b>Caract\u00e9ristiques du produit :<\/b><\/strong><\/p>\n<ol>\n<li>La doublure int\u00e9rieure est en acier inoxydable.<\/li>\n<li>Le syst\u00e8me de contr\u00f4le de temp\u00e9rature adopte un processeur \u00e0 chip micro-ordinateur, avec un contr\u00f4le de temp\u00e9rature de haute pr\u00e9cision.<\/li>\n<li>Facile \u00e0 utiliser, avec des fonctions telles que le r\u00e9glage de la minuterie et l'alarme de surchauffe.<\/li>\n<li>Menu auxiliaire pour l'alarme de surtemp\u00e9rature, pour r\u00e9aliser la correction de d\u00e9viation.<\/li>\n<li>Orifice de b\u00e9cher r\u00e9glable.<\/li>\n<li>R\u00e9glage du bouton tactile, avec des fonctions telles que l'alarme de surchauffe, la protection par relais, la correction de temp\u00e9rature, le temporisateur, etc. Plage de temps de 0 \u00e0 999 minutes.<\/li>\n<li>M\u00e9thode de chauffage : chauffage par le bas, transfert de chaleur par convection naturelle de l'eau.<\/li>\n<li>Compteur LCD optionnel (avec fonction de d\u00e9marrage-arr\u00eat).<\/li>\n<\/ol>\n<p>&nbsp;<\/p>\n\n    <div class=\"xs_social_share_widget xs_share_url after_content \t\tmain_content  wslu-style-1 wslu-share-box-shaped wslu-fill-colored wslu-none wslu-share-horizontal wslu-theme-font-no wslu-main_content\">\n\n\t\t\n        <ul>\n\t\t\t        <\/ul>\n    <\/div>","protected":false},"excerpt":{"rendered":"<p>Facile \u00e0 utiliser, avec des fonctions telles que le r\u00e9glage de la minuterie et l'alarme de surchauffe.<\/p>","protected":false},"featured_media":22024,"comment_status":"open","ping_status":"closed","template":"","meta":{"_acf_changed":false,"inline_featured_image":false,"postBodyCss":"","postBodyMargin":[],"postBodyPadding":[],"postBodyBackground":{"backgroundType":"classic","gradient":""}},"product_brand":[],"product_cat":[177,66,135],"product_tag":[],"class_list":{"0":"post-20368","1":"product","2":"type-product","3":"status-publish","4":"has-post-thumbnail","6":"product_cat-thermostatic-water-bath-equipment","7":"product_cat-products","8":"product_cat-wather-baths","10":"first","11":"instock","12":"shipping-taxable","13":"product-type-simple"},"acf":[],"yoast_head":"<!-- This site is optimized with the Yoast SEO Premium plugin v25.7.1 (Yoast SEO v25.7) - https:\/\/yoast.com\/wordpress\/plugins\/seo\/ -->\n<title>Electric Constant Temperature Water Bath Pot - Reno Equipment<\/title>\n<meta name=\"robots\" content=\"index, follow, max-snippet:-1, max-image-preview:large, max-video-preview:-1\" \/>\n<link rel=\"canonical\" href=\"https:\/\/www.reno-equipment.com\/fr\/produit\/electrothermal-constant-temperature-water-bath-pot\/\" \/>\n<meta property=\"og:locale\" content=\"fr_FR\" \/>\n<meta property=\"og:type\" content=\"article\" \/>\n<meta property=\"og:title\" content=\"Electric Constant Temperature Water Bath Pot\" \/>\n<meta property=\"og:description\" content=\"Easy to operate,with of functions such as timing setting ,over-temperature alarm.\" \/>\n<meta property=\"og:url\" content=\"https:\/\/www.reno-equipment.com\/fr\/produit\/electrothermal-constant-temperature-water-bath-pot\/\" \/>\n<meta property=\"og:site_name\" content=\"Reno Equipment\" \/>\n<meta property=\"article:publisher\" content=\"https:\/\/www.facebook.com\/profile.php?id=61562344533538\" \/>\n<meta property=\"article:modified_time\" content=\"2025-09-08T22:29:18+00:00\" \/>\n<meta property=\"og:image\" content=\"https:\/\/www.reno-equipment.com\/wp-content\/uploads\/2025\/08\/product_1-10.jpg\" \/>\n\t<meta property=\"og:image:width\" content=\"486\" \/>\n\t<meta property=\"og:image:height\" content=\"456\" \/>\n\t<meta property=\"og:image:type\" content=\"image\/jpeg\" \/>\n<meta name=\"twitter:card\" content=\"summary_large_image\" \/>\n<meta name=\"twitter:label1\" content=\"Prix\" \/>\n\t<meta name=\"twitter:data1\" content=\"\" \/>\n\t<meta name=\"twitter:label2\" content=\"Disponibilit\u00e9\" \/>\n\t<meta name=\"twitter:data2\" content=\"En stock\" \/>\n<script type=\"application\/ld+json\" class=\"yoast-schema-graph\">{\"@context\":\"https:\/\/schema.org\",\"@graph\":[{\"@type\":\"WebPage\",\"@id\":\"https:\/\/www.reno-equipment.com\/product\/electrothermal-constant-temperature-water-bath-pot\/\",\"url\":\"https:\/\/www.reno-equipment.com\/product\/electrothermal-constant-temperature-water-bath-pot\/\",\"name\":\"Electric Constant Temperature Water Bath Pot - Reno Equipment\",\"isPartOf\":{\"@id\":\"https:\/\/www.reno-equipment.com\/#website\"},\"primaryImageOfPage\":{\"@id\":\"https:\/\/www.reno-equipment.com\/product\/electrothermal-constant-temperature-water-bath-pot\/#primaryimage\"},\"image\":{\"@id\":\"https:\/\/www.reno-equipment.com\/product\/electrothermal-constant-temperature-water-bath-pot\/#primaryimage\"},\"thumbnailUrl\":\"https:\/\/www.reno-equipment.com\/wp-content\/uploads\/2025\/08\/product_1-10.jpg\",\"datePublished\":\"2025-08-21T07:01:00+00:00\",\"dateModified\":\"2025-09-08T22:29:18+00:00\",\"breadcrumb\":{\"@id\":\"https:\/\/www.reno-equipment.com\/product\/electrothermal-constant-temperature-water-bath-pot\/#breadcrumb\"},\"inLanguage\":\"fr-FR\",\"potentialAction\":[{\"@type\":\"ReadAction\",\"target\":[\"https:\/\/www.reno-equipment.com\/product\/electrothermal-constant-temperature-water-bath-pot\/\"]}]},{\"@type\":\"ImageObject\",\"inLanguage\":\"fr-FR\",\"@id\":\"https:\/\/www.reno-equipment.com\/product\/electrothermal-constant-temperature-water-bath-pot\/#primaryimage\",\"url\":\"https:\/\/www.reno-equipment.com\/wp-content\/uploads\/2025\/08\/product_1-10.jpg\",\"contentUrl\":\"https:\/\/www.reno-equipment.com\/wp-content\/uploads\/2025\/08\/product_1-10.jpg\",\"width\":486,\"height\":456,\"caption\":\"Electric Constant Temperature Water Bath Pot\"},{\"@type\":\"BreadcrumbList\",\"@id\":\"https:\/\/www.reno-equipment.com\/product\/electrothermal-constant-temperature-water-bath-pot\/#breadcrumb\",\"itemListElement\":[{\"@type\":\"ListItem\",\"position\":1,\"name\":\"Home\",\"item\":\"https:\/\/www.reno-equipment.com\/\"},{\"@type\":\"ListItem\",\"position\":2,\"name\":\"Shop\",\"item\":\"https:\/\/www.reno-equipment.com\/shop\/\"},{\"@type\":\"ListItem\",\"position\":3,\"name\":\"Electric Constant Temperature Water Bath Pot\"}]},{\"@type\":\"WebSite\",\"@id\":\"https:\/\/www.reno-equipment.com\/#website\",\"url\":\"https:\/\/www.reno-equipment.com\/\",\"name\":\"Hebei Ruinuo Instrument Co., Ltd\",\"description\":\"A Professional Laboraory Equipment Manufacturer And Supplier in China - Reno\",\"publisher\":{\"@id\":\"https:\/\/www.reno-equipment.com\/#organization\"},\"potentialAction\":[{\"@type\":\"SearchAction\",\"target\":{\"@type\":\"EntryPoint\",\"urlTemplate\":\"https:\/\/www.reno-equipment.com\/?s={search_term_string}\"},\"query-input\":{\"@type\":\"PropertyValueSpecification\",\"valueRequired\":true,\"valueName\":\"search_term_string\"}}],\"inLanguage\":\"fr-FR\"},{\"@type\":\"Organization\",\"@id\":\"https:\/\/www.reno-equipment.com\/#organization\",\"name\":\"Hebei Ruinuo Instrument Co., Ltd\",\"url\":\"https:\/\/www.reno-equipment.com\/\",\"logo\":{\"@type\":\"ImageObject\",\"inLanguage\":\"fr-FR\",\"@id\":\"https:\/\/www.reno-equipment.com\/#\/schema\/logo\/image\/\",\"url\":\"https:\/\/www.reno-equipment.com\/wp-content\/uploads\/2025\/07\/1720412797138216.png\",\"contentUrl\":\"https:\/\/www.reno-equipment.com\/wp-content\/uploads\/2025\/07\/1720412797138216.png\",\"width\":218,\"height\":50,\"caption\":\"Hebei Ruinuo Instrument Co., Ltd\"},\"image\":{\"@id\":\"https:\/\/www.reno-equipment.com\/#\/schema\/logo\/image\/\"},\"sameAs\":[\"https:\/\/www.facebook.com\/profile.php?id=61562344533538\"]}]}<\/script>\n<meta property=\"product:price:amount\" content=\"0.00\" \/>\n<meta property=\"product:price:currency\" content=\"SGD\" \/>\n<meta property=\"og:availability\" content=\"instock\" \/>\n<meta property=\"product:availability\" content=\"instock\" \/>\n<meta property=\"product:condition\" content=\"new\" \/>\n<!-- \/ Yoast SEO Premium plugin. -->","yoast_head_json":{"title":"Bain d'eau \u00e0 temp\u00e9rature constante \u00e9lectrique - \u00c9quipement Reno","robots":{"index":"index","follow":"follow","max-snippet":"max-snippet:-1","max-image-preview":"max-image-preview:large","max-video-preview":"max-video-preview:-1"},"canonical":"https:\/\/www.reno-equipment.com\/fr\/produit\/electrothermal-constant-temperature-water-bath-pot\/","og_locale":"fr_FR","og_type":"article","og_title":"Electric Constant Temperature Water Bath Pot","og_description":"Easy to operate,with of functions such as timing setting ,over-temperature alarm.","og_url":"https:\/\/www.reno-equipment.com\/fr\/produit\/electrothermal-constant-temperature-water-bath-pot\/","og_site_name":"Reno Equipment","article_publisher":"https:\/\/www.facebook.com\/profile.php?id=61562344533538","article_modified_time":"2025-09-08T22:29:18+00:00","og_image":[{"width":486,"height":456,"url":"https:\/\/www.reno-equipment.com\/wp-content\/uploads\/2025\/08\/product_1-10.jpg","type":"image\/jpeg"}],"twitter_card":"summary_large_image","twitter_misc":{"Prix":"","Disponibilit\u00e9":"En stock"},"schema":{"@context":"https:\/\/schema.org","@graph":[{"@type":"WebPage","@id":"https:\/\/www.reno-equipment.com\/product\/electrothermal-constant-temperature-water-bath-pot\/","url":"https:\/\/www.reno-equipment.com\/product\/electrothermal-constant-temperature-water-bath-pot\/","name":"Bain d'eau \u00e0 temp\u00e9rature constante \u00e9lectrique - \u00c9quipement Reno","isPartOf":{"@id":"https:\/\/www.reno-equipment.com\/#website"},"primaryImageOfPage":{"@id":"https:\/\/www.reno-equipment.com\/product\/electrothermal-constant-temperature-water-bath-pot\/#primaryimage"},"image":{"@id":"https:\/\/www.reno-equipment.com\/product\/electrothermal-constant-temperature-water-bath-pot\/#primaryimage"},"thumbnailUrl":"https:\/\/www.reno-equipment.com\/wp-content\/uploads\/2025\/08\/product_1-10.jpg","datePublished":"2025-08-21T07:01:00+00:00","dateModified":"2025-09-08T22:29:18+00:00","breadcrumb":{"@id":"https:\/\/www.reno-equipment.com\/product\/electrothermal-constant-temperature-water-bath-pot\/#breadcrumb"},"inLanguage":"fr-FR","potentialAction":[{"@type":"ReadAction","target":["https:\/\/www.reno-equipment.com\/product\/electrothermal-constant-temperature-water-bath-pot\/"]}]},{"@type":"ImageObject","inLanguage":"fr-FR","@id":"https:\/\/www.reno-equipment.com\/product\/electrothermal-constant-temperature-water-bath-pot\/#primaryimage","url":"https:\/\/www.reno-equipment.com\/wp-content\/uploads\/2025\/08\/product_1-10.jpg","contentUrl":"https:\/\/www.reno-equipment.com\/wp-content\/uploads\/2025\/08\/product_1-10.jpg","width":486,"height":456,"caption":"Electric Constant Temperature Water Bath Pot"},{"@type":"BreadcrumbList","@id":"https:\/\/www.reno-equipment.com\/product\/electrothermal-constant-temperature-water-bath-pot\/#breadcrumb","itemListElement":[{"@type":"ListItem","position":1,"name":"Home","item":"https:\/\/www.reno-equipment.com\/"},{"@type":"ListItem","position":2,"name":"Shop","item":"https:\/\/www.reno-equipment.com\/shop\/"},{"@type":"ListItem","position":3,"name":"Electric Constant Temperature Water Bath Pot"}]},{"@type":"WebSite","@id":"https:\/\/www.reno-equipment.com\/#website","url":"https:\/\/www.reno-equipment.com\/","name":"Soci\u00e9t\u00e9 Hebei Ruinuo Instrument Co., Ltd","description":"Un fabricant et fournisseur d'\u00e9quipements de laboratoire professionnels en Chine - Reno","publisher":{"@id":"https:\/\/www.reno-equipment.com\/#organization"},"potentialAction":[{"@type":"SearchAction","target":{"@type":"EntryPoint","urlTemplate":"https:\/\/www.reno-equipment.com\/?s={search_term_string}"},"query-input":{"@type":"PropertyValueSpecification","valueRequired":true,"valueName":"search_term_string"}}],"inLanguage":"fr-FR"},{"@type":"Organization","@id":"https:\/\/www.reno-equipment.com\/#organization","name":"Soci\u00e9t\u00e9 Hebei Ruinuo Instrument Co., Ltd","url":"https:\/\/www.reno-equipment.com\/","logo":{"@type":"ImageObject","inLanguage":"fr-FR","@id":"https:\/\/www.reno-equipment.com\/#\/schema\/logo\/image\/","url":"https:\/\/www.reno-equipment.com\/wp-content\/uploads\/2025\/07\/1720412797138216.png","contentUrl":"https:\/\/www.reno-equipment.com\/wp-content\/uploads\/2025\/07\/1720412797138216.png","width":218,"height":50,"caption":"Hebei Ruinuo Instrument Co., Ltd"},"image":{"@id":"https:\/\/www.reno-equipment.com\/#\/schema\/logo\/image\/"},"sameAs":["https:\/\/www.facebook.com\/profile.php?id=61562344533538"]}]},"product_price_amount":"0.00","product_price_currency":"SGD","og_availability":"instock","product_availability":"instock","product_condition":"new"},"_links":{"self":[{"href":"https:\/\/www.reno-equipment.com\/fr\/wp-json\/wp\/v2\/product\/20368","targetHints":{"allow":["GET"]}}],"collection":[{"href":"https:\/\/www.reno-equipment.com\/fr\/wp-json\/wp\/v2\/product"}],"about":[{"href":"https:\/\/www.reno-equipment.com\/fr\/wp-json\/wp\/v2\/types\/product"}],"replies":[{"embeddable":true,"href":"https:\/\/www.reno-equipment.com\/fr\/wp-json\/wp\/v2\/comments?post=20368"}],"version-history":[{"count":0,"href":"https:\/\/www.reno-equipment.com\/fr\/wp-json\/wp\/v2\/product\/20368\/revisions"}],"wp:featuredmedia":[{"embeddable":true,"href":"https:\/\/www.reno-equipment.com\/fr\/wp-json\/wp\/v2\/media\/22024"}],"wp:attachment":[{"href":"https:\/\/www.reno-equipment.com\/fr\/wp-json\/wp\/v2\/media?parent=20368"}],"wp:term":[{"taxonomy":"product_brand","embeddable":true,"href":"https:\/\/www.reno-equipment.com\/fr\/wp-json\/wp\/v2\/product_brand?post=20368"},{"taxonomy":"product_cat","embeddable":true,"href":"https:\/\/www.reno-equipment.com\/fr\/wp-json\/wp\/v2\/product_cat?post=20368"},{"taxonomy":"product_tag","embeddable":true,"href":"https:\/\/www.reno-equipment.com\/fr\/wp-json\/wp\/v2\/product_tag?post=20368"}],"curies":[{"name":"wp","href":"https:\/\/api.w.org\/{rel}","templated":true}]}}