{"id":20295,"date":"2025-08-21T03:59:00","date_gmt":"2025-08-21T03:59:00","guid":{"rendered":"https:\/\/www.reno-equipment.com\/?post_type=product&#038;p=20295"},"modified":"2025-09-08T22:35:55","modified_gmt":"2025-09-08T22:35:55","slug":"e-constant-temperature-and-humidity-incubator","status":"publish","type":"product","link":"https:\/\/www.reno-equipment.com\/fr\/produit\/e-constant-temperature-and-humidity-incubator\/","title":{"rendered":"Incubateur constant de temp\u00e9rature et d'humidit\u00e9"},"content":{"rendered":"<p><strong>P<\/strong><strong>produit <\/strong><strong>O<\/strong><strong>aper\u00e7u<\/strong><\/p>\n<p><strong>\u00a0<\/strong>Ce produit convient aux d\u00e9partements de test et de production de la protection de l'environnement, de la sant\u00e9 et de la pr\u00e9vention des \u00e9pid\u00e9mies, du b\u00e9tail, des tests de m\u00e9dicaments, de l'aquaculture et d'autres instituts de recherche scientifique. C'est un \u00e9quipement \u00e0 temp\u00e9rature constante sp\u00e9cial pour l'analyse des milieux aquatiques, mesurant les bact\u00e9ries et les moisissures par le BOD, cultivant et pr\u00e9servant les microorganismes, cultivant des plantes et \u00e9levant.<\/p>\n<p><strong><b>P<\/b><\/strong><strong><b>produit <\/b><\/strong><strong><b>F<\/b><\/strong><strong><b>caract\u00e9ristique<\/b><\/strong><strong><b>s<\/b><\/strong><\/p>\n<ol>\n<li>Se conformer \u00e0 la tendance mondiale de la protection de l'environnement, nouveau design sans fluor.<\/li>\n<li>L'\u00e9cran LCD couleur contr\u00f4l\u00e9 par micro-ordinateur peut pr\u00e9d\u00e9finir 30 sections de temp\u00e9rature et d'humidit\u00e9, et peut ex\u00e9cuter des \u00e9tapes r\u00e9p\u00e9t\u00e9es ainsi que le fonctionnement automatique du programme par \u00e9tapes.<\/li>\n<li>Porte en verre tremp\u00e9 int\u00e9gr\u00e9 et encastr\u00e9 pour une observation et une op\u00e9ration faciles.<\/li>\n<li>Contr\u00f4leur PID flou, contr\u00f4le de temp\u00e9rature avec de petites fluctuations de pr\u00e9cision, 99 cycles peuvent \u00eatre pr\u00e9d\u00e9finis sur 30 sections de temps de travail, le temps maximum peut \u00eatre r\u00e9gl\u00e9 \u00e0 9999 minutes.<\/li>\n<li>Utilisant un rev\u00eatement en acier inoxydable miroir, un arc surplombant en quadrilat\u00e8re semi-circulaire, le support de partition peut \u00eatre charg\u00e9 et d\u00e9charg\u00e9 librement, facilitant le nettoyage du studio.<\/li>\n<li>La bo\u00eete est \u00e9quip\u00e9e d'un trou de test de 40 mm de diam\u00e8tre sur le c\u00f4t\u00e9 gauche, la prise de courant externe est fournie en standard, un c\u00e2blage arbitraire peut \u00eatre organis\u00e9 en fonction des besoins du lieu.<\/li>\n<li>La bo\u00eete peut commencer \u00e0 osciller dans une culture \u00e0 temp\u00e9rature constante une fois que l'oscillateur est mis \u00e0 l'int\u00e9rieur. Il y a une lampe dans la salle de travail, ce qui rend facile l'observation de l'exp\u00e9rience dans la salle de travail.<\/li>\n<li>Humidificateur ultrasonique de marque c\u00e9l\u00e8bre, atomisation intelligente, r\u00e9servoir d'eau grande capacit\u00e9, avec fonction d'arr\u00eat de l'eau et de l'alimentation<\/li>\n<li>Le capteur d'humidit\u00e9 est import\u00e9 pour \u00e9viter les probl\u00e8mes caus\u00e9s par le remplacement fr\u00e9quent des sph\u00e8res humides et s\u00e8ches.<\/li>\n<li>Compresseur de marque et ventilateur de circulation, concept de conception de conduit d'air de circulation unique, pour assurer une temp\u00e9rature et une humidit\u00e9 uniformes dans le studio, afin d'\u00e9viter la volatilisation des \u00e9chantillons en raison d'un volume d'air excessif pendant l'exp\u00e9rience.<\/li>\n<li>Avec la fonction d'auto-test des d\u00e9fauts.<\/li>\n<li>Optionnel avec des fonctionnalit\u00e9s telles que l'humidification interne, la communication 485, l'interface USB, l'imprimante, la protection contre les fuites<\/li>\n<\/ol>\n<p>&nbsp;<\/p>\n<p>&nbsp;<\/p>\n\n    <div class=\"xs_social_share_widget xs_share_url after_content \t\tmain_content  wslu-style-1 wslu-share-box-shaped wslu-fill-colored wslu-none wslu-share-horizontal wslu-theme-font-no wslu-main_content\">\n\n\t\t\n        <ul>\n\t\t\t        <\/ul>\n    <\/div>","protected":false},"excerpt":{"rendered":"<p><strong>\u00a0<\/strong>Ce produit convient aux d\u00e9partements de test et de production de la protection de l'environnement, de la sant\u00e9 et de la pr\u00e9vention des \u00e9pid\u00e9mies, du b\u00e9tail, des tests de m\u00e9dicaments, de l'aquaculture et d'autres instituts de recherche scientifique. C'est un \u00e9quipement \u00e0 temp\u00e9rature constante sp\u00e9cial pour l'analyse des milieux aquatiques, mesurant les bact\u00e9ries et les moisissures par le BOD, cultivant et pr\u00e9servant les microorganismes, cultivant des plantes et \u00e9levant.<\/p>","protected":false},"featured_media":22029,"comment_status":"open","ping_status":"closed","template":"","meta":{"_acf_changed":false,"inline_featured_image":false,"postBodyCss":"","postBodyMargin":[],"postBodyPadding":[],"postBodyBackground":{"backgroundType":"classic","gradient":""}},"product_brand":[],"product_cat":[66,126,145,148],"product_tag":[],"class_list":{"0":"post-20295","1":"product","2":"type-product","3":"status-publish","4":"has-post-thumbnail","6":"product_cat-products","7":"product_cat-incubators","8":"product_cat-cooling-incubators","9":"product_cat-artifical-climate-incubators","11":"first","12":"instock","13":"shipping-taxable","14":"product-type-simple"},"acf":[],"yoast_head":"<!-- This site is optimized with the Yoast SEO Premium plugin v25.7.1 (Yoast SEO v25.7) - https:\/\/yoast.com\/wordpress\/plugins\/seo\/ -->\n<title>E Constant Temperature and Humidity Incubator - Reno Equipment<\/title>\n<meta name=\"robots\" content=\"index, follow, max-snippet:-1, max-image-preview:large, max-video-preview:-1\" \/>\n<link rel=\"canonical\" href=\"https:\/\/www.reno-equipment.com\/fr\/produit\/e-constant-temperature-and-humidity-incubator\/\" \/>\n<meta property=\"og:locale\" content=\"fr_FR\" \/>\n<meta property=\"og:type\" content=\"article\" \/>\n<meta property=\"og:title\" content=\"E Constant Temperature and Humidity Incubator\" \/>\n<meta property=\"og:description\" content=\"\u00a0This\u00a0product\u00a0Suitable for\u00a0testing and production departments of environmental protection, health and epidemic prevention, livestock, drug testing, aquaculture and other scientific research institutes, is the special constant temperature equipment for water body analysis, measuring bacteria and mold by BOD, culturing and preserving microorganisms,cultivating plants and breeding.\" \/>\n<meta property=\"og:url\" content=\"https:\/\/www.reno-equipment.com\/fr\/produit\/e-constant-temperature-and-humidity-incubator\/\" \/>\n<meta property=\"og:site_name\" content=\"Reno Equipment\" \/>\n<meta property=\"article:publisher\" content=\"https:\/\/www.facebook.com\/profile.php?id=61562344533538\" \/>\n<meta property=\"article:modified_time\" content=\"2025-09-08T22:35:55+00:00\" \/>\n<meta property=\"og:image\" content=\"https:\/\/www.reno-equipment.com\/wp-content\/uploads\/2025\/08\/main-8.jpg\" \/>\n\t<meta property=\"og:image:width\" content=\"501\" \/>\n\t<meta property=\"og:image:height\" content=\"503\" \/>\n\t<meta property=\"og:image:type\" content=\"image\/jpeg\" \/>\n<meta name=\"twitter:card\" content=\"summary_large_image\" \/>\n<meta name=\"twitter:label1\" content=\"Prix\" \/>\n\t<meta name=\"twitter:data1\" content=\"\" \/>\n\t<meta name=\"twitter:label2\" content=\"Disponibilit\u00e9\" \/>\n\t<meta name=\"twitter:data2\" content=\"En stock\" \/>\n<script type=\"application\/ld+json\" class=\"yoast-schema-graph\">{\"@context\":\"https:\/\/schema.org\",\"@graph\":[{\"@type\":\"WebPage\",\"@id\":\"https:\/\/www.reno-equipment.com\/product\/e-constant-temperature-and-humidity-incubator\/\",\"url\":\"https:\/\/www.reno-equipment.com\/product\/e-constant-temperature-and-humidity-incubator\/\",\"name\":\"E Constant Temperature and Humidity Incubator - Reno Equipment\",\"isPartOf\":{\"@id\":\"https:\/\/www.reno-equipment.com\/#website\"},\"primaryImageOfPage\":{\"@id\":\"https:\/\/www.reno-equipment.com\/product\/e-constant-temperature-and-humidity-incubator\/#primaryimage\"},\"image\":{\"@id\":\"https:\/\/www.reno-equipment.com\/product\/e-constant-temperature-and-humidity-incubator\/#primaryimage\"},\"thumbnailUrl\":\"https:\/\/www.reno-equipment.com\/wp-content\/uploads\/2025\/08\/main-8.jpg\",\"datePublished\":\"2025-08-21T03:59:00+00:00\",\"dateModified\":\"2025-09-08T22:35:55+00:00\",\"breadcrumb\":{\"@id\":\"https:\/\/www.reno-equipment.com\/product\/e-constant-temperature-and-humidity-incubator\/#breadcrumb\"},\"inLanguage\":\"fr-FR\",\"potentialAction\":[{\"@type\":\"ReadAction\",\"target\":[\"https:\/\/www.reno-equipment.com\/product\/e-constant-temperature-and-humidity-incubator\/\"]}]},{\"@type\":\"ImageObject\",\"inLanguage\":\"fr-FR\",\"@id\":\"https:\/\/www.reno-equipment.com\/product\/e-constant-temperature-and-humidity-incubator\/#primaryimage\",\"url\":\"https:\/\/www.reno-equipment.com\/wp-content\/uploads\/2025\/08\/main-8.jpg\",\"contentUrl\":\"https:\/\/www.reno-equipment.com\/wp-content\/uploads\/2025\/08\/main-8.jpg\",\"width\":501,\"height\":503,\"caption\":\"E Constant Temperature and Humidity Incubator\"},{\"@type\":\"BreadcrumbList\",\"@id\":\"https:\/\/www.reno-equipment.com\/product\/e-constant-temperature-and-humidity-incubator\/#breadcrumb\",\"itemListElement\":[{\"@type\":\"ListItem\",\"position\":1,\"name\":\"Home\",\"item\":\"https:\/\/www.reno-equipment.com\/\"},{\"@type\":\"ListItem\",\"position\":2,\"name\":\"Shop\",\"item\":\"https:\/\/www.reno-equipment.com\/shop\/\"},{\"@type\":\"ListItem\",\"position\":3,\"name\":\"E Constant Temperature and Humidity Incubator\"}]},{\"@type\":\"WebSite\",\"@id\":\"https:\/\/www.reno-equipment.com\/#website\",\"url\":\"https:\/\/www.reno-equipment.com\/\",\"name\":\"Hebei Ruinuo Instrument Co., Ltd\",\"description\":\"A Professional Laboraory Equipment Manufacturer And Supplier in China - Reno\",\"publisher\":{\"@id\":\"https:\/\/www.reno-equipment.com\/#organization\"},\"potentialAction\":[{\"@type\":\"SearchAction\",\"target\":{\"@type\":\"EntryPoint\",\"urlTemplate\":\"https:\/\/www.reno-equipment.com\/?s={search_term_string}\"},\"query-input\":{\"@type\":\"PropertyValueSpecification\",\"valueRequired\":true,\"valueName\":\"search_term_string\"}}],\"inLanguage\":\"fr-FR\"},{\"@type\":\"Organization\",\"@id\":\"https:\/\/www.reno-equipment.com\/#organization\",\"name\":\"Hebei Ruinuo Instrument Co., Ltd\",\"url\":\"https:\/\/www.reno-equipment.com\/\",\"logo\":{\"@type\":\"ImageObject\",\"inLanguage\":\"fr-FR\",\"@id\":\"https:\/\/www.reno-equipment.com\/#\/schema\/logo\/image\/\",\"url\":\"https:\/\/www.reno-equipment.com\/wp-content\/uploads\/2025\/07\/1720412797138216.png\",\"contentUrl\":\"https:\/\/www.reno-equipment.com\/wp-content\/uploads\/2025\/07\/1720412797138216.png\",\"width\":218,\"height\":50,\"caption\":\"Hebei Ruinuo Instrument Co., Ltd\"},\"image\":{\"@id\":\"https:\/\/www.reno-equipment.com\/#\/schema\/logo\/image\/\"},\"sameAs\":[\"https:\/\/www.facebook.com\/profile.php?id=61562344533538\"]}]}<\/script>\n<meta property=\"product:price:amount\" content=\"0.00\" \/>\n<meta property=\"product:price:currency\" content=\"SGD\" \/>\n<meta property=\"og:availability\" content=\"instock\" \/>\n<meta property=\"product:availability\" content=\"instock\" \/>\n<meta property=\"product:condition\" content=\"new\" \/>\n<!-- \/ Yoast SEO Premium plugin. -->","yoast_head_json":{"title":"Incubateur \u00e0 temp\u00e9rature et humidit\u00e9 constantes - \u00c9quipement Reno","robots":{"index":"index","follow":"follow","max-snippet":"max-snippet:-1","max-image-preview":"max-image-preview:large","max-video-preview":"max-video-preview:-1"},"canonical":"https:\/\/www.reno-equipment.com\/fr\/produit\/e-constant-temperature-and-humidity-incubator\/","og_locale":"fr_FR","og_type":"article","og_title":"E Constant Temperature and Humidity Incubator","og_description":"\u00a0This\u00a0product\u00a0Suitable for\u00a0testing and production departments of environmental protection, health and epidemic prevention, livestock, drug testing, aquaculture and other scientific research institutes, is the special constant temperature equipment for water body analysis, measuring bacteria and mold by BOD, culturing and preserving microorganisms,cultivating plants and breeding.","og_url":"https:\/\/www.reno-equipment.com\/fr\/produit\/e-constant-temperature-and-humidity-incubator\/","og_site_name":"Reno Equipment","article_publisher":"https:\/\/www.facebook.com\/profile.php?id=61562344533538","article_modified_time":"2025-09-08T22:35:55+00:00","og_image":[{"width":501,"height":503,"url":"https:\/\/www.reno-equipment.com\/wp-content\/uploads\/2025\/08\/main-8.jpg","type":"image\/jpeg"}],"twitter_card":"summary_large_image","twitter_misc":{"Prix":"","Disponibilit\u00e9":"En stock"},"schema":{"@context":"https:\/\/schema.org","@graph":[{"@type":"WebPage","@id":"https:\/\/www.reno-equipment.com\/product\/e-constant-temperature-and-humidity-incubator\/","url":"https:\/\/www.reno-equipment.com\/product\/e-constant-temperature-and-humidity-incubator\/","name":"Incubateur \u00e0 temp\u00e9rature et humidit\u00e9 constantes - \u00c9quipement Reno","isPartOf":{"@id":"https:\/\/www.reno-equipment.com\/#website"},"primaryImageOfPage":{"@id":"https:\/\/www.reno-equipment.com\/product\/e-constant-temperature-and-humidity-incubator\/#primaryimage"},"image":{"@id":"https:\/\/www.reno-equipment.com\/product\/e-constant-temperature-and-humidity-incubator\/#primaryimage"},"thumbnailUrl":"https:\/\/www.reno-equipment.com\/wp-content\/uploads\/2025\/08\/main-8.jpg","datePublished":"2025-08-21T03:59:00+00:00","dateModified":"2025-09-08T22:35:55+00:00","breadcrumb":{"@id":"https:\/\/www.reno-equipment.com\/product\/e-constant-temperature-and-humidity-incubator\/#breadcrumb"},"inLanguage":"fr-FR","potentialAction":[{"@type":"ReadAction","target":["https:\/\/www.reno-equipment.com\/product\/e-constant-temperature-and-humidity-incubator\/"]}]},{"@type":"ImageObject","inLanguage":"fr-FR","@id":"https:\/\/www.reno-equipment.com\/product\/e-constant-temperature-and-humidity-incubator\/#primaryimage","url":"https:\/\/www.reno-equipment.com\/wp-content\/uploads\/2025\/08\/main-8.jpg","contentUrl":"https:\/\/www.reno-equipment.com\/wp-content\/uploads\/2025\/08\/main-8.jpg","width":501,"height":503,"caption":"E Constant Temperature and Humidity Incubator"},{"@type":"BreadcrumbList","@id":"https:\/\/www.reno-equipment.com\/product\/e-constant-temperature-and-humidity-incubator\/#breadcrumb","itemListElement":[{"@type":"ListItem","position":1,"name":"Home","item":"https:\/\/www.reno-equipment.com\/"},{"@type":"ListItem","position":2,"name":"Shop","item":"https:\/\/www.reno-equipment.com\/shop\/"},{"@type":"ListItem","position":3,"name":"E Constant Temperature and Humidity Incubator"}]},{"@type":"WebSite","@id":"https:\/\/www.reno-equipment.com\/#website","url":"https:\/\/www.reno-equipment.com\/","name":"Soci\u00e9t\u00e9 Hebei Ruinuo Instrument Co., Ltd","description":"Un fabricant et fournisseur d'\u00e9quipements de laboratoire professionnels en Chine - Reno","publisher":{"@id":"https:\/\/www.reno-equipment.com\/#organization"},"potentialAction":[{"@type":"SearchAction","target":{"@type":"EntryPoint","urlTemplate":"https:\/\/www.reno-equipment.com\/?s={search_term_string}"},"query-input":{"@type":"PropertyValueSpecification","valueRequired":true,"valueName":"search_term_string"}}],"inLanguage":"fr-FR"},{"@type":"Organization","@id":"https:\/\/www.reno-equipment.com\/#organization","name":"Soci\u00e9t\u00e9 Hebei Ruinuo Instrument Co., Ltd","url":"https:\/\/www.reno-equipment.com\/","logo":{"@type":"ImageObject","inLanguage":"fr-FR","@id":"https:\/\/www.reno-equipment.com\/#\/schema\/logo\/image\/","url":"https:\/\/www.reno-equipment.com\/wp-content\/uploads\/2025\/07\/1720412797138216.png","contentUrl":"https:\/\/www.reno-equipment.com\/wp-content\/uploads\/2025\/07\/1720412797138216.png","width":218,"height":50,"caption":"Hebei Ruinuo Instrument Co., Ltd"},"image":{"@id":"https:\/\/www.reno-equipment.com\/#\/schema\/logo\/image\/"},"sameAs":["https:\/\/www.facebook.com\/profile.php?id=61562344533538"]}]},"product_price_amount":"0.00","product_price_currency":"SGD","og_availability":"instock","product_availability":"instock","product_condition":"new"},"_links":{"self":[{"href":"https:\/\/www.reno-equipment.com\/fr\/wp-json\/wp\/v2\/product\/20295","targetHints":{"allow":["GET"]}}],"collection":[{"href":"https:\/\/www.reno-equipment.com\/fr\/wp-json\/wp\/v2\/product"}],"about":[{"href":"https:\/\/www.reno-equipment.com\/fr\/wp-json\/wp\/v2\/types\/product"}],"replies":[{"embeddable":true,"href":"https:\/\/www.reno-equipment.com\/fr\/wp-json\/wp\/v2\/comments?post=20295"}],"version-history":[{"count":0,"href":"https:\/\/www.reno-equipment.com\/fr\/wp-json\/wp\/v2\/product\/20295\/revisions"}],"wp:featuredmedia":[{"embeddable":true,"href":"https:\/\/www.reno-equipment.com\/fr\/wp-json\/wp\/v2\/media\/22029"}],"wp:attachment":[{"href":"https:\/\/www.reno-equipment.com\/fr\/wp-json\/wp\/v2\/media?parent=20295"}],"wp:term":[{"taxonomy":"product_brand","embeddable":true,"href":"https:\/\/www.reno-equipment.com\/fr\/wp-json\/wp\/v2\/product_brand?post=20295"},{"taxonomy":"product_cat","embeddable":true,"href":"https:\/\/www.reno-equipment.com\/fr\/wp-json\/wp\/v2\/product_cat?post=20295"},{"taxonomy":"product_tag","embeddable":true,"href":"https:\/\/www.reno-equipment.com\/fr\/wp-json\/wp\/v2\/product_tag?post=20295"}],"curies":[{"name":"wp","href":"https:\/\/api.w.org\/{rel}","templated":true}]}}