{"id":20234,"date":"2025-08-21T03:51:00","date_gmt":"2025-08-21T03:51:00","guid":{"rendered":"https:\/\/www.reno-equipment.com\/?post_type=product&#038;p=20234"},"modified":"2025-10-29T13:10:40","modified_gmt":"2025-10-29T13:10:40","slug":"dhg-forced-air-and-constant-temperature-drying-oven","status":"publish","type":"product","link":"https:\/\/www.reno-equipment.com\/fr\/produit\/dhg-forced-air-and-constant-temperature-drying-oven\/","title":{"rendered":"Four de s\u00e9chage \u00e0 air forc\u00e9 et \u00e0 temp\u00e9rature constante DHG"},"content":{"rendered":"<p>Adapt\u00e9 pour le s\u00e9chage, la cuisson et le traitement thermique de la poussi\u00e8re de bonne qualit\u00e9, etc. crainte du vent des marchandises dans les entreprises industrielles et mini\u00e8res, les laboratoires des coll\u00e8ges et universit\u00e9s, les instituts de recherche, les unit\u00e9s m\u00e9dicales et de sant\u00e9.<\/p>\n<ol>\n<li>La coque est fabriqu\u00e9e en t\u00f4le froide de haute qualit\u00e9 par transformation et mise en forme. La surface est trait\u00e9e par un processus de pulv\u00e9risation.<\/li>\n<li>Le studio est fabriqu\u00e9 en acier inoxydable miroir ou en t\u00f4le galvanis\u00e9e par transformation et fabrication.<\/li>\n<li>\u00c9cran num\u00e9rique intelligent avec contr\u00f4le de temp\u00e9rature PID, incluant des fonctions de minuterie, d'alarme de surtemp\u00e9rature, de correction de d\u00e9viation de temp\u00e9rature, d'auto-ajustement de temp\u00e9rature et d'autres fonctions.<\/li>\n<li>S est un rev\u00eatement en t\u00f4le galvanis\u00e9e, B est un rev\u00eatement en acier inoxydable.<\/li>\n<li>\u00c9quip\u00e9 d'un interrupteur de ventilateur ind\u00e9pendant, optionnel selon les besoins, activ\u00e9 pour \u00eatre un four de s\u00e9chage par souffle \u00e9lectrothermique, d\u00e9sactiv\u00e9 pour \u00eatre un four de s\u00e9chage \u00e9lectrothermique \u00e0 temp\u00e9rature constante.<\/li>\n<li>Alimentation : 220V 50Hz.<\/li>\n<li>Plage de contr\u00f4le de la temp\u00e9rature : temp\u00e9rature ambiante +5-300\u2103. Fluctuation de temp\u00e9rature : \u00b11\u2103.<\/li>\n<li>Compteur LCD optionnel.<\/li>\n<\/ol>\n<p>&nbsp;<\/p>\n<p>&nbsp;<\/p>\n\n    <div class=\"xs_social_share_widget xs_share_url after_content \t\tmain_content  wslu-style-1 wslu-share-box-shaped wslu-fill-colored wslu-none wslu-share-horizontal wslu-theme-font-no wslu-main_content\">\n\n\t\t\n        <ul>\n\t\t\t        <\/ul>\n    <\/div>","protected":false},"excerpt":{"rendered":"<p>Adapt\u00e9 pour le s\u00e9chage, la cuisson et le traitement thermique de la poussi\u00e8re de bonne qualit\u00e9, etc. crainte du vent des marchandises dans les entreprises industrielles et mini\u00e8res, les laboratoires des coll\u00e8ges et universit\u00e9s, les instituts de recherche, les unit\u00e9s m\u00e9dicales et de sant\u00e9.<\/p>","protected":false},"featured_media":22032,"comment_status":"open","ping_status":"closed","template":"","meta":{"_acf_changed":false,"inline_featured_image":false,"postBodyCss":"","postBodyMargin":[],"postBodyPadding":[],"postBodyBackground":{"backgroundType":"classic","gradient":""}},"product_brand":[],"product_cat":[66,46,59],"product_tag":[],"class_list":{"0":"post-20234","1":"product","2":"type-product","3":"status-publish","4":"has-post-thumbnail","6":"product_cat-products","7":"product_cat-drying-ovens","8":"product_cat-electric-drying-ovens","10":"first","11":"instock","12":"shipping-taxable","13":"product-type-simple"},"acf":[],"yoast_head":"<!-- This site is optimized with the Yoast SEO Premium plugin v25.7.1 (Yoast SEO v25.7) - https:\/\/yoast.com\/wordpress\/plugins\/seo\/ -->\n<title>DHG Forced Air and Constant Temperature Drying Oven - Reno Equipment<\/title>\n<meta name=\"robots\" content=\"index, follow, max-snippet:-1, max-image-preview:large, max-video-preview:-1\" \/>\n<link rel=\"canonical\" href=\"https:\/\/www.reno-equipment.com\/fr\/produit\/dhg-forced-air-and-constant-temperature-drying-oven\/\" \/>\n<meta property=\"og:locale\" content=\"fr_FR\" \/>\n<meta property=\"og:type\" content=\"article\" \/>\n<meta property=\"og:title\" content=\"DHG Forced Air and Constant Temperature Drying Oven\" \/>\n<meta property=\"og:description\" content=\"Suitable for drying ,baking and heat treatment right dust\u00a0powder etc. fear of wind of goods in industrial and mining enterprises,laboratories of colleges and universities,research institute ,medical and health units.\" \/>\n<meta property=\"og:url\" content=\"https:\/\/www.reno-equipment.com\/fr\/produit\/dhg-forced-air-and-constant-temperature-drying-oven\/\" \/>\n<meta property=\"og:site_name\" content=\"Reno Equipment\" \/>\n<meta property=\"article:publisher\" content=\"https:\/\/www.facebook.com\/profile.php?id=61562344533538\" \/>\n<meta property=\"article:modified_time\" content=\"2025-10-29T13:10:40+00:00\" \/>\n<meta property=\"og:image\" content=\"https:\/\/www.reno-equipment.com\/wp-content\/uploads\/2025\/08\/product_1-13.jpg\" \/>\n\t<meta property=\"og:image:width\" content=\"361\" \/>\n\t<meta property=\"og:image:height\" content=\"420\" \/>\n\t<meta property=\"og:image:type\" content=\"image\/jpeg\" \/>\n<meta name=\"twitter:card\" content=\"summary_large_image\" \/>\n<meta name=\"twitter:label1\" content=\"Prix\" \/>\n\t<meta name=\"twitter:data1\" content=\"\" \/>\n\t<meta name=\"twitter:label2\" content=\"Disponibilit\u00e9\" \/>\n\t<meta name=\"twitter:data2\" content=\"En stock\" \/>\n<script type=\"application\/ld+json\" class=\"yoast-schema-graph\">{\"@context\":\"https:\/\/schema.org\",\"@graph\":[{\"@type\":\"WebPage\",\"@id\":\"https:\/\/www.reno-equipment.com\/product\/dhg-forced-air-and-constant-temperature-drying-oven\/\",\"url\":\"https:\/\/www.reno-equipment.com\/product\/dhg-forced-air-and-constant-temperature-drying-oven\/\",\"name\":\"DHG Forced Air and Constant Temperature Drying Oven - Reno Equipment\",\"isPartOf\":{\"@id\":\"https:\/\/www.reno-equipment.com\/#website\"},\"primaryImageOfPage\":{\"@id\":\"https:\/\/www.reno-equipment.com\/product\/dhg-forced-air-and-constant-temperature-drying-oven\/#primaryimage\"},\"image\":{\"@id\":\"https:\/\/www.reno-equipment.com\/product\/dhg-forced-air-and-constant-temperature-drying-oven\/#primaryimage\"},\"thumbnailUrl\":\"https:\/\/www.reno-equipment.com\/wp-content\/uploads\/2025\/08\/product_1-13.jpg\",\"datePublished\":\"2025-08-21T03:51:00+00:00\",\"dateModified\":\"2025-10-29T13:10:40+00:00\",\"breadcrumb\":{\"@id\":\"https:\/\/www.reno-equipment.com\/product\/dhg-forced-air-and-constant-temperature-drying-oven\/#breadcrumb\"},\"inLanguage\":\"fr-FR\",\"potentialAction\":[{\"@type\":\"ReadAction\",\"target\":[\"https:\/\/www.reno-equipment.com\/product\/dhg-forced-air-and-constant-temperature-drying-oven\/\"]}]},{\"@type\":\"ImageObject\",\"inLanguage\":\"fr-FR\",\"@id\":\"https:\/\/www.reno-equipment.com\/product\/dhg-forced-air-and-constant-temperature-drying-oven\/#primaryimage\",\"url\":\"https:\/\/www.reno-equipment.com\/wp-content\/uploads\/2025\/08\/product_1-13.jpg\",\"contentUrl\":\"https:\/\/www.reno-equipment.com\/wp-content\/uploads\/2025\/08\/product_1-13.jpg\",\"width\":361,\"height\":420,\"caption\":\"DHG Forced Air and Constant Temperature Drying Oven\"},{\"@type\":\"BreadcrumbList\",\"@id\":\"https:\/\/www.reno-equipment.com\/product\/dhg-forced-air-and-constant-temperature-drying-oven\/#breadcrumb\",\"itemListElement\":[{\"@type\":\"ListItem\",\"position\":1,\"name\":\"Home\",\"item\":\"https:\/\/www.reno-equipment.com\/\"},{\"@type\":\"ListItem\",\"position\":2,\"name\":\"Shop\",\"item\":\"https:\/\/www.reno-equipment.com\/shop\/\"},{\"@type\":\"ListItem\",\"position\":3,\"name\":\"DHG Forced Air and Constant Temperature Drying Oven\"}]},{\"@type\":\"WebSite\",\"@id\":\"https:\/\/www.reno-equipment.com\/#website\",\"url\":\"https:\/\/www.reno-equipment.com\/\",\"name\":\"Hebei Ruinuo Instrument Co., Ltd\",\"description\":\"A Professional Laboraory Equipment Manufacturer And Supplier in China - Reno\",\"publisher\":{\"@id\":\"https:\/\/www.reno-equipment.com\/#organization\"},\"potentialAction\":[{\"@type\":\"SearchAction\",\"target\":{\"@type\":\"EntryPoint\",\"urlTemplate\":\"https:\/\/www.reno-equipment.com\/?s={search_term_string}\"},\"query-input\":{\"@type\":\"PropertyValueSpecification\",\"valueRequired\":true,\"valueName\":\"search_term_string\"}}],\"inLanguage\":\"fr-FR\"},{\"@type\":\"Organization\",\"@id\":\"https:\/\/www.reno-equipment.com\/#organization\",\"name\":\"Hebei Ruinuo Instrument Co., Ltd\",\"url\":\"https:\/\/www.reno-equipment.com\/\",\"logo\":{\"@type\":\"ImageObject\",\"inLanguage\":\"fr-FR\",\"@id\":\"https:\/\/www.reno-equipment.com\/#\/schema\/logo\/image\/\",\"url\":\"https:\/\/www.reno-equipment.com\/wp-content\/uploads\/2025\/07\/1720412797138216.png\",\"contentUrl\":\"https:\/\/www.reno-equipment.com\/wp-content\/uploads\/2025\/07\/1720412797138216.png\",\"width\":218,\"height\":50,\"caption\":\"Hebei Ruinuo Instrument Co., Ltd\"},\"image\":{\"@id\":\"https:\/\/www.reno-equipment.com\/#\/schema\/logo\/image\/\"},\"sameAs\":[\"https:\/\/www.facebook.com\/profile.php?id=61562344533538\"]}]}<\/script>\n<meta property=\"product:price:amount\" content=\"0.00\" \/>\n<meta property=\"product:price:currency\" content=\"SGD\" \/>\n<meta property=\"og:availability\" content=\"instock\" \/>\n<meta property=\"product:availability\" content=\"instock\" \/>\n<meta property=\"product:condition\" content=\"new\" \/>\n<!-- \/ Yoast SEO Premium plugin. -->","yoast_head_json":{"title":"Four de s\u00e9chage \u00e0 air forc\u00e9 et \u00e0 temp\u00e9rature constante DHG - \u00c9quipement Reno","robots":{"index":"index","follow":"follow","max-snippet":"max-snippet:-1","max-image-preview":"max-image-preview:large","max-video-preview":"max-video-preview:-1"},"canonical":"https:\/\/www.reno-equipment.com\/fr\/produit\/dhg-forced-air-and-constant-temperature-drying-oven\/","og_locale":"fr_FR","og_type":"article","og_title":"DHG Forced Air and Constant Temperature Drying Oven","og_description":"Suitable for drying ,baking and heat treatment right dust\u00a0powder etc. fear of wind of goods in industrial and mining enterprises,laboratories of colleges and universities,research institute ,medical and health units.","og_url":"https:\/\/www.reno-equipment.com\/fr\/produit\/dhg-forced-air-and-constant-temperature-drying-oven\/","og_site_name":"Reno Equipment","article_publisher":"https:\/\/www.facebook.com\/profile.php?id=61562344533538","article_modified_time":"2025-10-29T13:10:40+00:00","og_image":[{"width":361,"height":420,"url":"https:\/\/www.reno-equipment.com\/wp-content\/uploads\/2025\/08\/product_1-13.jpg","type":"image\/jpeg"}],"twitter_card":"summary_large_image","twitter_misc":{"Prix":"","Disponibilit\u00e9":"En stock"},"schema":{"@context":"https:\/\/schema.org","@graph":[{"@type":"WebPage","@id":"https:\/\/www.reno-equipment.com\/product\/dhg-forced-air-and-constant-temperature-drying-oven\/","url":"https:\/\/www.reno-equipment.com\/product\/dhg-forced-air-and-constant-temperature-drying-oven\/","name":"Four de s\u00e9chage \u00e0 air forc\u00e9 et \u00e0 temp\u00e9rature constante DHG - \u00c9quipement Reno","isPartOf":{"@id":"https:\/\/www.reno-equipment.com\/#website"},"primaryImageOfPage":{"@id":"https:\/\/www.reno-equipment.com\/product\/dhg-forced-air-and-constant-temperature-drying-oven\/#primaryimage"},"image":{"@id":"https:\/\/www.reno-equipment.com\/product\/dhg-forced-air-and-constant-temperature-drying-oven\/#primaryimage"},"thumbnailUrl":"https:\/\/www.reno-equipment.com\/wp-content\/uploads\/2025\/08\/product_1-13.jpg","datePublished":"2025-08-21T03:51:00+00:00","dateModified":"2025-10-29T13:10:40+00:00","breadcrumb":{"@id":"https:\/\/www.reno-equipment.com\/product\/dhg-forced-air-and-constant-temperature-drying-oven\/#breadcrumb"},"inLanguage":"fr-FR","potentialAction":[{"@type":"ReadAction","target":["https:\/\/www.reno-equipment.com\/product\/dhg-forced-air-and-constant-temperature-drying-oven\/"]}]},{"@type":"ImageObject","inLanguage":"fr-FR","@id":"https:\/\/www.reno-equipment.com\/product\/dhg-forced-air-and-constant-temperature-drying-oven\/#primaryimage","url":"https:\/\/www.reno-equipment.com\/wp-content\/uploads\/2025\/08\/product_1-13.jpg","contentUrl":"https:\/\/www.reno-equipment.com\/wp-content\/uploads\/2025\/08\/product_1-13.jpg","width":361,"height":420,"caption":"DHG Forced Air and Constant Temperature Drying Oven"},{"@type":"BreadcrumbList","@id":"https:\/\/www.reno-equipment.com\/product\/dhg-forced-air-and-constant-temperature-drying-oven\/#breadcrumb","itemListElement":[{"@type":"ListItem","position":1,"name":"Home","item":"https:\/\/www.reno-equipment.com\/"},{"@type":"ListItem","position":2,"name":"Shop","item":"https:\/\/www.reno-equipment.com\/shop\/"},{"@type":"ListItem","position":3,"name":"DHG Forced Air and Constant Temperature Drying Oven"}]},{"@type":"WebSite","@id":"https:\/\/www.reno-equipment.com\/#website","url":"https:\/\/www.reno-equipment.com\/","name":"Soci\u00e9t\u00e9 Hebei Ruinuo Instrument Co., Ltd","description":"Un fabricant et fournisseur d'\u00e9quipements de laboratoire professionnels en Chine - Reno","publisher":{"@id":"https:\/\/www.reno-equipment.com\/#organization"},"potentialAction":[{"@type":"SearchAction","target":{"@type":"EntryPoint","urlTemplate":"https:\/\/www.reno-equipment.com\/?s={search_term_string}"},"query-input":{"@type":"PropertyValueSpecification","valueRequired":true,"valueName":"search_term_string"}}],"inLanguage":"fr-FR"},{"@type":"Organization","@id":"https:\/\/www.reno-equipment.com\/#organization","name":"Soci\u00e9t\u00e9 Hebei Ruinuo Instrument Co., Ltd","url":"https:\/\/www.reno-equipment.com\/","logo":{"@type":"ImageObject","inLanguage":"fr-FR","@id":"https:\/\/www.reno-equipment.com\/#\/schema\/logo\/image\/","url":"https:\/\/www.reno-equipment.com\/wp-content\/uploads\/2025\/07\/1720412797138216.png","contentUrl":"https:\/\/www.reno-equipment.com\/wp-content\/uploads\/2025\/07\/1720412797138216.png","width":218,"height":50,"caption":"Hebei Ruinuo Instrument Co., Ltd"},"image":{"@id":"https:\/\/www.reno-equipment.com\/#\/schema\/logo\/image\/"},"sameAs":["https:\/\/www.facebook.com\/profile.php?id=61562344533538"]}]},"product_price_amount":"0.00","product_price_currency":"SGD","og_availability":"instock","product_availability":"instock","product_condition":"new"},"_links":{"self":[{"href":"https:\/\/www.reno-equipment.com\/fr\/wp-json\/wp\/v2\/product\/20234","targetHints":{"allow":["GET"]}}],"collection":[{"href":"https:\/\/www.reno-equipment.com\/fr\/wp-json\/wp\/v2\/product"}],"about":[{"href":"https:\/\/www.reno-equipment.com\/fr\/wp-json\/wp\/v2\/types\/product"}],"replies":[{"embeddable":true,"href":"https:\/\/www.reno-equipment.com\/fr\/wp-json\/wp\/v2\/comments?post=20234"}],"version-history":[{"count":0,"href":"https:\/\/www.reno-equipment.com\/fr\/wp-json\/wp\/v2\/product\/20234\/revisions"}],"wp:featuredmedia":[{"embeddable":true,"href":"https:\/\/www.reno-equipment.com\/fr\/wp-json\/wp\/v2\/media\/22032"}],"wp:attachment":[{"href":"https:\/\/www.reno-equipment.com\/fr\/wp-json\/wp\/v2\/media?parent=20234"}],"wp:term":[{"taxonomy":"product_brand","embeddable":true,"href":"https:\/\/www.reno-equipment.com\/fr\/wp-json\/wp\/v2\/product_brand?post=20234"},{"taxonomy":"product_cat","embeddable":true,"href":"https:\/\/www.reno-equipment.com\/fr\/wp-json\/wp\/v2\/product_cat?post=20234"},{"taxonomy":"product_tag","embeddable":true,"href":"https:\/\/www.reno-equipment.com\/fr\/wp-json\/wp\/v2\/product_tag?post=20234"}],"curies":[{"name":"wp","href":"https:\/\/api.w.org\/{rel}","templated":true}]}}