{"id":20122,"date":"2025-08-21T03:37:00","date_gmt":"2025-08-21T03:37:00","guid":{"rendered":"https:\/\/www.reno-equipment.com\/?post_type=product&#038;p=20122"},"modified":"2025-09-25T08:26:43","modified_gmt":"2025-09-25T08:26:43","slug":"ceramic-fiber-resistance-furnace","status":"publish","type":"product","link":"https:\/\/www.reno-equipment.com\/fr\/produit\/ceramic-fiber-resistance-furnace\/","title":{"rendered":"Fours \u00e0 r\u00e9sistance en fibre c\u00e9ramique"},"content":{"rendered":"<p><strong><b>Aper\u00e7u du produit :<\/b><\/strong><\/p>\n<p>Adapt\u00e9 \u00e0 l'analyse de la composition du charbon dans les laboratoires d'industries telles que le charbon, l'\u00e9lectricit\u00e9, la m\u00e9tallurgie, l'industrie chimique non ferreuse, la protection de l'environnement et les instituts de recherche, etc.<\/p>\n<p><strong><b>Caract\u00e9ristiques du produit :<\/b><\/strong><\/p>\n<p>La coque est fabriqu\u00e9e en acier lamin\u00e9 \u00e0 froid de haute qualit\u00e9, la surface est trait\u00e9e par un traitement de pulv\u00e9risation \u00e9lectrostatique.<\/p>\n<p>2. La porte du four adopte un design unique d'ouverture de porte lat\u00e9rale parall\u00e8le, permettant \u00e0 l'extr\u00e9mit\u00e9 chaude d'\u00eatre \u00e9loign\u00e9e de la zone de chauffage. Ouvrez la porte et coupez l'alimentation, avec un d\u00e9lai de red\u00e9marrage et un dispositif d'\u00e9chappement. Cela favorise l'enfumage.<\/p>\n<p>3\u3001Le studio est en fibre c\u00e9ramique en alumine haute densit\u00e9, poss\u00e8de les caract\u00e9ristiques d'une bonne performance d'isolation, d'\u00e9conomie d'\u00e9nergie, de l\u00e9g\u00e8ret\u00e9 et de facilit\u00e9 de transport.<\/p>\n<p>4, Isolation a\u00e9rienne \u00e0 double coque, basse temp\u00e9rature de surface.<\/p>\n<p>5, Microordinateur haute pr\u00e9cision, grand \u00e9cran LCD parfaitement combin\u00e9 avec un capteur de pr\u00e9cision, temp\u00e9rature pr\u00e9cise.<\/p>\n<p>P est un instrument contr\u00f4l\u00e9 par programme avec un contr\u00f4le de temp\u00e9rature \u00e0 minuterie et \u00e0 plusieurs segments.<\/p>\n<p>&nbsp;<\/p>\n\n    <div class=\"xs_social_share_widget xs_share_url after_content \t\tmain_content  wslu-style-1 wslu-share-box-shaped wslu-fill-colored wslu-none wslu-share-horizontal wslu-theme-font-no wslu-main_content\">\n\n\t\t\n        <ul>\n\t\t\t        <\/ul>\n    <\/div>","protected":false},"excerpt":{"rendered":"<p>Aper\u00e7u du produit : Convient \u00e0 l'analyse de la composition du charbon dans les laboratoires d'industries telles que le charbon, l'\u00e9lectricit\u00e9, la m\u00e9tallurgie, l'industrie chimique non ferreuse, la protection de l'environnement et les instituts de recherche, etc. Caract\u00e9ristiques du produit : 1. La coque est en acier lamin\u00e9 \u00e0 froid de haute qualit\u00e9, la surface est trait\u00e9e par un traitement par pulv\u00e9risation \u00e9lectrostatique. 2. La porte du four adopte un design parall\u00e8le unique [...]<\/p>","protected":false},"featured_media":22038,"comment_status":"open","ping_status":"closed","template":"","meta":{"_acf_changed":false,"inline_featured_image":false,"postBodyCss":"","postBodyMargin":[],"postBodyPadding":[],"postBodyBackground":{"backgroundType":"classic","gradient":""}},"product_brand":[],"product_cat":[170,66,133,143],"product_tag":[],"class_list":{"0":"post-20122","1":"product","2":"type-product","3":"status-publish","4":"has-post-thumbnail","6":"product_cat-electric-furnaces","7":"product_cat-products","8":"product_cat-furnaces","9":"product_cat-muffle-furnaces","11":"first","12":"instock","13":"shipping-taxable","14":"product-type-simple"},"acf":[],"yoast_head":"<!-- This site is optimized with the Yoast SEO Premium plugin v25.7.1 (Yoast SEO v25.7) - https:\/\/yoast.com\/wordpress\/plugins\/seo\/ -->\n<title>Ceramic Fiber Resistance Furnace - Reno Equipment<\/title>\n<meta name=\"robots\" content=\"index, follow, max-snippet:-1, max-image-preview:large, max-video-preview:-1\" \/>\n<link rel=\"canonical\" href=\"https:\/\/www.reno-equipment.com\/fr\/produit\/ceramic-fiber-resistance-furnace\/\" \/>\n<meta property=\"og:locale\" content=\"fr_FR\" \/>\n<meta property=\"og:type\" content=\"article\" \/>\n<meta property=\"og:title\" content=\"Ceramic Fiber Resistance Furnace\" \/>\n<meta property=\"og:description\" content=\"Product Overview: Suitable for the analysis of coal composition in laboratories of industries such as coal, electricity, metallurgy, non-ferrous chemical industry, environmental protection, and research institutes etc. Product Features: 1\u3001The shell is made of high-quality cold rolled steel plate ,The surface is treated by electrostatic spaying treatment. 2\u3001The furnace door is adopted the unique parallel [&hellip;]\" \/>\n<meta property=\"og:url\" content=\"https:\/\/www.reno-equipment.com\/fr\/produit\/ceramic-fiber-resistance-furnace\/\" \/>\n<meta property=\"og:site_name\" content=\"Reno Equipment\" \/>\n<meta property=\"article:publisher\" content=\"https:\/\/www.facebook.com\/profile.php?id=61562344533538\" \/>\n<meta property=\"article:modified_time\" content=\"2025-09-25T08:26:43+00:00\" \/>\n<meta property=\"og:image\" content=\"https:\/\/www.reno-equipment.com\/wp-content\/uploads\/2025\/08\/product_1-15.jpg\" \/>\n\t<meta property=\"og:image:width\" content=\"402\" \/>\n\t<meta property=\"og:image:height\" content=\"432\" \/>\n\t<meta property=\"og:image:type\" content=\"image\/jpeg\" \/>\n<meta name=\"twitter:card\" content=\"summary_large_image\" \/>\n<meta name=\"twitter:label1\" content=\"Prix\" \/>\n\t<meta name=\"twitter:data1\" content=\"\" \/>\n\t<meta name=\"twitter:label2\" content=\"Disponibilit\u00e9\" \/>\n\t<meta name=\"twitter:data2\" content=\"En stock\" \/>\n<script type=\"application\/ld+json\" class=\"yoast-schema-graph\">{\"@context\":\"https:\/\/schema.org\",\"@graph\":[{\"@type\":\"WebPage\",\"@id\":\"https:\/\/www.reno-equipment.com\/product\/ceramic-fiber-resistance-furnace\/\",\"url\":\"https:\/\/www.reno-equipment.com\/product\/ceramic-fiber-resistance-furnace\/\",\"name\":\"Ceramic Fiber Resistance Furnace - Reno Equipment\",\"isPartOf\":{\"@id\":\"https:\/\/www.reno-equipment.com\/#website\"},\"primaryImageOfPage\":{\"@id\":\"https:\/\/www.reno-equipment.com\/product\/ceramic-fiber-resistance-furnace\/#primaryimage\"},\"image\":{\"@id\":\"https:\/\/www.reno-equipment.com\/product\/ceramic-fiber-resistance-furnace\/#primaryimage\"},\"thumbnailUrl\":\"https:\/\/www.reno-equipment.com\/wp-content\/uploads\/2025\/08\/product_1-15.jpg\",\"datePublished\":\"2025-08-21T03:37:00+00:00\",\"dateModified\":\"2025-09-25T08:26:43+00:00\",\"breadcrumb\":{\"@id\":\"https:\/\/www.reno-equipment.com\/product\/ceramic-fiber-resistance-furnace\/#breadcrumb\"},\"inLanguage\":\"fr-FR\",\"potentialAction\":[{\"@type\":\"ReadAction\",\"target\":[\"https:\/\/www.reno-equipment.com\/product\/ceramic-fiber-resistance-furnace\/\"]}]},{\"@type\":\"ImageObject\",\"inLanguage\":\"fr-FR\",\"@id\":\"https:\/\/www.reno-equipment.com\/product\/ceramic-fiber-resistance-furnace\/#primaryimage\",\"url\":\"https:\/\/www.reno-equipment.com\/wp-content\/uploads\/2025\/08\/product_1-15.jpg\",\"contentUrl\":\"https:\/\/www.reno-equipment.com\/wp-content\/uploads\/2025\/08\/product_1-15.jpg\",\"width\":402,\"height\":432,\"caption\":\"Ceramic Fiber Resistance Furnace\"},{\"@type\":\"BreadcrumbList\",\"@id\":\"https:\/\/www.reno-equipment.com\/product\/ceramic-fiber-resistance-furnace\/#breadcrumb\",\"itemListElement\":[{\"@type\":\"ListItem\",\"position\":1,\"name\":\"Home\",\"item\":\"https:\/\/www.reno-equipment.com\/\"},{\"@type\":\"ListItem\",\"position\":2,\"name\":\"Shop\",\"item\":\"https:\/\/www.reno-equipment.com\/shop\/\"},{\"@type\":\"ListItem\",\"position\":3,\"name\":\"Ceramic Fiber Resistance Furnace\"}]},{\"@type\":\"WebSite\",\"@id\":\"https:\/\/www.reno-equipment.com\/#website\",\"url\":\"https:\/\/www.reno-equipment.com\/\",\"name\":\"Hebei Ruinuo Instrument Co., Ltd\",\"description\":\"A Professional Laboraory Equipment Manufacturer And Supplier in China - Reno\",\"publisher\":{\"@id\":\"https:\/\/www.reno-equipment.com\/#organization\"},\"potentialAction\":[{\"@type\":\"SearchAction\",\"target\":{\"@type\":\"EntryPoint\",\"urlTemplate\":\"https:\/\/www.reno-equipment.com\/?s={search_term_string}\"},\"query-input\":{\"@type\":\"PropertyValueSpecification\",\"valueRequired\":true,\"valueName\":\"search_term_string\"}}],\"inLanguage\":\"fr-FR\"},{\"@type\":\"Organization\",\"@id\":\"https:\/\/www.reno-equipment.com\/#organization\",\"name\":\"Hebei Ruinuo Instrument Co., Ltd\",\"url\":\"https:\/\/www.reno-equipment.com\/\",\"logo\":{\"@type\":\"ImageObject\",\"inLanguage\":\"fr-FR\",\"@id\":\"https:\/\/www.reno-equipment.com\/#\/schema\/logo\/image\/\",\"url\":\"https:\/\/www.reno-equipment.com\/wp-content\/uploads\/2025\/07\/1720412797138216.png\",\"contentUrl\":\"https:\/\/www.reno-equipment.com\/wp-content\/uploads\/2025\/07\/1720412797138216.png\",\"width\":218,\"height\":50,\"caption\":\"Hebei Ruinuo Instrument Co., Ltd\"},\"image\":{\"@id\":\"https:\/\/www.reno-equipment.com\/#\/schema\/logo\/image\/\"},\"sameAs\":[\"https:\/\/www.facebook.com\/profile.php?id=61562344533538\"]}]}<\/script>\n<meta property=\"product:price:amount\" content=\"0.00\" \/>\n<meta property=\"product:price:currency\" content=\"SGD\" \/>\n<meta property=\"og:availability\" content=\"instock\" \/>\n<meta property=\"product:availability\" content=\"instock\" \/>\n<meta property=\"product:condition\" content=\"new\" \/>\n<!-- \/ Yoast SEO Premium plugin. -->","yoast_head_json":{"title":"Fours de r\u00e9sistance en fibre c\u00e9ramique - \u00c9quipement Reno","robots":{"index":"index","follow":"follow","max-snippet":"max-snippet:-1","max-image-preview":"max-image-preview:large","max-video-preview":"max-video-preview:-1"},"canonical":"https:\/\/www.reno-equipment.com\/fr\/produit\/ceramic-fiber-resistance-furnace\/","og_locale":"fr_FR","og_type":"article","og_title":"Ceramic Fiber Resistance Furnace","og_description":"Product Overview: Suitable for the analysis of coal composition in laboratories of industries such as coal, electricity, metallurgy, non-ferrous chemical industry, environmental protection, and research institutes etc. Product Features: 1\u3001The shell is made of high-quality cold rolled steel plate ,The surface is treated by electrostatic spaying treatment. 2\u3001The furnace door is adopted the unique parallel [&hellip;]","og_url":"https:\/\/www.reno-equipment.com\/fr\/produit\/ceramic-fiber-resistance-furnace\/","og_site_name":"Reno Equipment","article_publisher":"https:\/\/www.facebook.com\/profile.php?id=61562344533538","article_modified_time":"2025-09-25T08:26:43+00:00","og_image":[{"width":402,"height":432,"url":"https:\/\/www.reno-equipment.com\/wp-content\/uploads\/2025\/08\/product_1-15.jpg","type":"image\/jpeg"}],"twitter_card":"summary_large_image","twitter_misc":{"Prix":"","Disponibilit\u00e9":"En stock"},"schema":{"@context":"https:\/\/schema.org","@graph":[{"@type":"WebPage","@id":"https:\/\/www.reno-equipment.com\/product\/ceramic-fiber-resistance-furnace\/","url":"https:\/\/www.reno-equipment.com\/product\/ceramic-fiber-resistance-furnace\/","name":"Fours de r\u00e9sistance en fibre c\u00e9ramique - \u00c9quipement Reno","isPartOf":{"@id":"https:\/\/www.reno-equipment.com\/#website"},"primaryImageOfPage":{"@id":"https:\/\/www.reno-equipment.com\/product\/ceramic-fiber-resistance-furnace\/#primaryimage"},"image":{"@id":"https:\/\/www.reno-equipment.com\/product\/ceramic-fiber-resistance-furnace\/#primaryimage"},"thumbnailUrl":"https:\/\/www.reno-equipment.com\/wp-content\/uploads\/2025\/08\/product_1-15.jpg","datePublished":"2025-08-21T03:37:00+00:00","dateModified":"2025-09-25T08:26:43+00:00","breadcrumb":{"@id":"https:\/\/www.reno-equipment.com\/product\/ceramic-fiber-resistance-furnace\/#breadcrumb"},"inLanguage":"fr-FR","potentialAction":[{"@type":"ReadAction","target":["https:\/\/www.reno-equipment.com\/product\/ceramic-fiber-resistance-furnace\/"]}]},{"@type":"ImageObject","inLanguage":"fr-FR","@id":"https:\/\/www.reno-equipment.com\/product\/ceramic-fiber-resistance-furnace\/#primaryimage","url":"https:\/\/www.reno-equipment.com\/wp-content\/uploads\/2025\/08\/product_1-15.jpg","contentUrl":"https:\/\/www.reno-equipment.com\/wp-content\/uploads\/2025\/08\/product_1-15.jpg","width":402,"height":432,"caption":"Ceramic Fiber Resistance Furnace"},{"@type":"BreadcrumbList","@id":"https:\/\/www.reno-equipment.com\/product\/ceramic-fiber-resistance-furnace\/#breadcrumb","itemListElement":[{"@type":"ListItem","position":1,"name":"Home","item":"https:\/\/www.reno-equipment.com\/"},{"@type":"ListItem","position":2,"name":"Shop","item":"https:\/\/www.reno-equipment.com\/shop\/"},{"@type":"ListItem","position":3,"name":"Ceramic Fiber Resistance Furnace"}]},{"@type":"WebSite","@id":"https:\/\/www.reno-equipment.com\/#website","url":"https:\/\/www.reno-equipment.com\/","name":"Soci\u00e9t\u00e9 Hebei Ruinuo Instrument Co., Ltd","description":"Un fabricant et fournisseur d'\u00e9quipements de laboratoire professionnels en Chine - Reno","publisher":{"@id":"https:\/\/www.reno-equipment.com\/#organization"},"potentialAction":[{"@type":"SearchAction","target":{"@type":"EntryPoint","urlTemplate":"https:\/\/www.reno-equipment.com\/?s={search_term_string}"},"query-input":{"@type":"PropertyValueSpecification","valueRequired":true,"valueName":"search_term_string"}}],"inLanguage":"fr-FR"},{"@type":"Organization","@id":"https:\/\/www.reno-equipment.com\/#organization","name":"Soci\u00e9t\u00e9 Hebei Ruinuo Instrument Co., Ltd","url":"https:\/\/www.reno-equipment.com\/","logo":{"@type":"ImageObject","inLanguage":"fr-FR","@id":"https:\/\/www.reno-equipment.com\/#\/schema\/logo\/image\/","url":"https:\/\/www.reno-equipment.com\/wp-content\/uploads\/2025\/07\/1720412797138216.png","contentUrl":"https:\/\/www.reno-equipment.com\/wp-content\/uploads\/2025\/07\/1720412797138216.png","width":218,"height":50,"caption":"Hebei Ruinuo Instrument Co., Ltd"},"image":{"@id":"https:\/\/www.reno-equipment.com\/#\/schema\/logo\/image\/"},"sameAs":["https:\/\/www.facebook.com\/profile.php?id=61562344533538"]}]},"product_price_amount":"0.00","product_price_currency":"SGD","og_availability":"instock","product_availability":"instock","product_condition":"new"},"_links":{"self":[{"href":"https:\/\/www.reno-equipment.com\/fr\/wp-json\/wp\/v2\/product\/20122","targetHints":{"allow":["GET"]}}],"collection":[{"href":"https:\/\/www.reno-equipment.com\/fr\/wp-json\/wp\/v2\/product"}],"about":[{"href":"https:\/\/www.reno-equipment.com\/fr\/wp-json\/wp\/v2\/types\/product"}],"replies":[{"embeddable":true,"href":"https:\/\/www.reno-equipment.com\/fr\/wp-json\/wp\/v2\/comments?post=20122"}],"version-history":[{"count":0,"href":"https:\/\/www.reno-equipment.com\/fr\/wp-json\/wp\/v2\/product\/20122\/revisions"}],"wp:featuredmedia":[{"embeddable":true,"href":"https:\/\/www.reno-equipment.com\/fr\/wp-json\/wp\/v2\/media\/22038"}],"wp:attachment":[{"href":"https:\/\/www.reno-equipment.com\/fr\/wp-json\/wp\/v2\/media?parent=20122"}],"wp:term":[{"taxonomy":"product_brand","embeddable":true,"href":"https:\/\/www.reno-equipment.com\/fr\/wp-json\/wp\/v2\/product_brand?post=20122"},{"taxonomy":"product_cat","embeddable":true,"href":"https:\/\/www.reno-equipment.com\/fr\/wp-json\/wp\/v2\/product_cat?post=20122"},{"taxonomy":"product_tag","embeddable":true,"href":"https:\/\/www.reno-equipment.com\/fr\/wp-json\/wp\/v2\/product_tag?post=20122"}],"curies":[{"name":"wp","href":"https:\/\/api.w.org\/{rel}","templated":true}]}}