{"id":20063,"date":"2025-08-21T03:32:00","date_gmt":"2025-08-21T03:32:00","guid":{"rendered":"https:\/\/www.reno-equipment.com\/?post_type=product&#038;p=20063"},"modified":"2025-08-24T15:21:36","modified_gmt":"2025-08-24T15:21:36","slug":"all-steel-purification-workbeanch","status":"publish","type":"product","link":"https:\/\/www.reno-equipment.com\/fr\/produit\/all-steel-purification-workbeanch\/","title":{"rendered":"Banc de purification en acier int\u00e9gral"},"content":{"rendered":"<p><strong><b>Aper\u00e7u du produit :<\/b><\/strong><\/p>\n<p>L'air est aspir\u00e9 dans la bo\u00eete de pression statique par le filtre \u00e0 air primaire mont\u00e9 sur le c\u00f4t\u00e9 et le ventilateur centrifuge \u00e0 faible bruit, souffl\u00e9 uniform\u00e9ment par le haut, pour former un rideau d'air de haute propret\u00e9, afin d'\u00e9liminer l'air naturel d'origine dans la zone de travail, et atteindre l'espace de haute propret\u00e9 id\u00e9al seulement cinq minutes apr\u00e8s le d\u00e9marrage. Un ventilateur r\u00e9glable est utilis\u00e9 pour ajuster le volume d'air \u00e0 double vitesse, et un interrupteur \u00e0 touche l\u00e9g\u00e8re permet d'ajuster la tension, afin de garantir que la vitesse du vent dans la zone de travail reste toujours dans un \u00e9tat id\u00e9al.<\/p>\n<p>&nbsp;<\/p>\n<p><strong><b>Caract\u00e9ristique du produit :<\/b><\/strong><\/p>\n<p>1. Collecteur horizontal (vertical), amortisseur en verre quasi-ferm\u00e9, facile \u00e0 utiliser.<\/p>\n<p>2, Peut \u00eatre librement plac\u00e9 sur la table de travail g\u00e9n\u00e9rale, facile \u00e0 utiliser dans les petits studios.<\/p>\n<p>3, Utilisation d'un syst\u00e8me de ventilateur \u00e0 double vitesse rapide et lente pour garantir que la vitesse du vent dans la zone de travail reste toujours dans un \u00e9tat id\u00e9al.<\/p>\n<p>4, Le devant et l'arri\u00e8re de la table de travail sont \u00e9quip\u00e9s d'une porte coulissante \u00e0 ressort qui se l\u00e8ve et s'abaisse, offrant un positionnement flexible et pratique.<\/p>\n<p>5. Conception de rideau d'air isolant pour pr\u00e9venir la contamination crois\u00e9e interne et externe.<\/p>\n<p>6. La table de travail en acier inoxydable est plus efficace pour garantir la propret\u00e9.<\/p>\n<p>&nbsp;<\/p>\n<p>&nbsp;<\/p>\n<table>\n<tbody>\n<tr>\n<td width=\"72\">Mod\u00e8le<\/td>\n<td width=\"68\">SW-CJ-1D<\/td>\n<td width=\"70\">SW-CJ-1G<\/td>\n<td width=\"70\">SW-CJ-1F<\/td>\n<td width=\"70\">SW-CJ-2D<\/td>\n<td width=\"71\">SW-CJ-2G<\/td>\n<td width=\"70\">SW-CJ-2F<\/td>\n<td width=\"67\">VD-650<\/td>\n<td width=\"69\">HD-650<\/td>\n<td width=\"76\">VD-850<\/td>\n<td width=\"67\">HD-850<\/td>\n<\/tr>\n<tr>\n<td width=\"72\">nombre de personnes applicable<\/td>\n<td width=\"68\">personne seule \u00e0 un seul c\u00f4t\u00e9<\/td>\n<td width=\"70\">personne seule \u00e0 un seul c\u00f4t\u00e9<\/td>\n<td width=\"70\">personne seule double-face<\/td>\n<td width=\"70\">double-personne simple-face<\/td>\n<td width=\"71\">double-personne simple-face<\/td>\n<td width=\"70\">double-personne double-face<\/td>\n<td colspan=\"4\" width=\"279\">type de bureau<\/td>\n<\/tr>\n<tr>\n<td width=\"72\">direction du vent<\/td>\n<td width=\"68\">vertical<\/td>\n<td width=\"70\">horizontal<\/td>\n<td width=\"70\">vertical<\/td>\n<td width=\"70\">vertical<\/td>\n<td width=\"71\">horizontal<\/td>\n<td width=\"70\">vertical<\/td>\n<td width=\"67\">vertical<\/td>\n<td width=\"69\">horizontal<\/td>\n<td width=\"76\">vertical<\/td>\n<td width=\"67\">horizontal<\/td>\n<\/tr>\n<tr>\n<td width=\"72\">niveau de propret\u00e9<\/td>\n<td colspan=\"10\" width=\"698\">100 niveaux (Norme f\u00e9d\u00e9rale am\u00e9ricaine 209E)<\/td>\n<\/tr>\n<tr>\n<td width=\"72\">vitesse moyenne du vent (m\/s)<\/td>\n<td colspan=\"10\" width=\"698\">0,3-0,6 (ajustable)<\/td>\n<\/tr>\n<tr>\n<td width=\"72\">bruit<\/td>\n<td colspan=\"10\" width=\"698\">\u226462dB\ufe59A\ufe5a<\/td>\n<\/tr>\n<tr>\n<td width=\"72\">Valeur de pic moiti\u00e9 de vibration<\/td>\n<td colspan=\"10\" width=\"698\">\u22643um<\/td>\n<\/tr>\n<tr>\n<td width=\"72\">cfu<\/td>\n<td colspan=\"10\" width=\"698\">\u22640,5 disque (disque de culture de 90mm)<\/td>\n<\/tr>\n<tr>\n<td width=\"72\">\u00e9clairement<\/td>\n<td colspan=\"10\" width=\"698\">300LX<\/td>\n<\/tr>\n<tr>\n<td width=\"72\">charge de surface de travail<\/td>\n<td colspan=\"10\" width=\"698\">50Kg<\/td>\n<\/tr>\n<tr>\n<td width=\"72\">\u00e9quip\u00e9 en interne<\/td>\n<td colspan=\"10\" width=\"698\">acier inoxydable 201<\/td>\n<\/tr>\n<tr>\n<td width=\"72\">porte de travail<\/td>\n<td colspan=\"10\" width=\"698\">verre tremp\u00e9<\/td>\n<\/tr>\n<tr>\n<td width=\"72\">filtre d'\u00e9cran<\/td>\n<td colspan=\"10\" width=\"698\">Filtre HEPA ou filtre<\/td>\n<\/tr>\n<tr>\n<td width=\"72\">filtre<\/td>\n<td colspan=\"10\" width=\"698\">filtre haute efficacit\u00e9<\/td>\n<\/tr>\n<tr>\n<td width=\"72\">masse fluorescente (W)<\/td>\n<td colspan=\"10\" width=\"698\">20<\/td>\n<\/tr>\n<tr>\n<td width=\"72\">masse de st\u00e9rilisation (W\ufe5a<\/td>\n<td colspan=\"10\" width=\"698\">20<\/td>\n<\/tr>\n<tr>\n<td width=\"72\">ventilateur(W)<\/td>\n<td colspan=\"10\" width=\"698\">70<\/td>\n<\/tr>\n<tr>\n<td width=\"72\">position du ventilateur<\/td>\n<td colspan=\"10\" width=\"698\">haut<\/td>\n<\/tr>\n<tr>\n<td width=\"72\">Taille de la chambre (mm)<\/td>\n<td width=\"68\">700\u00d7460\u00d7510<\/td>\n<td width=\"70\">700\u00d7420\u00d7550<\/td>\n<td width=\"70\">870\u00d7600\u00d7510<\/td>\n<td width=\"70\">1150\u00d7460\u00d7510<\/td>\n<td width=\"71\">1150\u00d7420\u00d7550<\/td>\n<td width=\"70\">1360\u00d7600\u00d7510<\/td>\n<td width=\"67\">480\u00d7460\u00d7460<\/td>\n<td width=\"69\">480\u00d7420\u00d7460<\/td>\n<td width=\"76\">700\u00d7460\u00d7510<\/td>\n<td width=\"67\">700\u00d7420\u00d7560<\/td>\n<\/tr>\n<tr>\n<td width=\"72\">Dimensions int\u00e9rieures<\/p>\n<p>(D x L x H mm)<\/td>\n<td width=\"68\">830\u00d7510\u00d71570<\/td>\n<td width=\"70\">830\u00d7510\u00d71570<\/td>\n<td width=\"70\">1000\u00d7670\u00d71570<\/td>\n<td width=\"70\">1270\u00d7510\u00d71570<\/td>\n<td width=\"71\">1270\u00d7510\u00d71570<\/td>\n<td width=\"70\">1490\u00d7640\u00d71570<\/td>\n<td width=\"67\">610\u00d7510\u00d7840<\/td>\n<td width=\"69\">610\u00d7510\u00d7840<\/td>\n<td width=\"76\">825\u00d7510\u00d7930<\/td>\n<td width=\"67\">825\u00d7510\u00d7930<\/td>\n<\/tr>\n<tr>\n<td width=\"72\">Dimensions ext\u00e9rieures<\/p>\n<p>(D x L x H mm)<\/td>\n<td width=\"68\">80\/82<\/td>\n<td width=\"70\">80\/82<\/td>\n<td width=\"70\">140\/143<\/td>\n<td width=\"70\">150\/152<\/td>\n<td width=\"71\">150\/152<\/td>\n<td width=\"70\">180\/183<\/td>\n<td width=\"67\">40\/42<\/td>\n<td width=\"69\">40\/42<\/td>\n<td width=\"76\">60\/63<\/td>\n<td width=\"67\">60\/63<\/td>\n<\/tr>\n<tr>\n<td width=\"72\">alimentation \u00e9lectrique<\/td>\n<td colspan=\"9\" width=\"631\">220V \/ 50Hz<\/td>\n<td width=\"67\"><\/td>\n<\/tr>\n<\/tbody>\n<\/table>\n<p>&nbsp;<\/p>\n<p>&nbsp;<\/p>\n<p>&nbsp;<\/p>\n<p>&nbsp;<\/p>\n\n    <div class=\"xs_social_share_widget xs_share_url after_content \t\tmain_content  wslu-style-1 wslu-share-box-shaped wslu-fill-colored wslu-none wslu-share-horizontal wslu-theme-font-no wslu-main_content\">\n\n\t\t\n        <ul>\n\t\t\t        <\/ul>\n    <\/div>","protected":false},"excerpt":{"rendered":"<p>L'air est aspir\u00e9 dans la bo\u00eete de pression statique par le filtre \u00e0 air primaire mont\u00e9 sur le c\u00f4t\u00e9 et le ventilateur centrifuge \u00e0 faible bruit, souffl\u00e9 uniform\u00e9ment par le haut, pour former un rideau d'air de haute propret\u00e9, afin d'\u00e9liminer l'air naturel d'origine dans la zone de travail, et atteindre l'espace de haute propret\u00e9 id\u00e9al seulement cinq minutes apr\u00e8s le d\u00e9marrage. Un ventilateur r\u00e9glable est utilis\u00e9 pour ajuster le volume d'air \u00e0 double vitesse, et un interrupteur \u00e0 touche l\u00e9g\u00e8re permet d'ajuster la tension, afin de garantir que la vitesse du vent dans la zone de travail reste toujours dans un \u00e9tat id\u00e9al.<\/p>","protected":false},"featured_media":21440,"comment_status":"open","ping_status":"closed","template":"","meta":{"_acf_changed":false,"inline_featured_image":false,"postBodyCss":"","postBodyMargin":[],"postBodyPadding":[],"postBodyBackground":{"backgroundType":"classic","gradient":""}},"product_brand":[],"product_cat":[66,139],"product_tag":[],"class_list":{"0":"post-20063","1":"product","2":"type-product","3":"status-publish","4":"has-post-thumbnail","6":"product_cat-products","7":"product_cat-clean-workbench","9":"first","10":"instock","11":"shipping-taxable","12":"product-type-simple"},"acf":[],"yoast_head":"<!-- This site is optimized with the Yoast SEO Premium plugin v25.7.1 (Yoast SEO v25.7) - https:\/\/yoast.com\/wordpress\/plugins\/seo\/ -->\n<title>All-Steel Purification Workbench - Reno Equipment<\/title>\n<meta name=\"robots\" content=\"index, follow, max-snippet:-1, max-image-preview:large, max-video-preview:-1\" \/>\n<link rel=\"canonical\" href=\"https:\/\/www.reno-equipment.com\/fr\/produit\/all-steel-purification-workbeanch\/\" \/>\n<meta property=\"og:locale\" content=\"fr_FR\" \/>\n<meta property=\"og:type\" content=\"article\" \/>\n<meta property=\"og:title\" content=\"All-Steel Purification Workbench\" \/>\n<meta property=\"og:description\" content=\"Air is pressed into the static pressure box through the side-mounted primary air filter and low-noise centrifugal fun.evenly blown out from the top ,to form a high cleanliness air curtain,to remove the original natural air in the working area,so as to reach the ideal high cleanliness space only five minutes after starting. Using adjustable fan to adjust the air volume in double-speed,the light touch switch to adjust the voltage,to ensure the wind speed in the working area always in an ideal state.\" \/>\n<meta property=\"og:url\" content=\"https:\/\/www.reno-equipment.com\/fr\/produit\/all-steel-purification-workbeanch\/\" \/>\n<meta property=\"og:site_name\" content=\"Reno Equipment\" \/>\n<meta property=\"article:publisher\" content=\"https:\/\/www.facebook.com\/profile.php?id=61562344533538\" \/>\n<meta property=\"article:modified_time\" content=\"2025-08-24T15:21:36+00:00\" \/>\n<meta property=\"og:image\" content=\"https:\/\/www.reno-equipment.com\/wp-content\/uploads\/2025\/08\/product_1-1.jpg\" \/>\n\t<meta property=\"og:image:width\" content=\"360\" \/>\n\t<meta property=\"og:image:height\" content=\"564\" \/>\n\t<meta property=\"og:image:type\" content=\"image\/jpeg\" \/>\n<meta name=\"twitter:card\" content=\"summary_large_image\" \/>\n<meta name=\"twitter:label1\" content=\"Prix\" \/>\n\t<meta name=\"twitter:data1\" content=\"\" \/>\n\t<meta name=\"twitter:label2\" content=\"Disponibilit\u00e9\" \/>\n\t<meta name=\"twitter:data2\" content=\"En stock\" \/>\n<script type=\"application\/ld+json\" class=\"yoast-schema-graph\">{\"@context\":\"https:\/\/schema.org\",\"@graph\":[{\"@type\":\"WebPage\",\"@id\":\"https:\/\/www.reno-equipment.com\/product\/all-steel-purification-workbeanch\/\",\"url\":\"https:\/\/www.reno-equipment.com\/product\/all-steel-purification-workbeanch\/\",\"name\":\"All-Steel Purification Workbench - Reno Equipment\",\"isPartOf\":{\"@id\":\"https:\/\/www.reno-equipment.com\/#website\"},\"primaryImageOfPage\":{\"@id\":\"https:\/\/www.reno-equipment.com\/product\/all-steel-purification-workbeanch\/#primaryimage\"},\"image\":{\"@id\":\"https:\/\/www.reno-equipment.com\/product\/all-steel-purification-workbeanch\/#primaryimage\"},\"thumbnailUrl\":\"https:\/\/www.reno-equipment.com\/wp-content\/uploads\/2025\/08\/product_1-1.jpg\",\"datePublished\":\"2025-08-21T03:32:00+00:00\",\"dateModified\":\"2025-08-24T15:21:36+00:00\",\"breadcrumb\":{\"@id\":\"https:\/\/www.reno-equipment.com\/product\/all-steel-purification-workbeanch\/#breadcrumb\"},\"inLanguage\":\"fr-FR\",\"potentialAction\":[{\"@type\":\"ReadAction\",\"target\":[\"https:\/\/www.reno-equipment.com\/product\/all-steel-purification-workbeanch\/\"]}]},{\"@type\":\"ImageObject\",\"inLanguage\":\"fr-FR\",\"@id\":\"https:\/\/www.reno-equipment.com\/product\/all-steel-purification-workbeanch\/#primaryimage\",\"url\":\"https:\/\/www.reno-equipment.com\/wp-content\/uploads\/2025\/08\/product_1-1.jpg\",\"contentUrl\":\"https:\/\/www.reno-equipment.com\/wp-content\/uploads\/2025\/08\/product_1-1.jpg\",\"width\":360,\"height\":564,\"caption\":\"All-Steel Purification Worktable\"},{\"@type\":\"BreadcrumbList\",\"@id\":\"https:\/\/www.reno-equipment.com\/product\/all-steel-purification-workbeanch\/#breadcrumb\",\"itemListElement\":[{\"@type\":\"ListItem\",\"position\":1,\"name\":\"Home\",\"item\":\"https:\/\/www.reno-equipment.com\/\"},{\"@type\":\"ListItem\",\"position\":2,\"name\":\"Shop\",\"item\":\"https:\/\/www.reno-equipment.com\/shop\/\"},{\"@type\":\"ListItem\",\"position\":3,\"name\":\"All-Steel Purification Workbench\"}]},{\"@type\":\"WebSite\",\"@id\":\"https:\/\/www.reno-equipment.com\/#website\",\"url\":\"https:\/\/www.reno-equipment.com\/\",\"name\":\"Hebei Ruinuo Instrument Co., Ltd\",\"description\":\"A Professional Laboraory Equipment Manufacturer And Supplier in China - Reno\",\"publisher\":{\"@id\":\"https:\/\/www.reno-equipment.com\/#organization\"},\"potentialAction\":[{\"@type\":\"SearchAction\",\"target\":{\"@type\":\"EntryPoint\",\"urlTemplate\":\"https:\/\/www.reno-equipment.com\/?s={search_term_string}\"},\"query-input\":{\"@type\":\"PropertyValueSpecification\",\"valueRequired\":true,\"valueName\":\"search_term_string\"}}],\"inLanguage\":\"fr-FR\"},{\"@type\":\"Organization\",\"@id\":\"https:\/\/www.reno-equipment.com\/#organization\",\"name\":\"Hebei Ruinuo Instrument Co., Ltd\",\"url\":\"https:\/\/www.reno-equipment.com\/\",\"logo\":{\"@type\":\"ImageObject\",\"inLanguage\":\"fr-FR\",\"@id\":\"https:\/\/www.reno-equipment.com\/#\/schema\/logo\/image\/\",\"url\":\"https:\/\/www.reno-equipment.com\/wp-content\/uploads\/2025\/07\/1720412797138216.png\",\"contentUrl\":\"https:\/\/www.reno-equipment.com\/wp-content\/uploads\/2025\/07\/1720412797138216.png\",\"width\":218,\"height\":50,\"caption\":\"Hebei Ruinuo Instrument Co., Ltd\"},\"image\":{\"@id\":\"https:\/\/www.reno-equipment.com\/#\/schema\/logo\/image\/\"},\"sameAs\":[\"https:\/\/www.facebook.com\/profile.php?id=61562344533538\"]}]}<\/script>\n<meta property=\"product:price:amount\" content=\"0.00\" \/>\n<meta property=\"product:price:currency\" content=\"SGD\" \/>\n<meta property=\"og:availability\" content=\"instock\" \/>\n<meta property=\"product:availability\" content=\"instock\" \/>\n<meta property=\"product:condition\" content=\"new\" \/>\n<!-- \/ Yoast SEO Premium plugin. -->","yoast_head_json":{"title":"Table de purification tout en acier - \u00c9quipement Reno","robots":{"index":"index","follow":"follow","max-snippet":"max-snippet:-1","max-image-preview":"max-image-preview:large","max-video-preview":"max-video-preview:-1"},"canonical":"https:\/\/www.reno-equipment.com\/fr\/produit\/all-steel-purification-workbeanch\/","og_locale":"fr_FR","og_type":"article","og_title":"All-Steel Purification Workbench","og_description":"Air is pressed into the static pressure box through the side-mounted primary air filter and low-noise centrifugal fun.evenly blown out from the top ,to form a high cleanliness air curtain,to remove the original natural air in the working area,so as to reach the ideal high cleanliness space only five minutes after starting. Using adjustable fan to adjust the air volume in double-speed,the light touch switch to adjust the voltage,to ensure the wind speed in the working area always in an ideal state.","og_url":"https:\/\/www.reno-equipment.com\/fr\/produit\/all-steel-purification-workbeanch\/","og_site_name":"Reno Equipment","article_publisher":"https:\/\/www.facebook.com\/profile.php?id=61562344533538","article_modified_time":"2025-08-24T15:21:36+00:00","og_image":[{"width":360,"height":564,"url":"https:\/\/www.reno-equipment.com\/wp-content\/uploads\/2025\/08\/product_1-1.jpg","type":"image\/jpeg"}],"twitter_card":"summary_large_image","twitter_misc":{"Prix":"","Disponibilit\u00e9":"En stock"},"schema":{"@context":"https:\/\/schema.org","@graph":[{"@type":"WebPage","@id":"https:\/\/www.reno-equipment.com\/product\/all-steel-purification-workbeanch\/","url":"https:\/\/www.reno-equipment.com\/product\/all-steel-purification-workbeanch\/","name":"Table de purification tout en acier - \u00c9quipement Reno","isPartOf":{"@id":"https:\/\/www.reno-equipment.com\/#website"},"primaryImageOfPage":{"@id":"https:\/\/www.reno-equipment.com\/product\/all-steel-purification-workbeanch\/#primaryimage"},"image":{"@id":"https:\/\/www.reno-equipment.com\/product\/all-steel-purification-workbeanch\/#primaryimage"},"thumbnailUrl":"https:\/\/www.reno-equipment.com\/wp-content\/uploads\/2025\/08\/product_1-1.jpg","datePublished":"2025-08-21T03:32:00+00:00","dateModified":"2025-08-24T15:21:36+00:00","breadcrumb":{"@id":"https:\/\/www.reno-equipment.com\/product\/all-steel-purification-workbeanch\/#breadcrumb"},"inLanguage":"fr-FR","potentialAction":[{"@type":"ReadAction","target":["https:\/\/www.reno-equipment.com\/product\/all-steel-purification-workbeanch\/"]}]},{"@type":"ImageObject","inLanguage":"fr-FR","@id":"https:\/\/www.reno-equipment.com\/product\/all-steel-purification-workbeanch\/#primaryimage","url":"https:\/\/www.reno-equipment.com\/wp-content\/uploads\/2025\/08\/product_1-1.jpg","contentUrl":"https:\/\/www.reno-equipment.com\/wp-content\/uploads\/2025\/08\/product_1-1.jpg","width":360,"height":564,"caption":"All-Steel Purification Worktable"},{"@type":"BreadcrumbList","@id":"https:\/\/www.reno-equipment.com\/product\/all-steel-purification-workbeanch\/#breadcrumb","itemListElement":[{"@type":"ListItem","position":1,"name":"Home","item":"https:\/\/www.reno-equipment.com\/"},{"@type":"ListItem","position":2,"name":"Shop","item":"https:\/\/www.reno-equipment.com\/shop\/"},{"@type":"ListItem","position":3,"name":"All-Steel Purification Workbench"}]},{"@type":"WebSite","@id":"https:\/\/www.reno-equipment.com\/#website","url":"https:\/\/www.reno-equipment.com\/","name":"Soci\u00e9t\u00e9 Hebei Ruinuo Instrument Co., Ltd","description":"Un fabricant et fournisseur d'\u00e9quipements de laboratoire professionnels en Chine - Reno","publisher":{"@id":"https:\/\/www.reno-equipment.com\/#organization"},"potentialAction":[{"@type":"SearchAction","target":{"@type":"EntryPoint","urlTemplate":"https:\/\/www.reno-equipment.com\/?s={search_term_string}"},"query-input":{"@type":"PropertyValueSpecification","valueRequired":true,"valueName":"search_term_string"}}],"inLanguage":"fr-FR"},{"@type":"Organization","@id":"https:\/\/www.reno-equipment.com\/#organization","name":"Soci\u00e9t\u00e9 Hebei Ruinuo Instrument Co., Ltd","url":"https:\/\/www.reno-equipment.com\/","logo":{"@type":"ImageObject","inLanguage":"fr-FR","@id":"https:\/\/www.reno-equipment.com\/#\/schema\/logo\/image\/","url":"https:\/\/www.reno-equipment.com\/wp-content\/uploads\/2025\/07\/1720412797138216.png","contentUrl":"https:\/\/www.reno-equipment.com\/wp-content\/uploads\/2025\/07\/1720412797138216.png","width":218,"height":50,"caption":"Hebei Ruinuo Instrument Co., Ltd"},"image":{"@id":"https:\/\/www.reno-equipment.com\/#\/schema\/logo\/image\/"},"sameAs":["https:\/\/www.facebook.com\/profile.php?id=61562344533538"]}]},"product_price_amount":"0.00","product_price_currency":"SGD","og_availability":"instock","product_availability":"instock","product_condition":"new"},"_links":{"self":[{"href":"https:\/\/www.reno-equipment.com\/fr\/wp-json\/wp\/v2\/product\/20063","targetHints":{"allow":["GET"]}}],"collection":[{"href":"https:\/\/www.reno-equipment.com\/fr\/wp-json\/wp\/v2\/product"}],"about":[{"href":"https:\/\/www.reno-equipment.com\/fr\/wp-json\/wp\/v2\/types\/product"}],"replies":[{"embeddable":true,"href":"https:\/\/www.reno-equipment.com\/fr\/wp-json\/wp\/v2\/comments?post=20063"}],"version-history":[{"count":0,"href":"https:\/\/www.reno-equipment.com\/fr\/wp-json\/wp\/v2\/product\/20063\/revisions"}],"wp:featuredmedia":[{"embeddable":true,"href":"https:\/\/www.reno-equipment.com\/fr\/wp-json\/wp\/v2\/media\/21440"}],"wp:attachment":[{"href":"https:\/\/www.reno-equipment.com\/fr\/wp-json\/wp\/v2\/media?parent=20063"}],"wp:term":[{"taxonomy":"product_brand","embeddable":true,"href":"https:\/\/www.reno-equipment.com\/fr\/wp-json\/wp\/v2\/product_brand?post=20063"},{"taxonomy":"product_cat","embeddable":true,"href":"https:\/\/www.reno-equipment.com\/fr\/wp-json\/wp\/v2\/product_cat?post=20063"},{"taxonomy":"product_tag","embeddable":true,"href":"https:\/\/www.reno-equipment.com\/fr\/wp-json\/wp\/v2\/product_tag?post=20063"}],"curies":[{"name":"wp","href":"https:\/\/api.w.org\/{rel}","templated":true}]}}