{"id":20785,"date":"2025-08-21T08:28:00","date_gmt":"2025-08-21T08:28:00","guid":{"rendered":"https:\/\/www.reno-equipment.com\/?post_type=product&#038;p=20785"},"modified":"2025-09-08T14:13:33","modified_gmt":"2025-09-08T14:13:33","slug":"strong-light-artificial-climate-incubator","status":"publish","type":"product","link":"https:\/\/www.reno-equipment.com\/de\/produkt\/strong-light-artificial-climate-incubator\/","title":{"rendered":"Starke Lichtbeleuchtung k\u00fcnstlicher Klima-Inkubator"},"content":{"rendered":"<p><strong>Produkt\u00fcbersichten:<\/strong><\/p>\n<p>Durch die Verwendung eines fortschrittlichen Mikrodcomputers im programmierbaren Steuerungsmodus k\u00f6nnen Temperatur, Beleuchtung usw. eingestellt werden, um das nat\u00fcrliche Klima zu simulieren.<\/p>\n<p>Dieses Produkt eignet sich f\u00fcr das Pflanzenwachstum und die Gewebekultur; Saatgutkeimungsexperimente, Pflanzenanbau; Anzucht von Setzlingen; Kultur und Erhaltung von Mikroben, Leistungstest von Heilpflanzen, Holz- und Baumaterialien; die F\u00fctterung von Insekten und kleinen Tieren, Qualit\u00e4tspr\u00fcfung von Industrieprodukten und Temperaturkonstant-Experimente f\u00fcr andere Zwecke.<\/p>\n<p><strong><b>Produktmerkmale:<\/b><\/strong><\/p>\n<ul>\n<li>Spiegeloberfl\u00e4che Edelstahl, abgerundete innere Beschichtung mit einer dessinierten Glast\u00fcr, dreiseitige Beleuchtung.<\/li>\n<li>Helligkeit 0-15000 sechsstufig einstellbar.<\/li>\n<li>Intelligentes LCD-Steuerungssystem, Temperatur-, Beleuchtungssteuerungsgenauigkeit, zuverl\u00e4ssig. 30 Segment-Programsteuerung, jedes Segment hat einen Einstellzeitbereich von 0-9999 Minuten.<\/li>\n<li>Markenkompressor, kein Fluor umweltfreundliche K\u00fchlung, Luftzirkulation.<\/li>\n<li>Temperaturregelbereich: mit Beleuchtung 10-50\u2103, ohne Beleuchtung 0-50\u2103.<\/li>\n<li>Ausgewogene kontrollierte K\u00fchlung und Heizung zur Gew\u00e4hrleistung einer niedrigen Temperaturschwankung und pr\u00e4ziser Temperaturregelung.<\/li>\n<li>Temperaturschwankung: \u00b11\u2103.<\/li>\n<li>Die Arbeitstemperatur betr\u00e4gt weniger als 26\u00b0C.<\/li>\n<li>Betriebs-Touchscreen mit 485-Kommunikation, Kurvenabfragefunktion.<\/li>\n<\/ul>\n<p>&nbsp;<\/p>\n<p>&nbsp;<\/p>\n\n    <div class=\"xs_social_share_widget xs_share_url after_content \t\tmain_content  wslu-style-1 wslu-share-box-shaped wslu-fill-colored wslu-none wslu-share-horizontal wslu-theme-font-no wslu-main_content\">\n\n\t\t\n        <ul>\n\t\t\t        <\/ul>\n    <\/div>","protected":false},"excerpt":{"rendered":"<p>Durch die Verwendung eines fortschrittlichen Mikrodcomputers im programmierbaren Steuerungsmodus k\u00f6nnen Temperatur, Beleuchtung usw. eingestellt werden, um das nat\u00fcrliche Klima zu simulieren.<\/p>","protected":false},"featured_media":21995,"comment_status":"open","ping_status":"closed","template":"","meta":{"_acf_changed":false,"inline_featured_image":false,"postBodyCss":"","postBodyMargin":[],"postBodyPadding":[],"postBodyBackground":{"backgroundType":"classic","gradient":""}},"product_brand":[],"product_cat":[66,126,147],"product_tag":[],"class_list":{"0":"post-20785","1":"product","2":"type-product","3":"status-publish","4":"has-post-thumbnail","6":"product_cat-products","7":"product_cat-incubators","8":"product_cat-light-incubators","10":"first","11":"instock","12":"shipping-taxable","13":"product-type-simple"},"acf":[],"yoast_head":"<!-- This site is optimized with the Yoast SEO Premium plugin v25.7.1 (Yoast SEO v25.7) - https:\/\/yoast.com\/wordpress\/plugins\/seo\/ -->\n<title>Strong light Illumination Artificial Climate Incubator - Reno Equipment<\/title>\n<meta name=\"robots\" content=\"index, follow, max-snippet:-1, max-image-preview:large, max-video-preview:-1\" \/>\n<link rel=\"canonical\" href=\"https:\/\/www.reno-equipment.com\/de\/produkt\/strong-light-artificial-climate-incubator\/\" \/>\n<meta property=\"og:locale\" content=\"de_DE\" \/>\n<meta property=\"og:type\" content=\"article\" \/>\n<meta property=\"og:title\" content=\"Strong light Illumination Artificial Climate Incubator\" \/>\n<meta property=\"og:description\" content=\"Using advanced microcomputer can programmable control mode, can set temperature,illuminance etc. to simulate nature climate.\" \/>\n<meta property=\"og:url\" content=\"https:\/\/www.reno-equipment.com\/de\/produkt\/strong-light-artificial-climate-incubator\/\" \/>\n<meta property=\"og:site_name\" content=\"Reno Equipment\" \/>\n<meta property=\"article:publisher\" content=\"https:\/\/www.facebook.com\/profile.php?id=61562344533538\" \/>\n<meta property=\"article:modified_time\" content=\"2025-09-08T14:13:33+00:00\" \/>\n<meta property=\"og:image\" content=\"https:\/\/www.reno-equipment.com\/wp-content\/uploads\/2025\/08\/main-3.jpg\" \/>\n\t<meta property=\"og:image:width\" content=\"501\" \/>\n\t<meta property=\"og:image:height\" content=\"499\" \/>\n\t<meta property=\"og:image:type\" content=\"image\/jpeg\" \/>\n<meta name=\"twitter:card\" content=\"summary_large_image\" \/>\n<meta name=\"twitter:label1\" content=\"Preis\" \/>\n\t<meta name=\"twitter:data1\" content=\"\" \/>\n\t<meta name=\"twitter:label2\" content=\"Verf\u00fcgbarkeit\" \/>\n\t<meta name=\"twitter:data2\" content=\"Auf Lager\" \/>\n<script type=\"application\/ld+json\" class=\"yoast-schema-graph\">{\"@context\":\"https:\/\/schema.org\",\"@graph\":[{\"@type\":\"WebPage\",\"@id\":\"https:\/\/www.reno-equipment.com\/product\/strong-light-artificial-climate-incubator\/\",\"url\":\"https:\/\/www.reno-equipment.com\/product\/strong-light-artificial-climate-incubator\/\",\"name\":\"Strong light Illumination Artificial Climate Incubator - Reno Equipment\",\"isPartOf\":{\"@id\":\"https:\/\/www.reno-equipment.com\/#website\"},\"primaryImageOfPage\":{\"@id\":\"https:\/\/www.reno-equipment.com\/product\/strong-light-artificial-climate-incubator\/#primaryimage\"},\"image\":{\"@id\":\"https:\/\/www.reno-equipment.com\/product\/strong-light-artificial-climate-incubator\/#primaryimage\"},\"thumbnailUrl\":\"https:\/\/www.reno-equipment.com\/wp-content\/uploads\/2025\/08\/main-3.jpg\",\"datePublished\":\"2025-08-21T08:28:00+00:00\",\"dateModified\":\"2025-09-08T14:13:33+00:00\",\"breadcrumb\":{\"@id\":\"https:\/\/www.reno-equipment.com\/product\/strong-light-artificial-climate-incubator\/#breadcrumb\"},\"inLanguage\":\"de\",\"potentialAction\":[{\"@type\":\"ReadAction\",\"target\":[\"https:\/\/www.reno-equipment.com\/product\/strong-light-artificial-climate-incubator\/\"]}]},{\"@type\":\"ImageObject\",\"inLanguage\":\"de\",\"@id\":\"https:\/\/www.reno-equipment.com\/product\/strong-light-artificial-climate-incubator\/#primaryimage\",\"url\":\"https:\/\/www.reno-equipment.com\/wp-content\/uploads\/2025\/08\/main-3.jpg\",\"contentUrl\":\"https:\/\/www.reno-equipment.com\/wp-content\/uploads\/2025\/08\/main-3.jpg\",\"width\":501,\"height\":499,\"caption\":\"Strong light Illumination Artificial Climate Incubator\"},{\"@type\":\"BreadcrumbList\",\"@id\":\"https:\/\/www.reno-equipment.com\/product\/strong-light-artificial-climate-incubator\/#breadcrumb\",\"itemListElement\":[{\"@type\":\"ListItem\",\"position\":1,\"name\":\"Home\",\"item\":\"https:\/\/www.reno-equipment.com\/\"},{\"@type\":\"ListItem\",\"position\":2,\"name\":\"Shop\",\"item\":\"https:\/\/www.reno-equipment.com\/shop\/\"},{\"@type\":\"ListItem\",\"position\":3,\"name\":\"Strong light Illumination Artificial Climate Incubator\"}]},{\"@type\":\"WebSite\",\"@id\":\"https:\/\/www.reno-equipment.com\/#website\",\"url\":\"https:\/\/www.reno-equipment.com\/\",\"name\":\"Hebei Ruinuo Instrument Co., Ltd\",\"description\":\"A Professional Laboraory Equipment Manufacturer And Supplier in China - Reno\",\"publisher\":{\"@id\":\"https:\/\/www.reno-equipment.com\/#organization\"},\"potentialAction\":[{\"@type\":\"SearchAction\",\"target\":{\"@type\":\"EntryPoint\",\"urlTemplate\":\"https:\/\/www.reno-equipment.com\/?s={search_term_string}\"},\"query-input\":{\"@type\":\"PropertyValueSpecification\",\"valueRequired\":true,\"valueName\":\"search_term_string\"}}],\"inLanguage\":\"de\"},{\"@type\":\"Organization\",\"@id\":\"https:\/\/www.reno-equipment.com\/#organization\",\"name\":\"Hebei Ruinuo Instrument Co., Ltd\",\"url\":\"https:\/\/www.reno-equipment.com\/\",\"logo\":{\"@type\":\"ImageObject\",\"inLanguage\":\"de\",\"@id\":\"https:\/\/www.reno-equipment.com\/#\/schema\/logo\/image\/\",\"url\":\"https:\/\/www.reno-equipment.com\/wp-content\/uploads\/2025\/07\/1720412797138216.png\",\"contentUrl\":\"https:\/\/www.reno-equipment.com\/wp-content\/uploads\/2025\/07\/1720412797138216.png\",\"width\":218,\"height\":50,\"caption\":\"Hebei Ruinuo Instrument Co., Ltd\"},\"image\":{\"@id\":\"https:\/\/www.reno-equipment.com\/#\/schema\/logo\/image\/\"},\"sameAs\":[\"https:\/\/www.facebook.com\/profile.php?id=61562344533538\"]}]}<\/script>\n<meta property=\"product:price:amount\" content=\"0.00\" \/>\n<meta property=\"product:price:currency\" content=\"SGD\" \/>\n<meta property=\"og:availability\" content=\"instock\" \/>\n<meta property=\"product:availability\" content=\"instock\" \/>\n<meta property=\"product:condition\" content=\"new\" \/>\n<!-- \/ Yoast SEO Premium plugin. -->","yoast_head_json":{"title":"Starke Lichtbeleuchtung K\u00fcnstliches Klimainkubator - Reno-Ausr\u00fcstung","robots":{"index":"index","follow":"follow","max-snippet":"max-snippet:-1","max-image-preview":"max-image-preview:large","max-video-preview":"max-video-preview:-1"},"canonical":"https:\/\/www.reno-equipment.com\/de\/produkt\/strong-light-artificial-climate-incubator\/","og_locale":"de_DE","og_type":"article","og_title":"Strong light Illumination Artificial Climate Incubator","og_description":"Using advanced microcomputer can programmable control mode, can set temperature,illuminance etc. to simulate nature climate.","og_url":"https:\/\/www.reno-equipment.com\/de\/produkt\/strong-light-artificial-climate-incubator\/","og_site_name":"Reno Equipment","article_publisher":"https:\/\/www.facebook.com\/profile.php?id=61562344533538","article_modified_time":"2025-09-08T14:13:33+00:00","og_image":[{"width":501,"height":499,"url":"https:\/\/www.reno-equipment.com\/wp-content\/uploads\/2025\/08\/main-3.jpg","type":"image\/jpeg"}],"twitter_card":"summary_large_image","twitter_misc":{"Preis":"","Verf\u00fcgbarkeit":"Auf Lager"},"schema":{"@context":"https:\/\/schema.org","@graph":[{"@type":"WebPage","@id":"https:\/\/www.reno-equipment.com\/product\/strong-light-artificial-climate-incubator\/","url":"https:\/\/www.reno-equipment.com\/product\/strong-light-artificial-climate-incubator\/","name":"Starke Lichtbeleuchtung K\u00fcnstliches Klimainkubator - Reno-Ausr\u00fcstung","isPartOf":{"@id":"https:\/\/www.reno-equipment.com\/#website"},"primaryImageOfPage":{"@id":"https:\/\/www.reno-equipment.com\/product\/strong-light-artificial-climate-incubator\/#primaryimage"},"image":{"@id":"https:\/\/www.reno-equipment.com\/product\/strong-light-artificial-climate-incubator\/#primaryimage"},"thumbnailUrl":"https:\/\/www.reno-equipment.com\/wp-content\/uploads\/2025\/08\/main-3.jpg","datePublished":"2025-08-21T08:28:00+00:00","dateModified":"2025-09-08T14:13:33+00:00","breadcrumb":{"@id":"https:\/\/www.reno-equipment.com\/product\/strong-light-artificial-climate-incubator\/#breadcrumb"},"inLanguage":"de","potentialAction":[{"@type":"ReadAction","target":["https:\/\/www.reno-equipment.com\/product\/strong-light-artificial-climate-incubator\/"]}]},{"@type":"ImageObject","inLanguage":"de","@id":"https:\/\/www.reno-equipment.com\/product\/strong-light-artificial-climate-incubator\/#primaryimage","url":"https:\/\/www.reno-equipment.com\/wp-content\/uploads\/2025\/08\/main-3.jpg","contentUrl":"https:\/\/www.reno-equipment.com\/wp-content\/uploads\/2025\/08\/main-3.jpg","width":501,"height":499,"caption":"Strong light Illumination Artificial Climate Incubator"},{"@type":"BreadcrumbList","@id":"https:\/\/www.reno-equipment.com\/product\/strong-light-artificial-climate-incubator\/#breadcrumb","itemListElement":[{"@type":"ListItem","position":1,"name":"Home","item":"https:\/\/www.reno-equipment.com\/"},{"@type":"ListItem","position":2,"name":"Shop","item":"https:\/\/www.reno-equipment.com\/shop\/"},{"@type":"ListItem","position":3,"name":"Strong light Illumination Artificial Climate Incubator"}]},{"@type":"WebSite","@id":"https:\/\/www.reno-equipment.com\/#website","url":"https:\/\/www.reno-equipment.com\/","name":"Hebei Ruinuo Instrument GmbH","description":"Ein professioneller Hersteller und Lieferant von Laborger\u00e4ten in China - Reno","publisher":{"@id":"https:\/\/www.reno-equipment.com\/#organization"},"potentialAction":[{"@type":"SearchAction","target":{"@type":"EntryPoint","urlTemplate":"https:\/\/www.reno-equipment.com\/?s={search_term_string}"},"query-input":{"@type":"PropertyValueSpecification","valueRequired":true,"valueName":"search_term_string"}}],"inLanguage":"de"},{"@type":"Organization","@id":"https:\/\/www.reno-equipment.com\/#organization","name":"Hebei Ruinuo Instrument GmbH","url":"https:\/\/www.reno-equipment.com\/","logo":{"@type":"ImageObject","inLanguage":"de","@id":"https:\/\/www.reno-equipment.com\/#\/schema\/logo\/image\/","url":"https:\/\/www.reno-equipment.com\/wp-content\/uploads\/2025\/07\/1720412797138216.png","contentUrl":"https:\/\/www.reno-equipment.com\/wp-content\/uploads\/2025\/07\/1720412797138216.png","width":218,"height":50,"caption":"Hebei Ruinuo Instrument Co., Ltd"},"image":{"@id":"https:\/\/www.reno-equipment.com\/#\/schema\/logo\/image\/"},"sameAs":["https:\/\/www.facebook.com\/profile.php?id=61562344533538"]}]},"product_price_amount":"0.00","product_price_currency":"SGD","og_availability":"instock","product_availability":"instock","product_condition":"new"},"_links":{"self":[{"href":"https:\/\/www.reno-equipment.com\/de\/wp-json\/wp\/v2\/product\/20785","targetHints":{"allow":["GET"]}}],"collection":[{"href":"https:\/\/www.reno-equipment.com\/de\/wp-json\/wp\/v2\/product"}],"about":[{"href":"https:\/\/www.reno-equipment.com\/de\/wp-json\/wp\/v2\/types\/product"}],"replies":[{"embeddable":true,"href":"https:\/\/www.reno-equipment.com\/de\/wp-json\/wp\/v2\/comments?post=20785"}],"version-history":[{"count":0,"href":"https:\/\/www.reno-equipment.com\/de\/wp-json\/wp\/v2\/product\/20785\/revisions"}],"wp:featuredmedia":[{"embeddable":true,"href":"https:\/\/www.reno-equipment.com\/de\/wp-json\/wp\/v2\/media\/21995"}],"wp:attachment":[{"href":"https:\/\/www.reno-equipment.com\/de\/wp-json\/wp\/v2\/media?parent=20785"}],"wp:term":[{"taxonomy":"product_brand","embeddable":true,"href":"https:\/\/www.reno-equipment.com\/de\/wp-json\/wp\/v2\/product_brand?post=20785"},{"taxonomy":"product_cat","embeddable":true,"href":"https:\/\/www.reno-equipment.com\/de\/wp-json\/wp\/v2\/product_cat?post=20785"},{"taxonomy":"product_tag","embeddable":true,"href":"https:\/\/www.reno-equipment.com\/de\/wp-json\/wp\/v2\/product_tag?post=20785"}],"curies":[{"name":"wp","href":"https:\/\/api.w.org\/{rel}","templated":true}]}}