{"id":20768,"date":"2025-08-21T08:27:00","date_gmt":"2025-08-21T08:27:00","guid":{"rendered":"https:\/\/www.reno-equipment.com\/?post_type=product&#038;p=20768"},"modified":"2025-09-08T14:26:54","modified_gmt":"2025-09-08T14:26:54","slug":"steel-and-wood-purification-workbench","status":"publish","type":"product","link":"https:\/\/www.reno-equipment.com\/de\/produkt\/steel-and-wood-purification-workbench\/","title":{"rendered":"Stahl- und Holzreinigungsarbeitsbank"},"content":{"rendered":"<p><strong><b>Produkt\u00fcbersicht:<\/b><\/strong><\/p>\n<p>Luft wird durch den seitlich montierten Hauptluftfilter und den ger\u00e4uscharmen Zentrifugalgebl\u00e4se in die Statischen Druckbox hineingepresst und gleichm\u00e4\u00dfig von oben ausgeblasen, um einen Luftvorhang mit hoher Sauberkeit zu bilden, der die urspr\u00fcngliche nat\u00fcrliche Luft im Arbeitsbereich entfernt, so dass f\u00fcnf Minuten nach dem Start ein idealer Bereich mit hoher Sauberkeit erreicht wird. Ein verstellbarer Ventilator wird verwendet, um das Luftvolumen in doppelter Geschwindigkeit anzupassen, und der Touch-Schalter wird zur Anpassung der Spannung verwendet, um sicherzustellen, dass die Windgeschwindigkeit im Arbeitsbereich immer in einem idealen Zustand bleibt.<\/p>\n<p><strong><b>Produktmerkmale:<\/b><\/strong><\/p>\n<p>1. Horizontal (vertikales) Rohr, quasi-geschlossener Glasd\u00e4mpfer, einfach zu bedienen.<\/p>\n<p>2. Kann frei auf dem allgemeinen Arbeitstisch platziert werden, leicht in kleinen Studios zu verwenden.<\/p>\n<p>3. Verwendung eines Dual-Speed-Control-L\u00fcftungssystems mit schneller und langsamer Geschwindigkeit, um sicherzustellen, dass die Windgeschwindigkeit im Arbeitsbereich immer in einem idealen Zustand ist.<\/p>\n<p>4. Die Vorder- und R\u00fcckseite des Arbeitstischs sind mit einer federnden auf- und abrollenden T\u00fcr ausgestattet, die eine flexible und bequeme Positionierung erm\u00f6glicht.<\/p>\n<p>5. Luftvorhang-Isolationsdesign zur Vermeidung von innerer und \u00e4u\u00dferer Kreuzkontamination.<\/p>\n<p>Der PVC-Arbeitstisch sorgt effektiver f\u00fcr Sauberkeit.<\/p>\n<p>&nbsp;<\/p>\n\n    <div class=\"xs_social_share_widget xs_share_url after_content \t\tmain_content  wslu-style-1 wslu-share-box-shaped wslu-fill-colored wslu-none wslu-share-horizontal wslu-theme-font-no wslu-main_content\">\n\n\t\t\n        <ul>\n\t\t\t        <\/ul>\n    <\/div>","protected":false},"excerpt":{"rendered":"<p>Luft wird durch den seitlich montierten Hauptluftfilter und den ger\u00e4uscharmen Zentrifugalgebl\u00e4se in die Statischen Druckbox hineingepresst und gleichm\u00e4\u00dfig von oben ausgeblasen, um einen Luftvorhang mit hoher Sauberkeit zu bilden, der die urspr\u00fcngliche nat\u00fcrliche Luft im Arbeitsbereich entfernt, so dass f\u00fcnf Minuten nach dem Start ein idealer Bereich mit hoher Sauberkeit erreicht wird. Ein verstellbarer Ventilator wird verwendet, um das Luftvolumen in doppelter Geschwindigkeit anzupassen, und der Touch-Schalter wird zur Anpassung der Spannung verwendet, um sicherzustellen, dass die Windgeschwindigkeit im Arbeitsbereich immer in einem idealen Zustand bleibt.<\/p>","protected":false},"featured_media":22000,"comment_status":"open","ping_status":"closed","template":"","meta":{"_acf_changed":false,"inline_featured_image":false,"postBodyCss":"","postBodyMargin":[],"postBodyPadding":[],"postBodyBackground":{"backgroundType":"classic","gradient":""}},"product_brand":[],"product_cat":[176,66,139],"product_tag":[],"class_list":{"0":"post-20768","1":"product","2":"type-product","3":"status-publish","4":"has-post-thumbnail","6":"product_cat-purification-worktable","7":"product_cat-products","8":"product_cat-clean-workbench","10":"first","11":"instock","12":"shipping-taxable","13":"product-type-simple"},"acf":[],"yoast_head":"<!-- This site is optimized with the Yoast SEO Premium plugin v25.7.1 (Yoast SEO v25.7) - https:\/\/yoast.com\/wordpress\/plugins\/seo\/ -->\n<title>Steel And Wood Purification Workbench - Reno Equipment<\/title>\n<meta name=\"robots\" content=\"index, follow, max-snippet:-1, max-image-preview:large, max-video-preview:-1\" \/>\n<link rel=\"canonical\" href=\"https:\/\/www.reno-equipment.com\/de\/produkt\/steel-and-wood-purification-workbench\/\" \/>\n<meta property=\"og:locale\" content=\"de_DE\" \/>\n<meta property=\"og:type\" content=\"article\" \/>\n<meta property=\"og:title\" content=\"Steel And Wood Purification Workbench\" \/>\n<meta property=\"og:description\" content=\"Air is pressed into the static pressure box through the side-mounted primary air filter and low-noise centrifugal fun.evenly blown out from the top ,to form a high cleanliness air curtain,to remove the original natural air in the working area,so as to reach the ideal high cleanliness space only five minutes after starting. Using adjustable fan to adjust the air volume in double-speed,the light touch switch to adjust the voltage,to ensure the wind speed in the working area always in an ideal state.\" \/>\n<meta property=\"og:url\" content=\"https:\/\/www.reno-equipment.com\/de\/produkt\/steel-and-wood-purification-workbench\/\" \/>\n<meta property=\"og:site_name\" content=\"Reno Equipment\" \/>\n<meta property=\"article:publisher\" content=\"https:\/\/www.facebook.com\/profile.php?id=61562344533538\" \/>\n<meta property=\"article:modified_time\" content=\"2025-09-08T14:26:54+00:00\" \/>\n<meta property=\"og:image\" content=\"https:\/\/www.reno-equipment.com\/wp-content\/uploads\/2025\/08\/\u5fae\u4fe1\u622a\u56fe_20241031142330-1.jpg\" \/>\n\t<meta property=\"og:image:width\" content=\"261\" \/>\n\t<meta property=\"og:image:height\" content=\"386\" \/>\n\t<meta property=\"og:image:type\" content=\"image\/jpeg\" \/>\n<meta name=\"twitter:card\" content=\"summary_large_image\" \/>\n<meta name=\"twitter:label1\" content=\"Preis\" \/>\n\t<meta name=\"twitter:data1\" content=\"\" \/>\n\t<meta name=\"twitter:label2\" content=\"Verf\u00fcgbarkeit\" \/>\n\t<meta name=\"twitter:data2\" content=\"Auf Lager\" \/>\n<script type=\"application\/ld+json\" class=\"yoast-schema-graph\">{\"@context\":\"https:\/\/schema.org\",\"@graph\":[{\"@type\":\"WebPage\",\"@id\":\"https:\/\/www.reno-equipment.com\/product\/steel-and-wood-purification-workbench\/\",\"url\":\"https:\/\/www.reno-equipment.com\/product\/steel-and-wood-purification-workbench\/\",\"name\":\"Steel And Wood Purification Workbench - Reno Equipment\",\"isPartOf\":{\"@id\":\"https:\/\/www.reno-equipment.com\/#website\"},\"primaryImageOfPage\":{\"@id\":\"https:\/\/www.reno-equipment.com\/product\/steel-and-wood-purification-workbench\/#primaryimage\"},\"image\":{\"@id\":\"https:\/\/www.reno-equipment.com\/product\/steel-and-wood-purification-workbench\/#primaryimage\"},\"thumbnailUrl\":\"https:\/\/www.reno-equipment.com\/wp-content\/uploads\/2025\/08\/\u5fae\u4fe1\u622a\u56fe_20241031142330-1.jpg\",\"datePublished\":\"2025-08-21T08:27:00+00:00\",\"dateModified\":\"2025-09-08T14:26:54+00:00\",\"breadcrumb\":{\"@id\":\"https:\/\/www.reno-equipment.com\/product\/steel-and-wood-purification-workbench\/#breadcrumb\"},\"inLanguage\":\"de\",\"potentialAction\":[{\"@type\":\"ReadAction\",\"target\":[\"https:\/\/www.reno-equipment.com\/product\/steel-and-wood-purification-workbench\/\"]}]},{\"@type\":\"ImageObject\",\"inLanguage\":\"de\",\"@id\":\"https:\/\/www.reno-equipment.com\/product\/steel-and-wood-purification-workbench\/#primaryimage\",\"url\":\"https:\/\/www.reno-equipment.com\/wp-content\/uploads\/2025\/08\/\u5fae\u4fe1\u622a\u56fe_20241031142330-1.jpg\",\"contentUrl\":\"https:\/\/www.reno-equipment.com\/wp-content\/uploads\/2025\/08\/\u5fae\u4fe1\u622a\u56fe_20241031142330-1.jpg\",\"width\":261,\"height\":386,\"caption\":\"Steel and Wood Purification Workbench\"},{\"@type\":\"BreadcrumbList\",\"@id\":\"https:\/\/www.reno-equipment.com\/product\/steel-and-wood-purification-workbench\/#breadcrumb\",\"itemListElement\":[{\"@type\":\"ListItem\",\"position\":1,\"name\":\"Home\",\"item\":\"https:\/\/www.reno-equipment.com\/\"},{\"@type\":\"ListItem\",\"position\":2,\"name\":\"Shop\",\"item\":\"https:\/\/www.reno-equipment.com\/shop\/\"},{\"@type\":\"ListItem\",\"position\":3,\"name\":\"Steel And Wood Purification Workbench\"}]},{\"@type\":\"WebSite\",\"@id\":\"https:\/\/www.reno-equipment.com\/#website\",\"url\":\"https:\/\/www.reno-equipment.com\/\",\"name\":\"Hebei Ruinuo Instrument Co., Ltd\",\"description\":\"A Professional Laboraory Equipment Manufacturer And Supplier in China - Reno\",\"publisher\":{\"@id\":\"https:\/\/www.reno-equipment.com\/#organization\"},\"potentialAction\":[{\"@type\":\"SearchAction\",\"target\":{\"@type\":\"EntryPoint\",\"urlTemplate\":\"https:\/\/www.reno-equipment.com\/?s={search_term_string}\"},\"query-input\":{\"@type\":\"PropertyValueSpecification\",\"valueRequired\":true,\"valueName\":\"search_term_string\"}}],\"inLanguage\":\"de\"},{\"@type\":\"Organization\",\"@id\":\"https:\/\/www.reno-equipment.com\/#organization\",\"name\":\"Hebei Ruinuo Instrument Co., Ltd\",\"url\":\"https:\/\/www.reno-equipment.com\/\",\"logo\":{\"@type\":\"ImageObject\",\"inLanguage\":\"de\",\"@id\":\"https:\/\/www.reno-equipment.com\/#\/schema\/logo\/image\/\",\"url\":\"https:\/\/www.reno-equipment.com\/wp-content\/uploads\/2025\/07\/1720412797138216.png\",\"contentUrl\":\"https:\/\/www.reno-equipment.com\/wp-content\/uploads\/2025\/07\/1720412797138216.png\",\"width\":218,\"height\":50,\"caption\":\"Hebei Ruinuo Instrument Co., Ltd\"},\"image\":{\"@id\":\"https:\/\/www.reno-equipment.com\/#\/schema\/logo\/image\/\"},\"sameAs\":[\"https:\/\/www.facebook.com\/profile.php?id=61562344533538\"]}]}<\/script>\n<meta property=\"product:price:amount\" content=\"0.00\" \/>\n<meta property=\"product:price:currency\" content=\"SGD\" \/>\n<meta property=\"og:availability\" content=\"instock\" \/>\n<meta property=\"product:availability\" content=\"instock\" \/>\n<meta property=\"product:condition\" content=\"new\" \/>\n<!-- \/ Yoast SEO Premium plugin. -->","yoast_head_json":{"title":"Stahl- und Holzreinigungsarbeitsbank - Reno-Ausr\u00fcstung","robots":{"index":"index","follow":"follow","max-snippet":"max-snippet:-1","max-image-preview":"max-image-preview:large","max-video-preview":"max-video-preview:-1"},"canonical":"https:\/\/www.reno-equipment.com\/de\/produkt\/steel-and-wood-purification-workbench\/","og_locale":"de_DE","og_type":"article","og_title":"Steel And Wood Purification Workbench","og_description":"Air is pressed into the static pressure box through the side-mounted primary air filter and low-noise centrifugal fun.evenly blown out from the top ,to form a high cleanliness air curtain,to remove the original natural air in the working area,so as to reach the ideal high cleanliness space only five minutes after starting. Using adjustable fan to adjust the air volume in double-speed,the light touch switch to adjust the voltage,to ensure the wind speed in the working area always in an ideal state.","og_url":"https:\/\/www.reno-equipment.com\/de\/produkt\/steel-and-wood-purification-workbench\/","og_site_name":"Reno Equipment","article_publisher":"https:\/\/www.facebook.com\/profile.php?id=61562344533538","article_modified_time":"2025-09-08T14:26:54+00:00","og_image":[{"width":261,"height":386,"url":"https:\/\/www.reno-equipment.com\/wp-content\/uploads\/2025\/08\/\u5fae\u4fe1\u622a\u56fe_20241031142330-1.jpg","type":"image\/jpeg"}],"twitter_card":"summary_large_image","twitter_misc":{"Preis":"","Verf\u00fcgbarkeit":"Auf Lager"},"schema":{"@context":"https:\/\/schema.org","@graph":[{"@type":"WebPage","@id":"https:\/\/www.reno-equipment.com\/product\/steel-and-wood-purification-workbench\/","url":"https:\/\/www.reno-equipment.com\/product\/steel-and-wood-purification-workbench\/","name":"Stahl- und Holzreinigungsarbeitsbank - Reno-Ausr\u00fcstung","isPartOf":{"@id":"https:\/\/www.reno-equipment.com\/#website"},"primaryImageOfPage":{"@id":"https:\/\/www.reno-equipment.com\/product\/steel-and-wood-purification-workbench\/#primaryimage"},"image":{"@id":"https:\/\/www.reno-equipment.com\/product\/steel-and-wood-purification-workbench\/#primaryimage"},"thumbnailUrl":"https:\/\/www.reno-equipment.com\/wp-content\/uploads\/2025\/08\/\u5fae\u4fe1\u622a\u56fe_20241031142330-1.jpg","datePublished":"2025-08-21T08:27:00+00:00","dateModified":"2025-09-08T14:26:54+00:00","breadcrumb":{"@id":"https:\/\/www.reno-equipment.com\/product\/steel-and-wood-purification-workbench\/#breadcrumb"},"inLanguage":"de","potentialAction":[{"@type":"ReadAction","target":["https:\/\/www.reno-equipment.com\/product\/steel-and-wood-purification-workbench\/"]}]},{"@type":"ImageObject","inLanguage":"de","@id":"https:\/\/www.reno-equipment.com\/product\/steel-and-wood-purification-workbench\/#primaryimage","url":"https:\/\/www.reno-equipment.com\/wp-content\/uploads\/2025\/08\/\u5fae\u4fe1\u622a\u56fe_20241031142330-1.jpg","contentUrl":"https:\/\/www.reno-equipment.com\/wp-content\/uploads\/2025\/08\/\u5fae\u4fe1\u622a\u56fe_20241031142330-1.jpg","width":261,"height":386,"caption":"Steel and Wood Purification Workbench"},{"@type":"BreadcrumbList","@id":"https:\/\/www.reno-equipment.com\/product\/steel-and-wood-purification-workbench\/#breadcrumb","itemListElement":[{"@type":"ListItem","position":1,"name":"Home","item":"https:\/\/www.reno-equipment.com\/"},{"@type":"ListItem","position":2,"name":"Shop","item":"https:\/\/www.reno-equipment.com\/shop\/"},{"@type":"ListItem","position":3,"name":"Steel And Wood Purification Workbench"}]},{"@type":"WebSite","@id":"https:\/\/www.reno-equipment.com\/#website","url":"https:\/\/www.reno-equipment.com\/","name":"Hebei Ruinuo Instrument GmbH","description":"Ein professioneller Hersteller und Lieferant von Laborger\u00e4ten in China - Reno","publisher":{"@id":"https:\/\/www.reno-equipment.com\/#organization"},"potentialAction":[{"@type":"SearchAction","target":{"@type":"EntryPoint","urlTemplate":"https:\/\/www.reno-equipment.com\/?s={search_term_string}"},"query-input":{"@type":"PropertyValueSpecification","valueRequired":true,"valueName":"search_term_string"}}],"inLanguage":"de"},{"@type":"Organization","@id":"https:\/\/www.reno-equipment.com\/#organization","name":"Hebei Ruinuo Instrument GmbH","url":"https:\/\/www.reno-equipment.com\/","logo":{"@type":"ImageObject","inLanguage":"de","@id":"https:\/\/www.reno-equipment.com\/#\/schema\/logo\/image\/","url":"https:\/\/www.reno-equipment.com\/wp-content\/uploads\/2025\/07\/1720412797138216.png","contentUrl":"https:\/\/www.reno-equipment.com\/wp-content\/uploads\/2025\/07\/1720412797138216.png","width":218,"height":50,"caption":"Hebei Ruinuo Instrument Co., Ltd"},"image":{"@id":"https:\/\/www.reno-equipment.com\/#\/schema\/logo\/image\/"},"sameAs":["https:\/\/www.facebook.com\/profile.php?id=61562344533538"]}]},"product_price_amount":"0.00","product_price_currency":"SGD","og_availability":"instock","product_availability":"instock","product_condition":"new"},"_links":{"self":[{"href":"https:\/\/www.reno-equipment.com\/de\/wp-json\/wp\/v2\/product\/20768","targetHints":{"allow":["GET"]}}],"collection":[{"href":"https:\/\/www.reno-equipment.com\/de\/wp-json\/wp\/v2\/product"}],"about":[{"href":"https:\/\/www.reno-equipment.com\/de\/wp-json\/wp\/v2\/types\/product"}],"replies":[{"embeddable":true,"href":"https:\/\/www.reno-equipment.com\/de\/wp-json\/wp\/v2\/comments?post=20768"}],"version-history":[{"count":0,"href":"https:\/\/www.reno-equipment.com\/de\/wp-json\/wp\/v2\/product\/20768\/revisions"}],"wp:featuredmedia":[{"embeddable":true,"href":"https:\/\/www.reno-equipment.com\/de\/wp-json\/wp\/v2\/media\/22000"}],"wp:attachment":[{"href":"https:\/\/www.reno-equipment.com\/de\/wp-json\/wp\/v2\/media?parent=20768"}],"wp:term":[{"taxonomy":"product_brand","embeddable":true,"href":"https:\/\/www.reno-equipment.com\/de\/wp-json\/wp\/v2\/product_brand?post=20768"},{"taxonomy":"product_cat","embeddable":true,"href":"https:\/\/www.reno-equipment.com\/de\/wp-json\/wp\/v2\/product_cat?post=20768"},{"taxonomy":"product_tag","embeddable":true,"href":"https:\/\/www.reno-equipment.com\/de\/wp-json\/wp\/v2\/product_tag?post=20768"}],"curies":[{"name":"wp","href":"https:\/\/api.w.org\/{rel}","templated":true}]}}