{"id":20654,"date":"2025-08-21T07:58:00","date_gmt":"2025-08-21T07:58:00","guid":{"rendered":"https:\/\/www.reno-equipment.com\/?post_type=product&#038;p=20654"},"modified":"2025-10-30T12:25:53","modified_gmt":"2025-10-30T12:25:53","slug":"intelligent-vacuum-drying-oven-series","status":"publish","type":"product","link":"https:\/\/www.reno-equipment.com\/de\/produkt\/intelligent-vacuum-drying-oven-series\/","title":{"rendered":"Intelligente Vakuum-Trockenschrank-Serie"},"content":{"rendered":"<p><strong>Produkt\u00fcbersicht:<\/strong><\/p>\n<p>Wird h\u00e4ufig in der biochemischen und pharmazeutischen Forschung, der medizinischen und gesundheitlichen Forschung, der Agrarforschung, dem Umweltschutz und anderen Forschungsbereichen eingesetzt. Wird zur Trocknung von Pulver, Backen, Desinfektion und Sterilisation verwendet und kann in das Inertgas injiziert werden. Besonders geeignet f\u00fcr eine schnelle und effiziente Trocknungsbehandlung von w\u00e4rmeempfindlichen, leicht zersetzbaren, leicht oxidierbaren und komplexen Komponenten.<\/p>\n<p><strong><b>Produktmerkmale:<\/b><\/strong><\/p>\n<p>&nbsp;<\/p>\n<p>1. Die Vakuumumgebung senkt den Siedepunkt der Fl\u00fcssigkeit, die entfernt werden muss, erheblich, sodass sie leicht f\u00fcr w\u00e4rmeempfindliche Substanzen verwendet werden kann.<\/p>\n<p>F\u00fcr schwierige Proben, wie Pulver oder andere granulare Proben, kann die Anwendung die Trocknungszeit effektiv verk\u00fcrzen.<\/p>\n<p>3. Eine Vielzahl komplexer mechanischer Teile oder andere Mehrraumteile werden nach der Reinigung vollst\u00e4ndig mit der Vakuumtrocknungsmethode getrocknet, ohne dass R\u00fcckst\u00e4nde irgendeiner Art zur\u00fcckbleiben.<\/p>\n<p>4. Sicherer in der Anwendung und kann die M\u00f6glichkeit von Oxiden, die unter Vakuum- oder Inertbedingungen thermischen Explosionen begegnen, vollst\u00e4ndig eliminieren.<\/p>\n<p>Im Vergleich zu gew\u00f6hnlichen Trockenschr\u00e4nken, die auf Luftzirkulation angewiesen sind, werden die pulverf\u00f6rmigen Proben nicht durch bewegte Luft weggeblasen oder bewegt.<\/p>\n<p>&nbsp;<\/p>\n<p>&nbsp;<\/p>\n\n    <div class=\"xs_social_share_widget xs_share_url after_content \t\tmain_content  wslu-style-1 wslu-share-box-shaped wslu-fill-colored wslu-none wslu-share-horizontal wslu-theme-font-no wslu-main_content\">\n\n\t\t\n        <ul>\n\t\t\t        <\/ul>\n    <\/div>","protected":false},"excerpt":{"rendered":"<p>Wird h\u00e4ufig in der biochemischen und pharmazeutischen Forschung, der medizinischen und gesundheitlichen Forschung, der Agrarforschung, dem Umweltschutz und anderen Forschungsbereichen eingesetzt. Wird zur Trocknung von Pulver, Backen, Desinfektion und Sterilisation verwendet und kann in das Inertgas injiziert werden. Besonders geeignet f\u00fcr eine schnelle und effiziente Trocknungsbehandlung von w\u00e4rmeempfindlichen, leicht zersetzbaren, leicht oxidierbaren und komplexen Komponenten.<\/p>","protected":false},"featured_media":22008,"comment_status":"open","ping_status":"closed","template":"","meta":{"_acf_changed":false,"inline_featured_image":false,"postBodyCss":"","postBodyMargin":[],"postBodyPadding":[],"postBodyBackground":{"backgroundType":"classic","gradient":""}},"product_brand":[],"product_cat":[66,46,60],"product_tag":[],"class_list":{"0":"post-20654","1":"product","2":"type-product","3":"status-publish","4":"has-post-thumbnail","6":"product_cat-products","7":"product_cat-drying-ovens","8":"product_cat-vacuum-drying-ovens","10":"first","11":"instock","12":"shipping-taxable","13":"product-type-simple"},"acf":[],"yoast_head":"<!-- This site is optimized with the Yoast SEO Premium plugin v25.7.1 (Yoast SEO v25.7) - https:\/\/yoast.com\/wordpress\/plugins\/seo\/ -->\n<title>Intelligent Vacuum Drying Oven Series - Reno Equipment<\/title>\n<meta name=\"robots\" content=\"index, follow, max-snippet:-1, max-image-preview:large, max-video-preview:-1\" \/>\n<link rel=\"canonical\" href=\"https:\/\/www.reno-equipment.com\/de\/produkt\/intelligent-vacuum-drying-oven-series\/\" \/>\n<meta property=\"og:locale\" content=\"de_DE\" \/>\n<meta property=\"og:type\" content=\"article\" \/>\n<meta property=\"og:title\" content=\"Intelligent Vacuum Drying Oven Series\" \/>\n<meta property=\"og:description\" content=\"Widely used in biochemical and pharmaceutical,medical and health,agricultural research,environmental protection and other research. Used for powder drying ,baking ,disinfection and sterilization , and can be injected into the inert gas. Especially for drying heat sensitivity, easy decomposition, easy oxidation and complex components of the goods fast and efficient drying treatment.\" \/>\n<meta property=\"og:url\" content=\"https:\/\/www.reno-equipment.com\/de\/produkt\/intelligent-vacuum-drying-oven-series\/\" \/>\n<meta property=\"og:site_name\" content=\"Reno Equipment\" \/>\n<meta property=\"article:publisher\" content=\"https:\/\/www.facebook.com\/profile.php?id=61562344533538\" \/>\n<meta property=\"article:modified_time\" content=\"2025-10-30T12:25:53+00:00\" \/>\n<meta property=\"og:image\" content=\"https:\/\/www.reno-equipment.com\/wp-content\/uploads\/2025\/08\/\u5fae\u4fe1\u622a\u56fe_20241031141835.jpg\" \/>\n\t<meta property=\"og:image:width\" content=\"396\" \/>\n\t<meta property=\"og:image:height\" content=\"306\" \/>\n\t<meta property=\"og:image:type\" content=\"image\/jpeg\" \/>\n<meta name=\"twitter:card\" content=\"summary_large_image\" \/>\n<meta name=\"twitter:label1\" content=\"Preis\" \/>\n\t<meta name=\"twitter:data1\" content=\"\" \/>\n\t<meta name=\"twitter:label2\" content=\"Verf\u00fcgbarkeit\" \/>\n\t<meta name=\"twitter:data2\" content=\"Auf Lager\" \/>\n<script type=\"application\/ld+json\" class=\"yoast-schema-graph\">{\"@context\":\"https:\/\/schema.org\",\"@graph\":[{\"@type\":\"WebPage\",\"@id\":\"https:\/\/www.reno-equipment.com\/product\/intelligent-vacuum-drying-oven-series\/\",\"url\":\"https:\/\/www.reno-equipment.com\/product\/intelligent-vacuum-drying-oven-series\/\",\"name\":\"Intelligent Vacuum Drying Oven Series - Reno Equipment\",\"isPartOf\":{\"@id\":\"https:\/\/www.reno-equipment.com\/#website\"},\"primaryImageOfPage\":{\"@id\":\"https:\/\/www.reno-equipment.com\/product\/intelligent-vacuum-drying-oven-series\/#primaryimage\"},\"image\":{\"@id\":\"https:\/\/www.reno-equipment.com\/product\/intelligent-vacuum-drying-oven-series\/#primaryimage\"},\"thumbnailUrl\":\"https:\/\/www.reno-equipment.com\/wp-content\/uploads\/2025\/08\/\u5fae\u4fe1\u622a\u56fe_20241031141835.jpg\",\"datePublished\":\"2025-08-21T07:58:00+00:00\",\"dateModified\":\"2025-10-30T12:25:53+00:00\",\"breadcrumb\":{\"@id\":\"https:\/\/www.reno-equipment.com\/product\/intelligent-vacuum-drying-oven-series\/#breadcrumb\"},\"inLanguage\":\"de\",\"potentialAction\":[{\"@type\":\"ReadAction\",\"target\":[\"https:\/\/www.reno-equipment.com\/product\/intelligent-vacuum-drying-oven-series\/\"]}]},{\"@type\":\"ImageObject\",\"inLanguage\":\"de\",\"@id\":\"https:\/\/www.reno-equipment.com\/product\/intelligent-vacuum-drying-oven-series\/#primaryimage\",\"url\":\"https:\/\/www.reno-equipment.com\/wp-content\/uploads\/2025\/08\/\u5fae\u4fe1\u622a\u56fe_20241031141835.jpg\",\"contentUrl\":\"https:\/\/www.reno-equipment.com\/wp-content\/uploads\/2025\/08\/\u5fae\u4fe1\u622a\u56fe_20241031141835.jpg\",\"width\":396,\"height\":306,\"caption\":\"Intelligent Vacuum Drying Oven\"},{\"@type\":\"BreadcrumbList\",\"@id\":\"https:\/\/www.reno-equipment.com\/product\/intelligent-vacuum-drying-oven-series\/#breadcrumb\",\"itemListElement\":[{\"@type\":\"ListItem\",\"position\":1,\"name\":\"Home\",\"item\":\"https:\/\/www.reno-equipment.com\/\"},{\"@type\":\"ListItem\",\"position\":2,\"name\":\"Shop\",\"item\":\"https:\/\/www.reno-equipment.com\/shop\/\"},{\"@type\":\"ListItem\",\"position\":3,\"name\":\"Intelligent Vacuum Drying Oven Series\"}]},{\"@type\":\"WebSite\",\"@id\":\"https:\/\/www.reno-equipment.com\/#website\",\"url\":\"https:\/\/www.reno-equipment.com\/\",\"name\":\"Hebei Ruinuo Instrument Co., Ltd\",\"description\":\"A Professional Laboraory Equipment Manufacturer And Supplier in China - Reno\",\"publisher\":{\"@id\":\"https:\/\/www.reno-equipment.com\/#organization\"},\"potentialAction\":[{\"@type\":\"SearchAction\",\"target\":{\"@type\":\"EntryPoint\",\"urlTemplate\":\"https:\/\/www.reno-equipment.com\/?s={search_term_string}\"},\"query-input\":{\"@type\":\"PropertyValueSpecification\",\"valueRequired\":true,\"valueName\":\"search_term_string\"}}],\"inLanguage\":\"de\"},{\"@type\":\"Organization\",\"@id\":\"https:\/\/www.reno-equipment.com\/#organization\",\"name\":\"Hebei Ruinuo Instrument Co., Ltd\",\"url\":\"https:\/\/www.reno-equipment.com\/\",\"logo\":{\"@type\":\"ImageObject\",\"inLanguage\":\"de\",\"@id\":\"https:\/\/www.reno-equipment.com\/#\/schema\/logo\/image\/\",\"url\":\"https:\/\/www.reno-equipment.com\/wp-content\/uploads\/2025\/07\/1720412797138216.png\",\"contentUrl\":\"https:\/\/www.reno-equipment.com\/wp-content\/uploads\/2025\/07\/1720412797138216.png\",\"width\":218,\"height\":50,\"caption\":\"Hebei Ruinuo Instrument Co., Ltd\"},\"image\":{\"@id\":\"https:\/\/www.reno-equipment.com\/#\/schema\/logo\/image\/\"},\"sameAs\":[\"https:\/\/www.facebook.com\/profile.php?id=61562344533538\"]}]}<\/script>\n<meta property=\"product:price:amount\" content=\"0.00\" \/>\n<meta property=\"product:price:currency\" content=\"SGD\" \/>\n<meta property=\"og:availability\" content=\"instock\" \/>\n<meta property=\"product:availability\" content=\"instock\" \/>\n<meta property=\"product:condition\" content=\"new\" \/>\n<!-- \/ Yoast SEO Premium plugin. -->","yoast_head_json":{"title":"Intelligente Vakuumtrockenschrank-Serie - Reno-Ausr\u00fcstung","robots":{"index":"index","follow":"follow","max-snippet":"max-snippet:-1","max-image-preview":"max-image-preview:large","max-video-preview":"max-video-preview:-1"},"canonical":"https:\/\/www.reno-equipment.com\/de\/produkt\/intelligent-vacuum-drying-oven-series\/","og_locale":"de_DE","og_type":"article","og_title":"Intelligent Vacuum Drying Oven Series","og_description":"Widely used in biochemical and pharmaceutical,medical and health,agricultural research,environmental protection and other research. Used for powder drying ,baking ,disinfection and sterilization , and can be injected into the inert gas. Especially for drying heat sensitivity, easy decomposition, easy oxidation and complex components of the goods fast and efficient drying treatment.","og_url":"https:\/\/www.reno-equipment.com\/de\/produkt\/intelligent-vacuum-drying-oven-series\/","og_site_name":"Reno Equipment","article_publisher":"https:\/\/www.facebook.com\/profile.php?id=61562344533538","article_modified_time":"2025-10-30T12:25:53+00:00","og_image":[{"width":396,"height":306,"url":"https:\/\/www.reno-equipment.com\/wp-content\/uploads\/2025\/08\/\u5fae\u4fe1\u622a\u56fe_20241031141835.jpg","type":"image\/jpeg"}],"twitter_card":"summary_large_image","twitter_misc":{"Preis":"","Verf\u00fcgbarkeit":"Auf Lager"},"schema":{"@context":"https:\/\/schema.org","@graph":[{"@type":"WebPage","@id":"https:\/\/www.reno-equipment.com\/product\/intelligent-vacuum-drying-oven-series\/","url":"https:\/\/www.reno-equipment.com\/product\/intelligent-vacuum-drying-oven-series\/","name":"Intelligente Vakuumtrockenschrank-Serie - Reno-Ausr\u00fcstung","isPartOf":{"@id":"https:\/\/www.reno-equipment.com\/#website"},"primaryImageOfPage":{"@id":"https:\/\/www.reno-equipment.com\/product\/intelligent-vacuum-drying-oven-series\/#primaryimage"},"image":{"@id":"https:\/\/www.reno-equipment.com\/product\/intelligent-vacuum-drying-oven-series\/#primaryimage"},"thumbnailUrl":"https:\/\/www.reno-equipment.com\/wp-content\/uploads\/2025\/08\/\u5fae\u4fe1\u622a\u56fe_20241031141835.jpg","datePublished":"2025-08-21T07:58:00+00:00","dateModified":"2025-10-30T12:25:53+00:00","breadcrumb":{"@id":"https:\/\/www.reno-equipment.com\/product\/intelligent-vacuum-drying-oven-series\/#breadcrumb"},"inLanguage":"de","potentialAction":[{"@type":"ReadAction","target":["https:\/\/www.reno-equipment.com\/product\/intelligent-vacuum-drying-oven-series\/"]}]},{"@type":"ImageObject","inLanguage":"de","@id":"https:\/\/www.reno-equipment.com\/product\/intelligent-vacuum-drying-oven-series\/#primaryimage","url":"https:\/\/www.reno-equipment.com\/wp-content\/uploads\/2025\/08\/\u5fae\u4fe1\u622a\u56fe_20241031141835.jpg","contentUrl":"https:\/\/www.reno-equipment.com\/wp-content\/uploads\/2025\/08\/\u5fae\u4fe1\u622a\u56fe_20241031141835.jpg","width":396,"height":306,"caption":"Intelligent Vacuum Drying Oven"},{"@type":"BreadcrumbList","@id":"https:\/\/www.reno-equipment.com\/product\/intelligent-vacuum-drying-oven-series\/#breadcrumb","itemListElement":[{"@type":"ListItem","position":1,"name":"Home","item":"https:\/\/www.reno-equipment.com\/"},{"@type":"ListItem","position":2,"name":"Shop","item":"https:\/\/www.reno-equipment.com\/shop\/"},{"@type":"ListItem","position":3,"name":"Intelligent Vacuum Drying Oven Series"}]},{"@type":"WebSite","@id":"https:\/\/www.reno-equipment.com\/#website","url":"https:\/\/www.reno-equipment.com\/","name":"Hebei Ruinuo Instrument GmbH","description":"Ein professioneller Hersteller und Lieferant von Laborger\u00e4ten in China - Reno","publisher":{"@id":"https:\/\/www.reno-equipment.com\/#organization"},"potentialAction":[{"@type":"SearchAction","target":{"@type":"EntryPoint","urlTemplate":"https:\/\/www.reno-equipment.com\/?s={search_term_string}"},"query-input":{"@type":"PropertyValueSpecification","valueRequired":true,"valueName":"search_term_string"}}],"inLanguage":"de"},{"@type":"Organization","@id":"https:\/\/www.reno-equipment.com\/#organization","name":"Hebei Ruinuo Instrument GmbH","url":"https:\/\/www.reno-equipment.com\/","logo":{"@type":"ImageObject","inLanguage":"de","@id":"https:\/\/www.reno-equipment.com\/#\/schema\/logo\/image\/","url":"https:\/\/www.reno-equipment.com\/wp-content\/uploads\/2025\/07\/1720412797138216.png","contentUrl":"https:\/\/www.reno-equipment.com\/wp-content\/uploads\/2025\/07\/1720412797138216.png","width":218,"height":50,"caption":"Hebei Ruinuo Instrument Co., Ltd"},"image":{"@id":"https:\/\/www.reno-equipment.com\/#\/schema\/logo\/image\/"},"sameAs":["https:\/\/www.facebook.com\/profile.php?id=61562344533538"]}]},"product_price_amount":"0.00","product_price_currency":"SGD","og_availability":"instock","product_availability":"instock","product_condition":"new"},"_links":{"self":[{"href":"https:\/\/www.reno-equipment.com\/de\/wp-json\/wp\/v2\/product\/20654","targetHints":{"allow":["GET"]}}],"collection":[{"href":"https:\/\/www.reno-equipment.com\/de\/wp-json\/wp\/v2\/product"}],"about":[{"href":"https:\/\/www.reno-equipment.com\/de\/wp-json\/wp\/v2\/types\/product"}],"replies":[{"embeddable":true,"href":"https:\/\/www.reno-equipment.com\/de\/wp-json\/wp\/v2\/comments?post=20654"}],"version-history":[{"count":0,"href":"https:\/\/www.reno-equipment.com\/de\/wp-json\/wp\/v2\/product\/20654\/revisions"}],"wp:featuredmedia":[{"embeddable":true,"href":"https:\/\/www.reno-equipment.com\/de\/wp-json\/wp\/v2\/media\/22008"}],"wp:attachment":[{"href":"https:\/\/www.reno-equipment.com\/de\/wp-json\/wp\/v2\/media?parent=20654"}],"wp:term":[{"taxonomy":"product_brand","embeddable":true,"href":"https:\/\/www.reno-equipment.com\/de\/wp-json\/wp\/v2\/product_brand?post=20654"},{"taxonomy":"product_cat","embeddable":true,"href":"https:\/\/www.reno-equipment.com\/de\/wp-json\/wp\/v2\/product_cat?post=20654"},{"taxonomy":"product_tag","embeddable":true,"href":"https:\/\/www.reno-equipment.com\/de\/wp-json\/wp\/v2\/product_tag?post=20654"}],"curies":[{"name":"wp","href":"https:\/\/api.w.org\/{rel}","templated":true}]}}