{"id":20520,"date":"2025-08-21T07:11:00","date_gmt":"2025-08-21T07:11:00","guid":{"rendered":"https:\/\/www.reno-equipment.com\/?post_type=product&#038;p=20520"},"modified":"2025-09-08T14:35:50","modified_gmt":"2025-09-08T14:35:50","slug":"intelligent-biochemical-incubator-2","status":"publish","type":"product","link":"https:\/\/www.reno-equipment.com\/de\/produkt\/intelligent-biochemical-incubator-2\/","title":{"rendered":"Intelligente biochemische Inkubator"},"content":{"rendered":"<p><strong>P<\/strong><strong>Produkt <\/strong><strong>O<\/strong><strong>\u00dcberblick<\/strong><\/p>\n<p>Dieses Produkt ist geeignet f\u00fcr die Test- und Produktionsabteilungen des Umweltschutzes, der Gesundheit und der Epidemiepr\u00e4vention, der Tierhaltung, der Medikamentenpr\u00fcfung, der Aquakultur und anderer wissenschaftlicher Forschungsinstitute. Es handelt sich um spezielle Konstanttemperaturger\u00e4te zur Analyse von Gew\u00e4ssern, zur Messung von Bakterien und Schimmelpilzen durch BOD, zur Kultur und Konservierung von Mikroorganismen sowie zur Anpflanzung und Zucht.<\/p>\n<p><strong><b>P<\/b><\/strong><strong><b>Produkt <\/b><\/strong><strong><b>F<\/b><\/strong><strong><b>Merkmal<\/b><\/strong><strong><b>s<\/b><\/strong><\/p>\n<ol>\n<li>Einhaltung des weltweiten Trends zum Umweltschutz, neues fluoridfrees Design<\/li>\n<li>Blauer Bildschirm LCD-Mikrocomputerprogrammsteuerung, kann 30 Abschnitte von Temperatur- und Feuchtigkeitsregelungen voreinstellen, kann wiederholte Schritte durchf\u00fchren, Schritt-Temperatur- und Feuchtigkeitsprogrammautomatik.<\/li>\n<li>Die T\u00fcr ist mit einem hohlen, geh\u00e4rteten Glasbeobachtungsfenster ausgestattet, um eine einfache Beobachtung und Bedienung zu erm\u00f6glichen.<\/li>\n<li>Fuzzy-PID-Regler, kleine Schwankungen der Temperaturregelpr\u00e4zision, 99 Zyklen k\u00f6nnen 30 Abschnitte der Arbeitszeit sein, die maximale Zeit kann 9999 Minuten betragen.<\/li>\n<li>Die aus Edelstahl gefertigte quadratische Halbbogen-\u00dcberkr\u00fcmmung erm\u00f6glicht es, die Trennhalterung frei zu laden und zu entladen, was die Reinigung des Studios erleichtert.<\/li>\n<li>Die Box ist auf der linken Seite mit einem 40 mm Durchmesser Testloch ausgestattet, die externe Stromsteckdose wird standardm\u00e4\u00dfig bereitgestellt, willk\u00fcrliche Verkabelungen k\u00f6nnen je nach Bedarf des Ortes angeordnet werden.<\/li>\n<li>Die Box kann mit der Oszillationskultur bei konstanter Temperatur beginnen, sobald der Oszillator hineingestellt wird. Es gibt eine Lampe im Arbeitsraum, die es einfach macht, das Experiment im Arbeitsraum zu beobachten.<\/li>\n<li>Ber\u00fchmte Marke Ultraschallluftbefeuchter, mit gro\u00dfem Wassertank, der Wasser- und Stromausfallfunktion.<\/li>\n<li>Der Feuchtigkeitssensor wird importiert, um die Probleme zu vermeiden, die durch den h\u00e4ufigen Austausch von nassen und trockenen Kugeln verursacht werden.<\/li>\n<li>Markenkompressor und Zirkulationsl\u00fcfter, einzigartiges Luftflussdesignkonzept, um eine gleichm\u00e4\u00dfige Temperatur und Luftfeuchtigkeit im Studio sicherzustellen und zu vermeiden, dass Proben aufgrund eines \u00fcberm\u00e4\u00dfigen Luftvolumens w\u00e4hrend des Experiments verdampfen.<\/li>\n<li>Optional mit Funktionen wie interne Befeuchtung, 485 Kommunikation, USB-Schnittstelle, Drucker, Leckschutz<\/li>\n<\/ol>\n<p>&nbsp;<\/p>\n\n    <div class=\"xs_social_share_widget xs_share_url after_content \t\tmain_content  wslu-style-1 wslu-share-box-shaped wslu-fill-colored wslu-none wslu-share-horizontal wslu-theme-font-no wslu-main_content\">\n\n\t\t\n        <ul>\n\t\t\t        <\/ul>\n    <\/div>","protected":false},"excerpt":{"rendered":"<p>Dieses Produkt ist geeignet f\u00fcr die Test- und Produktionsabteilungen des Umweltschutzes, der Gesundheit und der Epidemiepr\u00e4vention, der Tierhaltung, der Medikamentenpr\u00fcfung, der Aquakultur und anderer wissenschaftlicher Forschungsinstitute. Es handelt sich um spezielle Konstanttemperaturger\u00e4te zur Analyse von Gew\u00e4ssern, zur Messung von Bakterien und Schimmelpilzen durch BOD, zur Kultur und Konservierung von Mikroorganismen sowie zur Anpflanzung und Zucht.<\/p>","protected":false},"featured_media":22016,"comment_status":"open","ping_status":"closed","template":"","meta":{"_acf_changed":false,"inline_featured_image":false,"postBodyCss":"","postBodyMargin":[],"postBodyPadding":[],"postBodyBackground":{"backgroundType":"classic","gradient":""}},"product_brand":[],"product_cat":[66,126,145],"product_tag":[],"class_list":{"0":"post-20520","1":"product","2":"type-product","3":"status-publish","4":"has-post-thumbnail","6":"product_cat-products","7":"product_cat-incubators","8":"product_cat-cooling-incubators","10":"first","11":"instock","12":"shipping-taxable","13":"product-type-simple"},"acf":[],"yoast_head":"<!-- This site is optimized with the Yoast SEO Premium plugin v25.7.1 (Yoast SEO v25.7) - https:\/\/yoast.com\/wordpress\/plugins\/seo\/ -->\n<title>Intelligent Biochemical Incubator - Reno Equipment<\/title>\n<meta name=\"robots\" content=\"index, follow, max-snippet:-1, max-image-preview:large, max-video-preview:-1\" \/>\n<link rel=\"canonical\" href=\"https:\/\/www.reno-equipment.com\/de\/produkt\/intelligent-biochemical-incubator-2\/\" \/>\n<meta property=\"og:locale\" content=\"de_DE\" \/>\n<meta property=\"og:type\" content=\"article\" \/>\n<meta property=\"og:title\" content=\"Intelligent Biochemical Incubator\" \/>\n<meta property=\"og:description\" content=\"This\u00a0product\u00a0Suitable for\u00a0testing and production departments of environmental protection, health and epidemic prevention, livestock, drug testing, aquaculture and other scientific research institutes, is the special constant temperature equipment for water body analysis, measuring bacteria and mold by BOD, culturing and preserving microorganisms,cultivating plants and breeding.\" \/>\n<meta property=\"og:url\" content=\"https:\/\/www.reno-equipment.com\/de\/produkt\/intelligent-biochemical-incubator-2\/\" \/>\n<meta property=\"og:site_name\" content=\"Reno Equipment\" \/>\n<meta property=\"article:publisher\" content=\"https:\/\/www.facebook.com\/profile.php?id=61562344533538\" \/>\n<meta property=\"article:modified_time\" content=\"2025-09-08T14:35:50+00:00\" \/>\n<meta property=\"og:image\" content=\"https:\/\/www.reno-equipment.com\/wp-content\/uploads\/2025\/08\/product_1_banner.jpg\" \/>\n\t<meta property=\"og:image:width\" content=\"285\" \/>\n\t<meta property=\"og:image:height\" content=\"399\" \/>\n\t<meta property=\"og:image:type\" content=\"image\/jpeg\" \/>\n<meta name=\"twitter:card\" content=\"summary_large_image\" \/>\n<meta name=\"twitter:label1\" content=\"Preis\" \/>\n\t<meta name=\"twitter:data1\" content=\"\" \/>\n\t<meta name=\"twitter:label2\" content=\"Verf\u00fcgbarkeit\" \/>\n\t<meta name=\"twitter:data2\" content=\"Auf Lager\" \/>\n<script type=\"application\/ld+json\" class=\"yoast-schema-graph\">{\"@context\":\"https:\/\/schema.org\",\"@graph\":[{\"@type\":\"WebPage\",\"@id\":\"https:\/\/www.reno-equipment.com\/product\/intelligent-biochemical-incubator-2\/\",\"url\":\"https:\/\/www.reno-equipment.com\/product\/intelligent-biochemical-incubator-2\/\",\"name\":\"Intelligent Biochemical Incubator - Reno Equipment\",\"isPartOf\":{\"@id\":\"https:\/\/www.reno-equipment.com\/#website\"},\"primaryImageOfPage\":{\"@id\":\"https:\/\/www.reno-equipment.com\/product\/intelligent-biochemical-incubator-2\/#primaryimage\"},\"image\":{\"@id\":\"https:\/\/www.reno-equipment.com\/product\/intelligent-biochemical-incubator-2\/#primaryimage\"},\"thumbnailUrl\":\"https:\/\/www.reno-equipment.com\/wp-content\/uploads\/2025\/08\/product_1_banner.jpg\",\"datePublished\":\"2025-08-21T07:11:00+00:00\",\"dateModified\":\"2025-09-08T14:35:50+00:00\",\"breadcrumb\":{\"@id\":\"https:\/\/www.reno-equipment.com\/product\/intelligent-biochemical-incubator-2\/#breadcrumb\"},\"inLanguage\":\"de\",\"potentialAction\":[{\"@type\":\"ReadAction\",\"target\":[\"https:\/\/www.reno-equipment.com\/product\/intelligent-biochemical-incubator-2\/\"]}]},{\"@type\":\"ImageObject\",\"inLanguage\":\"de\",\"@id\":\"https:\/\/www.reno-equipment.com\/product\/intelligent-biochemical-incubator-2\/#primaryimage\",\"url\":\"https:\/\/www.reno-equipment.com\/wp-content\/uploads\/2025\/08\/product_1_banner.jpg\",\"contentUrl\":\"https:\/\/www.reno-equipment.com\/wp-content\/uploads\/2025\/08\/product_1_banner.jpg\",\"width\":285,\"height\":399,\"caption\":\"Intelligent Biochemical Incubator\"},{\"@type\":\"BreadcrumbList\",\"@id\":\"https:\/\/www.reno-equipment.com\/product\/intelligent-biochemical-incubator-2\/#breadcrumb\",\"itemListElement\":[{\"@type\":\"ListItem\",\"position\":1,\"name\":\"Home\",\"item\":\"https:\/\/www.reno-equipment.com\/\"},{\"@type\":\"ListItem\",\"position\":2,\"name\":\"Shop\",\"item\":\"https:\/\/www.reno-equipment.com\/shop\/\"},{\"@type\":\"ListItem\",\"position\":3,\"name\":\"Intelligent Biochemical Incubator\"}]},{\"@type\":\"WebSite\",\"@id\":\"https:\/\/www.reno-equipment.com\/#website\",\"url\":\"https:\/\/www.reno-equipment.com\/\",\"name\":\"Hebei Ruinuo Instrument Co., Ltd\",\"description\":\"A Professional Laboraory Equipment Manufacturer And Supplier in China - Reno\",\"publisher\":{\"@id\":\"https:\/\/www.reno-equipment.com\/#organization\"},\"potentialAction\":[{\"@type\":\"SearchAction\",\"target\":{\"@type\":\"EntryPoint\",\"urlTemplate\":\"https:\/\/www.reno-equipment.com\/?s={search_term_string}\"},\"query-input\":{\"@type\":\"PropertyValueSpecification\",\"valueRequired\":true,\"valueName\":\"search_term_string\"}}],\"inLanguage\":\"de\"},{\"@type\":\"Organization\",\"@id\":\"https:\/\/www.reno-equipment.com\/#organization\",\"name\":\"Hebei Ruinuo Instrument Co., Ltd\",\"url\":\"https:\/\/www.reno-equipment.com\/\",\"logo\":{\"@type\":\"ImageObject\",\"inLanguage\":\"de\",\"@id\":\"https:\/\/www.reno-equipment.com\/#\/schema\/logo\/image\/\",\"url\":\"https:\/\/www.reno-equipment.com\/wp-content\/uploads\/2025\/07\/1720412797138216.png\",\"contentUrl\":\"https:\/\/www.reno-equipment.com\/wp-content\/uploads\/2025\/07\/1720412797138216.png\",\"width\":218,\"height\":50,\"caption\":\"Hebei Ruinuo Instrument Co., Ltd\"},\"image\":{\"@id\":\"https:\/\/www.reno-equipment.com\/#\/schema\/logo\/image\/\"},\"sameAs\":[\"https:\/\/www.facebook.com\/profile.php?id=61562344533538\"]}]}<\/script>\n<meta property=\"product:price:amount\" content=\"0.00\" \/>\n<meta property=\"product:price:currency\" content=\"SGD\" \/>\n<meta property=\"og:availability\" content=\"instock\" \/>\n<meta property=\"product:availability\" content=\"instock\" \/>\n<meta property=\"product:condition\" content=\"new\" \/>\n<!-- \/ Yoast SEO Premium plugin. -->","yoast_head_json":{"title":"Intelligente biochemische Inkubatoren - Reno-Ausr\u00fcstung","robots":{"index":"index","follow":"follow","max-snippet":"max-snippet:-1","max-image-preview":"max-image-preview:large","max-video-preview":"max-video-preview:-1"},"canonical":"https:\/\/www.reno-equipment.com\/de\/produkt\/intelligent-biochemical-incubator-2\/","og_locale":"de_DE","og_type":"article","og_title":"Intelligent Biochemical Incubator","og_description":"This\u00a0product\u00a0Suitable for\u00a0testing and production departments of environmental protection, health and epidemic prevention, livestock, drug testing, aquaculture and other scientific research institutes, is the special constant temperature equipment for water body analysis, measuring bacteria and mold by BOD, culturing and preserving microorganisms,cultivating plants and breeding.","og_url":"https:\/\/www.reno-equipment.com\/de\/produkt\/intelligent-biochemical-incubator-2\/","og_site_name":"Reno Equipment","article_publisher":"https:\/\/www.facebook.com\/profile.php?id=61562344533538","article_modified_time":"2025-09-08T14:35:50+00:00","og_image":[{"width":285,"height":399,"url":"https:\/\/www.reno-equipment.com\/wp-content\/uploads\/2025\/08\/product_1_banner.jpg","type":"image\/jpeg"}],"twitter_card":"summary_large_image","twitter_misc":{"Preis":"","Verf\u00fcgbarkeit":"Auf Lager"},"schema":{"@context":"https:\/\/schema.org","@graph":[{"@type":"WebPage","@id":"https:\/\/www.reno-equipment.com\/product\/intelligent-biochemical-incubator-2\/","url":"https:\/\/www.reno-equipment.com\/product\/intelligent-biochemical-incubator-2\/","name":"Intelligente biochemische Inkubatoren - Reno-Ausr\u00fcstung","isPartOf":{"@id":"https:\/\/www.reno-equipment.com\/#website"},"primaryImageOfPage":{"@id":"https:\/\/www.reno-equipment.com\/product\/intelligent-biochemical-incubator-2\/#primaryimage"},"image":{"@id":"https:\/\/www.reno-equipment.com\/product\/intelligent-biochemical-incubator-2\/#primaryimage"},"thumbnailUrl":"https:\/\/www.reno-equipment.com\/wp-content\/uploads\/2025\/08\/product_1_banner.jpg","datePublished":"2025-08-21T07:11:00+00:00","dateModified":"2025-09-08T14:35:50+00:00","breadcrumb":{"@id":"https:\/\/www.reno-equipment.com\/product\/intelligent-biochemical-incubator-2\/#breadcrumb"},"inLanguage":"de","potentialAction":[{"@type":"ReadAction","target":["https:\/\/www.reno-equipment.com\/product\/intelligent-biochemical-incubator-2\/"]}]},{"@type":"ImageObject","inLanguage":"de","@id":"https:\/\/www.reno-equipment.com\/product\/intelligent-biochemical-incubator-2\/#primaryimage","url":"https:\/\/www.reno-equipment.com\/wp-content\/uploads\/2025\/08\/product_1_banner.jpg","contentUrl":"https:\/\/www.reno-equipment.com\/wp-content\/uploads\/2025\/08\/product_1_banner.jpg","width":285,"height":399,"caption":"Intelligent Biochemical Incubator"},{"@type":"BreadcrumbList","@id":"https:\/\/www.reno-equipment.com\/product\/intelligent-biochemical-incubator-2\/#breadcrumb","itemListElement":[{"@type":"ListItem","position":1,"name":"Home","item":"https:\/\/www.reno-equipment.com\/"},{"@type":"ListItem","position":2,"name":"Shop","item":"https:\/\/www.reno-equipment.com\/shop\/"},{"@type":"ListItem","position":3,"name":"Intelligent Biochemical Incubator"}]},{"@type":"WebSite","@id":"https:\/\/www.reno-equipment.com\/#website","url":"https:\/\/www.reno-equipment.com\/","name":"Hebei Ruinuo Instrument GmbH","description":"Ein professioneller Hersteller und Lieferant von Laborger\u00e4ten in China - Reno","publisher":{"@id":"https:\/\/www.reno-equipment.com\/#organization"},"potentialAction":[{"@type":"SearchAction","target":{"@type":"EntryPoint","urlTemplate":"https:\/\/www.reno-equipment.com\/?s={search_term_string}"},"query-input":{"@type":"PropertyValueSpecification","valueRequired":true,"valueName":"search_term_string"}}],"inLanguage":"de"},{"@type":"Organization","@id":"https:\/\/www.reno-equipment.com\/#organization","name":"Hebei Ruinuo Instrument GmbH","url":"https:\/\/www.reno-equipment.com\/","logo":{"@type":"ImageObject","inLanguage":"de","@id":"https:\/\/www.reno-equipment.com\/#\/schema\/logo\/image\/","url":"https:\/\/www.reno-equipment.com\/wp-content\/uploads\/2025\/07\/1720412797138216.png","contentUrl":"https:\/\/www.reno-equipment.com\/wp-content\/uploads\/2025\/07\/1720412797138216.png","width":218,"height":50,"caption":"Hebei Ruinuo Instrument Co., Ltd"},"image":{"@id":"https:\/\/www.reno-equipment.com\/#\/schema\/logo\/image\/"},"sameAs":["https:\/\/www.facebook.com\/profile.php?id=61562344533538"]}]},"product_price_amount":"0.00","product_price_currency":"SGD","og_availability":"instock","product_availability":"instock","product_condition":"new"},"_links":{"self":[{"href":"https:\/\/www.reno-equipment.com\/de\/wp-json\/wp\/v2\/product\/20520","targetHints":{"allow":["GET"]}}],"collection":[{"href":"https:\/\/www.reno-equipment.com\/de\/wp-json\/wp\/v2\/product"}],"about":[{"href":"https:\/\/www.reno-equipment.com\/de\/wp-json\/wp\/v2\/types\/product"}],"replies":[{"embeddable":true,"href":"https:\/\/www.reno-equipment.com\/de\/wp-json\/wp\/v2\/comments?post=20520"}],"version-history":[{"count":0,"href":"https:\/\/www.reno-equipment.com\/de\/wp-json\/wp\/v2\/product\/20520\/revisions"}],"wp:featuredmedia":[{"embeddable":true,"href":"https:\/\/www.reno-equipment.com\/de\/wp-json\/wp\/v2\/media\/22016"}],"wp:attachment":[{"href":"https:\/\/www.reno-equipment.com\/de\/wp-json\/wp\/v2\/media?parent=20520"}],"wp:term":[{"taxonomy":"product_brand","embeddable":true,"href":"https:\/\/www.reno-equipment.com\/de\/wp-json\/wp\/v2\/product_brand?post=20520"},{"taxonomy":"product_cat","embeddable":true,"href":"https:\/\/www.reno-equipment.com\/de\/wp-json\/wp\/v2\/product_cat?post=20520"},{"taxonomy":"product_tag","embeddable":true,"href":"https:\/\/www.reno-equipment.com\/de\/wp-json\/wp\/v2\/product_tag?post=20520"}],"curies":[{"name":"wp","href":"https:\/\/api.w.org\/{rel}","templated":true}]}}