{"id":20469,"date":"2025-08-21T07:08:00","date_gmt":"2025-08-21T07:08:00","guid":{"rendered":"https:\/\/www.reno-equipment.com\/?post_type=product&#038;p=20469"},"modified":"2025-11-02T09:21:27","modified_gmt":"2025-11-02T09:21:27","slug":"high-temperature-test-oven","status":"publish","type":"product","link":"https:\/\/www.reno-equipment.com\/de\/produkt\/high-temperature-test-oven\/","title":{"rendered":"Hochtemperatur-Testofen"},"content":{"rendered":"<p><strong>Produkt\u00fcbersicht:<\/strong><\/p>\n<p>Der Hochtemperaturtestofen ist ein essentielles Pr\u00fcfger\u00e4t in der Luftfahrt, im Automobilbereich, bei Haushaltsger\u00e4ten, in der wissenschaftlichen Forschung und zunehmend in der Maskenindustrie. Er wird verwendet, um die Parameter und die Leistung von elektrischen, elektronischen und anderen Produkten sowie Materialien nach Temperatur\u00e4nderungen w\u00e4hrend von Hochtemperatur- oder Konstanttests zu testen und zu bestimmen.<\/p>\n<p>&nbsp;<\/p>\n<p><strong><b>Produktmerkmale:<\/b><\/strong><\/p>\n<ul>\n<li>Das Studio besteht aus hochtemperaturbest\u00e4ndigem Edelstahl, der durch Bearbeitung und Formgebung hergestellt wird, ohne Verformung; quadratischer Kreis mit \u00dcberbogen-Doppelinliner, sch\u00f6n und leicht zu reinigen.<\/li>\n<li>Es verwendet ein intelligentes LCD-PID-Temperaturregelger\u00e4t mit Funktionen wie Zeitsteuerung, Alarm, \u00dcbertemperaturschutz usw.<\/li>\n<li>Edelstahl-Heizrohr mit Luftmantelheizmodus, Hochtemperatur-L\u00fcfterzirkulation, gleichm\u00e4\u00dfigere Temperatur.<\/li>\n<li>Der Dichtungsstreifen und die Materialien k\u00f6nnen Temperaturen von 1000\u2103 standhalten.<\/li>\n<li>Konstanttemperaturmodus: durch Ventilator forcierte Zirkulation.<\/li>\n<\/ul>\n<p>&nbsp;<\/p>\n\n    <div class=\"xs_social_share_widget xs_share_url after_content \t\tmain_content  wslu-style-1 wslu-share-box-shaped wslu-fill-colored wslu-none wslu-share-horizontal wslu-theme-font-no wslu-main_content\">\n\n\t\t\n        <ul>\n\t\t\t        <\/ul>\n    <\/div>","protected":false},"excerpt":{"rendered":"<p>Der Hochtemperaturtestofen ist ein essentielles Pr\u00fcfger\u00e4t in der Luftfahrt, im Automobilbereich, bei Haushaltsger\u00e4ten, in der wissenschaftlichen Forschung und zunehmend in der Maskenindustrie. Er wird verwendet, um die Parameter und die Leistung von elektrischen, elektronischen und anderen Produkten sowie Materialien nach Temperatur\u00e4nderungen w\u00e4hrend von Hochtemperatur- oder Konstanttests zu testen und zu bestimmen.<\/p>","protected":false},"featured_media":22018,"comment_status":"open","ping_status":"closed","template":"","meta":{"_acf_changed":false,"inline_featured_image":false,"postBodyCss":"","postBodyMargin":[],"postBodyPadding":[],"postBodyBackground":{"backgroundType":"classic","gradient":""}},"product_brand":[],"product_cat":[66,46,62],"product_tag":[],"class_list":{"0":"post-20469","1":"product","2":"type-product","3":"status-publish","4":"has-post-thumbnail","6":"product_cat-products","7":"product_cat-drying-ovens","8":"product_cat-high-temperature-drying-ovens","10":"first","11":"instock","12":"shipping-taxable","13":"product-type-simple"},"acf":[],"yoast_head":"<!-- This site is optimized with the Yoast SEO Premium plugin v25.7.1 (Yoast SEO v25.7) - https:\/\/yoast.com\/wordpress\/plugins\/seo\/ -->\n<title>Hight Temperature Test Oven - Reno Equipment<\/title>\n<meta name=\"robots\" content=\"index, follow, max-snippet:-1, max-image-preview:large, max-video-preview:-1\" \/>\n<link rel=\"canonical\" href=\"https:\/\/www.reno-equipment.com\/de\/produkt\/high-temperature-test-oven\/\" \/>\n<meta property=\"og:locale\" content=\"de_DE\" \/>\n<meta property=\"og:type\" content=\"article\" \/>\n<meta property=\"og:title\" content=\"Hight Temperature Test Oven\" \/>\n<meta property=\"og:description\" content=\"The high temperature test oven is an essential test equipment in aviation,automotive,household appliances,scientific research ,and increasingly in mask industry.It is used to test and determine the parameters and performance of electrical ,electronic,and other products and material after temperature environmental changes during high-temperature or constant tests.\" \/>\n<meta property=\"og:url\" content=\"https:\/\/www.reno-equipment.com\/de\/produkt\/high-temperature-test-oven\/\" \/>\n<meta property=\"og:site_name\" content=\"Reno Equipment\" \/>\n<meta property=\"article:publisher\" content=\"https:\/\/www.facebook.com\/profile.php?id=61562344533538\" \/>\n<meta property=\"article:modified_time\" content=\"2025-11-02T09:21:27+00:00\" \/>\n<meta property=\"og:image\" content=\"https:\/\/www.reno-equipment.com\/wp-content\/uploads\/2025\/08\/product_1-6.jpg\" \/>\n\t<meta property=\"og:image:width\" content=\"362\" \/>\n\t<meta property=\"og:image:height\" content=\"360\" \/>\n\t<meta property=\"og:image:type\" content=\"image\/jpeg\" \/>\n<meta name=\"twitter:card\" content=\"summary_large_image\" \/>\n<meta name=\"twitter:label1\" content=\"Preis\" \/>\n\t<meta name=\"twitter:data1\" content=\"\" \/>\n\t<meta name=\"twitter:label2\" content=\"Verf\u00fcgbarkeit\" \/>\n\t<meta name=\"twitter:data2\" content=\"Auf Lager\" \/>\n<script type=\"application\/ld+json\" class=\"yoast-schema-graph\">{\"@context\":\"https:\/\/schema.org\",\"@graph\":[{\"@type\":\"WebPage\",\"@id\":\"https:\/\/www.reno-equipment.com\/product\/high-temperature-test-oven\/\",\"url\":\"https:\/\/www.reno-equipment.com\/product\/high-temperature-test-oven\/\",\"name\":\"Hight Temperature Test Oven - Reno Equipment\",\"isPartOf\":{\"@id\":\"https:\/\/www.reno-equipment.com\/#website\"},\"primaryImageOfPage\":{\"@id\":\"https:\/\/www.reno-equipment.com\/product\/high-temperature-test-oven\/#primaryimage\"},\"image\":{\"@id\":\"https:\/\/www.reno-equipment.com\/product\/high-temperature-test-oven\/#primaryimage\"},\"thumbnailUrl\":\"https:\/\/www.reno-equipment.com\/wp-content\/uploads\/2025\/08\/product_1-6.jpg\",\"datePublished\":\"2025-08-21T07:08:00+00:00\",\"dateModified\":\"2025-11-02T09:21:27+00:00\",\"breadcrumb\":{\"@id\":\"https:\/\/www.reno-equipment.com\/product\/high-temperature-test-oven\/#breadcrumb\"},\"inLanguage\":\"de\",\"potentialAction\":[{\"@type\":\"ReadAction\",\"target\":[\"https:\/\/www.reno-equipment.com\/product\/high-temperature-test-oven\/\"]}]},{\"@type\":\"ImageObject\",\"inLanguage\":\"de\",\"@id\":\"https:\/\/www.reno-equipment.com\/product\/high-temperature-test-oven\/#primaryimage\",\"url\":\"https:\/\/www.reno-equipment.com\/wp-content\/uploads\/2025\/08\/product_1-6.jpg\",\"contentUrl\":\"https:\/\/www.reno-equipment.com\/wp-content\/uploads\/2025\/08\/product_1-6.jpg\",\"width\":362,\"height\":360,\"caption\":\"High Temperature Test Oven\"},{\"@type\":\"BreadcrumbList\",\"@id\":\"https:\/\/www.reno-equipment.com\/product\/high-temperature-test-oven\/#breadcrumb\",\"itemListElement\":[{\"@type\":\"ListItem\",\"position\":1,\"name\":\"Home\",\"item\":\"https:\/\/www.reno-equipment.com\/\"},{\"@type\":\"ListItem\",\"position\":2,\"name\":\"Shop\",\"item\":\"https:\/\/www.reno-equipment.com\/shop\/\"},{\"@type\":\"ListItem\",\"position\":3,\"name\":\"Hight Temperature Test Oven\"}]},{\"@type\":\"WebSite\",\"@id\":\"https:\/\/www.reno-equipment.com\/#website\",\"url\":\"https:\/\/www.reno-equipment.com\/\",\"name\":\"Hebei Ruinuo Instrument Co., Ltd\",\"description\":\"A Professional Laboraory Equipment Manufacturer And Supplier in China - Reno\",\"publisher\":{\"@id\":\"https:\/\/www.reno-equipment.com\/#organization\"},\"potentialAction\":[{\"@type\":\"SearchAction\",\"target\":{\"@type\":\"EntryPoint\",\"urlTemplate\":\"https:\/\/www.reno-equipment.com\/?s={search_term_string}\"},\"query-input\":{\"@type\":\"PropertyValueSpecification\",\"valueRequired\":true,\"valueName\":\"search_term_string\"}}],\"inLanguage\":\"de\"},{\"@type\":\"Organization\",\"@id\":\"https:\/\/www.reno-equipment.com\/#organization\",\"name\":\"Hebei Ruinuo Instrument Co., Ltd\",\"url\":\"https:\/\/www.reno-equipment.com\/\",\"logo\":{\"@type\":\"ImageObject\",\"inLanguage\":\"de\",\"@id\":\"https:\/\/www.reno-equipment.com\/#\/schema\/logo\/image\/\",\"url\":\"https:\/\/www.reno-equipment.com\/wp-content\/uploads\/2025\/07\/1720412797138216.png\",\"contentUrl\":\"https:\/\/www.reno-equipment.com\/wp-content\/uploads\/2025\/07\/1720412797138216.png\",\"width\":218,\"height\":50,\"caption\":\"Hebei Ruinuo Instrument Co., Ltd\"},\"image\":{\"@id\":\"https:\/\/www.reno-equipment.com\/#\/schema\/logo\/image\/\"},\"sameAs\":[\"https:\/\/www.facebook.com\/profile.php?id=61562344533538\"]}]}<\/script>\n<meta property=\"product:price:amount\" content=\"0.00\" \/>\n<meta property=\"product:price:currency\" content=\"SGD\" \/>\n<meta property=\"og:availability\" content=\"instock\" \/>\n<meta property=\"product:availability\" content=\"instock\" \/>\n<meta property=\"product:condition\" content=\"new\" \/>\n<!-- \/ Yoast SEO Premium plugin. -->","yoast_head_json":{"title":"Hochtemperatur-Testofen - Reno-Ausr\u00fcstung","robots":{"index":"index","follow":"follow","max-snippet":"max-snippet:-1","max-image-preview":"max-image-preview:large","max-video-preview":"max-video-preview:-1"},"canonical":"https:\/\/www.reno-equipment.com\/de\/produkt\/high-temperature-test-oven\/","og_locale":"de_DE","og_type":"article","og_title":"Hight Temperature Test Oven","og_description":"The high temperature test oven is an essential test equipment in aviation,automotive,household appliances,scientific research ,and increasingly in mask industry.It is used to test and determine the parameters and performance of electrical ,electronic,and other products and material after temperature environmental changes during high-temperature or constant tests.","og_url":"https:\/\/www.reno-equipment.com\/de\/produkt\/high-temperature-test-oven\/","og_site_name":"Reno Equipment","article_publisher":"https:\/\/www.facebook.com\/profile.php?id=61562344533538","article_modified_time":"2025-11-02T09:21:27+00:00","og_image":[{"width":362,"height":360,"url":"https:\/\/www.reno-equipment.com\/wp-content\/uploads\/2025\/08\/product_1-6.jpg","type":"image\/jpeg"}],"twitter_card":"summary_large_image","twitter_misc":{"Preis":"","Verf\u00fcgbarkeit":"Auf Lager"},"schema":{"@context":"https:\/\/schema.org","@graph":[{"@type":"WebPage","@id":"https:\/\/www.reno-equipment.com\/product\/high-temperature-test-oven\/","url":"https:\/\/www.reno-equipment.com\/product\/high-temperature-test-oven\/","name":"Hochtemperatur-Testofen - Reno-Ausr\u00fcstung","isPartOf":{"@id":"https:\/\/www.reno-equipment.com\/#website"},"primaryImageOfPage":{"@id":"https:\/\/www.reno-equipment.com\/product\/high-temperature-test-oven\/#primaryimage"},"image":{"@id":"https:\/\/www.reno-equipment.com\/product\/high-temperature-test-oven\/#primaryimage"},"thumbnailUrl":"https:\/\/www.reno-equipment.com\/wp-content\/uploads\/2025\/08\/product_1-6.jpg","datePublished":"2025-08-21T07:08:00+00:00","dateModified":"2025-11-02T09:21:27+00:00","breadcrumb":{"@id":"https:\/\/www.reno-equipment.com\/product\/high-temperature-test-oven\/#breadcrumb"},"inLanguage":"de","potentialAction":[{"@type":"ReadAction","target":["https:\/\/www.reno-equipment.com\/product\/high-temperature-test-oven\/"]}]},{"@type":"ImageObject","inLanguage":"de","@id":"https:\/\/www.reno-equipment.com\/product\/high-temperature-test-oven\/#primaryimage","url":"https:\/\/www.reno-equipment.com\/wp-content\/uploads\/2025\/08\/product_1-6.jpg","contentUrl":"https:\/\/www.reno-equipment.com\/wp-content\/uploads\/2025\/08\/product_1-6.jpg","width":362,"height":360,"caption":"High Temperature Test Oven"},{"@type":"BreadcrumbList","@id":"https:\/\/www.reno-equipment.com\/product\/high-temperature-test-oven\/#breadcrumb","itemListElement":[{"@type":"ListItem","position":1,"name":"Home","item":"https:\/\/www.reno-equipment.com\/"},{"@type":"ListItem","position":2,"name":"Shop","item":"https:\/\/www.reno-equipment.com\/shop\/"},{"@type":"ListItem","position":3,"name":"Hight Temperature Test Oven"}]},{"@type":"WebSite","@id":"https:\/\/www.reno-equipment.com\/#website","url":"https:\/\/www.reno-equipment.com\/","name":"Hebei Ruinuo Instrument GmbH","description":"Ein professioneller Hersteller und Lieferant von Laborger\u00e4ten in China - Reno","publisher":{"@id":"https:\/\/www.reno-equipment.com\/#organization"},"potentialAction":[{"@type":"SearchAction","target":{"@type":"EntryPoint","urlTemplate":"https:\/\/www.reno-equipment.com\/?s={search_term_string}"},"query-input":{"@type":"PropertyValueSpecification","valueRequired":true,"valueName":"search_term_string"}}],"inLanguage":"de"},{"@type":"Organization","@id":"https:\/\/www.reno-equipment.com\/#organization","name":"Hebei Ruinuo Instrument GmbH","url":"https:\/\/www.reno-equipment.com\/","logo":{"@type":"ImageObject","inLanguage":"de","@id":"https:\/\/www.reno-equipment.com\/#\/schema\/logo\/image\/","url":"https:\/\/www.reno-equipment.com\/wp-content\/uploads\/2025\/07\/1720412797138216.png","contentUrl":"https:\/\/www.reno-equipment.com\/wp-content\/uploads\/2025\/07\/1720412797138216.png","width":218,"height":50,"caption":"Hebei Ruinuo Instrument Co., Ltd"},"image":{"@id":"https:\/\/www.reno-equipment.com\/#\/schema\/logo\/image\/"},"sameAs":["https:\/\/www.facebook.com\/profile.php?id=61562344533538"]}]},"product_price_amount":"0.00","product_price_currency":"SGD","og_availability":"instock","product_availability":"instock","product_condition":"new"},"_links":{"self":[{"href":"https:\/\/www.reno-equipment.com\/de\/wp-json\/wp\/v2\/product\/20469","targetHints":{"allow":["GET"]}}],"collection":[{"href":"https:\/\/www.reno-equipment.com\/de\/wp-json\/wp\/v2\/product"}],"about":[{"href":"https:\/\/www.reno-equipment.com\/de\/wp-json\/wp\/v2\/types\/product"}],"replies":[{"embeddable":true,"href":"https:\/\/www.reno-equipment.com\/de\/wp-json\/wp\/v2\/comments?post=20469"}],"version-history":[{"count":0,"href":"https:\/\/www.reno-equipment.com\/de\/wp-json\/wp\/v2\/product\/20469\/revisions"}],"wp:featuredmedia":[{"embeddable":true,"href":"https:\/\/www.reno-equipment.com\/de\/wp-json\/wp\/v2\/media\/22018"}],"wp:attachment":[{"href":"https:\/\/www.reno-equipment.com\/de\/wp-json\/wp\/v2\/media?parent=20469"}],"wp:term":[{"taxonomy":"product_brand","embeddable":true,"href":"https:\/\/www.reno-equipment.com\/de\/wp-json\/wp\/v2\/product_brand?post=20469"},{"taxonomy":"product_cat","embeddable":true,"href":"https:\/\/www.reno-equipment.com\/de\/wp-json\/wp\/v2\/product_cat?post=20469"},{"taxonomy":"product_tag","embeddable":true,"href":"https:\/\/www.reno-equipment.com\/de\/wp-json\/wp\/v2\/product_tag?post=20469"}],"curies":[{"name":"wp","href":"https:\/\/api.w.org\/{rel}","templated":true}]}}