{"id":20441,"date":"2025-08-21T07:06:00","date_gmt":"2025-08-21T07:06:00","guid":{"rendered":"https:\/\/www.reno-equipment.com\/?post_type=product&#038;p=20441"},"modified":"2025-09-08T22:05:46","modified_gmt":"2025-09-08T22:05:46","slug":"far-infrared-graphite-electric-hot-plate","status":"publish","type":"product","link":"https:\/\/www.reno-equipment.com\/de\/produkt\/far-infrared-graphite-electric-hot-plate\/","title":{"rendered":"Fern-Infrarot-Graphit-Hei\u00dfplatte"},"content":{"rendered":"<p><strong><b>Produkt\u00fcbersicht:<\/b><\/strong><\/p>\n<p>Geeignet zum Backen, Trocknen und f\u00fcr andere Temperaturexperimente von G\u00fctern in Laboren von Industrie- und Bergbauunternehmen, medizinischen und gesundheitlichen Einrichtungen, Umweltschutz, biochemischen und wissenschaftlichen Forschungseinheiten f\u00fcr chemische Analysen, physikalische Bestimmungen, W\u00e4rmebehandlungen usw.<\/p>\n<p><strong><b>Produkt <\/b><\/strong><strong><b>Merkmale<\/b><\/strong><strong><b>:<\/b><\/strong><\/p>\n<ol>\n<li>Dieses Produkt wird aus hochwertigem, kaltgewalztem Stahlblech durch ein Stanzverfahren hergestellt. Die Oberfl\u00e4che wird durch Spr\u00fchbehandlung behandelt. Die Plattenoberfl\u00e4che besteht aus statischem Druck und hochreinem Graphitblech, was den Korrosionsschutz erheblich verbessert.<\/li>\n<li>Kann direktes R\u00f6sten \u00fcber offenem Feuer verhindern, mit den Vorteilen von keiner offenen Flamme, keinem Staub, schnellem Heizen, gleichm\u00e4\u00dfiger Temperatur, sicher und zuverl\u00e4ssig.<\/li>\n<li>Mit Funktionen der Dualzeitsteuerung, Zeit\u00fcberschreitung, Abschaltung der Stromversorgung, ausgestattet mit Leckschutz.<\/li>\n<li>Instrument automatische Temperaturkontrolle, Temperaturabweichungskorrektur-Timing, Leistungsanpassung, \u00dcbertemperatur-Abschaltalarm und Kommunikationsfunktion.<\/li>\n<li>Das Instrument ist mit einer Computerkommunikationssteuerfunktion ausgestattet, die an den Computer angeschlossen und von diesem gesteuert werden kann.<\/li>\n<\/ol>\n<p>&nbsp;<\/p>\n<p>&nbsp;<\/p>\n\n    <div class=\"xs_social_share_widget xs_share_url after_content \t\tmain_content  wslu-style-1 wslu-share-box-shaped wslu-fill-colored wslu-none wslu-share-horizontal wslu-theme-font-no wslu-main_content\">\n\n\t\t\n        <ul>\n\t\t\t        <\/ul>\n    <\/div>","protected":false},"excerpt":{"rendered":"<p>Geeignet zum Backen, Trocknen und f\u00fcr andere Temperaturexperimente von G\u00fctern in Laboren von Industrie- und Bergbauunternehmen, medizinischen und gesundheitlichen Einrichtungen, Umweltschutz, biochemischen und wissenschaftlichen Forschungseinheiten f\u00fcr chemische Analysen, physikalische Bestimmungen, W\u00e4rmebehandlungen usw.<\/p>","protected":false},"featured_media":22020,"comment_status":"open","ping_status":"closed","template":"","meta":{"_acf_changed":false,"inline_featured_image":false,"postBodyCss":"","postBodyMargin":[],"postBodyPadding":[],"postBodyBackground":{"backgroundType":"classic","gradient":""}},"product_brand":[],"product_cat":[173,168,66],"product_tag":[],"class_list":{"0":"post-20441","1":"product","2":"type-product","3":"status-publish","4":"has-post-thumbnail","6":"product_cat-graphite-hot-plates","7":"product_cat-hot-plates","8":"product_cat-products","10":"first","11":"instock","12":"shipping-taxable","13":"product-type-simple"},"acf":[],"yoast_head":"<!-- This site is optimized with the Yoast SEO Premium plugin v25.7.1 (Yoast SEO v25.7) - https:\/\/yoast.com\/wordpress\/plugins\/seo\/ -->\n<title>Far Infrared Graphite Hot Plate - Reno Equipment<\/title>\n<meta name=\"robots\" content=\"index, follow, max-snippet:-1, max-image-preview:large, max-video-preview:-1\" \/>\n<link rel=\"canonical\" href=\"https:\/\/www.reno-equipment.com\/de\/produkt\/far-infrared-graphite-electric-hot-plate\/\" \/>\n<meta property=\"og:locale\" content=\"de_DE\" \/>\n<meta property=\"og:type\" content=\"article\" \/>\n<meta property=\"og:title\" content=\"Far Infrared Graphite Hot Plate\" \/>\n<meta property=\"og:description\" content=\"Suitable for baking ,drying,and other temperature experiment of goods in laboratories of industrial and mining enterprises,medical and health,environmental protection,biochemical,scientific research units for chemical analysis,physical determine,heat treatment etc.\" \/>\n<meta property=\"og:url\" content=\"https:\/\/www.reno-equipment.com\/de\/produkt\/far-infrared-graphite-electric-hot-plate\/\" \/>\n<meta property=\"og:site_name\" content=\"Reno Equipment\" \/>\n<meta property=\"article:publisher\" content=\"https:\/\/www.facebook.com\/profile.php?id=61562344533538\" \/>\n<meta property=\"article:modified_time\" content=\"2025-09-08T22:05:46+00:00\" \/>\n<meta property=\"og:image\" content=\"https:\/\/www.reno-equipment.com\/wp-content\/uploads\/2025\/08\/product_1-8.jpg\" \/>\n\t<meta property=\"og:image:width\" content=\"611\" \/>\n\t<meta property=\"og:image:height\" content=\"404\" \/>\n\t<meta property=\"og:image:type\" content=\"image\/jpeg\" \/>\n<meta name=\"twitter:card\" content=\"summary_large_image\" \/>\n<meta name=\"twitter:label1\" content=\"Preis\" \/>\n\t<meta name=\"twitter:data1\" content=\"\" \/>\n\t<meta name=\"twitter:label2\" content=\"Verf\u00fcgbarkeit\" \/>\n\t<meta name=\"twitter:data2\" content=\"Auf Lager\" \/>\n<script type=\"application\/ld+json\" class=\"yoast-schema-graph\">{\"@context\":\"https:\/\/schema.org\",\"@graph\":[{\"@type\":\"WebPage\",\"@id\":\"https:\/\/www.reno-equipment.com\/product\/far-infrared-graphite-electric-hot-plate\/\",\"url\":\"https:\/\/www.reno-equipment.com\/product\/far-infrared-graphite-electric-hot-plate\/\",\"name\":\"Far Infrared Graphite Hot Plate - Reno Equipment\",\"isPartOf\":{\"@id\":\"https:\/\/www.reno-equipment.com\/#website\"},\"primaryImageOfPage\":{\"@id\":\"https:\/\/www.reno-equipment.com\/product\/far-infrared-graphite-electric-hot-plate\/#primaryimage\"},\"image\":{\"@id\":\"https:\/\/www.reno-equipment.com\/product\/far-infrared-graphite-electric-hot-plate\/#primaryimage\"},\"thumbnailUrl\":\"https:\/\/www.reno-equipment.com\/wp-content\/uploads\/2025\/08\/product_1-8.jpg\",\"datePublished\":\"2025-08-21T07:06:00+00:00\",\"dateModified\":\"2025-09-08T22:05:46+00:00\",\"breadcrumb\":{\"@id\":\"https:\/\/www.reno-equipment.com\/product\/far-infrared-graphite-electric-hot-plate\/#breadcrumb\"},\"inLanguage\":\"de\",\"potentialAction\":[{\"@type\":\"ReadAction\",\"target\":[\"https:\/\/www.reno-equipment.com\/product\/far-infrared-graphite-electric-hot-plate\/\"]}]},{\"@type\":\"ImageObject\",\"inLanguage\":\"de\",\"@id\":\"https:\/\/www.reno-equipment.com\/product\/far-infrared-graphite-electric-hot-plate\/#primaryimage\",\"url\":\"https:\/\/www.reno-equipment.com\/wp-content\/uploads\/2025\/08\/product_1-8.jpg\",\"contentUrl\":\"https:\/\/www.reno-equipment.com\/wp-content\/uploads\/2025\/08\/product_1-8.jpg\",\"width\":611,\"height\":404,\"caption\":\"FAR INFRARED GRAPHITE HOT PLATE\"},{\"@type\":\"BreadcrumbList\",\"@id\":\"https:\/\/www.reno-equipment.com\/product\/far-infrared-graphite-electric-hot-plate\/#breadcrumb\",\"itemListElement\":[{\"@type\":\"ListItem\",\"position\":1,\"name\":\"Home\",\"item\":\"https:\/\/www.reno-equipment.com\/\"},{\"@type\":\"ListItem\",\"position\":2,\"name\":\"Shop\",\"item\":\"https:\/\/www.reno-equipment.com\/shop\/\"},{\"@type\":\"ListItem\",\"position\":3,\"name\":\"Far Infrared Graphite Hot Plate\"}]},{\"@type\":\"WebSite\",\"@id\":\"https:\/\/www.reno-equipment.com\/#website\",\"url\":\"https:\/\/www.reno-equipment.com\/\",\"name\":\"Hebei Ruinuo Instrument Co., Ltd\",\"description\":\"A Professional Laboraory Equipment Manufacturer And Supplier in China - Reno\",\"publisher\":{\"@id\":\"https:\/\/www.reno-equipment.com\/#organization\"},\"potentialAction\":[{\"@type\":\"SearchAction\",\"target\":{\"@type\":\"EntryPoint\",\"urlTemplate\":\"https:\/\/www.reno-equipment.com\/?s={search_term_string}\"},\"query-input\":{\"@type\":\"PropertyValueSpecification\",\"valueRequired\":true,\"valueName\":\"search_term_string\"}}],\"inLanguage\":\"de\"},{\"@type\":\"Organization\",\"@id\":\"https:\/\/www.reno-equipment.com\/#organization\",\"name\":\"Hebei Ruinuo Instrument Co., Ltd\",\"url\":\"https:\/\/www.reno-equipment.com\/\",\"logo\":{\"@type\":\"ImageObject\",\"inLanguage\":\"de\",\"@id\":\"https:\/\/www.reno-equipment.com\/#\/schema\/logo\/image\/\",\"url\":\"https:\/\/www.reno-equipment.com\/wp-content\/uploads\/2025\/07\/1720412797138216.png\",\"contentUrl\":\"https:\/\/www.reno-equipment.com\/wp-content\/uploads\/2025\/07\/1720412797138216.png\",\"width\":218,\"height\":50,\"caption\":\"Hebei Ruinuo Instrument Co., Ltd\"},\"image\":{\"@id\":\"https:\/\/www.reno-equipment.com\/#\/schema\/logo\/image\/\"},\"sameAs\":[\"https:\/\/www.facebook.com\/profile.php?id=61562344533538\"]}]}<\/script>\n<meta property=\"product:price:amount\" content=\"0.00\" \/>\n<meta property=\"product:price:currency\" content=\"SGD\" \/>\n<meta property=\"og:availability\" content=\"instock\" \/>\n<meta property=\"product:availability\" content=\"instock\" \/>\n<meta property=\"product:condition\" content=\"new\" \/>\n<!-- \/ Yoast SEO Premium plugin. -->","yoast_head_json":{"title":"Infrarot Graphit-Hotplate - Reno Equipment","robots":{"index":"index","follow":"follow","max-snippet":"max-snippet:-1","max-image-preview":"max-image-preview:large","max-video-preview":"max-video-preview:-1"},"canonical":"https:\/\/www.reno-equipment.com\/de\/produkt\/far-infrared-graphite-electric-hot-plate\/","og_locale":"de_DE","og_type":"article","og_title":"Far Infrared Graphite Hot Plate","og_description":"Suitable for baking ,drying,and other temperature experiment of goods in laboratories of industrial and mining enterprises,medical and health,environmental protection,biochemical,scientific research units for chemical analysis,physical determine,heat treatment etc.","og_url":"https:\/\/www.reno-equipment.com\/de\/produkt\/far-infrared-graphite-electric-hot-plate\/","og_site_name":"Reno Equipment","article_publisher":"https:\/\/www.facebook.com\/profile.php?id=61562344533538","article_modified_time":"2025-09-08T22:05:46+00:00","og_image":[{"width":611,"height":404,"url":"https:\/\/www.reno-equipment.com\/wp-content\/uploads\/2025\/08\/product_1-8.jpg","type":"image\/jpeg"}],"twitter_card":"summary_large_image","twitter_misc":{"Preis":"","Verf\u00fcgbarkeit":"Auf Lager"},"schema":{"@context":"https:\/\/schema.org","@graph":[{"@type":"WebPage","@id":"https:\/\/www.reno-equipment.com\/product\/far-infrared-graphite-electric-hot-plate\/","url":"https:\/\/www.reno-equipment.com\/product\/far-infrared-graphite-electric-hot-plate\/","name":"Infrarot Graphit-Hotplate - Reno Equipment","isPartOf":{"@id":"https:\/\/www.reno-equipment.com\/#website"},"primaryImageOfPage":{"@id":"https:\/\/www.reno-equipment.com\/product\/far-infrared-graphite-electric-hot-plate\/#primaryimage"},"image":{"@id":"https:\/\/www.reno-equipment.com\/product\/far-infrared-graphite-electric-hot-plate\/#primaryimage"},"thumbnailUrl":"https:\/\/www.reno-equipment.com\/wp-content\/uploads\/2025\/08\/product_1-8.jpg","datePublished":"2025-08-21T07:06:00+00:00","dateModified":"2025-09-08T22:05:46+00:00","breadcrumb":{"@id":"https:\/\/www.reno-equipment.com\/product\/far-infrared-graphite-electric-hot-plate\/#breadcrumb"},"inLanguage":"de","potentialAction":[{"@type":"ReadAction","target":["https:\/\/www.reno-equipment.com\/product\/far-infrared-graphite-electric-hot-plate\/"]}]},{"@type":"ImageObject","inLanguage":"de","@id":"https:\/\/www.reno-equipment.com\/product\/far-infrared-graphite-electric-hot-plate\/#primaryimage","url":"https:\/\/www.reno-equipment.com\/wp-content\/uploads\/2025\/08\/product_1-8.jpg","contentUrl":"https:\/\/www.reno-equipment.com\/wp-content\/uploads\/2025\/08\/product_1-8.jpg","width":611,"height":404,"caption":"FAR INFRARED GRAPHITE HOT PLATE"},{"@type":"BreadcrumbList","@id":"https:\/\/www.reno-equipment.com\/product\/far-infrared-graphite-electric-hot-plate\/#breadcrumb","itemListElement":[{"@type":"ListItem","position":1,"name":"Home","item":"https:\/\/www.reno-equipment.com\/"},{"@type":"ListItem","position":2,"name":"Shop","item":"https:\/\/www.reno-equipment.com\/shop\/"},{"@type":"ListItem","position":3,"name":"Far Infrared Graphite Hot Plate"}]},{"@type":"WebSite","@id":"https:\/\/www.reno-equipment.com\/#website","url":"https:\/\/www.reno-equipment.com\/","name":"Hebei Ruinuo Instrument GmbH","description":"Ein professioneller Hersteller und Lieferant von Laborger\u00e4ten in China - Reno","publisher":{"@id":"https:\/\/www.reno-equipment.com\/#organization"},"potentialAction":[{"@type":"SearchAction","target":{"@type":"EntryPoint","urlTemplate":"https:\/\/www.reno-equipment.com\/?s={search_term_string}"},"query-input":{"@type":"PropertyValueSpecification","valueRequired":true,"valueName":"search_term_string"}}],"inLanguage":"de"},{"@type":"Organization","@id":"https:\/\/www.reno-equipment.com\/#organization","name":"Hebei Ruinuo Instrument GmbH","url":"https:\/\/www.reno-equipment.com\/","logo":{"@type":"ImageObject","inLanguage":"de","@id":"https:\/\/www.reno-equipment.com\/#\/schema\/logo\/image\/","url":"https:\/\/www.reno-equipment.com\/wp-content\/uploads\/2025\/07\/1720412797138216.png","contentUrl":"https:\/\/www.reno-equipment.com\/wp-content\/uploads\/2025\/07\/1720412797138216.png","width":218,"height":50,"caption":"Hebei Ruinuo Instrument Co., Ltd"},"image":{"@id":"https:\/\/www.reno-equipment.com\/#\/schema\/logo\/image\/"},"sameAs":["https:\/\/www.facebook.com\/profile.php?id=61562344533538"]}]},"product_price_amount":"0.00","product_price_currency":"SGD","og_availability":"instock","product_availability":"instock","product_condition":"new"},"_links":{"self":[{"href":"https:\/\/www.reno-equipment.com\/de\/wp-json\/wp\/v2\/product\/20441","targetHints":{"allow":["GET"]}}],"collection":[{"href":"https:\/\/www.reno-equipment.com\/de\/wp-json\/wp\/v2\/product"}],"about":[{"href":"https:\/\/www.reno-equipment.com\/de\/wp-json\/wp\/v2\/types\/product"}],"replies":[{"embeddable":true,"href":"https:\/\/www.reno-equipment.com\/de\/wp-json\/wp\/v2\/comments?post=20441"}],"version-history":[{"count":0,"href":"https:\/\/www.reno-equipment.com\/de\/wp-json\/wp\/v2\/product\/20441\/revisions"}],"wp:featuredmedia":[{"embeddable":true,"href":"https:\/\/www.reno-equipment.com\/de\/wp-json\/wp\/v2\/media\/22020"}],"wp:attachment":[{"href":"https:\/\/www.reno-equipment.com\/de\/wp-json\/wp\/v2\/media?parent=20441"}],"wp:term":[{"taxonomy":"product_brand","embeddable":true,"href":"https:\/\/www.reno-equipment.com\/de\/wp-json\/wp\/v2\/product_brand?post=20441"},{"taxonomy":"product_cat","embeddable":true,"href":"https:\/\/www.reno-equipment.com\/de\/wp-json\/wp\/v2\/product_cat?post=20441"},{"taxonomy":"product_tag","embeddable":true,"href":"https:\/\/www.reno-equipment.com\/de\/wp-json\/wp\/v2\/product_tag?post=20441"}],"curies":[{"name":"wp","href":"https:\/\/api.w.org\/{rel}","templated":true}]}}