{"id":20423,"date":"2025-08-21T07:05:00","date_gmt":"2025-08-21T07:05:00","guid":{"rendered":"https:\/\/www.reno-equipment.com\/?post_type=product&#038;p=20423"},"modified":"2025-09-08T22:18:30","modified_gmt":"2025-09-08T22:18:30","slug":"e-pro-biochemical-incubator-3","status":"publish","type":"product","link":"https:\/\/www.reno-equipment.com\/de\/produkt\/e-pro-biochemical-incubator-3\/","title":{"rendered":"E-Pro Biochemischer Inkubator"},"content":{"rendered":"<p><strong>P<\/strong><strong>Produkt <\/strong><strong>O<\/strong><strong>\u00dcberblick<\/strong><\/p>\n<p>Dieses Produkt ist geeignet f\u00fcr die Test- und Produktionsabteilungen des Umweltschutzes, der Gesundheit und der Epidemiepr\u00e4vention, der Tierhaltung, der Medikamentenpr\u00fcfung, der Aquakultur und anderer wissenschaftlicher Forschungsinstitute. Es handelt sich um spezielle Konstanttemperaturger\u00e4te zur Analyse von Gew\u00e4ssern, zur Messung von Bakterien und Schimmelpilzen durch BOD, zur Kultur und Konservierung von Mikroorganismen sowie zur Anpflanzung und Zucht.<\/p>\n<p><strong><b>P<\/b><\/strong><strong><b>Produkt <\/b><\/strong><strong><b>F<\/b><\/strong><strong><b>Merkmal<\/b><\/strong><strong><b>s<\/b><\/strong><\/p>\n<ol>\n<li>Einhaltung des weltweiten Trends zum Umweltschutz, neues fluoridfrees Design<\/li>\n<li>Touchscreen-LCD-Anzeigebetriebsoberfl\u00e4che f\u00fcr mehrere Datengruppen, leicht verst\u00e4ndlich, zu beobachten und zu bedienen.<\/li>\n<li>Die aus Edelstahl gefertigte quadratische Halbrund-\u00dcberbogen-Partition erlaubt eine freie Beladung und Entladung und ist leicht im Studio zu reinigen.<\/li>\n<li>Die Box ist auf der linken Seite mit einem 40 mm Durchmesser Testloch ausgestattet, die externe Strombuchse ist standardm\u00e4\u00dfig vorhanden, beliebige Verkabelungen k\u00f6nnen je nach Bedarf des Platzes angeordnet werden.<\/li>\n<\/ol>\n<p>Die Box kann beginnen, eine Oszillation im konstanten Temperatursystem zu erzeugen, sobald der Oszillator eingesetzt wird.<\/p>\n<ol>\n<li>Fuzzy-PID-Regler, Temperaturkontrolle mit kleiner Pr\u00e4zisionsschwankung und Timing-Funktion, die maximale Zeit kann auf 99 Stunden und 59 Minuten eingestellt werden.<\/li>\n<li>Das Studio ist mit einer UV-Sterilisationslampe f\u00fcr Sterilisationsarbeiten im Labor ausgestattet.<\/li>\n<li>Durch die Verwendung eines Markenkompressors und eines Zirkulationsl\u00fcfters sowie einem einzigartigen Zirkulationsluftkanaldesign wird eine gleichm\u00e4\u00dfige Temperatur im Studio gew\u00e4hrleistet, um das Verdampfen von Proben aufgrund \u00fcberm\u00e4\u00dfigen Luftvolumens w\u00e4hrend des Experiments zu vermeiden.<\/li>\n<li>Eingebaute ganzglaste T\u00fcr, um den internen Zustand des Instruments einfach zu beobachten.<\/li>\n<li>Eingebauter Leckschutz, mit automatischer Fehlertestfunktion.<\/li>\n<li>Zeit Einstellung, Laufzeit<\/li>\n<li>Temperatureinstellung, Segmentnummer 24 Segmentprogramm Betriebsmodus, Temperaturkurve kann in Echtzeit beobachtet werden.<\/li>\n<li>Kann den Verlauf speichern (Monat Tag, Jahr), kann die Verlaufsdaten nach Belieben einsehen.<\/li>\n<li>Printsave, kann zu diesem Zeitpunkt die Historie in Echtzeit anzeigen und auch die historischen Daten \u00fcber USB exportieren.<\/li>\n<li>Der EPR-30B-Option inverter kann als Fahrzeugtyp verwendet werden.<\/li>\n<\/ol>\n<p>&nbsp;<\/p>\n\n    <div class=\"xs_social_share_widget xs_share_url after_content \t\tmain_content  wslu-style-1 wslu-share-box-shaped wslu-fill-colored wslu-none wslu-share-horizontal wslu-theme-font-no wslu-main_content\">\n\n\t\t\n        <ul>\n\t\t\t        <\/ul>\n    <\/div>","protected":false},"excerpt":{"rendered":"<p>Dieses Produkt ist geeignet f\u00fcr die Test- und Produktionsabteilungen des Umweltschutzes, der Gesundheit und der Epidemiepr\u00e4vention, der Tierhaltung, der Medikamentenpr\u00fcfung, der Aquakultur und anderer wissenschaftlicher Forschungsinstitute. Es handelt sich um spezielle Konstanttemperaturger\u00e4te zur Analyse von Gew\u00e4ssern, zur Messung von Bakterien und Schimmelpilzen durch BOD, zur Kultur und Konservierung von Mikroorganismen sowie zur Anpflanzung und Zucht.<\/p>","protected":false},"featured_media":22021,"comment_status":"open","ping_status":"closed","template":"","meta":{"_acf_changed":false,"inline_featured_image":false,"postBodyCss":"","postBodyMargin":[],"postBodyPadding":[],"postBodyBackground":{"backgroundType":"classic","gradient":""}},"product_brand":[],"product_cat":[66,126,145],"product_tag":[],"class_list":{"0":"post-20423","1":"product","2":"type-product","3":"status-publish","4":"has-post-thumbnail","6":"product_cat-products","7":"product_cat-incubators","8":"product_cat-cooling-incubators","10":"first","11":"instock","12":"shipping-taxable","13":"product-type-simple"},"acf":[],"yoast_head":"<!-- This site is optimized with the Yoast SEO Premium plugin v25.7.1 (Yoast SEO v25.7) - https:\/\/yoast.com\/wordpress\/plugins\/seo\/ -->\n<title>E-Pro Biochemical Incubator - Reno Equipment<\/title>\n<meta name=\"robots\" content=\"index, follow, max-snippet:-1, max-image-preview:large, max-video-preview:-1\" \/>\n<link rel=\"canonical\" href=\"https:\/\/www.reno-equipment.com\/de\/produkt\/e-pro-biochemical-incubator-3\/\" \/>\n<meta property=\"og:locale\" content=\"de_DE\" \/>\n<meta property=\"og:type\" content=\"article\" \/>\n<meta property=\"og:title\" content=\"E-Pro Biochemical Incubator\" \/>\n<meta property=\"og:description\" content=\"This\u00a0product\u00a0Suitable for\u00a0testing and production departments of environmental protection, health and epidemic prevention, livestock, drug testing, aquaculture and other scientific research institutes, is the special constant temperature equipment for water body analysis, measuring bacteria and mold by BOD, culturing and preserving microorganisms,cultivating plants and breeding.\" \/>\n<meta property=\"og:url\" content=\"https:\/\/www.reno-equipment.com\/de\/produkt\/e-pro-biochemical-incubator-3\/\" \/>\n<meta property=\"og:site_name\" content=\"Reno Equipment\" \/>\n<meta property=\"article:publisher\" content=\"https:\/\/www.facebook.com\/profile.php?id=61562344533538\" \/>\n<meta property=\"article:modified_time\" content=\"2025-09-08T22:18:30+00:00\" \/>\n<meta property=\"og:image\" content=\"https:\/\/www.reno-equipment.com\/wp-content\/uploads\/2025\/08\/main-6.jpg\" \/>\n\t<meta property=\"og:image:width\" content=\"580\" \/>\n\t<meta property=\"og:image:height\" content=\"483\" \/>\n\t<meta property=\"og:image:type\" content=\"image\/jpeg\" \/>\n<meta name=\"twitter:card\" content=\"summary_large_image\" \/>\n<meta name=\"twitter:label1\" content=\"Preis\" \/>\n\t<meta name=\"twitter:data1\" content=\"\" \/>\n\t<meta name=\"twitter:label2\" content=\"Verf\u00fcgbarkeit\" \/>\n\t<meta name=\"twitter:data2\" content=\"Auf Lager\" \/>\n<script type=\"application\/ld+json\" class=\"yoast-schema-graph\">{\"@context\":\"https:\/\/schema.org\",\"@graph\":[{\"@type\":\"WebPage\",\"@id\":\"https:\/\/www.reno-equipment.com\/product\/e-pro-biochemical-incubator-3\/\",\"url\":\"https:\/\/www.reno-equipment.com\/product\/e-pro-biochemical-incubator-3\/\",\"name\":\"E-Pro Biochemical Incubator - Reno Equipment\",\"isPartOf\":{\"@id\":\"https:\/\/www.reno-equipment.com\/#website\"},\"primaryImageOfPage\":{\"@id\":\"https:\/\/www.reno-equipment.com\/product\/e-pro-biochemical-incubator-3\/#primaryimage\"},\"image\":{\"@id\":\"https:\/\/www.reno-equipment.com\/product\/e-pro-biochemical-incubator-3\/#primaryimage\"},\"thumbnailUrl\":\"https:\/\/www.reno-equipment.com\/wp-content\/uploads\/2025\/08\/main-6.jpg\",\"datePublished\":\"2025-08-21T07:05:00+00:00\",\"dateModified\":\"2025-09-08T22:18:30+00:00\",\"breadcrumb\":{\"@id\":\"https:\/\/www.reno-equipment.com\/product\/e-pro-biochemical-incubator-3\/#breadcrumb\"},\"inLanguage\":\"de\",\"potentialAction\":[{\"@type\":\"ReadAction\",\"target\":[\"https:\/\/www.reno-equipment.com\/product\/e-pro-biochemical-incubator-3\/\"]}]},{\"@type\":\"ImageObject\",\"inLanguage\":\"de\",\"@id\":\"https:\/\/www.reno-equipment.com\/product\/e-pro-biochemical-incubator-3\/#primaryimage\",\"url\":\"https:\/\/www.reno-equipment.com\/wp-content\/uploads\/2025\/08\/main-6.jpg\",\"contentUrl\":\"https:\/\/www.reno-equipment.com\/wp-content\/uploads\/2025\/08\/main-6.jpg\",\"width\":580,\"height\":483,\"caption\":\"E-PRO Biochemical Incubator\"},{\"@type\":\"BreadcrumbList\",\"@id\":\"https:\/\/www.reno-equipment.com\/product\/e-pro-biochemical-incubator-3\/#breadcrumb\",\"itemListElement\":[{\"@type\":\"ListItem\",\"position\":1,\"name\":\"Home\",\"item\":\"https:\/\/www.reno-equipment.com\/\"},{\"@type\":\"ListItem\",\"position\":2,\"name\":\"Shop\",\"item\":\"https:\/\/www.reno-equipment.com\/shop\/\"},{\"@type\":\"ListItem\",\"position\":3,\"name\":\"E-Pro Biochemical Incubator\"}]},{\"@type\":\"WebSite\",\"@id\":\"https:\/\/www.reno-equipment.com\/#website\",\"url\":\"https:\/\/www.reno-equipment.com\/\",\"name\":\"Hebei Ruinuo Instrument Co., Ltd\",\"description\":\"A Professional Laboraory Equipment Manufacturer And Supplier in China - Reno\",\"publisher\":{\"@id\":\"https:\/\/www.reno-equipment.com\/#organization\"},\"potentialAction\":[{\"@type\":\"SearchAction\",\"target\":{\"@type\":\"EntryPoint\",\"urlTemplate\":\"https:\/\/www.reno-equipment.com\/?s={search_term_string}\"},\"query-input\":{\"@type\":\"PropertyValueSpecification\",\"valueRequired\":true,\"valueName\":\"search_term_string\"}}],\"inLanguage\":\"de\"},{\"@type\":\"Organization\",\"@id\":\"https:\/\/www.reno-equipment.com\/#organization\",\"name\":\"Hebei Ruinuo Instrument Co., Ltd\",\"url\":\"https:\/\/www.reno-equipment.com\/\",\"logo\":{\"@type\":\"ImageObject\",\"inLanguage\":\"de\",\"@id\":\"https:\/\/www.reno-equipment.com\/#\/schema\/logo\/image\/\",\"url\":\"https:\/\/www.reno-equipment.com\/wp-content\/uploads\/2025\/07\/1720412797138216.png\",\"contentUrl\":\"https:\/\/www.reno-equipment.com\/wp-content\/uploads\/2025\/07\/1720412797138216.png\",\"width\":218,\"height\":50,\"caption\":\"Hebei Ruinuo Instrument Co., Ltd\"},\"image\":{\"@id\":\"https:\/\/www.reno-equipment.com\/#\/schema\/logo\/image\/\"},\"sameAs\":[\"https:\/\/www.facebook.com\/profile.php?id=61562344533538\"]}]}<\/script>\n<meta property=\"product:price:amount\" content=\"0.00\" \/>\n<meta property=\"product:price:currency\" content=\"SGD\" \/>\n<meta property=\"og:availability\" content=\"instock\" \/>\n<meta property=\"product:availability\" content=\"instock\" \/>\n<meta property=\"product:condition\" content=\"new\" \/>\n<!-- \/ Yoast SEO Premium plugin. -->","yoast_head_json":{"title":"E-Pro Biochemischer Inkubator - Reno Ausr\u00fcstung","robots":{"index":"index","follow":"follow","max-snippet":"max-snippet:-1","max-image-preview":"max-image-preview:large","max-video-preview":"max-video-preview:-1"},"canonical":"https:\/\/www.reno-equipment.com\/de\/produkt\/e-pro-biochemical-incubator-3\/","og_locale":"de_DE","og_type":"article","og_title":"E-Pro Biochemical Incubator","og_description":"This\u00a0product\u00a0Suitable for\u00a0testing and production departments of environmental protection, health and epidemic prevention, livestock, drug testing, aquaculture and other scientific research institutes, is the special constant temperature equipment for water body analysis, measuring bacteria and mold by BOD, culturing and preserving microorganisms,cultivating plants and breeding.","og_url":"https:\/\/www.reno-equipment.com\/de\/produkt\/e-pro-biochemical-incubator-3\/","og_site_name":"Reno Equipment","article_publisher":"https:\/\/www.facebook.com\/profile.php?id=61562344533538","article_modified_time":"2025-09-08T22:18:30+00:00","og_image":[{"width":580,"height":483,"url":"https:\/\/www.reno-equipment.com\/wp-content\/uploads\/2025\/08\/main-6.jpg","type":"image\/jpeg"}],"twitter_card":"summary_large_image","twitter_misc":{"Preis":"","Verf\u00fcgbarkeit":"Auf Lager"},"schema":{"@context":"https:\/\/schema.org","@graph":[{"@type":"WebPage","@id":"https:\/\/www.reno-equipment.com\/product\/e-pro-biochemical-incubator-3\/","url":"https:\/\/www.reno-equipment.com\/product\/e-pro-biochemical-incubator-3\/","name":"E-Pro Biochemischer Inkubator - Reno Ausr\u00fcstung","isPartOf":{"@id":"https:\/\/www.reno-equipment.com\/#website"},"primaryImageOfPage":{"@id":"https:\/\/www.reno-equipment.com\/product\/e-pro-biochemical-incubator-3\/#primaryimage"},"image":{"@id":"https:\/\/www.reno-equipment.com\/product\/e-pro-biochemical-incubator-3\/#primaryimage"},"thumbnailUrl":"https:\/\/www.reno-equipment.com\/wp-content\/uploads\/2025\/08\/main-6.jpg","datePublished":"2025-08-21T07:05:00+00:00","dateModified":"2025-09-08T22:18:30+00:00","breadcrumb":{"@id":"https:\/\/www.reno-equipment.com\/product\/e-pro-biochemical-incubator-3\/#breadcrumb"},"inLanguage":"de","potentialAction":[{"@type":"ReadAction","target":["https:\/\/www.reno-equipment.com\/product\/e-pro-biochemical-incubator-3\/"]}]},{"@type":"ImageObject","inLanguage":"de","@id":"https:\/\/www.reno-equipment.com\/product\/e-pro-biochemical-incubator-3\/#primaryimage","url":"https:\/\/www.reno-equipment.com\/wp-content\/uploads\/2025\/08\/main-6.jpg","contentUrl":"https:\/\/www.reno-equipment.com\/wp-content\/uploads\/2025\/08\/main-6.jpg","width":580,"height":483,"caption":"E-PRO Biochemical Incubator"},{"@type":"BreadcrumbList","@id":"https:\/\/www.reno-equipment.com\/product\/e-pro-biochemical-incubator-3\/#breadcrumb","itemListElement":[{"@type":"ListItem","position":1,"name":"Home","item":"https:\/\/www.reno-equipment.com\/"},{"@type":"ListItem","position":2,"name":"Shop","item":"https:\/\/www.reno-equipment.com\/shop\/"},{"@type":"ListItem","position":3,"name":"E-Pro Biochemical Incubator"}]},{"@type":"WebSite","@id":"https:\/\/www.reno-equipment.com\/#website","url":"https:\/\/www.reno-equipment.com\/","name":"Hebei Ruinuo Instrument GmbH","description":"Ein professioneller Hersteller und Lieferant von Laborger\u00e4ten in China - Reno","publisher":{"@id":"https:\/\/www.reno-equipment.com\/#organization"},"potentialAction":[{"@type":"SearchAction","target":{"@type":"EntryPoint","urlTemplate":"https:\/\/www.reno-equipment.com\/?s={search_term_string}"},"query-input":{"@type":"PropertyValueSpecification","valueRequired":true,"valueName":"search_term_string"}}],"inLanguage":"de"},{"@type":"Organization","@id":"https:\/\/www.reno-equipment.com\/#organization","name":"Hebei Ruinuo Instrument GmbH","url":"https:\/\/www.reno-equipment.com\/","logo":{"@type":"ImageObject","inLanguage":"de","@id":"https:\/\/www.reno-equipment.com\/#\/schema\/logo\/image\/","url":"https:\/\/www.reno-equipment.com\/wp-content\/uploads\/2025\/07\/1720412797138216.png","contentUrl":"https:\/\/www.reno-equipment.com\/wp-content\/uploads\/2025\/07\/1720412797138216.png","width":218,"height":50,"caption":"Hebei Ruinuo Instrument Co., Ltd"},"image":{"@id":"https:\/\/www.reno-equipment.com\/#\/schema\/logo\/image\/"},"sameAs":["https:\/\/www.facebook.com\/profile.php?id=61562344533538"]}]},"product_price_amount":"0.00","product_price_currency":"SGD","og_availability":"instock","product_availability":"instock","product_condition":"new"},"_links":{"self":[{"href":"https:\/\/www.reno-equipment.com\/de\/wp-json\/wp\/v2\/product\/20423","targetHints":{"allow":["GET"]}}],"collection":[{"href":"https:\/\/www.reno-equipment.com\/de\/wp-json\/wp\/v2\/product"}],"about":[{"href":"https:\/\/www.reno-equipment.com\/de\/wp-json\/wp\/v2\/types\/product"}],"replies":[{"embeddable":true,"href":"https:\/\/www.reno-equipment.com\/de\/wp-json\/wp\/v2\/comments?post=20423"}],"version-history":[{"count":0,"href":"https:\/\/www.reno-equipment.com\/de\/wp-json\/wp\/v2\/product\/20423\/revisions"}],"wp:featuredmedia":[{"embeddable":true,"href":"https:\/\/www.reno-equipment.com\/de\/wp-json\/wp\/v2\/media\/22021"}],"wp:attachment":[{"href":"https:\/\/www.reno-equipment.com\/de\/wp-json\/wp\/v2\/media?parent=20423"}],"wp:term":[{"taxonomy":"product_brand","embeddable":true,"href":"https:\/\/www.reno-equipment.com\/de\/wp-json\/wp\/v2\/product_brand?post=20423"},{"taxonomy":"product_cat","embeddable":true,"href":"https:\/\/www.reno-equipment.com\/de\/wp-json\/wp\/v2\/product_cat?post=20423"},{"taxonomy":"product_tag","embeddable":true,"href":"https:\/\/www.reno-equipment.com\/de\/wp-json\/wp\/v2\/product_tag?post=20423"}],"curies":[{"name":"wp","href":"https:\/\/api.w.org\/{rel}","templated":true}]}}