{"id":20234,"date":"2025-08-21T03:51:00","date_gmt":"2025-08-21T03:51:00","guid":{"rendered":"https:\/\/www.reno-equipment.com\/?post_type=product&#038;p=20234"},"modified":"2025-10-29T13:10:40","modified_gmt":"2025-10-29T13:10:40","slug":"dhg-forced-air-and-constant-temperature-drying-oven","status":"publish","type":"product","link":"https:\/\/www.reno-equipment.com\/de\/produkt\/dhg-forced-air-and-constant-temperature-drying-oven\/","title":{"rendered":"DHG Zwangsluft- und Konstanttemp-trockenschrank"},"content":{"rendered":"<p>Geeignet zum Trocknen, Backen und W\u00e4rmebehandlung von Staubpulver usw. Furcht vor Wind bei G\u00fctern in Industrie- und Bergbauunternehmen, Laboren von Hochschulen und Universit\u00e4ten, Forschungsinstituten sowie medizinischen und Gesundheitseinheiten.<\/p>\n<ol>\n<li>Die Schale besteht aus hochwertigem Kaltstahl, das durch Bearbeitung und Formgebung hergestellt wird. Die Oberfl\u00e4che wird durch ein Spr\u00fchverfahren behandelt.<\/li>\n<li>Das Studio besteht aus spiegelndem Edelstahl oder verzinktem Blech, das durch Verarbeitung und Fertigung hergestellt wird.<\/li>\n<li>Intelligentes digitales Display-PID-Temperaturregelger\u00e4t mit Zeitsteuerung, \u00dcbertemperaturalarm, Temperaturabweichungskorrektur, temperaturautomatischer Anpassung und anderen Funktionen.<\/li>\n<li>S ist eine verzinkte Blecheinfassung, B ist eine Edelstahl-Einfassung.<\/li>\n<li>Ausger\u00fcstet mit einem unabh\u00e4ngigen L\u00fcfterschalter, der je nach Bedarf ein- oder ausgeschaltet werden kann: eingeschaltet ist es ein elektrothermischer Blas-D\u00f6rrofen, ausgeschaltet ist es ein elektrothermischer Konstanz-Temperatur-D\u00f6rrofen.<\/li>\n<li>Stromversorgung: 220V 50Hz.<\/li>\n<li>Temperaturregelbereich: Wurzeltemperatur +5-300\u2103. Temperaturabweichung: \u00b11\u2103.<\/li>\n<li>Optionales LCD-Messger\u00e4t.<\/li>\n<\/ol>\n<p>&nbsp;<\/p>\n<p>&nbsp;<\/p>\n\n    <div class=\"xs_social_share_widget xs_share_url after_content \t\tmain_content  wslu-style-1 wslu-share-box-shaped wslu-fill-colored wslu-none wslu-share-horizontal wslu-theme-font-no wslu-main_content\">\n\n\t\t\n        <ul>\n\t\t\t        <\/ul>\n    <\/div>","protected":false},"excerpt":{"rendered":"<p>Geeignet zum Trocknen, Backen und W\u00e4rmebehandlung von Staubpulver usw. Furcht vor Wind bei G\u00fctern in Industrie- und Bergbauunternehmen, Laboren von Hochschulen und Universit\u00e4ten, Forschungsinstituten sowie medizinischen und Gesundheitseinheiten.<\/p>","protected":false},"featured_media":22032,"comment_status":"open","ping_status":"closed","template":"","meta":{"_acf_changed":false,"inline_featured_image":false,"postBodyCss":"","postBodyMargin":[],"postBodyPadding":[],"postBodyBackground":{"backgroundType":"classic","gradient":""}},"product_brand":[],"product_cat":[66,46,59],"product_tag":[],"class_list":{"0":"post-20234","1":"product","2":"type-product","3":"status-publish","4":"has-post-thumbnail","6":"product_cat-products","7":"product_cat-drying-ovens","8":"product_cat-electric-drying-ovens","10":"first","11":"instock","12":"shipping-taxable","13":"product-type-simple"},"acf":[],"yoast_head":"<!-- This site is optimized with the Yoast SEO Premium plugin v25.7.1 (Yoast SEO v25.7) - https:\/\/yoast.com\/wordpress\/plugins\/seo\/ -->\n<title>DHG Forced Air and Constant Temperature Drying Oven - Reno Equipment<\/title>\n<meta name=\"robots\" content=\"index, follow, max-snippet:-1, max-image-preview:large, max-video-preview:-1\" \/>\n<link rel=\"canonical\" href=\"https:\/\/www.reno-equipment.com\/de\/produkt\/dhg-forced-air-and-constant-temperature-drying-oven\/\" \/>\n<meta property=\"og:locale\" content=\"de_DE\" \/>\n<meta property=\"og:type\" content=\"article\" \/>\n<meta property=\"og:title\" content=\"DHG Forced Air and Constant Temperature Drying Oven\" \/>\n<meta property=\"og:description\" content=\"Suitable for drying ,baking and heat treatment right dust\u00a0powder etc. fear of wind of goods in industrial and mining enterprises,laboratories of colleges and universities,research institute ,medical and health units.\" \/>\n<meta property=\"og:url\" content=\"https:\/\/www.reno-equipment.com\/de\/produkt\/dhg-forced-air-and-constant-temperature-drying-oven\/\" \/>\n<meta property=\"og:site_name\" content=\"Reno Equipment\" \/>\n<meta property=\"article:publisher\" content=\"https:\/\/www.facebook.com\/profile.php?id=61562344533538\" \/>\n<meta property=\"article:modified_time\" content=\"2025-10-29T13:10:40+00:00\" \/>\n<meta property=\"og:image\" content=\"https:\/\/www.reno-equipment.com\/wp-content\/uploads\/2025\/08\/product_1-13.jpg\" \/>\n\t<meta property=\"og:image:width\" content=\"361\" \/>\n\t<meta property=\"og:image:height\" content=\"420\" \/>\n\t<meta property=\"og:image:type\" content=\"image\/jpeg\" \/>\n<meta name=\"twitter:card\" content=\"summary_large_image\" \/>\n<meta name=\"twitter:label1\" content=\"Preis\" \/>\n\t<meta name=\"twitter:data1\" content=\"\" \/>\n\t<meta name=\"twitter:label2\" content=\"Verf\u00fcgbarkeit\" \/>\n\t<meta name=\"twitter:data2\" content=\"Auf Lager\" \/>\n<script type=\"application\/ld+json\" class=\"yoast-schema-graph\">{\"@context\":\"https:\/\/schema.org\",\"@graph\":[{\"@type\":\"WebPage\",\"@id\":\"https:\/\/www.reno-equipment.com\/product\/dhg-forced-air-and-constant-temperature-drying-oven\/\",\"url\":\"https:\/\/www.reno-equipment.com\/product\/dhg-forced-air-and-constant-temperature-drying-oven\/\",\"name\":\"DHG Forced Air and Constant Temperature Drying Oven - Reno Equipment\",\"isPartOf\":{\"@id\":\"https:\/\/www.reno-equipment.com\/#website\"},\"primaryImageOfPage\":{\"@id\":\"https:\/\/www.reno-equipment.com\/product\/dhg-forced-air-and-constant-temperature-drying-oven\/#primaryimage\"},\"image\":{\"@id\":\"https:\/\/www.reno-equipment.com\/product\/dhg-forced-air-and-constant-temperature-drying-oven\/#primaryimage\"},\"thumbnailUrl\":\"https:\/\/www.reno-equipment.com\/wp-content\/uploads\/2025\/08\/product_1-13.jpg\",\"datePublished\":\"2025-08-21T03:51:00+00:00\",\"dateModified\":\"2025-10-29T13:10:40+00:00\",\"breadcrumb\":{\"@id\":\"https:\/\/www.reno-equipment.com\/product\/dhg-forced-air-and-constant-temperature-drying-oven\/#breadcrumb\"},\"inLanguage\":\"de\",\"potentialAction\":[{\"@type\":\"ReadAction\",\"target\":[\"https:\/\/www.reno-equipment.com\/product\/dhg-forced-air-and-constant-temperature-drying-oven\/\"]}]},{\"@type\":\"ImageObject\",\"inLanguage\":\"de\",\"@id\":\"https:\/\/www.reno-equipment.com\/product\/dhg-forced-air-and-constant-temperature-drying-oven\/#primaryimage\",\"url\":\"https:\/\/www.reno-equipment.com\/wp-content\/uploads\/2025\/08\/product_1-13.jpg\",\"contentUrl\":\"https:\/\/www.reno-equipment.com\/wp-content\/uploads\/2025\/08\/product_1-13.jpg\",\"width\":361,\"height\":420,\"caption\":\"DHG Forced Air and Constant Temperature Drying Oven\"},{\"@type\":\"BreadcrumbList\",\"@id\":\"https:\/\/www.reno-equipment.com\/product\/dhg-forced-air-and-constant-temperature-drying-oven\/#breadcrumb\",\"itemListElement\":[{\"@type\":\"ListItem\",\"position\":1,\"name\":\"Home\",\"item\":\"https:\/\/www.reno-equipment.com\/\"},{\"@type\":\"ListItem\",\"position\":2,\"name\":\"Shop\",\"item\":\"https:\/\/www.reno-equipment.com\/shop\/\"},{\"@type\":\"ListItem\",\"position\":3,\"name\":\"DHG Forced Air and Constant Temperature Drying Oven\"}]},{\"@type\":\"WebSite\",\"@id\":\"https:\/\/www.reno-equipment.com\/#website\",\"url\":\"https:\/\/www.reno-equipment.com\/\",\"name\":\"Hebei Ruinuo Instrument Co., Ltd\",\"description\":\"A Professional Laboraory Equipment Manufacturer And Supplier in China - Reno\",\"publisher\":{\"@id\":\"https:\/\/www.reno-equipment.com\/#organization\"},\"potentialAction\":[{\"@type\":\"SearchAction\",\"target\":{\"@type\":\"EntryPoint\",\"urlTemplate\":\"https:\/\/www.reno-equipment.com\/?s={search_term_string}\"},\"query-input\":{\"@type\":\"PropertyValueSpecification\",\"valueRequired\":true,\"valueName\":\"search_term_string\"}}],\"inLanguage\":\"de\"},{\"@type\":\"Organization\",\"@id\":\"https:\/\/www.reno-equipment.com\/#organization\",\"name\":\"Hebei Ruinuo Instrument Co., Ltd\",\"url\":\"https:\/\/www.reno-equipment.com\/\",\"logo\":{\"@type\":\"ImageObject\",\"inLanguage\":\"de\",\"@id\":\"https:\/\/www.reno-equipment.com\/#\/schema\/logo\/image\/\",\"url\":\"https:\/\/www.reno-equipment.com\/wp-content\/uploads\/2025\/07\/1720412797138216.png\",\"contentUrl\":\"https:\/\/www.reno-equipment.com\/wp-content\/uploads\/2025\/07\/1720412797138216.png\",\"width\":218,\"height\":50,\"caption\":\"Hebei Ruinuo Instrument Co., Ltd\"},\"image\":{\"@id\":\"https:\/\/www.reno-equipment.com\/#\/schema\/logo\/image\/\"},\"sameAs\":[\"https:\/\/www.facebook.com\/profile.php?id=61562344533538\"]}]}<\/script>\n<meta property=\"product:price:amount\" content=\"0.00\" \/>\n<meta property=\"product:price:currency\" content=\"SGD\" \/>\n<meta property=\"og:availability\" content=\"instock\" \/>\n<meta property=\"product:availability\" content=\"instock\" \/>\n<meta property=\"product:condition\" content=\"new\" \/>\n<!-- \/ Yoast SEO Premium plugin. -->","yoast_head_json":{"title":"DHG Zforced Air und Konstanttemp Trockenschrank - Reno Equipment","robots":{"index":"index","follow":"follow","max-snippet":"max-snippet:-1","max-image-preview":"max-image-preview:large","max-video-preview":"max-video-preview:-1"},"canonical":"https:\/\/www.reno-equipment.com\/de\/produkt\/dhg-forced-air-and-constant-temperature-drying-oven\/","og_locale":"de_DE","og_type":"article","og_title":"DHG Forced Air and Constant Temperature Drying Oven","og_description":"Suitable for drying ,baking and heat treatment right dust\u00a0powder etc. fear of wind of goods in industrial and mining enterprises,laboratories of colleges and universities,research institute ,medical and health units.","og_url":"https:\/\/www.reno-equipment.com\/de\/produkt\/dhg-forced-air-and-constant-temperature-drying-oven\/","og_site_name":"Reno Equipment","article_publisher":"https:\/\/www.facebook.com\/profile.php?id=61562344533538","article_modified_time":"2025-10-29T13:10:40+00:00","og_image":[{"width":361,"height":420,"url":"https:\/\/www.reno-equipment.com\/wp-content\/uploads\/2025\/08\/product_1-13.jpg","type":"image\/jpeg"}],"twitter_card":"summary_large_image","twitter_misc":{"Preis":"","Verf\u00fcgbarkeit":"Auf Lager"},"schema":{"@context":"https:\/\/schema.org","@graph":[{"@type":"WebPage","@id":"https:\/\/www.reno-equipment.com\/product\/dhg-forced-air-and-constant-temperature-drying-oven\/","url":"https:\/\/www.reno-equipment.com\/product\/dhg-forced-air-and-constant-temperature-drying-oven\/","name":"DHG Zforced Air und Konstanttemp Trockenschrank - Reno Equipment","isPartOf":{"@id":"https:\/\/www.reno-equipment.com\/#website"},"primaryImageOfPage":{"@id":"https:\/\/www.reno-equipment.com\/product\/dhg-forced-air-and-constant-temperature-drying-oven\/#primaryimage"},"image":{"@id":"https:\/\/www.reno-equipment.com\/product\/dhg-forced-air-and-constant-temperature-drying-oven\/#primaryimage"},"thumbnailUrl":"https:\/\/www.reno-equipment.com\/wp-content\/uploads\/2025\/08\/product_1-13.jpg","datePublished":"2025-08-21T03:51:00+00:00","dateModified":"2025-10-29T13:10:40+00:00","breadcrumb":{"@id":"https:\/\/www.reno-equipment.com\/product\/dhg-forced-air-and-constant-temperature-drying-oven\/#breadcrumb"},"inLanguage":"de","potentialAction":[{"@type":"ReadAction","target":["https:\/\/www.reno-equipment.com\/product\/dhg-forced-air-and-constant-temperature-drying-oven\/"]}]},{"@type":"ImageObject","inLanguage":"de","@id":"https:\/\/www.reno-equipment.com\/product\/dhg-forced-air-and-constant-temperature-drying-oven\/#primaryimage","url":"https:\/\/www.reno-equipment.com\/wp-content\/uploads\/2025\/08\/product_1-13.jpg","contentUrl":"https:\/\/www.reno-equipment.com\/wp-content\/uploads\/2025\/08\/product_1-13.jpg","width":361,"height":420,"caption":"DHG Forced Air and Constant Temperature Drying Oven"},{"@type":"BreadcrumbList","@id":"https:\/\/www.reno-equipment.com\/product\/dhg-forced-air-and-constant-temperature-drying-oven\/#breadcrumb","itemListElement":[{"@type":"ListItem","position":1,"name":"Home","item":"https:\/\/www.reno-equipment.com\/"},{"@type":"ListItem","position":2,"name":"Shop","item":"https:\/\/www.reno-equipment.com\/shop\/"},{"@type":"ListItem","position":3,"name":"DHG Forced Air and Constant Temperature Drying Oven"}]},{"@type":"WebSite","@id":"https:\/\/www.reno-equipment.com\/#website","url":"https:\/\/www.reno-equipment.com\/","name":"Hebei Ruinuo Instrument GmbH","description":"Ein professioneller Hersteller und Lieferant von Laborger\u00e4ten in China - Reno","publisher":{"@id":"https:\/\/www.reno-equipment.com\/#organization"},"potentialAction":[{"@type":"SearchAction","target":{"@type":"EntryPoint","urlTemplate":"https:\/\/www.reno-equipment.com\/?s={search_term_string}"},"query-input":{"@type":"PropertyValueSpecification","valueRequired":true,"valueName":"search_term_string"}}],"inLanguage":"de"},{"@type":"Organization","@id":"https:\/\/www.reno-equipment.com\/#organization","name":"Hebei Ruinuo Instrument GmbH","url":"https:\/\/www.reno-equipment.com\/","logo":{"@type":"ImageObject","inLanguage":"de","@id":"https:\/\/www.reno-equipment.com\/#\/schema\/logo\/image\/","url":"https:\/\/www.reno-equipment.com\/wp-content\/uploads\/2025\/07\/1720412797138216.png","contentUrl":"https:\/\/www.reno-equipment.com\/wp-content\/uploads\/2025\/07\/1720412797138216.png","width":218,"height":50,"caption":"Hebei Ruinuo Instrument Co., Ltd"},"image":{"@id":"https:\/\/www.reno-equipment.com\/#\/schema\/logo\/image\/"},"sameAs":["https:\/\/www.facebook.com\/profile.php?id=61562344533538"]}]},"product_price_amount":"0.00","product_price_currency":"SGD","og_availability":"instock","product_availability":"instock","product_condition":"new"},"_links":{"self":[{"href":"https:\/\/www.reno-equipment.com\/de\/wp-json\/wp\/v2\/product\/20234","targetHints":{"allow":["GET"]}}],"collection":[{"href":"https:\/\/www.reno-equipment.com\/de\/wp-json\/wp\/v2\/product"}],"about":[{"href":"https:\/\/www.reno-equipment.com\/de\/wp-json\/wp\/v2\/types\/product"}],"replies":[{"embeddable":true,"href":"https:\/\/www.reno-equipment.com\/de\/wp-json\/wp\/v2\/comments?post=20234"}],"version-history":[{"count":0,"href":"https:\/\/www.reno-equipment.com\/de\/wp-json\/wp\/v2\/product\/20234\/revisions"}],"wp:featuredmedia":[{"embeddable":true,"href":"https:\/\/www.reno-equipment.com\/de\/wp-json\/wp\/v2\/media\/22032"}],"wp:attachment":[{"href":"https:\/\/www.reno-equipment.com\/de\/wp-json\/wp\/v2\/media?parent=20234"}],"wp:term":[{"taxonomy":"product_brand","embeddable":true,"href":"https:\/\/www.reno-equipment.com\/de\/wp-json\/wp\/v2\/product_brand?post=20234"},{"taxonomy":"product_cat","embeddable":true,"href":"https:\/\/www.reno-equipment.com\/de\/wp-json\/wp\/v2\/product_cat?post=20234"},{"taxonomy":"product_tag","embeddable":true,"href":"https:\/\/www.reno-equipment.com\/de\/wp-json\/wp\/v2\/product_tag?post=20234"}],"curies":[{"name":"wp","href":"https:\/\/api.w.org\/{rel}","templated":true}]}}