{"id":20122,"date":"2025-08-21T03:37:00","date_gmt":"2025-08-21T03:37:00","guid":{"rendered":"https:\/\/www.reno-equipment.com\/?post_type=product&#038;p=20122"},"modified":"2025-09-25T08:26:43","modified_gmt":"2025-09-25T08:26:43","slug":"ceramic-fiber-resistance-furnace","status":"publish","type":"product","link":"https:\/\/www.reno-equipment.com\/de\/produkt\/ceramic-fiber-resistance-furnace\/","title":{"rendered":"Keramische Faserwiderstandsofen"},"content":{"rendered":"<p><strong><b>Produkt\u00fcbersicht:<\/b><\/strong><\/p>\n<p>Geeignet f\u00fcr die Analyse der Kohlenstoffzusammensetzung in Laboren von Branchen wie Kohle, Elektrizit\u00e4t, Metallurgie, Nichteisen-Chemieindustrie, Umweltschutz und Forschungsinstituten usw.<\/p>\n<p><strong><b>Produktmerkmale:<\/b><\/strong><\/p>\n<p>1. Das Geh\u00e4use besteht aus hochwertigem kaltgewalztem Stahlblech, die Oberfl\u00e4che wird durch elektrostatische Spritzbehandlung behandelt.<\/p>\n<p>2. Die Ofent\u00fcr verwendet das einzigartige Design des parallelen seitlichen T\u00fcr\u00f6ffnungsverfahrens, um das hei\u00dfe Ende von dem Heizbereich fernzuhalten. T\u00fcr \u00f6ffnen und Strom aus, Neustartverz\u00f6gerung, Abzugsger\u00e4t. F\u00f6rdert das Aschen.<\/p>\n<p>Das Studio besteht aus hochdichtem Aluminiumoxidkeramikfaser und zeichnet sich durch gute Isoliereigenschaften, Energieeinsparung, geringes Gewicht und einfache Tragbarkeit aus.<\/p>\n<p>4. Doppelschalige Luftisolierung, niedrige Oberfl\u00e4chentemperatur.<\/p>\n<p>5. Hochpr\u00e4ziser Mikrocomputer, LCD-Gro\u00dfbildschirmanzeige perfekt kombiniert mit Pr\u00e4zisionssensor, temperaturgenau.<\/p>\n<p>P ist ein programmgesteuertes Instrument mit zeitgesteuerter und mehrfach segmentierter programmgesteuerter Temperaturregelung.<\/p>\n<p>&nbsp;<\/p>\n\n    <div class=\"xs_social_share_widget xs_share_url after_content \t\tmain_content  wslu-style-1 wslu-share-box-shaped wslu-fill-colored wslu-none wslu-share-horizontal wslu-theme-font-no wslu-main_content\">\n\n\t\t\n        <ul>\n\t\t\t        <\/ul>\n    <\/div>","protected":false},"excerpt":{"rendered":"<p>Produkt\u00fcbersicht: Geeignet f\u00fcr die Analyse der Kohlenzusammensetzung in Laboren von Industrien wie Kohle, Elektrizit\u00e4t, Metallurgie, Nichteisen-chemischer Industrie, Umweltschutz und Forschungsinstituten usw. Produktmerkmale: 1. Das Geh\u00e4use besteht aus hochwertigem, kaltgewalztem Stahlblech, die Oberfl\u00e4che wurde durch elektrostatisches Spritzverfahren behandelt. 2. Die Ofent\u00fcr ist mit dem einzigartigen Parallel-Design ausgestattet.<\/p>","protected":false},"featured_media":22038,"comment_status":"open","ping_status":"closed","template":"","meta":{"_acf_changed":false,"inline_featured_image":false,"postBodyCss":"","postBodyMargin":[],"postBodyPadding":[],"postBodyBackground":{"backgroundType":"classic","gradient":""}},"product_brand":[],"product_cat":[170,66,133,143],"product_tag":[],"class_list":{"0":"post-20122","1":"product","2":"type-product","3":"status-publish","4":"has-post-thumbnail","6":"product_cat-electric-furnaces","7":"product_cat-products","8":"product_cat-furnaces","9":"product_cat-muffle-furnaces","11":"first","12":"instock","13":"shipping-taxable","14":"product-type-simple"},"acf":[],"yoast_head":"<!-- This site is optimized with the Yoast SEO Premium plugin v25.7.1 (Yoast SEO v25.7) - https:\/\/yoast.com\/wordpress\/plugins\/seo\/ -->\n<title>Ceramic Fiber Resistance Furnace - Reno Equipment<\/title>\n<meta name=\"robots\" content=\"index, follow, max-snippet:-1, max-image-preview:large, max-video-preview:-1\" \/>\n<link rel=\"canonical\" href=\"https:\/\/www.reno-equipment.com\/de\/produkt\/ceramic-fiber-resistance-furnace\/\" \/>\n<meta property=\"og:locale\" content=\"de_DE\" \/>\n<meta property=\"og:type\" content=\"article\" \/>\n<meta property=\"og:title\" content=\"Ceramic Fiber Resistance Furnace\" \/>\n<meta property=\"og:description\" content=\"Product Overview: Suitable for the analysis of coal composition in laboratories of industries such as coal, electricity, metallurgy, non-ferrous chemical industry, environmental protection, and research institutes etc. Product Features: 1\u3001The shell is made of high-quality cold rolled steel plate ,The surface is treated by electrostatic spaying treatment. 2\u3001The furnace door is adopted the unique parallel [&hellip;]\" \/>\n<meta property=\"og:url\" content=\"https:\/\/www.reno-equipment.com\/de\/produkt\/ceramic-fiber-resistance-furnace\/\" \/>\n<meta property=\"og:site_name\" content=\"Reno Equipment\" \/>\n<meta property=\"article:publisher\" content=\"https:\/\/www.facebook.com\/profile.php?id=61562344533538\" \/>\n<meta property=\"article:modified_time\" content=\"2025-09-25T08:26:43+00:00\" \/>\n<meta property=\"og:image\" content=\"https:\/\/www.reno-equipment.com\/wp-content\/uploads\/2025\/08\/product_1-15.jpg\" \/>\n\t<meta property=\"og:image:width\" content=\"402\" \/>\n\t<meta property=\"og:image:height\" content=\"432\" \/>\n\t<meta property=\"og:image:type\" content=\"image\/jpeg\" \/>\n<meta name=\"twitter:card\" content=\"summary_large_image\" \/>\n<meta name=\"twitter:label1\" content=\"Preis\" \/>\n\t<meta name=\"twitter:data1\" content=\"\" \/>\n\t<meta name=\"twitter:label2\" content=\"Verf\u00fcgbarkeit\" \/>\n\t<meta name=\"twitter:data2\" content=\"Auf Lager\" \/>\n<script type=\"application\/ld+json\" class=\"yoast-schema-graph\">{\"@context\":\"https:\/\/schema.org\",\"@graph\":[{\"@type\":\"WebPage\",\"@id\":\"https:\/\/www.reno-equipment.com\/product\/ceramic-fiber-resistance-furnace\/\",\"url\":\"https:\/\/www.reno-equipment.com\/product\/ceramic-fiber-resistance-furnace\/\",\"name\":\"Ceramic Fiber Resistance Furnace - Reno Equipment\",\"isPartOf\":{\"@id\":\"https:\/\/www.reno-equipment.com\/#website\"},\"primaryImageOfPage\":{\"@id\":\"https:\/\/www.reno-equipment.com\/product\/ceramic-fiber-resistance-furnace\/#primaryimage\"},\"image\":{\"@id\":\"https:\/\/www.reno-equipment.com\/product\/ceramic-fiber-resistance-furnace\/#primaryimage\"},\"thumbnailUrl\":\"https:\/\/www.reno-equipment.com\/wp-content\/uploads\/2025\/08\/product_1-15.jpg\",\"datePublished\":\"2025-08-21T03:37:00+00:00\",\"dateModified\":\"2025-09-25T08:26:43+00:00\",\"breadcrumb\":{\"@id\":\"https:\/\/www.reno-equipment.com\/product\/ceramic-fiber-resistance-furnace\/#breadcrumb\"},\"inLanguage\":\"de\",\"potentialAction\":[{\"@type\":\"ReadAction\",\"target\":[\"https:\/\/www.reno-equipment.com\/product\/ceramic-fiber-resistance-furnace\/\"]}]},{\"@type\":\"ImageObject\",\"inLanguage\":\"de\",\"@id\":\"https:\/\/www.reno-equipment.com\/product\/ceramic-fiber-resistance-furnace\/#primaryimage\",\"url\":\"https:\/\/www.reno-equipment.com\/wp-content\/uploads\/2025\/08\/product_1-15.jpg\",\"contentUrl\":\"https:\/\/www.reno-equipment.com\/wp-content\/uploads\/2025\/08\/product_1-15.jpg\",\"width\":402,\"height\":432,\"caption\":\"Ceramic Fiber Resistance Furnace\"},{\"@type\":\"BreadcrumbList\",\"@id\":\"https:\/\/www.reno-equipment.com\/product\/ceramic-fiber-resistance-furnace\/#breadcrumb\",\"itemListElement\":[{\"@type\":\"ListItem\",\"position\":1,\"name\":\"Home\",\"item\":\"https:\/\/www.reno-equipment.com\/\"},{\"@type\":\"ListItem\",\"position\":2,\"name\":\"Shop\",\"item\":\"https:\/\/www.reno-equipment.com\/shop\/\"},{\"@type\":\"ListItem\",\"position\":3,\"name\":\"Ceramic Fiber Resistance Furnace\"}]},{\"@type\":\"WebSite\",\"@id\":\"https:\/\/www.reno-equipment.com\/#website\",\"url\":\"https:\/\/www.reno-equipment.com\/\",\"name\":\"Hebei Ruinuo Instrument Co., Ltd\",\"description\":\"A Professional Laboraory Equipment Manufacturer And Supplier in China - Reno\",\"publisher\":{\"@id\":\"https:\/\/www.reno-equipment.com\/#organization\"},\"potentialAction\":[{\"@type\":\"SearchAction\",\"target\":{\"@type\":\"EntryPoint\",\"urlTemplate\":\"https:\/\/www.reno-equipment.com\/?s={search_term_string}\"},\"query-input\":{\"@type\":\"PropertyValueSpecification\",\"valueRequired\":true,\"valueName\":\"search_term_string\"}}],\"inLanguage\":\"de\"},{\"@type\":\"Organization\",\"@id\":\"https:\/\/www.reno-equipment.com\/#organization\",\"name\":\"Hebei Ruinuo Instrument Co., Ltd\",\"url\":\"https:\/\/www.reno-equipment.com\/\",\"logo\":{\"@type\":\"ImageObject\",\"inLanguage\":\"de\",\"@id\":\"https:\/\/www.reno-equipment.com\/#\/schema\/logo\/image\/\",\"url\":\"https:\/\/www.reno-equipment.com\/wp-content\/uploads\/2025\/07\/1720412797138216.png\",\"contentUrl\":\"https:\/\/www.reno-equipment.com\/wp-content\/uploads\/2025\/07\/1720412797138216.png\",\"width\":218,\"height\":50,\"caption\":\"Hebei Ruinuo Instrument Co., Ltd\"},\"image\":{\"@id\":\"https:\/\/www.reno-equipment.com\/#\/schema\/logo\/image\/\"},\"sameAs\":[\"https:\/\/www.facebook.com\/profile.php?id=61562344533538\"]}]}<\/script>\n<meta property=\"product:price:amount\" content=\"0.00\" \/>\n<meta property=\"product:price:currency\" content=\"SGD\" \/>\n<meta property=\"og:availability\" content=\"instock\" \/>\n<meta property=\"product:availability\" content=\"instock\" \/>\n<meta property=\"product:condition\" content=\"new\" \/>\n<!-- \/ Yoast SEO Premium plugin. -->","yoast_head_json":{"title":"Keramische Faser Widerstandsofen - Reno Ausr\u00fcstung","robots":{"index":"index","follow":"follow","max-snippet":"max-snippet:-1","max-image-preview":"max-image-preview:large","max-video-preview":"max-video-preview:-1"},"canonical":"https:\/\/www.reno-equipment.com\/de\/produkt\/ceramic-fiber-resistance-furnace\/","og_locale":"de_DE","og_type":"article","og_title":"Ceramic Fiber Resistance Furnace","og_description":"Product Overview: Suitable for the analysis of coal composition in laboratories of industries such as coal, electricity, metallurgy, non-ferrous chemical industry, environmental protection, and research institutes etc. Product Features: 1\u3001The shell is made of high-quality cold rolled steel plate ,The surface is treated by electrostatic spaying treatment. 2\u3001The furnace door is adopted the unique parallel [&hellip;]","og_url":"https:\/\/www.reno-equipment.com\/de\/produkt\/ceramic-fiber-resistance-furnace\/","og_site_name":"Reno Equipment","article_publisher":"https:\/\/www.facebook.com\/profile.php?id=61562344533538","article_modified_time":"2025-09-25T08:26:43+00:00","og_image":[{"width":402,"height":432,"url":"https:\/\/www.reno-equipment.com\/wp-content\/uploads\/2025\/08\/product_1-15.jpg","type":"image\/jpeg"}],"twitter_card":"summary_large_image","twitter_misc":{"Preis":"","Verf\u00fcgbarkeit":"Auf Lager"},"schema":{"@context":"https:\/\/schema.org","@graph":[{"@type":"WebPage","@id":"https:\/\/www.reno-equipment.com\/product\/ceramic-fiber-resistance-furnace\/","url":"https:\/\/www.reno-equipment.com\/product\/ceramic-fiber-resistance-furnace\/","name":"Keramische Faser Widerstandsofen - Reno Ausr\u00fcstung","isPartOf":{"@id":"https:\/\/www.reno-equipment.com\/#website"},"primaryImageOfPage":{"@id":"https:\/\/www.reno-equipment.com\/product\/ceramic-fiber-resistance-furnace\/#primaryimage"},"image":{"@id":"https:\/\/www.reno-equipment.com\/product\/ceramic-fiber-resistance-furnace\/#primaryimage"},"thumbnailUrl":"https:\/\/www.reno-equipment.com\/wp-content\/uploads\/2025\/08\/product_1-15.jpg","datePublished":"2025-08-21T03:37:00+00:00","dateModified":"2025-09-25T08:26:43+00:00","breadcrumb":{"@id":"https:\/\/www.reno-equipment.com\/product\/ceramic-fiber-resistance-furnace\/#breadcrumb"},"inLanguage":"de","potentialAction":[{"@type":"ReadAction","target":["https:\/\/www.reno-equipment.com\/product\/ceramic-fiber-resistance-furnace\/"]}]},{"@type":"ImageObject","inLanguage":"de","@id":"https:\/\/www.reno-equipment.com\/product\/ceramic-fiber-resistance-furnace\/#primaryimage","url":"https:\/\/www.reno-equipment.com\/wp-content\/uploads\/2025\/08\/product_1-15.jpg","contentUrl":"https:\/\/www.reno-equipment.com\/wp-content\/uploads\/2025\/08\/product_1-15.jpg","width":402,"height":432,"caption":"Ceramic Fiber Resistance Furnace"},{"@type":"BreadcrumbList","@id":"https:\/\/www.reno-equipment.com\/product\/ceramic-fiber-resistance-furnace\/#breadcrumb","itemListElement":[{"@type":"ListItem","position":1,"name":"Home","item":"https:\/\/www.reno-equipment.com\/"},{"@type":"ListItem","position":2,"name":"Shop","item":"https:\/\/www.reno-equipment.com\/shop\/"},{"@type":"ListItem","position":3,"name":"Ceramic Fiber Resistance Furnace"}]},{"@type":"WebSite","@id":"https:\/\/www.reno-equipment.com\/#website","url":"https:\/\/www.reno-equipment.com\/","name":"Hebei Ruinuo Instrument GmbH","description":"Ein professioneller Hersteller und Lieferant von Laborger\u00e4ten in China - Reno","publisher":{"@id":"https:\/\/www.reno-equipment.com\/#organization"},"potentialAction":[{"@type":"SearchAction","target":{"@type":"EntryPoint","urlTemplate":"https:\/\/www.reno-equipment.com\/?s={search_term_string}"},"query-input":{"@type":"PropertyValueSpecification","valueRequired":true,"valueName":"search_term_string"}}],"inLanguage":"de"},{"@type":"Organization","@id":"https:\/\/www.reno-equipment.com\/#organization","name":"Hebei Ruinuo Instrument GmbH","url":"https:\/\/www.reno-equipment.com\/","logo":{"@type":"ImageObject","inLanguage":"de","@id":"https:\/\/www.reno-equipment.com\/#\/schema\/logo\/image\/","url":"https:\/\/www.reno-equipment.com\/wp-content\/uploads\/2025\/07\/1720412797138216.png","contentUrl":"https:\/\/www.reno-equipment.com\/wp-content\/uploads\/2025\/07\/1720412797138216.png","width":218,"height":50,"caption":"Hebei Ruinuo Instrument Co., Ltd"},"image":{"@id":"https:\/\/www.reno-equipment.com\/#\/schema\/logo\/image\/"},"sameAs":["https:\/\/www.facebook.com\/profile.php?id=61562344533538"]}]},"product_price_amount":"0.00","product_price_currency":"SGD","og_availability":"instock","product_availability":"instock","product_condition":"new"},"_links":{"self":[{"href":"https:\/\/www.reno-equipment.com\/de\/wp-json\/wp\/v2\/product\/20122","targetHints":{"allow":["GET"]}}],"collection":[{"href":"https:\/\/www.reno-equipment.com\/de\/wp-json\/wp\/v2\/product"}],"about":[{"href":"https:\/\/www.reno-equipment.com\/de\/wp-json\/wp\/v2\/types\/product"}],"replies":[{"embeddable":true,"href":"https:\/\/www.reno-equipment.com\/de\/wp-json\/wp\/v2\/comments?post=20122"}],"version-history":[{"count":0,"href":"https:\/\/www.reno-equipment.com\/de\/wp-json\/wp\/v2\/product\/20122\/revisions"}],"wp:featuredmedia":[{"embeddable":true,"href":"https:\/\/www.reno-equipment.com\/de\/wp-json\/wp\/v2\/media\/22038"}],"wp:attachment":[{"href":"https:\/\/www.reno-equipment.com\/de\/wp-json\/wp\/v2\/media?parent=20122"}],"wp:term":[{"taxonomy":"product_brand","embeddable":true,"href":"https:\/\/www.reno-equipment.com\/de\/wp-json\/wp\/v2\/product_brand?post=20122"},{"taxonomy":"product_cat","embeddable":true,"href":"https:\/\/www.reno-equipment.com\/de\/wp-json\/wp\/v2\/product_cat?post=20122"},{"taxonomy":"product_tag","embeddable":true,"href":"https:\/\/www.reno-equipment.com\/de\/wp-json\/wp\/v2\/product_tag?post=20122"}],"curies":[{"name":"wp","href":"https:\/\/api.w.org\/{rel}","templated":true}]}}